{"id":32197,"date":"2026-04-18T17:26:21","date_gmt":"2026-04-18T17:26:21","guid":{"rendered":"https:\/\/sportaxe.shop\/product\/ttgo-e-bike-26-zoll-elektrofahrrader-fur-herren-damen-mit-36v-14-5ah-18ah-akku-60-120-km-reichweite-citybike-lcd-display-6-7-gang-aluminiumrahmen-elektrofahrrad-mit-korb\/"},"modified":"2026-04-18T17:26:23","modified_gmt":"2026-04-18T17:26:23","slug":"ttgo-e-bike-26-zoll-elektrofahrrader-fur-herren-damen-mit-36v-14-5ah-18ah-akku-60-120-km-reichweite-citybike-lcd-display-6-7-gang-aluminiumrahmen-elektrofahrrad-mit-korb","status":"publish","type":"product","link":"https:\/\/sportaxe.shop\/en\/product\/ttgo-e-bike-26-zoll-elektrofahrrader-fur-herren-damen-mit-36v-14-5ah-18ah-akku-60-120-km-reichweite-citybike-lcd-display-6-7-gang-aluminiumrahmen-elektrofahrrad-mit-korb\/","title":{"rendered":"ttgo E-Bike City 26&#8243;, 36V 14,5Ah\/18Ah Akku, 120km Reichweite, 7 G\u00e4nge, LCD-Display, Aluminiumrahmen, mit Korb, f\u00fcr Damen &#038; Herren"},"content":{"rendered":"<div id=\"productDescription\" class=\"a-section a-spacing-small\">       <!-- show up to 2 reviews by default --><\/p>\n<p><span>Produktdetails:<\/span><\/p>\n<p><span>Fahrradgr\u00f6\u00dfe: 184.5*66*117cm<\/span><\/p>\n<p><span>Rahmengr\u00f6\u00dfe: 26* Zoll<\/span><\/p>\n<p><span>Rahmenmaterial: Aluminiumlegierung<\/span><\/p>\n<p><span>Maximale Belastung: 125 kg<\/span><\/p>\n<p><span>Fahrradgewicht: 26 kg<\/span><\/p>\n<p><span>H\u00f6chstgeschwindigkeit: 25 km\/h<\/span><\/p>\n<p><span>Maximale Steigung: 15 Grad<\/span><\/p>\n<p><span>Schaltwerk: 7 G\u00e4nge<\/span><\/p>\n<p><span>Reichweite: APS: 80-120 km<\/span><\/p>\n<p><span>Betriebstemperatur: -10 \u00b0C bis 45 \u00b0C<\/span><\/p>\n<p><span>Batteriekapazit\u00e4t: 36V 18Ah<\/span><\/p>\n<p><span>Ladeger\u00e4t: 42 V, 2 A<\/span><\/p>\n<p><span>Ladezeit 5 bis 6 Stunden<\/span><\/p>\n<p><span>\u00dcberstromschutz: Ja<\/span><\/p>\n<p><span>\u00dcberlastschutz: Ja<\/span><\/p>\n<p><span>\u00dcberentladungsschutz: Ja<\/span><\/p>\n<p><span>\u00dcberladungsschutz: Ja<\/span><\/p>\n<p><span>Motorleistung: 250 W<\/span><\/p>\n<p><span>Drehmoment: 52 Nm<\/span><\/p>\n<p><span>Anzeige: LCD-Anzeige<\/span><\/p>\n<p><span>Bremse: Hydraulische Scheibenbremse<\/span><\/p>\n<p><span>Beleuchtung: Frontbeleuchtung<\/span><\/p>\n<p><span>Gabel: Federung<\/span><\/p>\n<p><span>Reifen: 26&#8243; x 1,95 Zoll<\/span><\/p>\n<p><span>Kartonabmessungen: 147,5 x 25,5 x 72 cm<\/span><\/p>\n<p><span>Produktpaket:<\/span><\/p>\n<p><span>C2 PRO Elektrofahrrad x 1<\/span><\/p>\n<p><span>Schl\u00fcssel x 2<\/span><\/p>\n<p><span>Ladeadapter x 1<\/span><\/p>\n<p><span>Akku x 1<\/span><\/p>\n<p><span>Pedale x 2<\/span><\/p>\n<p><span>Korb x 1<\/span><\/p>\n<p><span>Werkzeugtasche x 1<\/span><\/p>\n<\/p><\/div>\n<p><strong>Product Overview<\/strong><\/p>\n<ul>\n<li>\n<strong>Fahrradtyp:<\/strong> Pedelec, Tourenrad<\/li>\n<li>\n<strong>Altersspektrum (Beschreibung):<\/strong> Erwachsener<\/li>\n<li>\n<strong>Marke:<\/strong> ttgo<\/li>\n<li>\n<strong>Farbe:<\/strong> Schwarz<\/li>\n<li>\n<strong>Radgr\u00f6\u00dfe:<\/strong> 26 Zoll<\/li>\n<li>\n<strong>Rahmenmaterial:<\/strong> Hochfester Stahl<\/li>\n<li>\n<strong>Aufh\u00e4ngungstyp:<\/strong> Gabelfederung<\/li>\n<li>\n<strong>Enthaltene Komponenten:<\/strong> Elektrofahrrad *1, Korb<\/li>\n<li>\n<strong>Gr\u00f6\u00dfe:<\/strong> 185*120*65 cm<\/li>\n<li>\n<strong>Bremsenart:<\/strong> Scheibenbremse<\/li>\n<\/ul>\n<p><strong>Product Features<\/strong><\/p>\n<ul>\n<li>\u3010Abnehmbarer 36V 14,5Ah Akku\u3011Dieses E-Bike ist mit einer leistungsstarken 36V 14,5Ah Lithium-Ionen-Batterie ausgestattet. Erm\u00f6glicht eine volle Ladung eine Reichweite von ca. 60\u201375 km \u2013 ideal f\u00fcr den t\u00e4glichen Arbeitsweg \u00fcber mehrere Tage. Der Akku ist herausnehmbar und kann flexibel direkt am Fahrrad oder separat geladen werden.<\/li>\n<li>\u3010Leistungsstarker 250W Motor\u3011Der effiziente 250W Motor sorgt f\u00fcr eine zuverl\u00e4ssige Unterst\u00fctzung bis zu einer H\u00f6chstgeschwindigkeit von 25 km\/h. Mit einem Drehmoment von 45 Nm bietet er kraftvolle Beschleunigung sowie eine stabile und angenehme Fahrleistung im Alltag.<\/li>\n<li>\u3010LED-Display &#038; 6-Gang-Schaltung\u3011Das \u00fcbersichtliche LED-Display zeigt den Batteriestand in Echtzeit an. Die pr\u00e4zise 6-Gang-Schaltung erm\u00f6glicht ein m\u00fcheloses Anpassen an unterschiedliche Fahrbedingungen und sorgt f\u00fcr ein komfortables und effizientes Fahrerlebnis.<\/li>\n<li>\u3010Komfortable Federung &#038; Stra\u00dfenreifen\u3011Die robuste Federgabel gleicht Unebenheiten effektiv aus und erh\u00f6ht den Fahrkomfort auf unebenen Wegen. Die 26 \u00d7 1,75 Zoll Reifen sind ideal f\u00fcr Stadt- und Vorortstra\u00dfen und bieten eine ruhige sowie stabile Fahrt.<\/li>\n<li>\u3010Praktischer Frontkorb\u3011Ausgestattet mit einem ger\u00e4umigen Frontkorb bietet dieses Damen E-Bike ausreichend Platz f\u00fcr Eink\u00e4ufe, Taschen oder pers\u00f6nliche Gegenst\u00e4nde \u2013 perfekt f\u00fcr den Alltag und entspannte Ausfl\u00fcge.<\/li>\n<\/ul>\n<p><strong>Product Information<\/strong><\/p>\n<ul>\n<table style=\"margin-bottom:20px\">\n<tbody>\n<tr>\n<td><strong>Fahrradtyp<\/strong><\/td>\n<td>Pedelec, Tourenrad<\/td>\n<\/tr>\n<tr>\n<td><strong>Federungstyp<\/strong><\/td>\n<td>Gabelfederung<\/td>\n<\/tr>\n<tr>\n<td><strong>Bremsenart<\/strong><\/td>\n<td>Scheibenbremse<\/td>\n<\/tr>\n<tr>\n<td><strong>Spezifische Verwendung f\u00fcr Produkt<\/strong><\/td>\n<td>Kies, Stra\u00dfe, Trail<\/td>\n<\/tr>\n<tr>\n<td><strong>Betriebsart<\/strong><\/td>\n<td>elektrisch<\/td>\n<\/tr>\n<tr>\n<td><strong>Kapazit\u00e4t Lithium-Akku<\/strong><\/td>\n<td>14,5 Milliamperestunden (mAh)<\/td>\n<\/tr>\n<tr>\n<td><strong>Typ des Fahrradschalthebels<\/strong><\/td>\n<td>Trigger<\/td>\n<\/tr>\n<tr>\n<td><strong>Konfiguration der Kettenschaltung<\/strong><\/td>\n<td>R\u00fcckseite<\/td>\n<\/tr>\n<tr>\n<td><strong>Antriebsart des Fahrrads<\/strong><\/td>\n<td>Kette<\/td>\n<\/tr>\n<tr>\n<td><strong>Art der elektrischen Unterst\u00fctzung<\/strong><\/td>\n<td>elektrisch<\/td>\n<\/tr>\n<tr>\n<td><strong>Farbe<\/strong><\/td>\n<td>Schwarz<\/td>\n<\/tr>\n<tr>\n<td><strong>Stil\/Form<\/strong><\/td>\n<td>C2<\/td>\n<\/tr>\n<tr>\n<td><strong>Rahmenmaterialtyp<\/strong><\/td>\n<td>Hochfester Stahl<\/td>\n<\/tr>\n<tr>\n<td><strong>Radmaterial<\/strong><\/td>\n<td>Stahllegierung<\/td>\n<\/tr>\n<tr>\n<td><strong>Altersgruppe Beschreibung<\/strong><\/td>\n<td>Erwachsener<\/td>\n<\/tr>\n<tr>\n<td><strong>Marke<\/strong><\/td>\n<td>ttgo<\/td>\n<\/tr>\n<tr>\n<td><strong>Eingeschlossene Komponenten<\/strong><\/td>\n<td>Elektrofahrrad *1, Korb<\/td>\n<\/tr>\n<tr>\n<td><strong>Modellname<\/strong><\/td>\n<td>C2 Pro<\/td>\n<\/tr>\n<tr>\n<td><strong>Herkunftsland<\/strong><\/td>\n<td>China<\/td>\n<\/tr>\n<tr>\n<td><strong>Hersteller<\/strong><\/td>\n<td>TTGO<\/td>\n<\/tr>\n<tr>\n<td><strong>Garantie<\/strong><\/td>\n<td>1 year<\/td>\n<\/tr>\n<tr>\n<td><strong>Amazon Bestseller-Rang<\/strong><\/td>\n<td><\/td>\n<\/tr>\n<tr>\n<td><strong>ASIN<\/strong><\/td>\n<td>B0F1CNBHJ5<\/td>\n<\/tr>\n<tr>\n<td><strong>Durchschnittliche Kundenbewertung<\/strong><\/td>\n<td><\/td>\n<\/tr>\n<tr>\n<td><strong>Reifengr\u00f6\u00dfe<\/strong><\/td>\n<td>26 Zoll<\/td>\n<\/tr>\n<tr>\n<td><strong>Gr\u00f6\u00dfe<\/strong><\/td>\n<td>185*120*65 cm<\/td>\n<\/tr>\n<tr>\n<td><strong>Art der Garantie<\/strong><\/td>\n<td>Beschr\u00e4nkt<\/td>\n<\/tr>\n<tr>\n<td><strong>Empfohlenes Maximalgewicht<\/strong><\/td>\n<td>120 Kilogramm<\/td>\n<\/tr>\n<tr>\n<td><strong>Montage erforderlich<\/strong><\/td>\n<td>Ja<\/td>\n<\/tr>\n<\/tbody>\n<\/table>\n<\/ul>","protected":false},"excerpt":{"rendered":"<p>Produktdetails: Fahrradgr\u00f6\u00dfe: 184.5*66*117cm Rahmengr\u00f6\u00dfe: 26* Zoll Rahmenmaterial: Aluminiumlegierung Maximale Belastung: 125 kg Fahrradgewicht: 26 kg H\u00f6chstgeschwindigkeit: 25 km\/h Maximale Steigung:<\/p>","protected":false},"featured_media":32553,"comment_status":"open","ping_status":"closed","template":"","meta":[],"product_brand":[],"product_cat":[150,151,152],"product_tag":[],"class_list":{"0":"post-32197","1":"product","2":"type-product","3":"status-publish","4":"has-post-thumbnail","6":"product_cat-collection-1","7":"product_cat-collection-2","8":"product_cat-startseite","10":"first","11":"instock","12":"sale","13":"shipping-taxable","14":"purchasable","15":"product-type-variable"},"jetpack_sharing_enabled":true,"_links":{"self":[{"href":"https:\/\/sportaxe.shop\/en\/wp-json\/wp\/v2\/product\/32197","targetHints":{"allow":["GET"]}}],"collection":[{"href":"https:\/\/sportaxe.shop\/en\/wp-json\/wp\/v2\/product"}],"about":[{"href":"https:\/\/sportaxe.shop\/en\/wp-json\/wp\/v2\/types\/product"}],"replies":[{"embeddable":true,"href":"https:\/\/sportaxe.shop\/en\/wp-json\/wp\/v2\/comments?post=32197"}],"version-history":[{"count":0,"href":"https:\/\/sportaxe.shop\/en\/wp-json\/wp\/v2\/product\/32197\/revisions"}],"wp:featuredmedia":[{"embeddable":true,"href":"https:\/\/sportaxe.shop\/en\/wp-json\/wp\/v2\/media\/32553"}],"wp:attachment":[{"href":"https:\/\/sportaxe.shop\/en\/wp-json\/wp\/v2\/media?parent=32197"}],"wp:term":[{"taxonomy":"product_brand","embeddable":true,"href":"https:\/\/sportaxe.shop\/en\/wp-json\/wp\/v2\/product_brand?post=32197"},{"taxonomy":"product_cat","embeddable":true,"href":"https:\/\/sportaxe.shop\/en\/wp-json\/wp\/v2\/product_cat?post=32197"},{"taxonomy":"product_tag","embeddable":true,"href":"https:\/\/sportaxe.shop\/en\/wp-json\/wp\/v2\/product_tag?post=32197"}],"curies":[{"name":"wp","href":"https:\/\/api.w.org\/{rel}","templated":true}]}}