{"id":32192,"date":"2026-04-18T17:26:21","date_gmt":"2026-04-18T17:26:21","guid":{"rendered":"https:\/\/sportaxe.shop\/product\/ttgo-28-zoll-e-bike-fur-erwachsene-elektrofahrrader-mit-36v-18ah-akku-250w-motor-25-km-h-80-120-km-reichweite-7-gang-getriebe-mit-lcd-display-city-e-bike-fur-herren-damen-c3-se\/"},"modified":"2026-04-18T17:26:23","modified_gmt":"2026-04-18T17:26:23","slug":"ttgo-28-zoll-e-bike-fur-erwachsene-elektrofahrrader-mit-36v-18ah-akku-250w-motor-25-km-h-80-120-km-reichweite-7-gang-getriebe-mit-lcd-display-city-e-bike-fur-herren-damen-c3-se","status":"publish","type":"product","link":"https:\/\/sportaxe.shop\/en\/product\/ttgo-28-zoll-e-bike-fur-erwachsene-elektrofahrrader-mit-36v-18ah-akku-250w-motor-25-km-h-80-120-km-reichweite-7-gang-getriebe-mit-lcd-display-city-e-bike-fur-herren-damen-c3-se\/","title":{"rendered":"ttgo C3 SE E-Bike City 28&#8243;, 250W Motor, 36V 18Ah Akku, 120km Reichweite, 7 G\u00e4nge, 25km\/h, LCD-Display, f\u00fcr Herren &#038; Damen"},"content":{"rendered":"<div id=\"productDescription\" class=\"a-section a-spacing-small\">       <!-- show up to 2 reviews by default --><\/p>\n<p>    <span class=\"a-text-bold\">Technische Parameter:<\/span><span> <\/p>\n<p> Grundlegende Parameter<\/p>\n<p> Fahrradgr\u00f6\u00dfe: 185 x 66 x 117 mm<\/p>\n<p> Kartonabmessungen: 148 x 25 x 81 cm<\/p>\n<p> Radgr\u00f6\u00dfe: 28 Zoll<\/p>\n<p> Rahmenmaterial: Aluminiumlegierung<\/p>\n<p> Maximale Belastung: 125 kg<\/p>\n<p> Fahrradgewicht: 25 kg<\/p>\n<p> H\u00f6chstgeschwindigkeit: 25 km\/h<\/p>\n<p> Maximale Steigung: 15 Grad<\/p>\n<p> Schaltwerk: Shimano 7-Gang<\/p>\n<p> Reichweite: APS 80\u2013120 km<\/p>\n<p> Betriebstemperatur: 14 \u00b0F\u2013113 \u00b0F (-10 \u00b0C bis 45 \u00b0C)<\/p>\n<p> Nennspannung: 36 V<\/p>\n<p> Batteriekapazit\u00e4t: 18 Ah<\/p>\n<p> Lebensdauer: 500 Mal<\/p>\n<p> Ladezeit: 5 bis 6 Stunden<\/p>\n<p> Laden: Abschaltspannung: 42 V<\/p>\n<p> Ladestrom: 3 A<\/p>\n<p> Maximaler Ladestrom: 3 A<\/p>\n<p> Unterspannungsschutzwert: 31 \u00b1 1 V<\/p>\n<p> Maximaler Entladestrom: 15 A<\/p>\n<p> \u00dcberstromschutz: Ja<\/p>\n<p> \u00dcberlastschutz: Ja<\/p>\n<p> Tiefentladungsschutz: Ja<\/p>\n<p> \u00dcberladungsschutz: Ja<\/p>\n<p> Leistungsindex Projektparameter<\/p>\n<p> Motorleistung: 250 W<\/p>\n<p> Motor: B\u00fcrstenloser Getriebemotor<\/p>\n<p> Maximales Drehmoment: 52 N.M<\/p>\n<p> Ladeger\u00e4tparameter<\/p>\n<p> Eingangsspannung: 100\u2013240 V<\/p>\n<p> Eingangsstrom: 1,8 A<\/p>\n<p> Ausgangsspannung: DC 42 V<\/p>\n<p> Ausgangsstrom: 3 A<\/p>\n<p> Anzeige: LCD-Anzeige<\/p>\n<p> Bremse: Scheibenbremse<\/p>\n<p> Beleuchtung: Frontbeleuchtung<\/p>\n<p> <\/span><span class=\"a-text-bold\">Lieferumfang:<\/span><span> <\/p>\n<p> C3 SE Elektrofahrrad X 1<\/p>\n<p> Vorderrad X 1<\/p>\n<p> Vorderradkotfl\u00fcgel X 1<\/p>\n<p> Pedale X 2<\/p>\n<p> Bedienungsanleitung X 1<\/p>\n<p> Ladeger\u00e4t X 1<\/p>\n<p> Werkzeugtasche X 1<\/p>\n<p> Schnellspanner X 1<\/p>\n<p> Sattel X 1<\/p>\n<p><\/span>    <\/p>\n<\/p><\/div>\n<p><strong>Product Overview<\/strong><\/p>\n<ul>\n<li>\n<strong>Fahrradtyp:<\/strong> Tourenrad<\/li>\n<li>\n<strong>Altersspektrum (Beschreibung):<\/strong> Erwachsener<\/li>\n<li>\n<strong>Marke:<\/strong> ttgo<\/li>\n<li>\n<strong>Anzahl der G\u00e4nge:<\/strong> 7<\/li>\n<li>\n<strong>Farbe:<\/strong> Gelb<\/li>\n<li>\n<strong>Radgr\u00f6\u00dfe:<\/strong> 28 Zoll<\/li>\n<li>\n<strong>Rahmenmaterial:<\/strong> Aluminium<\/li>\n<li>\n<strong>Aufh\u00e4ngungstyp:<\/strong> Gabelfederung<\/li>\n<li>\n<strong>Besonderes Merkmal:<\/strong> Schnellspanner-Sitz<\/li>\n<li>\n<strong>Enthaltene Komponenten:<\/strong> C3 SE Elektrofahrrad X 1, Handbuch X 1, Pedale X 2, Vorderrad X 1, Vorderradkotfl\u00fcgel X 1<\/li>\n<\/ul>\n<p><strong>Product Features<\/strong><\/p>\n<ul>\n<li>\u3010Leichter und robuster Fahrradgestell sowie 28 Zoll Reifen\u3011 Dieses Elektrofahrrad f\u00fcr Erwachsene verf\u00fcgt \u00fcber einen leichten und robusten Rahmen aus 6061 Aluminiumlegierung (185 x 66 x 117 cm) und wiegt 25 kg. Ausgestattet mit 28*2,0-Reifen, die eine starke Haftung und hohe Verschlei\u00dffestigkeit bieten und f\u00fcr alle Stra\u00dfenbel\u00e4ge geeignet sind, sorgt es f\u00fcr hervorragende Traktion und Stabilit\u00e4t. Die maximale Tragkraft betr\u00e4gt 120 kg und ist f\u00fcr verschiedene K\u00f6rpergr\u00f6\u00dfen geeignet.<\/li>\n<li>\u3010Leistungsstarker Motor\u3011Dieses C3 SE Elektrofahrrad f\u00fcr Erwachsene verf\u00fcgt \u00fcber einen robusten 250W Hochgeschwindigkeits-B\u00fcrstenlosmotor mit einem maximalen Drehmoment von 52 Nm und einer H\u00f6chstgeschwindigkeit von 25 km\/h. Es bew\u00e4ltigt m\u00fchelos flaches Gel\u00e4nde und leichte Steigungen und ist somit eine ausgezeichnete Wahl f\u00fcr den t\u00e4glichen Weg zur Arbeit und kurze Fahrten.<\/li>\n<li>\u3010Au\u00dfergew\u00f6hnliche Reichweite Akku\u3011Das Citybike C3 SE bietet einen hohen Fahrkomfort und ein schlankes, minimalistisches Design und wird von einem effizienten 36V 18Ah Lithium Akku angetrieben. Eine einzige vollst\u00e4ndige Ladung reicht f\u00fcr eine Reichweite von 80 bis 120 KM (im PAS-Modus). Dieses E-Bike f\u00fcr Erwachsene bietet zwei Schnellladeoptionen: direktes Laden oder Entnehmen des Akkus zum separaten Laden. Es ist ein ideales Citybike.<\/li>\n<li>\u3010LCD-Display und Beleuchtungssystem\u3011Dieses 28 Zoll Elektrofahrrad verf\u00fcgt \u00fcber ein LED-Display, das klare und zuverl\u00e4ssige Datenanzeigen (Geschwindigkeit, Akkustand, Gang, Fahrmodus, Kilometerstand) liefert. Au\u00dferdem verf\u00fcgt es \u00fcber helle LCD-Scheinwerfer, ein rotes R\u00fccklicht und beidseitige Reflektoren. Das hervorragende Beleuchtungssystem verbessert die Sichtbarkeit bei Nacht und erh\u00f6ht die Sicherheit bei Fahrten am Abend.<\/li>\n<li>\u3010Flexible Steuerung und sichere Bremsung\u3011 Das leicht einstellbare 7-Gang-Schaltsystem und die Vorderradaufh\u00e4ngung absorbieren St\u00f6\u00dfe und Vibrationen effektiv, reduzieren Ersch\u00fctterungen und sorgen so f\u00fcr eine ruhige, komfortable Fahrt, w\u00e4hrend Sie die Pr\u00e4zision der Gangwechsel genie\u00dfen k\u00f6nnen. Mechanische Scheibenbremsen vorne und hinten sorgen f\u00fcr eine effiziente, pr\u00e4zise Bremsleistung und gew\u00e4hrleisten sicheres Fahren in jedem Gel\u00e4nde.<\/li>\n<li>\u3010Verstellbarer Sitz\u3011Dieses Elektrofahrrad verf\u00fcgt \u00fcber einen ergonomisch geformten Lenker f\u00fcr einen bequemen, nat\u00fcrlichen Griff. Der bequeme Sitz l\u00e4sst sich je nach Bedarf in der H\u00f6he verstellen. 90 % der Komponenten sind vormontiert, eine Montageanleitung und ein Werkzeugsatz f\u00fcr die einfache Montage sind im Lieferumfang enthalten. Bitte bewahren Sie die Verpackung nach Erhalt f\u00fcr sp\u00e4tere Referenzzwecke auf.<\/li>\n<\/ul>\n<p><strong>Product Information<\/strong><\/p>\n<ul>\n<table style=\"margin-bottom:20px\">\n<tbody>\n<tr>\n<td><strong>Fahrradtyp<\/strong><\/td>\n<td>Tourenrad<\/td>\n<\/tr>\n<tr>\n<td><strong>Anzahl G\u00e4nge<\/strong><\/td>\n<td>7<\/td>\n<\/tr>\n<tr>\n<td><strong>Federungstyp<\/strong><\/td>\n<td>Gabelfederung<\/td>\n<\/tr>\n<tr>\n<td><strong>Besondere Merkmale<\/strong><\/td>\n<td>Schnellspanner-Sitz<\/td>\n<\/tr>\n<tr>\n<td><strong>Bremsenart<\/strong><\/td>\n<td>Scheibenbremse<\/td>\n<\/tr>\n<tr>\n<td><strong>Spezifische Verwendung f\u00fcr Produkt<\/strong><\/td>\n<td>Alltag, Freistil, Kurzstrecke<\/td>\n<\/tr>\n<tr>\n<td><strong>Wattleistung<\/strong><\/td>\n<td>250 Watt<\/td>\n<\/tr>\n<tr>\n<td><strong>Kapazit\u00e4t Lithium-Akku<\/strong><\/td>\n<td>20000 Milliamperestunde (mAh)<\/td>\n<\/tr>\n<tr>\n<td><strong>F\u00e4higkeitsebene<\/strong><\/td>\n<td>Anf\u00e4nger<\/td>\n<\/tr>\n<tr>\n<td><strong>Farbe<\/strong><\/td>\n<td>Gelb<\/td>\n<\/tr>\n<tr>\n<td><strong>Stil\/Form<\/strong><\/td>\n<td>Europ\u00e4isch<\/td>\n<\/tr>\n<tr>\n<td><strong>Reifengr\u00f6\u00dfe<\/strong><\/td>\n<td>28 Zoll<\/td>\n<\/tr>\n<tr>\n<td><strong>Gr\u00f6\u00dfe<\/strong><\/td>\n<td>L<\/td>\n<\/tr>\n<tr>\n<td><strong>Radbreite<\/strong><\/td>\n<td>2 Zoll<\/td>\n<\/tr>\n<tr>\n<td><strong>Artikelgewicht<\/strong><\/td>\n<td>26 Kilogramm<\/td>\n<\/tr>\n<tr>\n<td><strong>Altersgruppe Beschreibung<\/strong><\/td>\n<td>Erwachsener<\/td>\n<\/tr>\n<tr>\n<td><strong>Marke<\/strong><\/td>\n<td>ttgo<\/td>\n<\/tr>\n<tr>\n<td><strong>Eingeschlossene Komponenten<\/strong><\/td>\n<td>C3 SE Elektrofahrrad X 1, Handbuch X 1, Pedale X 2, Vorderrad X 1, Vorderradkotfl\u00fcgel X 1<\/td>\n<\/tr>\n<tr>\n<td><strong>Modellnummer<\/strong><\/td>\n<td>C3<\/td>\n<\/tr>\n<tr>\n<td><strong>Modellname<\/strong><\/td>\n<td>C3<\/td>\n<\/tr>\n<tr>\n<td><strong>Herkunftsland<\/strong><\/td>\n<td>China<\/td>\n<\/tr>\n<tr>\n<td><strong>Hersteller<\/strong><\/td>\n<td>TTGO<\/td>\n<\/tr>\n<tr>\n<td><strong>Garantie<\/strong><\/td>\n<td>sechs Monate<\/td>\n<\/tr>\n<tr>\n<td><strong>Amazon Bestseller-Rang<\/strong><\/td>\n<td><\/td>\n<\/tr>\n<tr>\n<td><strong>ASIN<\/strong><\/td>\n<td>B0GC68NVCP<\/td>\n<\/tr>\n<tr>\n<td><strong>Rahmenmaterialtyp<\/strong><\/td>\n<td>Aluminium<\/td>\n<\/tr>\n<tr>\n<td><strong>Radmaterial<\/strong><\/td>\n<td>Kunststoff<\/td>\n<\/tr>\n<tr>\n<td><strong>Kotfl\u00fcgelmaterial<\/strong><\/td>\n<td>Aluminium<\/td>\n<\/tr>\n<tr>\n<td><strong>Art der Garantie<\/strong><\/td>\n<td>Beschr\u00e4nkt<\/td>\n<\/tr>\n<tr>\n<td><strong>Montage erforderlich<\/strong><\/td>\n<td>Ja<\/td>\n<\/tr>\n<\/tbody>\n<\/table>\n<\/ul>","protected":false},"excerpt":{"rendered":"<p>Technische Parameter: Grundlegende Parameter Fahrradgr\u00f6\u00dfe: 185 x 66 x 117 mm Kartonabmessungen: 148 x 25 x 81 cm Radgr\u00f6\u00dfe: 28<\/p>","protected":false},"featured_media":32535,"comment_status":"open","ping_status":"closed","template":"","meta":[],"product_brand":[],"product_cat":[150,151,152],"product_tag":[],"class_list":{"0":"post-32192","1":"product","2":"type-product","3":"status-publish","4":"has-post-thumbnail","6":"product_cat-collection-1","7":"product_cat-collection-2","8":"product_cat-startseite","10":"first","11":"instock","12":"sale","13":"shipping-taxable","14":"purchasable","15":"product-type-variable"},"jetpack_sharing_enabled":true,"_links":{"self":[{"href":"https:\/\/sportaxe.shop\/en\/wp-json\/wp\/v2\/product\/32192","targetHints":{"allow":["GET"]}}],"collection":[{"href":"https:\/\/sportaxe.shop\/en\/wp-json\/wp\/v2\/product"}],"about":[{"href":"https:\/\/sportaxe.shop\/en\/wp-json\/wp\/v2\/types\/product"}],"replies":[{"embeddable":true,"href":"https:\/\/sportaxe.shop\/en\/wp-json\/wp\/v2\/comments?post=32192"}],"version-history":[{"count":0,"href":"https:\/\/sportaxe.shop\/en\/wp-json\/wp\/v2\/product\/32192\/revisions"}],"wp:featuredmedia":[{"embeddable":true,"href":"https:\/\/sportaxe.shop\/en\/wp-json\/wp\/v2\/media\/32535"}],"wp:attachment":[{"href":"https:\/\/sportaxe.shop\/en\/wp-json\/wp\/v2\/media?parent=32192"}],"wp:term":[{"taxonomy":"product_brand","embeddable":true,"href":"https:\/\/sportaxe.shop\/en\/wp-json\/wp\/v2\/product_brand?post=32192"},{"taxonomy":"product_cat","embeddable":true,"href":"https:\/\/sportaxe.shop\/en\/wp-json\/wp\/v2\/product_cat?post=32192"},{"taxonomy":"product_tag","embeddable":true,"href":"https:\/\/sportaxe.shop\/en\/wp-json\/wp\/v2\/product_tag?post=32192"}],"curies":[{"name":"wp","href":"https:\/\/api.w.org\/{rel}","templated":true}]}}