{"id":32180,"date":"2026-04-18T17:26:19","date_gmt":"2026-04-18T17:26:19","guid":{"rendered":"https:\/\/sportaxe.shop\/product\/saxxx-e-bike-damen-28-zoll-tiefeinsteiger-mit-36v-13ah-akku-elektro-fahrrad-erwachsene-mit-scheibenbremse-7-gang-kettenschaltung-pedelec-mit-federgabel-gepacktrager-fur-damen-frauen-herren-manner\/"},"modified":"2026-04-18T17:26:20","modified_gmt":"2026-04-18T17:26:20","slug":"saxxx-e-bike-damen-28-zoll-tiefeinsteiger-mit-36v-13ah-akku-elektro-fahrrad-erwachsene-mit-scheibenbremse-7-gang-kettenschaltung-pedelec-mit-federgabel-gepacktrager-fur-damen-frauen-herren-manner","status":"publish","type":"product","link":"https:\/\/sportaxe.shop\/en\/product\/saxxx-e-bike-damen-28-zoll-tiefeinsteiger-mit-36v-13ah-akku-elektro-fahrrad-erwachsene-mit-scheibenbremse-7-gang-kettenschaltung-pedelec-mit-federgabel-gepacktrager-fur-damen-frauen-herren-manner\/","title":{"rendered":"SAXXX E-Bike Tiefeinsteiger 28&#8243;, 36V 13Ah Akku, 7 G\u00e4nge, Scheibenbremse, Federgabel, Gep\u00e4cktr\u00e4ger, f\u00fcr Damen &#038; Herren"},"content":{"rendered":"<div id=\"productDescription\" class=\"a-section a-spacing-small\">       <!-- show up to 2 reviews by default -->\n           <\/div>\n<p><strong>Product Overview<\/strong><\/p>\n<ul>\n<li>\n<strong>Fahrradtyp:<\/strong> Pedelec<\/li>\n<li>\n<strong>Marke:<\/strong> SAXXX<\/li>\n<li>\n<strong>Anzahl der G\u00e4nge:<\/strong> 7<\/li>\n<li>\n<strong>Farbe:<\/strong> Pink<\/li>\n<li>\n<strong>Radgr\u00f6\u00dfe:<\/strong> 28 Zoll<\/li>\n<li>\n<strong>Rahmenmaterial:<\/strong> Aluminium<\/li>\n<li>\n<strong>Aufh\u00e4ngungstyp:<\/strong> Gabelfederung<\/li>\n<li>\n<strong>Enthaltene Komponenten:<\/strong> Batterie, Fahrradst\u00e4nder, Gep\u00e4cktr\u00e4ger, Ladeger\u00e4t, Reflektoren<\/li>\n<li>\n<strong>Gr\u00f6\u00dfe:<\/strong> RH45CM<\/li>\n<li>\n<strong>Bremsenart:<\/strong> Scheibenbremse<\/li>\n<\/ul>\n<p><strong>Product Features<\/strong><\/p>\n<ul>\n<li>Damen EBike 28 Zoll mit Nabenmotor &#038; Sine-Wave-Steuereinheit: Erleben Sie ein nahezu ger\u00e4uschloses Fahrvergn\u00fcgen \u2013 wie in einer Bibliothek. Kein l\u00e4stiges Brummen mehr. Die sanfte, sinusf\u00f6rmige Stromversorgung reduziert den Energieverbrauch deutlich, steigert die Effizienz der Energieumwandlung und verl\u00e4ngert so die Reichweite. Der kraftvolle Nabenmotor kombiniert mit dem leisen und stromsparenden Sinus-Regler macht jede Fahrt zur perfekten Symbiose aus Ruhe und Reichweite.<\/li>\n<li>Akku mit intelligenter BMS: Mehrfachschutz bei \u00dcberladung, Tiefentladung, \u00dcberstrom, Kurzschluss &#038; \u00dcberhitzung \u2013 reagiert sofort, f\u00fcr sicheres Fahren. Exklusiver energiesparender Schlafmodus: Automatischer Tiefschlaf nach Ausschalten, minimaler Standby-Verbrauch, verhindert Stromverlust. Auch nach langer Standzeit jederzeit einsatzbereit, volle Ladung. Sicherheit &#038; Langlebigkeit garantiert. Maximale E-Bike-Reichweite: 60\u201390 km.<\/li>\n<li>LED Display :Der Elektro Fahrrad LED-Anzeige zeigt verschiedene Daten, darunter: Fahrgeschwindigkeit, Fahrstrecke (TRIP), Gesamtstrecke (ODO), Motorleistung, Schiebehilfe, Unterst\u00fctzungsgrad, Beleuchtung, Ladezustand des Akkus.<\/li>\n<li>95 % Vorinstallation &#038; Kundendienst: Das Produkt wird zu 95 % vormontiert geliefert (inklusive Akku und Ladeger\u00e4t). Somit m\u00fcssen Sie sich keine Sorgen um die Montage machen. Dar\u00fcber hinaus bieten wir Ihnen eine zweij\u00e4hrige kostenlose technische Support-Serviceleistung. In Deutschland stehen Ihnen zudem \u00fcber 1000 lokale Kundendienst- und Reparaturstellen zur Verf\u00fcgung \u2013 Ihre Sorgen sind damit vollst\u00e4ndig ausger\u00e4umt.<\/li>\n<li>Tiefereinstieg &#038; Federgabel\uff1a Dieses E Bike verf\u00fcgt \u00fcber eine tiefere Einstiegskonstruktion, die es f\u00fcr die meisten Menschen geeignet macht \u2013 egal ob Frauen\/Damen oder Senioren\/\u00e4ltere Personen \u2013 alle k\u00f6nnen m\u00fchelos auf- und absteigen und komfortabel fahren. Die Federgabel erm\u00f6glicht es dem E-Bike, fast allen Gel\u00e4ndearten standzuhalten. Dank der Schiebehilfe k\u00f6nnen Sie das elektro fahhrad auch beim Spaziergang bequem schieben und Ihre Freizeit entspannt genie\u00dfen.<\/li>\n<\/ul>\n<p><strong>Product Information<\/strong><\/p>\n<ul>\n<table style=\"margin-bottom:20px\">\n<tbody>\n<tr>\n<td><strong>Fahrradtyp<\/strong><\/td>\n<td>Pedelec<\/td>\n<\/tr>\n<tr>\n<td><strong>Anzahl G\u00e4nge<\/strong><\/td>\n<td>7<\/td>\n<\/tr>\n<tr>\n<td><strong>Federungstyp<\/strong><\/td>\n<td>Gabelfederung<\/td>\n<\/tr>\n<tr>\n<td><strong>Bremsenart<\/strong><\/td>\n<td>Scheibenbremse<\/td>\n<\/tr>\n<tr>\n<td><strong>Betriebsart<\/strong><\/td>\n<td>Elektromotor (wiederaufladbare Batterie)<\/td>\n<\/tr>\n<tr>\n<td><strong>Kapazit\u00e4t Lithium-Akku<\/strong><\/td>\n<td>468 Wattstunden<\/td>\n<\/tr>\n<tr>\n<td><strong>Typ des Fahrradschalthebels<\/strong><\/td>\n<td>Trigger<\/td>\n<\/tr>\n<tr>\n<td><strong>Konfiguration der Kettenschaltung<\/strong><\/td>\n<td>R\u00fcckseite<\/td>\n<\/tr>\n<tr>\n<td><strong>Antriebsart des Fahrrads<\/strong><\/td>\n<td>Kettenschaltung<\/td>\n<\/tr>\n<tr>\n<td><strong>Art der elektrischen Unterst\u00fctzung<\/strong><\/td>\n<td>Pedelec<\/td>\n<\/tr>\n<tr>\n<td><strong>Farbe<\/strong><\/td>\n<td>Pink<\/td>\n<\/tr>\n<tr>\n<td><strong>Rahmenmaterialtyp<\/strong><\/td>\n<td>Aluminium<\/td>\n<\/tr>\n<tr>\n<td><strong>Radmaterial<\/strong><\/td>\n<td>Aluminium<\/td>\n<\/tr>\n<tr>\n<td><strong>Marke<\/strong><\/td>\n<td>SAXXX<\/td>\n<\/tr>\n<tr>\n<td><strong>Eingeschlossene Komponenten<\/strong><\/td>\n<td>Batterie, Fahrradst\u00e4nder, Gep\u00e4cktr\u00e4ger, Ladeger\u00e4t, Reflektoren<\/td>\n<\/tr>\n<tr>\n<td><strong>Modellname<\/strong><\/td>\n<td>Comfort Sport Easy<\/td>\n<\/tr>\n<tr>\n<td><strong>Herkunftsland<\/strong><\/td>\n<td>Deutschland<\/td>\n<\/tr>\n<tr>\n<td><strong>Hersteller<\/strong><\/td>\n<td>ZUP<\/td>\n<\/tr>\n<tr>\n<td><strong>Garantie<\/strong><\/td>\n<td>2 Jahre Herstellergarantie<\/td>\n<\/tr>\n<tr>\n<td><strong>Amazon Bestseller-Rang<\/strong><\/td>\n<td><\/td>\n<\/tr>\n<tr>\n<td><strong>ASIN<\/strong><\/td>\n<td>B0FKMY4GLL<\/td>\n<\/tr>\n<tr>\n<td><strong>Durchschnittliche Kundenbewertung<\/strong><\/td>\n<td><\/td>\n<\/tr>\n<tr>\n<td><strong>Reifengr\u00f6\u00dfe<\/strong><\/td>\n<td>28 Zoll<\/td>\n<\/tr>\n<tr>\n<td><strong>Gr\u00f6\u00dfe<\/strong><\/td>\n<td>RH45CM<\/td>\n<\/tr>\n<tr>\n<td><strong>Artikelgewicht<\/strong><\/td>\n<td>26 Kilogramm<\/td>\n<\/tr>\n<tr>\n<td><strong>Art der Garantie<\/strong><\/td>\n<td>Grundlegende Garantie (2 Jahre)<\/td>\n<\/tr>\n<tr>\n<td><strong>Montage erforderlich<\/strong><\/td>\n<td>Ja<\/td>\n<\/tr>\n<\/tbody>\n<\/table>\n<\/ul>","protected":false},"excerpt":{"rendered":"<p>Product Overview Fahrradtyp: Pedelec Marke: SAXXX Anzahl der G\u00e4nge: 7 Farbe: Pink Radgr\u00f6\u00dfe: 28 Zoll Rahmenmaterial: Aluminium Aufh\u00e4ngungstyp: Gabelfederung Enthaltene<\/p>","protected":false},"featured_media":32499,"comment_status":"open","ping_status":"closed","template":"","meta":[],"product_brand":[],"product_cat":[150,151,152],"product_tag":[],"class_list":{"0":"post-32180","1":"product","2":"type-product","3":"status-publish","4":"has-post-thumbnail","6":"product_cat-collection-1","7":"product_cat-collection-2","8":"product_cat-startseite","10":"first","11":"instock","12":"sale","13":"shipping-taxable","14":"purchasable","15":"product-type-variable"},"jetpack_sharing_enabled":true,"_links":{"self":[{"href":"https:\/\/sportaxe.shop\/en\/wp-json\/wp\/v2\/product\/32180","targetHints":{"allow":["GET"]}}],"collection":[{"href":"https:\/\/sportaxe.shop\/en\/wp-json\/wp\/v2\/product"}],"about":[{"href":"https:\/\/sportaxe.shop\/en\/wp-json\/wp\/v2\/types\/product"}],"replies":[{"embeddable":true,"href":"https:\/\/sportaxe.shop\/en\/wp-json\/wp\/v2\/comments?post=32180"}],"version-history":[{"count":0,"href":"https:\/\/sportaxe.shop\/en\/wp-json\/wp\/v2\/product\/32180\/revisions"}],"wp:featuredmedia":[{"embeddable":true,"href":"https:\/\/sportaxe.shop\/en\/wp-json\/wp\/v2\/media\/32499"}],"wp:attachment":[{"href":"https:\/\/sportaxe.shop\/en\/wp-json\/wp\/v2\/media?parent=32180"}],"wp:term":[{"taxonomy":"product_brand","embeddable":true,"href":"https:\/\/sportaxe.shop\/en\/wp-json\/wp\/v2\/product_brand?post=32180"},{"taxonomy":"product_cat","embeddable":true,"href":"https:\/\/sportaxe.shop\/en\/wp-json\/wp\/v2\/product_cat?post=32180"},{"taxonomy":"product_tag","embeddable":true,"href":"https:\/\/sportaxe.shop\/en\/wp-json\/wp\/v2\/product_tag?post=32180"}],"curies":[{"name":"wp","href":"https:\/\/api.w.org\/{rel}","templated":true}]}}