{"id":32168,"date":"2026-04-18T17:26:18","date_gmt":"2026-04-18T17:26:18","guid":{"rendered":"https:\/\/sportaxe.shop\/product\/saembike-elektrofahrrad-fur-erwachsene-250w-klappbares-elektrofahrrad-mit-36v-13ah-abnehmbarem-akku-geschwindigkeit-25km-h-und-reichweite-110km-20-2-35-fetter-reifen-e-bikes-fur-stadtpendler\/"},"modified":"2026-04-18T17:26:20","modified_gmt":"2026-04-18T17:26:20","slug":"saembike-elektrofahrrad-fur-erwachsene-250w-klappbares-elektrofahrrad-mit-36v-13ah-abnehmbarem-akku-geschwindigkeit-25km-h-und-reichweite-110km-20-2-35-fetter-reifen-e-bikes-fur-stadtpendler","status":"publish","type":"product","link":"https:\/\/sportaxe.shop\/en\/product\/saembike-elektrofahrrad-fur-erwachsene-250w-klappbares-elektrofahrrad-mit-36v-13ah-abnehmbarem-akku-geschwindigkeit-25km-h-und-reichweite-110km-20-2-35-fetter-reifen-e-bikes-fur-stadtpendler\/","title":{"rendered":"SAMEBIKE Klapp-E-Bike 20&#8243; Fettreifen, 250W Motor, 36V 13Ah Akku, 110km Reichweite, 25km\/h, f\u00fcr Stadtpendler"},"content":{"rendered":"<div id=\"productDescription\" class=\"a-section a-spacing-small\">       <!-- show up to 2 reviews by default -->\n           <\/div>\n<p><strong>Product Overview<\/strong><\/p>\n<ul>\n<li>\n<strong>Fahrradtyp:<\/strong> Pedelec<\/li>\n<li>\n<strong>Altersspektrum (Beschreibung):<\/strong> Erwachsener<\/li>\n<li>\n<strong>Marke:<\/strong> SAMEBIKE<\/li>\n<li>\n<strong>Anzahl der G\u00e4nge:<\/strong> 7<\/li>\n<li>\n<strong>Farbe:<\/strong> Schwarz<\/li>\n<li>\n<strong>Radgr\u00f6\u00dfe:<\/strong> 20 Zoll<\/li>\n<li>\n<strong>Aufh\u00e4ngungstyp:<\/strong> Gabelfederung<\/li>\n<li>\n<strong>Besonderes Merkmal:<\/strong> Leicht<\/li>\n<li>\n<strong>Enthaltene Komponenten:<\/strong> Klingel, Korb<\/li>\n<li>\n<strong>Gr\u00f6\u00dfe:<\/strong> 20<\/li>\n<\/ul>\n<p><strong>Product Features<\/strong><\/p>\n<ul>\n<li>[ Hochleistungs E-Bike ] &#8211; Samebike Elektrofahrrad wird von 250W b\u00fcrstenlosen Motor mit einer maximalen Geschwindigkeit von 25KM\/h angetrieben. Ausgestattet mit 20&#8243; Reifen und einer 36V 12Ah herausnehmbaren Batterie, kann es 40KM im reinen Elektromodus fahren. Im Pedal-Assist-Modus kann es mehr als 60 km zur\u00fccklegen.<\/li>\n<li>[ Ma\u00dfgeschneiderte Sicherheit &#038; Komfort ] &#8211; Samebike E-Bike verf\u00fcgt \u00fcber einen h\u00f6henverstellbaren Sitz und einen verstellbaren Lenker, die f\u00fcr individuellen Komfort auf l\u00e4ngeren Fahrten sorgen. Die Scheibenbremsen und die vorderen Sto\u00dfd\u00e4mpfer sorgen f\u00fcr ein starkes Bremsverhalten, das sowohl Sicherheit als auch Komfort gew\u00e4hrleistet. Die Konsole und die Klingel tragen zu einer sicheren Fahrt bei unterschiedlichen Stra\u00dfenverh\u00e4ltnissen bei.<\/li>\n<li>[ Diverse Fahrerlebnisse ] &#8211; Entdecke 3 Fahrmodi f\u00fcr eine erf\u00fcllende Reise! Fahren Sie m\u00fchelos, trainieren Sie, oder pendeln Sie nahtlos &#8211; wir haben Sie abgedeckt. W\u00e4hlen Sie den reinen Elektromodus, den Modus mit Pedalunterst\u00fctzung oder den Pedalmodus und passen Sie Ihren Modus an den Zweck Ihrer Reise an. Au\u00dferdem ist das Samebike Folding e-Bike mit einem Frontkorb f\u00fcr den Gep\u00e4cktransport ausgestattet, um Ihren Rucksack zu entlasten.<\/li>\n<li>[ Seize Your Riding Freedom] &#8211; Immerse yourself in unparalleled convenience with Samebike electric bike! Sein faltbares Design sorgt f\u00fcr eine einfache Lagerung in Ihrer Garage oder einem kompakten Raum. Pendeln, Reisen oder Outdoor-Abenteuer &#8211; Samekbike E-Bike folgt m\u00fchelos Ihrer F\u00fchrung. Genie\u00dfen Sie auf Ihren Fahrten die verschiedensten Annehmlichkeiten und freuen Sie sich \u00fcber eine insgesamt verbesserte Fahrt &#8211; jederzeit und \u00fcberall.<\/li>\n<li>[ Einfache Montage &#038; Nachverkaufsgarantie] &#8211; Das Elektrofahrrad ist einfach zu montieren, die meiste Arbeit ist bereits erledigt und klare Anweisungen und Werkzeuge werden mitgeliefert. Au\u00dferdem kommt Gotrax mit einer 365-Tage-Garantie, die Herstellungsfehler abdeckt. Wenn Sie irgendwelche Probleme haben, werden wir uns bem\u00fchen, Ihnen einen 100% zufriedenstellenden Kundendienst zu bieten.<\/li>\n<\/ul>\n<p><strong>Product Information<\/strong><\/p>\n<ul>\n<table style=\"margin-bottom:20px\">\n<tbody>\n<tr>\n<td><strong>Fahrradtyp<\/strong><\/td>\n<td>Pedelec<\/td>\n<\/tr>\n<tr>\n<td><strong>Anzahl G\u00e4nge<\/strong><\/td>\n<td>7<\/td>\n<\/tr>\n<tr>\n<td><strong>Federungstyp<\/strong><\/td>\n<td>Gabelfederung<\/td>\n<\/tr>\n<tr>\n<td><strong>Besondere Merkmale<\/strong><\/td>\n<td>Leicht<\/td>\n<\/tr>\n<tr>\n<td><strong>Bremsenart<\/strong><\/td>\n<td>Scheibenbremse<\/td>\n<\/tr>\n<tr>\n<td><strong>Betriebsart<\/strong><\/td>\n<td>elektrisch<\/td>\n<\/tr>\n<tr>\n<td><strong>Wattleistung<\/strong><\/td>\n<td>350 Watt<\/td>\n<\/tr>\n<tr>\n<td><strong>Kapazit\u00e4t Lithium-Akku<\/strong><\/td>\n<td>13 Wattstunden<\/td>\n<\/tr>\n<tr>\n<td><strong>Typ des Fahrradschalthebels<\/strong><\/td>\n<td>Rahmenhebel<\/td>\n<\/tr>\n<tr>\n<td><strong>Konfiguration der Kettenschaltung<\/strong><\/td>\n<td>R\u00fcckseite<\/td>\n<\/tr>\n<tr>\n<td><strong>Antriebsart des Fahrrads<\/strong><\/td>\n<td>Hub Motor<\/td>\n<\/tr>\n<tr>\n<td><strong>Art der elektrischen Unterst\u00fctzung<\/strong><\/td>\n<td>Pedal Assist, throttle on demand<\/td>\n<\/tr>\n<tr>\n<td><strong>Farbe<\/strong><\/td>\n<td>Schwarz<\/td>\n<\/tr>\n<tr>\n<td><strong>Radmaterial<\/strong><\/td>\n<td>Stahllegierung<\/td>\n<\/tr>\n<tr>\n<td><strong>Art der Garantie<\/strong><\/td>\n<td>Vollgarantie<\/td>\n<\/tr>\n<tr>\n<td><strong>Montage erforderlich<\/strong><\/td>\n<td>Ja<\/td>\n<\/tr>\n<tr>\n<td><strong>Altersgruppe Beschreibung<\/strong><\/td>\n<td>Erwachsener<\/td>\n<\/tr>\n<tr>\n<td><strong>Marke<\/strong><\/td>\n<td>SAMEBIKE<\/td>\n<\/tr>\n<tr>\n<td><strong>Eingeschlossene Komponenten<\/strong><\/td>\n<td>Klingel, Korb<\/td>\n<\/tr>\n<tr>\n<td><strong>Modellname<\/strong><\/td>\n<td>Bike Pieghevole<\/td>\n<\/tr>\n<tr>\n<td><strong>Hersteller<\/strong><\/td>\n<td>SAMEBIKE<\/td>\n<\/tr>\n<tr>\n<td><strong>Artikeltyp Name<\/strong><\/td>\n<td>Elektrofahrr\u00e4der<\/td>\n<\/tr>\n<tr>\n<td><strong>Garantie<\/strong><\/td>\n<td>1<\/td>\n<\/tr>\n<tr>\n<td><strong>Amazon Bestseller-Rang<\/strong><\/td>\n<td><\/td>\n<\/tr>\n<tr>\n<td><strong>ASIN<\/strong><\/td>\n<td>B0D8KPDD3P<\/td>\n<\/tr>\n<tr>\n<td><strong>Durchschnittliche Kundenbewertung<\/strong><\/td>\n<td><\/td>\n<\/tr>\n<tr>\n<td><strong>Reifengr\u00f6\u00dfe<\/strong><\/td>\n<td>20 Zoll<\/td>\n<\/tr>\n<tr>\n<td><strong>Gr\u00f6\u00dfe<\/strong><\/td>\n<td>20<\/td>\n<\/tr>\n<tr>\n<td><strong>Artikelgewicht<\/strong><\/td>\n<td>2,99 Kilogramm<\/td>\n<\/tr>\n<\/tbody>\n<\/table>\n<\/ul>\n","protected":false},"excerpt":{"rendered":"<p>Product Overview Fahrradtyp: Pedelec Altersspektrum (Beschreibung): Erwachsener Marke: SAMEBIKE Anzahl der G\u00e4nge: 7 Farbe: Schwarz Radgr\u00f6\u00dfe: 20 Zoll Aufh\u00e4ngungstyp: Gabelfederung<\/p>","protected":false},"featured_media":32472,"comment_status":"open","ping_status":"closed","template":"","meta":[],"product_brand":[],"product_cat":[150,151,152],"product_tag":[],"class_list":{"0":"post-32168","1":"product","2":"type-product","3":"status-publish","4":"has-post-thumbnail","6":"product_cat-collection-1","7":"product_cat-collection-2","8":"product_cat-startseite","10":"first","11":"instock","12":"sale","13":"shipping-taxable","14":"purchasable","15":"product-type-variable"},"jetpack_sharing_enabled":true,"_links":{"self":[{"href":"https:\/\/sportaxe.shop\/en\/wp-json\/wp\/v2\/product\/32168","targetHints":{"allow":["GET"]}}],"collection":[{"href":"https:\/\/sportaxe.shop\/en\/wp-json\/wp\/v2\/product"}],"about":[{"href":"https:\/\/sportaxe.shop\/en\/wp-json\/wp\/v2\/types\/product"}],"replies":[{"embeddable":true,"href":"https:\/\/sportaxe.shop\/en\/wp-json\/wp\/v2\/comments?post=32168"}],"version-history":[{"count":0,"href":"https:\/\/sportaxe.shop\/en\/wp-json\/wp\/v2\/product\/32168\/revisions"}],"wp:featuredmedia":[{"embeddable":true,"href":"https:\/\/sportaxe.shop\/en\/wp-json\/wp\/v2\/media\/32472"}],"wp:attachment":[{"href":"https:\/\/sportaxe.shop\/en\/wp-json\/wp\/v2\/media?parent=32168"}],"wp:term":[{"taxonomy":"product_brand","embeddable":true,"href":"https:\/\/sportaxe.shop\/en\/wp-json\/wp\/v2\/product_brand?post=32168"},{"taxonomy":"product_cat","embeddable":true,"href":"https:\/\/sportaxe.shop\/en\/wp-json\/wp\/v2\/product_cat?post=32168"},{"taxonomy":"product_tag","embeddable":true,"href":"https:\/\/sportaxe.shop\/en\/wp-json\/wp\/v2\/product_tag?post=32168"}],"curies":[{"name":"wp","href":"https:\/\/api.w.org\/{rel}","templated":true}]}}