{"id":32166,"date":"2026-04-18T17:26:16","date_gmt":"2026-04-18T17:26:16","guid":{"rendered":"https:\/\/sportaxe.shop\/product\/samebike-e-bike-klapprad-elektrofahrrad-mit-20-zoll-fat-tire-13ah-lithium-akku-fur-lange-reichweite-bis-120km-7-gang-all-terrain-ebike-herren-fur-mtb-strand-schnee\/"},"modified":"2026-04-18T17:26:16","modified_gmt":"2026-04-18T17:26:16","slug":"samebike-e-bike-klapprad-elektrofahrrad-mit-20-zoll-fat-tire-13ah-lithium-akku-fur-lange-reichweite-bis-120km-7-gang-all-terrain-ebike-herren-fur-mtb-strand-schnee","status":"publish","type":"product","link":"https:\/\/sportaxe.shop\/en\/product\/samebike-e-bike-klapprad-elektrofahrrad-mit-20-zoll-fat-tire-13ah-lithium-akku-fur-lange-reichweite-bis-120km-7-gang-all-terrain-ebike-herren-fur-mtb-strand-schnee\/","title":{"rendered":"SAMEBIKE Klapp-E-Bike 20&#8243; Fat Tire, 13Ah Akku, 120km Reichweite, 7 G\u00e4nge, All-Terrain, f\u00fcr MTB, Strand &#038; Schnee"},"content":{"rendered":"<p><strong>Product Overview<\/strong><\/p>\n<ul>\n<li>\n<strong>Fahrradtyp:<\/strong> Pedelec<\/li>\n<li>\n<strong>Altersspektrum (Beschreibung):<\/strong> Erwachsener<\/li>\n<li>\n<strong>Marke:<\/strong> SAMEBIKE<\/li>\n<li>\n<strong>Anzahl der G\u00e4nge:<\/strong> 7<\/li>\n<li>\n<strong>Farbe:<\/strong> hellblau<\/li>\n<li>\n<strong>Radgr\u00f6\u00dfe:<\/strong> 20 Zoll<\/li>\n<li>\n<strong>Aufh\u00e4ngungstyp:<\/strong> Gabelfederung<\/li>\n<li>\n<strong>Gr\u00f6\u00dfe:<\/strong> 20<\/li>\n<li>\n<strong>Bremsenart:<\/strong> Felgenbremse<\/li>\n<li>\n<strong>Spezifische Verwendungsm\u00f6glichkeiten f\u00fcr Produkt:<\/strong> Mischung<\/li>\n<\/ul>\n<p><strong>Product Features<\/strong><\/p>\n<ul>\n<li>\u3010LCD-Display\u3011 hochaufl\u00f6sender Farbbildschirm Meter, Echtzeit-Anzeige des Fahrzeugstatus. Das Elektrofahrrad verwendet High-Speed b\u00fcrstenlosen Motor, kombiniert drei Modi der elektrischen Energie, arbeitssparende und menschliche Kraft in einem, einfach zu reisen.<\/li>\n<li>\u3010Sicherheit + Komfort\u3011SAMEBIKE City-E-Bike ist mit \u00d6l-Sto\u00dfd\u00e4mpfer-Gabel + mechanischer Sperre ausgestattet, mit Sattelrohr und Doppel-Sto\u00dfd\u00e4mpfer-Sattel, weich und bequem, um mit allen Arten von Stra\u00dfenbedingungen in der Stadt zu bew\u00e4ltigen. Das E-Bike ist mit Scheinwerfer und R\u00fcckfahrlicht, Bremslicht ausgestattet, die Sicherheit f\u00fcr Sie in der Nacht zu fahren bietet.<\/li>\n<li>\u3010Exquisites Design\u3011Ausgestattet mit einem verstellbaren Sitz und Lenker, ist es f\u00fcr Fahrer verschiedener Gr\u00f6\u00dfen (150 cm-190 cm) und Gewichte (maximale Tragf\u00e4higkeit: 130 kg) geeignet, und die Batterie kann schnell entfernt werden.<\/li>\n<li>\u3010L\u00e4ngere Akkulaufzeit\u3011Hochleistungsmotor und starke Ausdauer-.Das ElektrofahrradSAMEBIKE ist mit einem 36V Motor ausgestattet, der eine starke Stromversorgung hat. Es kann leicht 25 Grad Steigung erklimmen.15Ah eingebaute austauschbare Batterie.Es kann 60-80km im voll elektrischen Modus und 90-120km im Pedalst\u00e4nder kompatibel Modus fahren.<\/li>\n<li>\u3010SAMEBIKE Factory\u3011 90% der elektrischen Klappr\u00e4der sind vorinstallierte Klappr\u00e4der. Das Fahrrad hat eine 1-Jahres-Garantie.versandt Montag bis Freitag.E-Bike kommt mit einem Gem\u00fcsekorb. 3-8 Tage zu erhalten.<\/li>\n<\/ul>\n<p><strong>Product Information<\/strong><\/p>\n<ul>\n<table style=\"margin-bottom:20px\">\n<tbody>\n<tr>\n<td><strong>Fahrradtyp<\/strong><\/td>\n<td>Pedelec<\/td>\n<\/tr>\n<tr>\n<td><strong>Anzahl G\u00e4nge<\/strong><\/td>\n<td>7<\/td>\n<\/tr>\n<tr>\n<td><strong>Federungstyp<\/strong><\/td>\n<td>Gabelfederung<\/td>\n<\/tr>\n<tr>\n<td><strong>Bremsenart<\/strong><\/td>\n<td>Felgenbremse<\/td>\n<\/tr>\n<tr>\n<td><strong>Spezifische Verwendung f\u00fcr Produkt<\/strong><\/td>\n<td>Mischung<\/td>\n<\/tr>\n<tr>\n<td><strong>Betriebsart<\/strong><\/td>\n<td>Elektromotor<\/td>\n<\/tr>\n<tr>\n<td><strong>Kapazit\u00e4t Lithium-Akku<\/strong><\/td>\n<td>468 Wattstunden<\/td>\n<\/tr>\n<tr>\n<td><strong>Typ des Fahrradschalthebels<\/strong><\/td>\n<td>Drehgriff<\/td>\n<\/tr>\n<tr>\n<td><strong>Konfiguration der Kettenschaltung<\/strong><\/td>\n<td>R\u00fcckseite<\/td>\n<\/tr>\n<tr>\n<td><strong>Antriebsart des Fahrrads<\/strong><\/td>\n<td>Electric<\/td>\n<\/tr>\n<tr>\n<td><strong>Art der elektrischen Unterst\u00fctzung<\/strong><\/td>\n<td>pedal assist<\/td>\n<\/tr>\n<tr>\n<td><strong>Reifengr\u00f6\u00dfe<\/strong><\/td>\n<td>20 Zoll<\/td>\n<\/tr>\n<tr>\n<td><strong>Gr\u00f6\u00dfe<\/strong><\/td>\n<td>20<\/td>\n<\/tr>\n<tr>\n<td><strong>Altersgruppe Beschreibung<\/strong><\/td>\n<td>Erwachsener<\/td>\n<\/tr>\n<tr>\n<td><strong>Marke<\/strong><\/td>\n<td>SAMEBIKE<\/td>\n<\/tr>\n<tr>\n<td><strong>Modellname<\/strong><\/td>\n<td>C05 Pro<\/td>\n<\/tr>\n<tr>\n<td><strong>Hersteller<\/strong><\/td>\n<td>SAMEBIKE<\/td>\n<\/tr>\n<tr>\n<td><strong>Amazon Bestseller-Rang<\/strong><\/td>\n<td><\/td>\n<\/tr>\n<tr>\n<td><strong>ASIN<\/strong><\/td>\n<td>B0DYJ6HFY5<\/td>\n<\/tr>\n<tr>\n<td><strong>Durchschnittliche Kundenbewertung<\/strong><\/td>\n<td><\/td>\n<\/tr>\n<tr>\n<td><strong>Farbe<\/strong><\/td>\n<td>hellblau<\/td>\n<\/tr>\n<tr>\n<td><strong>Radmaterial<\/strong><\/td>\n<td>Stahllegierung<\/td>\n<\/tr>\n<tr>\n<td><strong>Art der Garantie<\/strong><\/td>\n<td>begrenzte Garantie<\/td>\n<\/tr>\n<tr>\n<td><strong>Montage erforderlich<\/strong><\/td>\n<td>Nein<\/td>\n<\/tr>\n<tr>\n<td><strong>Mindestbenutzerh\u00f6he<\/strong><\/td>\n<td>150 Zentimeter<\/td>\n<\/tr>\n<\/tbody>\n<\/table>\n<\/ul>","protected":false},"excerpt":{"rendered":"<p>Product Overview Fahrradtyp: Pedelec Altersspektrum (Beschreibung): Erwachsener Marke: SAMEBIKE Anzahl der G\u00e4nge: 7 Farbe: hellblau Radgr\u00f6\u00dfe: 20 Zoll Aufh\u00e4ngungstyp: Gabelfederung<\/p>","protected":false},"featured_media":32465,"comment_status":"open","ping_status":"closed","template":"","meta":[],"product_brand":[],"product_cat":[150,151,152],"product_tag":[],"class_list":{"0":"post-32166","1":"product","2":"type-product","3":"status-publish","4":"has-post-thumbnail","6":"product_cat-collection-1","7":"product_cat-collection-2","8":"product_cat-startseite","10":"first","11":"instock","12":"sale","13":"shipping-taxable","14":"purchasable","15":"product-type-simple"},"jetpack_sharing_enabled":true,"_links":{"self":[{"href":"https:\/\/sportaxe.shop\/en\/wp-json\/wp\/v2\/product\/32166","targetHints":{"allow":["GET"]}}],"collection":[{"href":"https:\/\/sportaxe.shop\/en\/wp-json\/wp\/v2\/product"}],"about":[{"href":"https:\/\/sportaxe.shop\/en\/wp-json\/wp\/v2\/types\/product"}],"replies":[{"embeddable":true,"href":"https:\/\/sportaxe.shop\/en\/wp-json\/wp\/v2\/comments?post=32166"}],"version-history":[{"count":0,"href":"https:\/\/sportaxe.shop\/en\/wp-json\/wp\/v2\/product\/32166\/revisions"}],"wp:featuredmedia":[{"embeddable":true,"href":"https:\/\/sportaxe.shop\/en\/wp-json\/wp\/v2\/media\/32465"}],"wp:attachment":[{"href":"https:\/\/sportaxe.shop\/en\/wp-json\/wp\/v2\/media?parent=32166"}],"wp:term":[{"taxonomy":"product_brand","embeddable":true,"href":"https:\/\/sportaxe.shop\/en\/wp-json\/wp\/v2\/product_brand?post=32166"},{"taxonomy":"product_cat","embeddable":true,"href":"https:\/\/sportaxe.shop\/en\/wp-json\/wp\/v2\/product_cat?post=32166"},{"taxonomy":"product_tag","embeddable":true,"href":"https:\/\/sportaxe.shop\/en\/wp-json\/wp\/v2\/product_tag?post=32166"}],"curies":[{"name":"wp","href":"https:\/\/api.w.org\/{rel}","templated":true}]}}