{"id":32161,"date":"2026-04-18T17:26:16","date_gmt":"2026-04-18T17:26:16","guid":{"rendered":"https:\/\/sportaxe.shop\/product\/samebike-26-zoll-e-bike-herren-damen-mit-250w-motor-36v-540wh-akku-elektrofahrrader-e-fahrrad-mit-7-gang-getriebe-lcd-display-pedelec-citybike-ebike-grun\/"},"modified":"2026-04-18T17:26:17","modified_gmt":"2026-04-18T17:26:17","slug":"samebike-26-zoll-e-bike-herren-damen-mit-250w-motor-36v-540wh-akku-elektrofahrrader-e-fahrrad-mit-7-gang-getriebe-lcd-display-pedelec-citybike-ebike-grun","status":"publish","type":"product","link":"https:\/\/sportaxe.shop\/en\/product\/samebike-26-zoll-e-bike-herren-damen-mit-250w-motor-36v-540wh-akku-elektrofahrrader-e-fahrrad-mit-7-gang-getriebe-lcd-display-pedelec-citybike-ebike-grun\/","title":{"rendered":"SAMEBIKE E-Bike City 26&#8243;, 250W Motor, 36V 540Wh Akku, 7 G\u00e4nge, LCD-Display, Pedelec, Gr\u00fcn, f\u00fcr Herren &#038; Damen"},"content":{"rendered":"<p><strong>Product Overview<\/strong><\/p>\n<ul>\n<li>\n<strong>Fahrradtyp:<\/strong> Elektrofahrrader<\/li>\n<li>\n<strong>Altersspektrum (Beschreibung):<\/strong> Erwachsener<\/li>\n<li>\n<strong>Marke:<\/strong> SAMEBIKE<\/li>\n<li>\n<strong>Anzahl der G\u00e4nge:<\/strong> 7<\/li>\n<li>\n<strong>Farbe:<\/strong> Blau<\/li>\n<li>\n<strong>Radgr\u00f6\u00dfe:<\/strong> 26 Zoll<\/li>\n<li>\n<strong>Rahmenmaterial:<\/strong> Aluminium<\/li>\n<li>\n<strong>Aufh\u00e4ngungstyp:<\/strong> Heckfederung<\/li>\n<li>\n<strong>Besonderes Merkmal:<\/strong> Leicht<\/li>\n<li>\n<strong>Gr\u00f6\u00dfe:<\/strong> 27in<\/li>\n<\/ul>\n<p><strong>Product Features<\/strong><\/p>\n<ul>\n<li>BATTERIE MIT HOHER KAPAZIT\u00c4T &#8211; 540Wh Lithium-Ionen-Akku erm\u00f6glicht im reinen Elektromodus bis zu 24-28 Meilen und im pedalunterst\u00fctzten Modus bis zu 50-55 Meilen (die tats\u00e4chliche Leistung wird durch das Gewicht des Benutzers und die Stra\u00dfe beeinflusst). Genug f\u00fcr einen Tag Abenteuer oder die meisten Wochenendausfl\u00fcge zur\u00fcck.<\/li>\n<li>3 BETRIEBSMODEN &#8211; Reiner Elektromodus &#038; Pedal Assisted Mode &#038; Padel Mode. W\u00e4hlen Sie das unterst\u00fctzte Fahrrad, um lange Reisen zu genie\u00dfen, und auch \u00dcbung. LED-Multifunktions-Display zeigen Batteriestand \/ Geschwindigkeit \/ Kilometerstand und so weiter.<\/li>\n<li>HOCHWERTIGE KOMPONENTEN &#8211; Professionelles 7-Gang-Getriebesystem sorgt f\u00fcr Zuverl\u00e4ssigkeit und Langlebigkeit, Doppelscheibenbremsen sorgen f\u00fcr sicheres Fahren. Neue Design-Hupe und 3W helle LED-Scheinwerfer sind f\u00fcr sichere Nachtfahrten ausgestattet.<\/li>\n<li>250W POWER MOTOR: Samebike 250W Motor mit Hinterradantrieb liefert ein starkes Drehmoment mit einer einzigartigen Funktion, um die Leistung auf Ihrem t\u00e4glichen Pendeln und Bergfahren zu erh\u00f6hen, die dem Fahrer helfen, 15,5 mph mit Leichtigkeit zu erreichen. Die hochfeste, sto\u00dfd\u00e4mpfende Vorderradgabel mit mechanischer Verriegelung erm\u00f6glicht Ihnen eine ungehinderte Fahrt auf unebenen Stra\u00dfen.<\/li>\n<li>DAUERHAFTER RAHMEN &#8211; Die Gr\u00f6\u00dfe betr\u00e4gt 72,4*26,4*44 Zoll und ist f\u00fcr Fahrer mit einer Gr\u00f6\u00dfe von 5,2-5,9 Fu\u00df geeignet. Der Rahmen aus 6061 Aluminiumlegierung ist erm\u00fcdungsarm, bruchfest, langlebig und leicht. 26-Zoll-Reifen sind f\u00fcr eine gr\u00f6\u00dfere Haltbarkeit sowie schnellere Fahrt mit weniger Widerstand.<\/li>\n<\/ul>\n<p><strong>Product Information<\/strong><\/p>\n<ul>\n<table style=\"margin-bottom:20px\">\n<tbody>\n<tr>\n<td><strong>Fahrradtyp<\/strong><\/td>\n<td>Elektrofahrrader<\/td>\n<\/tr>\n<tr>\n<td><strong>Anzahl G\u00e4nge<\/strong><\/td>\n<td>7<\/td>\n<\/tr>\n<tr>\n<td><strong>Federungstyp<\/strong><\/td>\n<td>Heckfederung<\/td>\n<\/tr>\n<tr>\n<td><strong>Besondere Merkmale<\/strong><\/td>\n<td>Leicht<\/td>\n<\/tr>\n<tr>\n<td><strong>Bremsenart<\/strong><\/td>\n<td>Linear Pull<\/td>\n<\/tr>\n<tr>\n<td><strong>Betriebsart<\/strong><\/td>\n<td>Elektromotor<\/td>\n<\/tr>\n<tr>\n<td><strong>Wattleistung<\/strong><\/td>\n<td>250 Watt<\/td>\n<\/tr>\n<tr>\n<td><strong>Kapazit\u00e4t Lithium-Akku<\/strong><\/td>\n<td>13 Wattstunden<\/td>\n<\/tr>\n<tr>\n<td><strong>Typ des Fahrradschalthebels<\/strong><\/td>\n<td>Trigger<\/td>\n<\/tr>\n<tr>\n<td><strong>Ist signiert<\/strong><\/td>\n<td>Nein<\/td>\n<\/tr>\n<tr>\n<td><strong>Konfiguration der Kettenschaltung<\/strong><\/td>\n<td>R\u00fcckseite<\/td>\n<\/tr>\n<tr>\n<td><strong>Antriebsart des Fahrrads<\/strong><\/td>\n<td>Riemenantrieb<\/td>\n<\/tr>\n<tr>\n<td><strong>Art der elektrischen Unterst\u00fctzung<\/strong><\/td>\n<td>Pedelec<\/td>\n<\/tr>\n<tr>\n<td><strong>Reifengr\u00f6\u00dfe<\/strong><\/td>\n<td>26 Zoll<\/td>\n<\/tr>\n<tr>\n<td><strong>Gr\u00f6\u00dfe<\/strong><\/td>\n<td>27in<\/td>\n<\/tr>\n<tr>\n<td><strong>Art der Garantie<\/strong><\/td>\n<td>begrenzte Garantie<\/td>\n<\/tr>\n<tr>\n<td><strong>Montage erforderlich<\/strong><\/td>\n<td>Ja<\/td>\n<\/tr>\n<tr>\n<td><strong>Altersgruppe Beschreibung<\/strong><\/td>\n<td>Erwachsener<\/td>\n<\/tr>\n<tr>\n<td><strong>Marke<\/strong><\/td>\n<td>SAMEBIKE<\/td>\n<\/tr>\n<tr>\n<td><strong>Modellname<\/strong><\/td>\n<td>Rsa01 Pro<\/td>\n<\/tr>\n<tr>\n<td><strong>Hersteller<\/strong><\/td>\n<td>SAMEBIKE<\/td>\n<\/tr>\n<tr>\n<td><strong>Garantie<\/strong><\/td>\n<td>1 Jahre Herstellergarantie<\/td>\n<\/tr>\n<tr>\n<td><strong>Amazon Bestseller-Rang<\/strong><\/td>\n<td><\/td>\n<\/tr>\n<tr>\n<td><strong>ASIN<\/strong><\/td>\n<td>B0DF25XVVL<\/td>\n<\/tr>\n<tr>\n<td><strong>Durchschnittliche Kundenbewertung<\/strong><\/td>\n<td><\/td>\n<\/tr>\n<tr>\n<td><strong>Farbe<\/strong><\/td>\n<td>Blau<\/td>\n<\/tr>\n<tr>\n<td><strong>Stil\/Form<\/strong><\/td>\n<td>Urban<\/td>\n<\/tr>\n<tr>\n<td><strong>Rahmenmaterialtyp<\/strong><\/td>\n<td>Aluminium<\/td>\n<\/tr>\n<tr>\n<td><strong>Radmaterial<\/strong><\/td>\n<td>Aluminium<\/td>\n<\/tr>\n<tr>\n<td><strong>Sitzwerkstoff<\/strong><\/td>\n<td>Polyurethan (PU)<\/td>\n<\/tr>\n<\/tbody>\n<\/table>\n<\/ul>","protected":false},"excerpt":{"rendered":"<p>Product Overview Fahrradtyp: Elektrofahrrader Altersspektrum (Beschreibung): Erwachsener Marke: SAMEBIKE Anzahl der G\u00e4nge: 7 Farbe: Blau Radgr\u00f6\u00dfe: 26 Zoll Rahmenmaterial: Aluminium<\/p>","protected":false},"featured_media":32455,"comment_status":"open","ping_status":"closed","template":"","meta":[],"product_brand":[],"product_cat":[150,151,152],"product_tag":[],"class_list":{"0":"post-32161","1":"product","2":"type-product","3":"status-publish","4":"has-post-thumbnail","6":"product_cat-collection-1","7":"product_cat-collection-2","8":"product_cat-startseite","10":"first","11":"instock","12":"sale","13":"shipping-taxable","14":"purchasable","15":"product-type-variable"},"jetpack_sharing_enabled":true,"_links":{"self":[{"href":"https:\/\/sportaxe.shop\/en\/wp-json\/wp\/v2\/product\/32161","targetHints":{"allow":["GET"]}}],"collection":[{"href":"https:\/\/sportaxe.shop\/en\/wp-json\/wp\/v2\/product"}],"about":[{"href":"https:\/\/sportaxe.shop\/en\/wp-json\/wp\/v2\/types\/product"}],"replies":[{"embeddable":true,"href":"https:\/\/sportaxe.shop\/en\/wp-json\/wp\/v2\/comments?post=32161"}],"version-history":[{"count":0,"href":"https:\/\/sportaxe.shop\/en\/wp-json\/wp\/v2\/product\/32161\/revisions"}],"wp:featuredmedia":[{"embeddable":true,"href":"https:\/\/sportaxe.shop\/en\/wp-json\/wp\/v2\/media\/32455"}],"wp:attachment":[{"href":"https:\/\/sportaxe.shop\/en\/wp-json\/wp\/v2\/media?parent=32161"}],"wp:term":[{"taxonomy":"product_brand","embeddable":true,"href":"https:\/\/sportaxe.shop\/en\/wp-json\/wp\/v2\/product_brand?post=32161"},{"taxonomy":"product_cat","embeddable":true,"href":"https:\/\/sportaxe.shop\/en\/wp-json\/wp\/v2\/product_cat?post=32161"},{"taxonomy":"product_tag","embeddable":true,"href":"https:\/\/sportaxe.shop\/en\/wp-json\/wp\/v2\/product_tag?post=32161"}],"curies":[{"name":"wp","href":"https:\/\/api.w.org\/{rel}","templated":true}]}}