{"id":32157,"date":"2026-04-18T17:26:16","date_gmt":"2026-04-18T17:26:16","guid":{"rendered":"https:\/\/sportaxe.shop\/product\/r1-e-bike-damen-26-zoll-tiefeinsteiger-trekkingrad-e-cityrad-mit-36v-14-5ah-wechselakku-reichweite-bis-zu-110km-hydraulische-scheibenbremsen-eu-konformes-ebike-fur-erwachsene\/"},"modified":"2026-04-18T17:26:17","modified_gmt":"2026-04-18T17:26:17","slug":"r1-e-bike-damen-26-zoll-tiefeinsteiger-trekkingrad-e-cityrad-mit-36v-14-5ah-wechselakku-reichweite-bis-zu-110km-hydraulische-scheibenbremsen-eu-konformes-ebike-fur-erwachsene","status":"publish","type":"product","link":"https:\/\/sportaxe.shop\/en\/product\/r1-e-bike-damen-26-zoll-tiefeinsteiger-trekkingrad-e-cityrad-mit-36v-14-5ah-wechselakku-reichweite-bis-zu-110km-hydraulische-scheibenbremsen-eu-konformes-ebike-fur-erwachsene\/","title":{"rendered":"R1 E-Bike Tiefeinsteiger 26&#8243;, 36V 14,5Ah Wechselakku, 110km Reichweite, hydraulische Scheibenbremsen, EU-konform, f\u00fcr Damen"},"content":{"rendered":"<p><strong>Product Overview<\/strong><\/p>\n<ul>\n<li>\n<strong>Fahrradtyp:<\/strong> Pedelec, Pendlerfahrrad<\/li>\n<li>\n<strong>Altersspektrum (Beschreibung):<\/strong> Erwachsener<\/li>\n<li>\n<strong>Marke:<\/strong> Molicycle<\/li>\n<li>\n<strong>Anzahl der G\u00e4nge:<\/strong> 7<\/li>\n<li>\n<strong>Farbe:<\/strong> Grau<\/li>\n<li>\n<strong>Radgr\u00f6\u00dfe:<\/strong> 26 Zoll<\/li>\n<li>\n<strong>Rahmenmaterial:<\/strong> Aluminium<\/li>\n<li>\n<strong>Aufh\u00e4ngungstyp:<\/strong> Gabelfederung<\/li>\n<li>\n<strong>Besonderes Merkmal:<\/strong> <\/li>\n<li>\n<strong>Enthaltene Komponenten:<\/strong> 1 x Benutzerhandbuch, 1 x Molicycle R1 Elektrofahrrad, Ladeger\u00e4t, Werkzeugsatz<\/li>\n<\/ul>\n<p><strong>Product Features<\/strong><\/p>\n<ul>\n<li>\u3010250-Watt-Motor\u3011Dieses e-bike verf\u00fcgt \u00fcber einen 250W starken b\u00fcrstenlosen Motor mit 42Nm Drehmoment, der Sie mit konstanter und starker Leistung versorgt und dem Fahrrad eine Geschwindigkeit von bis zu 25km\/h erm\u00f6glicht<\/li>\n<li>\u301036V 14.5Ah Wechselakku\u3011Dieses ebike mit einem 36V 522Wh Akku, der sich einfach herausnehmen und zum Aufladen mit nach Hause nehmen l\u00e4sst. Stufe eins Modus kann es bis zu 90-110KM Reichweite. Was perfekt f\u00fcr Ihre lange Fahrt ist<\/li>\n<li>\u3010Hydraulische Scheibenbremsen\u3011Dieses elektrofahrr\u00e4der ist mit hydraulischen Scheibenbremsen ausgestattet. Hydraulische Scheibenbremsen bieten eine bessere Kontrolle und eine h\u00f6here Bremskraft. Sie leiten die W\u00e4rme gleichm\u00e4\u00dfiger und halten tendenziell l\u00e4nger als herk\u00f6mmliche mechanische Bremsen<\/li>\n<li>\u3010Intelligentes LCD-Display\u3011Dieses e bike hat ein intelligentes LCD-Display, das Ihnen verschiedene Informationen anzeigt, wie Geschwindigkeit, Entfernung und Batteriestrom und das Bedienfeld ist griffbereit f\u00fcr einfache Anzeige und Steuerung.<\/li>\n<li>\u301026&#8243;*1.75 CST Reifen\u3011Dieses elektrofahrr\u00e4der ist mit 26 Zoll CST Luftreifen ausgestattet. Mit einer professionellen Kettenschaltung mit 7 G\u00e4ngen im Heck ausgestattet. Mit Hilfe der Kettenschaltung k\u00f6nnen Sie eine schnellere und einfachere Fahrt genie\u00dfen<\/li>\n<li>Ebike Alurahmen, nur 25.7 kg Gewicht, leistungsf\u00e4higes Elektrofahrrad mit max. Belastung von 120 kg, Geeignete K\u00f6rpergr\u00f6\u00dfe 160-198cm<\/li>\n<\/ul>\n<p><strong>Product Information<\/strong><\/p>\n<ul>\n<table style=\"margin-bottom:20px\">\n<tbody>\n<tr>\n<td><strong>Fahrradtyp<\/strong><\/td>\n<td>Pedelec, Pendlerfahrrad<\/td>\n<\/tr>\n<tr>\n<td><strong>Anzahl G\u00e4nge<\/strong><\/td>\n<td>7<\/td>\n<\/tr>\n<tr>\n<td><strong>Federungstyp<\/strong><\/td>\n<td>Gabelfederung<\/td>\n<\/tr>\n<tr>\n<td><strong>Besondere Merkmale<\/strong><\/td>\n<td>Digitalanzeige, Hydraulische Scheibenbremsen, Verstellbare Lenkstangen, Verstellbarer Sitz, Vorderlicht &#038; R\u00fccklicht<\/td>\n<\/tr>\n<tr>\n<td><strong>Bremsenart<\/strong><\/td>\n<td>Hydraulische Scheibenbremsen, Scheibenbremse<\/td>\n<\/tr>\n<tr>\n<td><strong>Spezifische Verwendung f\u00fcr Produkt<\/strong><\/td>\n<td>Kies, Schnee, Stra\u00dfe, Trail<\/td>\n<\/tr>\n<tr>\n<td><strong>Betriebsart<\/strong><\/td>\n<td>battery<\/td>\n<\/tr>\n<tr>\n<td><strong>Wattleistung<\/strong><\/td>\n<td>250 Watt<\/td>\n<\/tr>\n<tr>\n<td><strong>Kapazit\u00e4t Lithium-Akku<\/strong><\/td>\n<td>522 Wattstunden<\/td>\n<\/tr>\n<tr>\n<td><strong>Typ des Fahrradschalthebels<\/strong><\/td>\n<td>Trigger<\/td>\n<\/tr>\n<tr>\n<td><strong>F\u00e4higkeitsebene<\/strong><\/td>\n<td>Anf\u00e4nger<\/td>\n<\/tr>\n<tr>\n<td><strong>Konfiguration der Kettenschaltung<\/strong><\/td>\n<td>R\u00fcckseite<\/td>\n<\/tr>\n<tr>\n<td><strong>Antriebsart des Fahrrads<\/strong><\/td>\n<td>Schaltwerk<\/td>\n<\/tr>\n<tr>\n<td><strong>Art der elektrischen Unterst\u00fctzung<\/strong><\/td>\n<td>Nabenmotor<\/td>\n<\/tr>\n<tr>\n<td><strong>Reifengr\u00f6\u00dfe<\/strong><\/td>\n<td>26 Zoll<\/td>\n<\/tr>\n<tr>\n<td><strong>Gr\u00f6\u00dfe<\/strong><\/td>\n<td>26 Zoll<\/td>\n<\/tr>\n<tr>\n<td><strong>Radbreite<\/strong><\/td>\n<td>1,75 Zoll<\/td>\n<\/tr>\n<tr>\n<td><strong>Artikelgewicht<\/strong><\/td>\n<td>29,4 Kilogramm<\/td>\n<\/tr>\n<tr>\n<td><strong>Maximale Reichweite der Sattelst\u00fctze<\/strong><\/td>\n<td>110 Zentimeter<\/td>\n<\/tr>\n<tr>\n<td><strong>Art der Garantie<\/strong><\/td>\n<td>Begrenzte Garantie<\/td>\n<\/tr>\n<tr>\n<td><strong>Empfohlenes Maximalgewicht<\/strong><\/td>\n<td>120 Kilogramm<\/td>\n<\/tr>\n<tr>\n<td><strong>Montage erforderlich<\/strong><\/td>\n<td>Ja<\/td>\n<\/tr>\n<tr>\n<td><strong>Mindestbenutzerh\u00f6he<\/strong><\/td>\n<td>160 Zentimeter<\/td>\n<\/tr>\n<tr>\n<td><strong>Altersgruppe Beschreibung<\/strong><\/td>\n<td>Erwachsener<\/td>\n<\/tr>\n<tr>\n<td><strong>Marke<\/strong><\/td>\n<td>Molicycle<\/td>\n<\/tr>\n<tr>\n<td><strong>Eingeschlossene Komponenten<\/strong><\/td>\n<td>1 x Benutzerhandbuch, 1 x Molicycle R1 Elektrofahrrad, Ladeger\u00e4t, Werkzeugsatz<\/td>\n<\/tr>\n<tr>\n<td><strong>Modellnummer<\/strong><\/td>\n<td>R1<\/td>\n<\/tr>\n<tr>\n<td><strong>Modellname<\/strong><\/td>\n<td>R1<\/td>\n<\/tr>\n<tr>\n<td><strong>Modelljahr<\/strong><\/td>\n<td>2024<\/td>\n<\/tr>\n<tr>\n<td><strong>Herkunftsland<\/strong><\/td>\n<td>China<\/td>\n<\/tr>\n<tr>\n<td><strong>Hersteller<\/strong><\/td>\n<td>Molicycle<\/td>\n<\/tr>\n<tr>\n<td><strong>Garantie<\/strong><\/td>\n<td>1 Jahr<\/td>\n<\/tr>\n<tr>\n<td><strong>Amazon Bestseller-Rang<\/strong><\/td>\n<td><\/td>\n<\/tr>\n<tr>\n<td><strong>ASIN<\/strong><\/td>\n<td>B0D2RHG7XQ<\/td>\n<\/tr>\n<tr>\n<td><strong>Durchschnittliche Kundenbewertung<\/strong><\/td>\n<td><\/td>\n<\/tr>\n<tr>\n<td><strong>Farbe<\/strong><\/td>\n<td>Grau<\/td>\n<\/tr>\n<tr>\n<td><strong>Stil\/Form<\/strong><\/td>\n<td>Klassisch<\/td>\n<\/tr>\n<tr>\n<td><strong>Rahmenmaterialtyp<\/strong><\/td>\n<td>Aluminium<\/td>\n<\/tr>\n<tr>\n<td><strong>Radmaterial<\/strong><\/td>\n<td>Aluminium<\/td>\n<\/tr>\n<tr>\n<td><strong>Kotfl\u00fcgelmaterial<\/strong><\/td>\n<td>Kunststoff<\/td>\n<\/tr>\n<\/tbody>\n<\/table>\n<\/ul>","protected":false},"excerpt":{"rendered":"<p>Product Overview Fahrradtyp: Pedelec, Pendlerfahrrad Altersspektrum (Beschreibung): Erwachsener Marke: Molicycle Anzahl der G\u00e4nge: 7 Farbe: Grau Radgr\u00f6\u00dfe: 26 Zoll Rahmenmaterial:<\/p>","protected":false},"featured_media":32444,"comment_status":"open","ping_status":"closed","template":"","meta":[],"product_brand":[],"product_cat":[150,151,152],"product_tag":[],"class_list":{"0":"post-32157","1":"product","2":"type-product","3":"status-publish","4":"has-post-thumbnail","6":"product_cat-collection-1","7":"product_cat-collection-2","8":"product_cat-startseite","10":"first","11":"instock","12":"sale","13":"shipping-taxable","14":"purchasable","15":"product-type-variable"},"jetpack_sharing_enabled":true,"_links":{"self":[{"href":"https:\/\/sportaxe.shop\/en\/wp-json\/wp\/v2\/product\/32157","targetHints":{"allow":["GET"]}}],"collection":[{"href":"https:\/\/sportaxe.shop\/en\/wp-json\/wp\/v2\/product"}],"about":[{"href":"https:\/\/sportaxe.shop\/en\/wp-json\/wp\/v2\/types\/product"}],"replies":[{"embeddable":true,"href":"https:\/\/sportaxe.shop\/en\/wp-json\/wp\/v2\/comments?post=32157"}],"version-history":[{"count":0,"href":"https:\/\/sportaxe.shop\/en\/wp-json\/wp\/v2\/product\/32157\/revisions"}],"wp:featuredmedia":[{"embeddable":true,"href":"https:\/\/sportaxe.shop\/en\/wp-json\/wp\/v2\/media\/32444"}],"wp:attachment":[{"href":"https:\/\/sportaxe.shop\/en\/wp-json\/wp\/v2\/media?parent=32157"}],"wp:term":[{"taxonomy":"product_brand","embeddable":true,"href":"https:\/\/sportaxe.shop\/en\/wp-json\/wp\/v2\/product_brand?post=32157"},{"taxonomy":"product_cat","embeddable":true,"href":"https:\/\/sportaxe.shop\/en\/wp-json\/wp\/v2\/product_cat?post=32157"},{"taxonomy":"product_tag","embeddable":true,"href":"https:\/\/sportaxe.shop\/en\/wp-json\/wp\/v2\/product_tag?post=32157"}],"curies":[{"name":"wp","href":"https:\/\/api.w.org\/{rel}","templated":true}]}}