{"id":32153,"date":"2026-04-18T17:26:15","date_gmt":"2026-04-18T17:26:15","guid":{"rendered":"https:\/\/sportaxe.shop\/product\/hitway-e-bike-27-5-zoll-e-citybike-mit-36v13ah-akku-pedelec-fur-damen-50-100km-reichweite-250w-motor-stvzo-zulassung-e-bike-tiefeinstieg\/"},"modified":"2026-04-18T17:26:17","modified_gmt":"2026-04-18T17:26:17","slug":"hitway-e-bike-27-5-zoll-e-citybike-mit-36v13ah-akku-pedelec-fur-damen-50-100km-reichweite-250w-motor-stvzo-zulassung-e-bike-tiefeinstieg","status":"publish","type":"product","link":"https:\/\/sportaxe.shop\/en\/product\/hitway-e-bike-27-5-zoll-e-citybike-mit-36v13ah-akku-pedelec-fur-damen-50-100km-reichweite-250w-motor-stvzo-zulassung-e-bike-tiefeinstieg\/","title":{"rendered":"HITWAY E-Bike City 27,5&#8243;, 250W Motor, 36V 13Ah Akku, 100km Reichweite, Tiefeinsteiger, StVZO, Pedelec, f\u00fcr Damen"},"content":{"rendered":"<div id=\"productDescription\" class=\"a-section a-spacing-small\">       <!-- show up to 2 reviews by default --><\/p>\n<p>    <span>HITWAY BK8S ELEKTROFAHRRAD<br \/> Genie\u00dfen Sie das Konzept des umweltfreundlichen Lebens und suchen Sie nach trendigen Lebensprodukten!<br \/> Abmessungen<br \/> Rahmenmaterialien:Kohlenstoffstahl<br \/> Abmessungen:1905*620*1105mm<br \/> Reifengr\u00f6\u00dfe: 27,5 Zoll<br \/> Verpackungsgr\u00f6\u00dfe:1540*270*760mm<br \/> Gewicht des Elektrofahrrads:28.4kgs<br \/> Leistungsparameter<br \/> Maximale Belastung: 120 kg<br \/> Beste Fahrgeschwindigkeit: 20 km\/h<br \/> H\u00f6chstgeschwindigkeit: 25 km\/h<br \/> Batteriekapazit\u00e4t:13Ah<br \/> Nominale Batteriespannung: 36 V<br \/> Reichweite: 50km-100km beeinflusst von Last, Temperatur, Stra\u00dfenzustand, Fahrmodus usw. Beispiel: (Bei 75 kg und 25 \u00b0C kann die maximale Reichweite im PAS modus 50 km erreichen, und die Reichweite h\u00e4ngt von der Last und dem Fahrstil ab )<br \/> Betriebstemperatur: -10 ~ 45 \u00b0 C<br \/> Wasserdichtigkeit: IP 54<br \/> Batterietyp: Lithium-Ionen-Batterie<br \/> Elektrische Spezifikationen<br \/> Motorleitungstyp: Leistung<br \/><\/span>    <\/p>\n<\/p><\/div>\n<p><strong>Product Overview<\/strong><\/p>\n<ul>\n<li>\n<strong>Fahrradtyp:<\/strong> Pedelec<\/li>\n<li>\n<strong>Altersspektrum (Beschreibung):<\/strong> Erwachsener<\/li>\n<li>\n<strong>Marke:<\/strong> HITWAY<\/li>\n<li>\n<strong>Anzahl der G\u00e4nge:<\/strong> 1<\/li>\n<li>\n<strong>Farbe:<\/strong> Blau<\/li>\n<li>\n<strong>Radgr\u00f6\u00dfe:<\/strong> 27,5 Zoll<\/li>\n<li>\n<strong>Rahmenmaterial:<\/strong> Kohlenstoffstahl<\/li>\n<li>\n<strong>Aufh\u00e4ngungstyp:<\/strong> Keine Federung<\/li>\n<li>\n<strong>Enthaltene Komponenten:<\/strong> Fahrradschloss, Bedienungsanleitung, tragbare Luftpumpe<\/li>\n<li>\n<strong>Gr\u00f6\u00dfe:<\/strong> 190.5 cm x 62 cm x 110.5 cm<\/li>\n<\/ul>\n<p><strong>Product Features<\/strong><\/p>\n<ul>\n<li>[Stadtoptimierte Leistung]:250W-Motor mit 3 Geschwindigkeitsstufen (15\/20\/25 km\/h) f\u00fcr flexibles Fahren im urbanen Verkehr \u2013 vollst\u00e4ndig StVZO-konform mit festem Tempolimit. Ideal f\u00fcr Einsteigerinnen und stressfreie Pendelfahrten.<\/li>\n<li>[Pr\u00e4zise Reichweitenkontrolle]:36V\/13Ah Hochleistungsakku erm\u00f6glicht 50-100 km* Unterst\u00fctzungsreichweite. Das klare LCD-Display zeigt Echtzeitdaten (Geschwindigkeit, Batterie, Fahrmodus) f\u00fcr volle Transparenz.<\/li>\n<li>Robuste Sicherheitstechnik: Zuverl\u00e4ssige mechanische Doppelscheibenbremsen garantieren pr\u00e4zises Bremsen bei jedem Wetter. Der Carbonstahl-Rahmen (28,4 kg Gesamtgewicht) bietet maximale Stabilit\u00e4t auf urbanem Kopfsteinpflaster.<\/li>\n<li>Praktische Alltagsausstattung: Sofort einsatzbereit mit vormontiertem Gep\u00e4cktr\u00e4ger (25 kg Traglast) und stabilen Frontkorb. Integrierte LED-Beleuchtung mit Standlicht f\u00fcr sichere D\u00e4mmerungsfahrten.<\/li>\n<li>Ergonomisches Damendesign: Tiefer Durchstieg mit rutschfesten Pedalen f\u00fcr sicheres Auf- und Absteigen in R\u00f6cken. Der anatomisch geformte Sattel reduziert Druckpunkte auch bei l\u00e4ngeren Fahrten.<\/li>\n<\/ul>\n<p><strong>Product Information<\/strong><\/p>\n<ul>\n<table style=\"margin-bottom:20px\">\n<tbody>\n<tr>\n<td><strong>Fahrradtyp<\/strong><\/td>\n<td>Pedelec<\/td>\n<\/tr>\n<tr>\n<td><strong>Anzahl G\u00e4nge<\/strong><\/td>\n<td>1<\/td>\n<\/tr>\n<tr>\n<td><strong>Federungstyp<\/strong><\/td>\n<td>Keine Federung<\/td>\n<\/tr>\n<tr>\n<td><strong>Bremsenart<\/strong><\/td>\n<td>Scheibenbremse<\/td>\n<\/tr>\n<tr>\n<td><strong>Spezifische Verwendung f\u00fcr Produkt<\/strong><\/td>\n<td>Stadt<\/td>\n<\/tr>\n<tr>\n<td><strong>Betriebsart<\/strong><\/td>\n<td>Elektromotor<\/td>\n<\/tr>\n<tr>\n<td><strong>Kapazit\u00e4t Lithium-Akku<\/strong><\/td>\n<td>374,4 Wattstunden<\/td>\n<\/tr>\n<tr>\n<td><strong>Typ des Fahrradschalthebels<\/strong><\/td>\n<td>Drehgriff<\/td>\n<\/tr>\n<tr>\n<td><strong>Konfiguration der Kettenschaltung<\/strong><\/td>\n<td>R\u00fcckseite<\/td>\n<\/tr>\n<tr>\n<td><strong>Antriebsart des Fahrrads<\/strong><\/td>\n<td>Elektrisch<\/td>\n<\/tr>\n<tr>\n<td><strong>Art der elektrischen Unterst\u00fctzung<\/strong><\/td>\n<td>Nabenmotor<\/td>\n<\/tr>\n<tr>\n<td><strong>Farbe<\/strong><\/td>\n<td>Blau<\/td>\n<\/tr>\n<tr>\n<td><strong>Stil\/Form<\/strong><\/td>\n<td>Urban<\/td>\n<\/tr>\n<tr>\n<td><strong>Rahmenmaterialtyp<\/strong><\/td>\n<td>Kohlenstoffstahl<\/td>\n<\/tr>\n<tr>\n<td><strong>Radmaterial<\/strong><\/td>\n<td>Kohlenstoffstahl<\/td>\n<\/tr>\n<tr>\n<td><strong>Altersgruppe Beschreibung<\/strong><\/td>\n<td>Erwachsener<\/td>\n<\/tr>\n<tr>\n<td><strong>Marke<\/strong><\/td>\n<td>HITWAY<\/td>\n<\/tr>\n<tr>\n<td><strong>Eingeschlossene Komponenten<\/strong><\/td>\n<td>Fahrradschloss, Bedienungsanleitung, tragbare Luftpumpe<\/td>\n<\/tr>\n<tr>\n<td><strong>Modellnummer<\/strong><\/td>\n<td>BK8S<\/td>\n<\/tr>\n<tr>\n<td><strong>Modellname<\/strong><\/td>\n<td>Bk8s<\/td>\n<\/tr>\n<tr>\n<td><strong>Hersteller<\/strong><\/td>\n<td>Dongguan onesport Technology Co.,Ltd<\/td>\n<\/tr>\n<tr>\n<td><strong>Artikeltyp Name<\/strong><\/td>\n<td>Pedelec<\/td>\n<\/tr>\n<tr>\n<td><strong>Amazon Bestseller-Rang<\/strong><\/td>\n<td><\/td>\n<\/tr>\n<tr>\n<td><strong>ASIN<\/strong><\/td>\n<td>B0DX26PJ7S<\/td>\n<\/tr>\n<tr>\n<td><strong>Durchschnittliche Kundenbewertung<\/strong><\/td>\n<td><\/td>\n<\/tr>\n<tr>\n<td><strong>Reifengr\u00f6\u00dfe<\/strong><\/td>\n<td>27,5 Zoll<\/td>\n<\/tr>\n<tr>\n<td><strong>Gr\u00f6\u00dfe<\/strong><\/td>\n<td>190.5 cm x 62 cm x 110.5 cm<\/td>\n<\/tr>\n<tr>\n<td><strong>Art der Garantie<\/strong><\/td>\n<td>Begrenzte Garantie<\/td>\n<\/tr>\n<tr>\n<td><strong>Empfohlenes Maximalgewicht<\/strong><\/td>\n<td>120 Kilogramm<\/td>\n<\/tr>\n<tr>\n<td><strong>Montage erforderlich<\/strong><\/td>\n<td>Nein<\/td>\n<\/tr>\n<tr>\n<td><strong>Mindestbenutzerh\u00f6he<\/strong><\/td>\n<td>160 Zentimeter<\/td>\n<\/tr>\n<\/tbody>\n<\/table>\n<\/ul>\n","protected":false},"excerpt":{"rendered":"<p>HITWAY BK8S ELEKTROFAHRRAD Genie\u00dfen Sie das Konzept des umweltfreundlichen Lebens und suchen Sie nach trendigen Lebensprodukten! Abmessungen Rahmenmaterialien:Kohlenstoffstahl Abmessungen:1905*620*1105mm Reifengr\u00f6\u00dfe:<\/p>","protected":false},"featured_media":32433,"comment_status":"open","ping_status":"closed","template":"","meta":[],"product_brand":[],"product_cat":[150,151,152],"product_tag":[],"class_list":{"0":"post-32153","1":"product","2":"type-product","3":"status-publish","4":"has-post-thumbnail","6":"product_cat-collection-1","7":"product_cat-collection-2","8":"product_cat-startseite","10":"first","11":"instock","12":"sale","13":"shipping-taxable","14":"purchasable","15":"product-type-variable"},"jetpack_sharing_enabled":true,"_links":{"self":[{"href":"https:\/\/sportaxe.shop\/en\/wp-json\/wp\/v2\/product\/32153","targetHints":{"allow":["GET"]}}],"collection":[{"href":"https:\/\/sportaxe.shop\/en\/wp-json\/wp\/v2\/product"}],"about":[{"href":"https:\/\/sportaxe.shop\/en\/wp-json\/wp\/v2\/types\/product"}],"replies":[{"embeddable":true,"href":"https:\/\/sportaxe.shop\/en\/wp-json\/wp\/v2\/comments?post=32153"}],"version-history":[{"count":0,"href":"https:\/\/sportaxe.shop\/en\/wp-json\/wp\/v2\/product\/32153\/revisions"}],"wp:featuredmedia":[{"embeddable":true,"href":"https:\/\/sportaxe.shop\/en\/wp-json\/wp\/v2\/media\/32433"}],"wp:attachment":[{"href":"https:\/\/sportaxe.shop\/en\/wp-json\/wp\/v2\/media?parent=32153"}],"wp:term":[{"taxonomy":"product_brand","embeddable":true,"href":"https:\/\/sportaxe.shop\/en\/wp-json\/wp\/v2\/product_brand?post=32153"},{"taxonomy":"product_cat","embeddable":true,"href":"https:\/\/sportaxe.shop\/en\/wp-json\/wp\/v2\/product_cat?post=32153"},{"taxonomy":"product_tag","embeddable":true,"href":"https:\/\/sportaxe.shop\/en\/wp-json\/wp\/v2\/product_tag?post=32153"}],"curies":[{"name":"wp","href":"https:\/\/api.w.org\/{rel}","templated":true}]}}