{"id":32148,"date":"2026-04-18T17:26:14","date_gmt":"2026-04-18T17:26:14","guid":{"rendered":"https:\/\/sportaxe.shop\/product\/hitway-e-bike-26x3-0-city-elektrofahrrad-pedelec-250w-city-cruiser-e-bike-48v-18ah-austauschbarer-akku-max-reichweite-55-80-km-7-gange-pendler-elektrofahrrad-fur-erwachsene\/"},"modified":"2026-04-18T17:26:14","modified_gmt":"2026-04-18T17:26:14","slug":"hitway-e-bike-26x3-0-city-elektrofahrrad-pedelec-250w-city-cruiser-e-bike-48v-18ah-austauschbarer-akku-max-reichweite-55-80-km-7-gange-pendler-elektrofahrrad-fur-erwachsene","status":"publish","type":"product","link":"https:\/\/sportaxe.shop\/en\/product\/hitway-e-bike-26x3-0-city-elektrofahrrad-pedelec-250w-city-cruiser-e-bike-48v-18ah-austauschbarer-akku-max-reichweite-55-80-km-7-gange-pendler-elektrofahrrad-fur-erwachsene\/","title":{"rendered":"HITWAY E-Bike City 26&#8243;x3.0&#8243;, 250W, 48V 18Ah Akku, 80km Reichweite, 7 G\u00e4nge, Pedelec, f\u00fcr Erwachsene"},"content":{"rendered":"<p><strong>Product Overview<\/strong><\/p>\n<ul>\n<li>\n<strong>Fahrradtyp:<\/strong> Pedelec<\/li>\n<li>\n<strong>Altersspektrum (Beschreibung):<\/strong> Erwachsener<\/li>\n<li>\n<strong>Marke:<\/strong> HITWAY<\/li>\n<li>\n<strong>Anzahl der G\u00e4nge:<\/strong> 7<\/li>\n<li>\n<strong>Farbe:<\/strong> Blau<\/li>\n<li>\n<strong>Radgr\u00f6\u00dfe:<\/strong> 26 Zoll<\/li>\n<li>\n<strong>Rahmenmaterial:<\/strong> Aluminium<\/li>\n<li>\n<strong>Aufh\u00e4ngungstyp:<\/strong> Gabelfederung<\/li>\n<li>\n<strong>Besonderes Merkmal:<\/strong> Leicht<\/li>\n<li>\n<strong>Enthaltene Komponenten:<\/strong> <\/li>\n<\/ul>\n<p><strong>Product Features<\/strong><\/p>\n<ul>\n<li>21700 Lithium-Akku: Entfesseln Sie die Leistung unseres HITWAY BK16 E-Bikes mit seinem 48 V 18 Ah 21700 Lithium-Akku mit gro\u00dfer Kapazit\u00e4t. Von Kurztrips bis hin zu l\u00e4ngeren Fahrten bietet BK16 E-Bikes eine beeindruckende Reichweite von 55\u201380 km. Erleben Sie l\u00e4ngere Fahrzeiten und verbesserte Leistung f\u00fcr Ihre t\u00e4glichen Pendelfahrten oder gem\u00fctlichen Fahrten.<\/li>\n<li>All-Terrain-Reifen: Dank der 26*3,0-Zoll-All-Terrain-Reifen unseres E-Bikes meistern Sie jeden Stra\u00dfenzustand souver\u00e4n. Egal, ob Sie auf asphaltierten Stra\u00dfen, Schotterwegen oder sogar unebenen Wegen fahren, Sie k\u00f6nnen sich darauf verlassen, dass unser E-Fahrrad \u00fcberragende Traktion und Stabilit\u00e4t bietet.<\/li>\n<li>Vielseitige Fahrmodi: Genie\u00dfen Sie mit unserem Elektrofahrrad HITWAY BK16 den Komfort sowohl des Pedalunterst\u00fctzungsmodus als auch des traditionellen Pedalmodus. Wechseln Sie m\u00fchelos zwischen diesen Modi, je nach Ihren Fahrvorlieben.<\/li>\n<li>Robuste und leichte Konstruktion aus Aluminiumlegierung: Elektrofahrr\u00e4der sind dank ihres hochwertigen Rahmens aus Aluminiumlegierung auf Langlebigkeit ausgelegt. Es ist nicht nur robust, sondern auch leicht. Gleichzeitig liefert das LCD-Display verschiedene Daten wie Kilometerstand, Geschwindigkeit, F\u00fcllstand, Akku usw. und erm\u00f6glicht so ein Fahrerlebnis der Spitzenklasse.<\/li>\n<li>Sto\u00dfd\u00e4mpfung, Rutschfestigkeit, Sicherheit: Die E-Bikes verf\u00fcgen \u00fcber ein Doppelscheibenbremsrotor-Design. Bietet weiche D\u00e4mpfung und Sto\u00dfd\u00e4mpfung beim Fahren auf unebenen Stra\u00dfen, sodass Sie Fahrspa\u00df genie\u00dfen k\u00f6nnen. Es ist au\u00dferdem mit verstellbaren Sitzen, rutschfesten und verschlei\u00dffesten Reifen und hellen adaptiven LED-Scheinwerfern f\u00fcr Nachtfahrten ausgestattet.<\/li>\n<\/ul>\n<p><strong>Product Information<\/strong><\/p>\n<ul>\n<table style=\"margin-bottom:20px\">\n<tbody>\n<tr>\n<td><strong>Fahrradtyp<\/strong><\/td>\n<td>Pedelec<\/td>\n<\/tr>\n<tr>\n<td><strong>Anzahl G\u00e4nge<\/strong><\/td>\n<td>7<\/td>\n<\/tr>\n<tr>\n<td><strong>Federungstyp<\/strong><\/td>\n<td>Gabelfederung<\/td>\n<\/tr>\n<tr>\n<td><strong>Besondere Merkmale<\/strong><\/td>\n<td>Leicht<\/td>\n<\/tr>\n<tr>\n<td><strong>Bremsenart<\/strong><\/td>\n<td>Scheibenbremse<\/td>\n<\/tr>\n<tr>\n<td><strong>Spezifische Verwendung f\u00fcr Produkt<\/strong><\/td>\n<td>Trail<\/td>\n<\/tr>\n<tr>\n<td><strong>Betriebsart<\/strong><\/td>\n<td>Akku<\/td>\n<\/tr>\n<tr>\n<td><strong>Wattleistung<\/strong><\/td>\n<td>250 Watt<\/td>\n<\/tr>\n<tr>\n<td><strong>Kapazit\u00e4t Lithium-Akku<\/strong><\/td>\n<td>864 Wattstunden<\/td>\n<\/tr>\n<tr>\n<td><strong>Typ des Fahrradschalthebels<\/strong><\/td>\n<td>Trigger<\/td>\n<\/tr>\n<tr>\n<td><strong>Ist signiert<\/strong><\/td>\n<td>Nein<\/td>\n<\/tr>\n<tr>\n<td><strong>Anzahl der Griffe<\/strong><\/td>\n<td>1<\/td>\n<\/tr>\n<tr>\n<td><strong>F\u00e4higkeitsebene<\/strong><\/td>\n<td>Anf\u00e4nger<\/td>\n<\/tr>\n<tr>\n<td><strong>Art des Getriebes<\/strong><\/td>\n<td>Umwerfer<\/td>\n<\/tr>\n<tr>\n<td><strong>Fahrgel\u00e4nde<\/strong><\/td>\n<td>Mehrere Terrains<\/td>\n<\/tr>\n<tr>\n<td><strong>Konfiguration der Kettenschaltung<\/strong><\/td>\n<td>Vorne und hinten<\/td>\n<\/tr>\n<tr>\n<td><strong>Antriebsart des Fahrrads<\/strong><\/td>\n<td>7-Gang-Nabenschaltung<\/td>\n<\/tr>\n<tr>\n<td><strong>Art der elektrischen Unterst\u00fctzung<\/strong><\/td>\n<td>pedal assist<\/td>\n<\/tr>\n<tr>\n<td><strong>Rahmenmaterialtyp<\/strong><\/td>\n<td>Aluminium<\/td>\n<\/tr>\n<tr>\n<td><strong>Radmaterial<\/strong><\/td>\n<td>Aluminium<\/td>\n<\/tr>\n<tr>\n<td><strong>Sitzwerkstoff<\/strong><\/td>\n<td>Kunstleder<\/td>\n<\/tr>\n<tr>\n<td><strong>Kotfl\u00fcgelmaterial<\/strong><\/td>\n<td>Kunststoff<\/td>\n<\/tr>\n<tr>\n<td><strong>Altersgruppe Beschreibung<\/strong><\/td>\n<td>Erwachsener<\/td>\n<\/tr>\n<tr>\n<td><strong>Marke<\/strong><\/td>\n<td>HITWAY<\/td>\n<\/tr>\n<tr>\n<td><strong>Eingeschlossene Komponenten<\/strong><\/td>\n<td>1 * HITWAY E-FAHRRAD, 1 * HITWAY Fahrradpumpe, 1 * HITWAY Fahrradschloss, Ladeger\u00e4te und andere Teile<\/td>\n<\/tr>\n<tr>\n<td><strong>Modellnummer<\/strong><\/td>\n<td>BK16<\/td>\n<\/tr>\n<tr>\n<td><strong>Modellname<\/strong><\/td>\n<td>City Cruiser E Bike<\/td>\n<\/tr>\n<tr>\n<td><strong>Modelljahr<\/strong><\/td>\n<td>2023<\/td>\n<\/tr>\n<tr>\n<td><strong>Hersteller<\/strong><\/td>\n<td>HITWAY<\/td>\n<\/tr>\n<tr>\n<td><strong>Garantie<\/strong><\/td>\n<td>A. Bei Ausf\u00e4llen, die durch die Produktqualit\u00e4t verursacht werden, stellen wir kostenloses Zubeh\u00f6r und Reparaturen zur Verf\u00fcgung und unterst\u00fctzen eine kostenlose R\u00fccksendung innerhalb von 30 Tagen (die Batteriegarantie betr\u00e4gt ein halbes Jahr). B. Der Verk\u00e4ufer ist nicht verantwortlich f\u00fcr Kosten, die durch mangelnde Qualit\u00e4t oder nicht autorisierte R\u00fccksendungen entstehen. C. Jeder Fehler nach dem Verkauf erfordert, dass der K\u00e4ufer den Verk\u00e4ufer kontaktiert, um Fotos oder Videos des Fehlers bereitzustellen. Der Garantieservice kann nur nach Best\u00e4tigung durch den Verk\u00e4ufer in Anspruch genommen werden.<\/td>\n<\/tr>\n<tr>\n<td><strong>Amazon Bestseller-Rang<\/strong><\/td>\n<td><\/td>\n<\/tr>\n<tr>\n<td><strong>ASIN<\/strong><\/td>\n<td>B0C9MDFDTS<\/td>\n<\/tr>\n<tr>\n<td><strong>Durchschnittliche Kundenbewertung<\/strong><\/td>\n<td><\/td>\n<\/tr>\n<tr>\n<td><strong>Farbe<\/strong><\/td>\n<td>Blau<\/td>\n<\/tr>\n<tr>\n<td><strong>Thema<\/strong><\/td>\n<td>Modern<\/td>\n<\/tr>\n<tr>\n<td><strong>Stil\/Form<\/strong><\/td>\n<td>Urban<\/td>\n<\/tr>\n<tr>\n<td><strong>Reifengr\u00f6\u00dfe<\/strong><\/td>\n<td>26 Zoll<\/td>\n<\/tr>\n<tr>\n<td><strong>Gr\u00f6\u00dfe<\/strong><\/td>\n<td>17-19 pulgadas<\/td>\n<\/tr>\n<tr>\n<td><strong>Art der Garantie<\/strong><\/td>\n<td>begrenzte Garantie<\/td>\n<\/tr>\n<tr>\n<td><strong>Empfohlenes Maximalgewicht<\/strong><\/td>\n<td>36,2 Kilogramm<\/td>\n<\/tr>\n<tr>\n<td><strong>Montage erforderlich<\/strong><\/td>\n<td>Ja<\/td>\n<\/tr>\n<\/tbody>\n<\/table>\n<\/ul>","protected":false},"excerpt":{"rendered":"<p>Product Overview Fahrradtyp: Pedelec Altersspektrum (Beschreibung): Erwachsener Marke: HITWAY Anzahl der G\u00e4nge: 7 Farbe: Blau Radgr\u00f6\u00dfe: 26 Zoll Rahmenmaterial: Aluminium<\/p>","protected":false},"featured_media":32422,"comment_status":"open","ping_status":"closed","template":"","meta":[],"product_brand":[],"product_cat":[150,151,152],"product_tag":[],"class_list":{"0":"post-32148","1":"product","2":"type-product","3":"status-publish","4":"has-post-thumbnail","6":"product_cat-collection-1","7":"product_cat-collection-2","8":"product_cat-startseite","10":"first","11":"instock","12":"sale","13":"shipping-taxable","14":"purchasable","15":"product-type-variable"},"jetpack_sharing_enabled":true,"_links":{"self":[{"href":"https:\/\/sportaxe.shop\/en\/wp-json\/wp\/v2\/product\/32148","targetHints":{"allow":["GET"]}}],"collection":[{"href":"https:\/\/sportaxe.shop\/en\/wp-json\/wp\/v2\/product"}],"about":[{"href":"https:\/\/sportaxe.shop\/en\/wp-json\/wp\/v2\/types\/product"}],"replies":[{"embeddable":true,"href":"https:\/\/sportaxe.shop\/en\/wp-json\/wp\/v2\/comments?post=32148"}],"version-history":[{"count":0,"href":"https:\/\/sportaxe.shop\/en\/wp-json\/wp\/v2\/product\/32148\/revisions"}],"wp:featuredmedia":[{"embeddable":true,"href":"https:\/\/sportaxe.shop\/en\/wp-json\/wp\/v2\/media\/32422"}],"wp:attachment":[{"href":"https:\/\/sportaxe.shop\/en\/wp-json\/wp\/v2\/media?parent=32148"}],"wp:term":[{"taxonomy":"product_brand","embeddable":true,"href":"https:\/\/sportaxe.shop\/en\/wp-json\/wp\/v2\/product_brand?post=32148"},{"taxonomy":"product_cat","embeddable":true,"href":"https:\/\/sportaxe.shop\/en\/wp-json\/wp\/v2\/product_cat?post=32148"},{"taxonomy":"product_tag","embeddable":true,"href":"https:\/\/sportaxe.shop\/en\/wp-json\/wp\/v2\/product_tag?post=32148"}],"curies":[{"name":"wp","href":"https:\/\/api.w.org\/{rel}","templated":true}]}}