{"id":32143,"date":"2026-04-18T17:26:13","date_gmt":"2026-04-18T17:26:13","guid":{"rendered":"https:\/\/sportaxe.shop\/product\/hillmiles-milecity1-26-e-bike-fur-erwachsene-7-gang-elektrofahrrad-mit-austauschbarem-36v-13ah-akku-25-km-h-und-80-100km-reichweite-e-bike-fur-stadtische-pendler-ip65-wasserdicht\/"},"modified":"2026-04-18T17:26:14","modified_gmt":"2026-04-18T17:26:14","slug":"hillmiles-milecity1-26-e-bike-fur-erwachsene-7-gang-elektrofahrrad-mit-austauschbarem-36v-13ah-akku-25-km-h-und-80-100km-reichweite-e-bike-fur-stadtische-pendler-ip65-wasserdicht","status":"publish","type":"product","link":"https:\/\/sportaxe.shop\/en\/product\/hillmiles-milecity1-26-e-bike-fur-erwachsene-7-gang-elektrofahrrad-mit-austauschbarem-36v-13ah-akku-25-km-h-und-80-100km-reichweite-e-bike-fur-stadtische-pendler-ip65-wasserdicht\/","title":{"rendered":"HillMiles MileCity1 E-Bike City 26&#8243;, 36V 13Ah Akku, 100km Reichweite, 7 G\u00e4nge, 25km\/h, IP65 wasserdicht, f\u00fcr Stadtpendler"},"content":{"rendered":"<p><strong>Product Overview<\/strong><\/p>\n<ul>\n<li>\n<strong>Fahrradtyp:<\/strong> Pedelec<\/li>\n<li>\n<strong>Altersspektrum (Beschreibung):<\/strong> Erwachsener<\/li>\n<li>\n<strong>Marke:<\/strong> HillMiles<\/li>\n<li>\n<strong>Anzahl der G\u00e4nge:<\/strong> 7<\/li>\n<li>\n<strong>Farbe:<\/strong> Gr\u00fcn<\/li>\n<li>\n<strong>Radgr\u00f6\u00dfe:<\/strong> 26 Zoll<\/li>\n<li>\n<strong>Rahmenmaterial:<\/strong> Hartstahl<\/li>\n<li>\n<strong>Aufh\u00e4ngungstyp:<\/strong> Vollfederung<\/li>\n<li>\n<strong>Besonderes Merkmal:<\/strong> Austauschbarer Akku, Wasserdicht Ip65<\/li>\n<li>\n<strong>Enthaltene Komponenten:<\/strong> Batterie, Elektrofahrrad<\/li>\n<\/ul>\n<p><strong>Product Features<\/strong><\/p>\n<ul>\n<li>&#x1f6b2;\u3010Langlebiger 468-WH-Akku\u3011 Das Elektrofahrrad verf\u00fcgt \u00fcber einen eingebauten, herausnehmbaren 36V-13Ah-Akku, der nach einer einzigen Aufladung von etwa 4\u20135 Stunden eine Reichweite von bis zu 80km bietet und im PAS-Modus sogar 100km erreichen kann, sodass Sie frei fahren k\u00f6nnen, wohin Sie m\u00f6chten.(Die tats\u00e4chliche Reichweite kann durch verschiedene Faktoren beeinflusst werden, darunter das Gewicht des Fahrers, Wetterbedingungen, Gel\u00e4nde und der gew\u00e4hlte Fahrmodus.)<\/li>\n<li>&#x1f6b2;\u3010Leistungsstarker Motor\u3011Das MileCity1 Ebike ist mit einem leistungsstarken Motor ausgestattet, der ausreichend Leistung f\u00fcr sanftes Beschleunigen und Bergauffahren bietet, mit einer H\u00f6chstgeschwindigkeit von 25 km\/h, einem 7-Gang-Getriebesystem und 5 Fahrmodi, um sicherzustellen, dass Sie immer den richtigen Rhythmus zum Fahren finden, was es zu einem hervorragenden Pendlerfahrzeug in der Stadt macht<\/li>\n<li>&#x1f6b2;\u3010Praktisches Design\u3011Das Elektrofahrrad ist mit LED-Scheinwerfern ausgestattet, die durch 3 Sekunden langes Dr\u00fccken von \u201e+\u201c auf dem Display eingeschaltet werden k\u00f6nnen. Der hintere Gep\u00e4cktr\u00e4ger mit einer Tragkraft von 25kg dient zum Transportieren von Notwendigkeiten. Das LCD-Display kann den Leistungs- und Geschwindigkeitsmodus \u00fcberpr\u00fcfen. Der wasserdichte IP65 und der eingebaute Akku sind sch\u00f6ner, und der Akku zum Entriegeln mit Schl\u00fcssel konzentriert sich auf die Diebstahlsicherung.<\/li>\n<li>&#x1f6b2;\u3010Vorderradsto\u00dfd\u00e4mpfer f\u00fcr eine sanfte und komfortable Fahrt\u3011Das 26-Zoll-Mountainebike ist mit Gel\u00e4ndereifen und einer sto\u00dfd\u00e4mpfenden Vorderradgabel ausgestattet, die eine komfortable Fahrt auf unterschiedlichsten Oberfl\u00e4chen von Stadtstra\u00dfen bis hin zu leichten Trails gew\u00e4hrleistet und Vibrationen und St\u00f6\u00dfe minimiert.<\/li>\n<li>&#x1f6b2;\u3010Stabiler Rahmen und f\u00fcr die meisten Menschen geeignet\u3011 Der Rahmen des 27kg schweren Elektrofahrrads f\u00fcr Erwachsene besteht aus hochwertigem Kohlenstoffstahl, der stabiler ist und ein Gewicht von 120kg tragen kann. Der verstellbare Sitz ist f\u00fcr 155\u2013185cm gro\u00dfe M\u00e4nner\/Frauen Stadtfahrer geeignet.<\/li>\n<li>&#x1f6b2;\u301085% Vormontage &#038; Kundendienst\u3011Das E-Bike ist zu 85% vormontiert, Sie k\u00f6nnen sich zur Installation das Video ansehen. Wenn Sie Fragen zum Produktakku, Ladeger\u00e4t, diversem Zubeh\u00f6r usw. haben, k\u00f6nnen Sie sich gerne an uns wenden. Wir bieten Ihnen ein Jahr lang technischen Support und stellen Teile neu aus, antworten Ihnen innerhalb von 24 Stunden und l\u00f6sen das Problem so schnell wie m\u00f6glich.<\/li>\n<\/ul>\n<p><strong>Product Information<\/strong><\/p>\n<ul>\n<table style=\"margin-bottom:20px\">\n<tbody>\n<tr>\n<td><strong>Fahrradtyp<\/strong><\/td>\n<td>Pedelec<\/td>\n<\/tr>\n<tr>\n<td><strong>Anzahl G\u00e4nge<\/strong><\/td>\n<td>7<\/td>\n<\/tr>\n<tr>\n<td><strong>Federungstyp<\/strong><\/td>\n<td>Vollfederung<\/td>\n<\/tr>\n<tr>\n<td><strong>Besondere Merkmale<\/strong><\/td>\n<td>Austauschbarer Akku, Wasserdicht Ip65<\/td>\n<\/tr>\n<tr>\n<td><strong>Bremsenart<\/strong><\/td>\n<td>v_brake<\/td>\n<\/tr>\n<tr>\n<td><strong>Spezifische Verwendung f\u00fcr Produkt<\/strong><\/td>\n<td>Pendeln<\/td>\n<\/tr>\n<tr>\n<td><strong>Betriebsart<\/strong><\/td>\n<td>Akku<\/td>\n<\/tr>\n<tr>\n<td><strong>Wattleistung<\/strong><\/td>\n<td>250 Watt<\/td>\n<\/tr>\n<tr>\n<td><strong>Kapazit\u00e4t Lithium-Akku<\/strong><\/td>\n<td>468 Wattstunden<\/td>\n<\/tr>\n<tr>\n<td><strong>Typ des Fahrradschalthebels<\/strong><\/td>\n<td>Trigger<\/td>\n<\/tr>\n<tr>\n<td><strong>Ist signiert<\/strong><\/td>\n<td>Nein<\/td>\n<\/tr>\n<tr>\n<td><strong>Anzahl der Griffe<\/strong><\/td>\n<td>2<\/td>\n<\/tr>\n<tr>\n<td><strong>F\u00e4higkeitsebene<\/strong><\/td>\n<td>Mittelstufe<\/td>\n<\/tr>\n<tr>\n<td><strong>Konfiguration der Kettenschaltung<\/strong><\/td>\n<td>R\u00fcckseite<\/td>\n<\/tr>\n<tr>\n<td><strong>Antriebsart des Fahrrads<\/strong><\/td>\n<td>umwerfer<\/td>\n<\/tr>\n<tr>\n<td><strong>Art der elektrischen Unterst\u00fctzung<\/strong><\/td>\n<td>Pedal-Assist<\/td>\n<\/tr>\n<tr>\n<td><strong>Reifengr\u00f6\u00dfe<\/strong><\/td>\n<td>26 Zoll<\/td>\n<\/tr>\n<tr>\n<td><strong>Gr\u00f6\u00dfe<\/strong><\/td>\n<td>168.5*62*97CM<\/td>\n<\/tr>\n<tr>\n<td><strong>Radbreite<\/strong><\/td>\n<td>1,95 Zoll<\/td>\n<\/tr>\n<tr>\n<td><strong>Artikelgewicht<\/strong><\/td>\n<td>27 Kilogramm<\/td>\n<\/tr>\n<tr>\n<td><strong>Altersgruppe Beschreibung<\/strong><\/td>\n<td>Erwachsener<\/td>\n<\/tr>\n<tr>\n<td><strong>Marke<\/strong><\/td>\n<td>HillMiles<\/td>\n<\/tr>\n<tr>\n<td><strong>Eingeschlossene Komponenten<\/strong><\/td>\n<td>Batterie, Elektrofahrrad<\/td>\n<\/tr>\n<tr>\n<td><strong>Modellnummer<\/strong><\/td>\n<td>Milecity1<\/td>\n<\/tr>\n<tr>\n<td><strong>Modellname<\/strong><\/td>\n<td>Milecity1<\/td>\n<\/tr>\n<tr>\n<td><strong>Herkunftsland<\/strong><\/td>\n<td>China<\/td>\n<\/tr>\n<tr>\n<td><strong>Hersteller<\/strong><\/td>\n<td>HillMiles<\/td>\n<\/tr>\n<tr>\n<td><strong>Garantie<\/strong><\/td>\n<td>1 Jahr Garantie<\/td>\n<\/tr>\n<tr>\n<td><strong>Amazon Bestseller-Rang<\/strong><\/td>\n<td><\/td>\n<\/tr>\n<tr>\n<td><strong>ASIN<\/strong><\/td>\n<td>B0DKXXHK16<\/td>\n<\/tr>\n<tr>\n<td><strong>Durchschnittliche Kundenbewertung<\/strong><\/td>\n<td><\/td>\n<\/tr>\n<tr>\n<td><strong>Farbe<\/strong><\/td>\n<td>Gr\u00fcn<\/td>\n<\/tr>\n<tr>\n<td><strong>Thema<\/strong><\/td>\n<td>Pendeln<\/td>\n<\/tr>\n<tr>\n<td><strong>Stil\/Form<\/strong><\/td>\n<td>MileCity1<\/td>\n<\/tr>\n<tr>\n<td><strong>Rahmenmaterialtyp<\/strong><\/td>\n<td>Hartstahl<\/td>\n<\/tr>\n<tr>\n<td><strong>Radmaterial<\/strong><\/td>\n<td>Aluminium<\/td>\n<\/tr>\n<tr>\n<td><strong>Sitzwerkstoff<\/strong><\/td>\n<td>Kunststoff<\/td>\n<\/tr>\n<tr>\n<td><strong>Art der Garantie<\/strong><\/td>\n<td>Beschr\u00e4nkt<\/td>\n<\/tr>\n<tr>\n<td><strong>Empfohlenes Maximalgewicht<\/strong><\/td>\n<td>120 Kilogramm<\/td>\n<\/tr>\n<tr>\n<td><strong>Montage erforderlich<\/strong><\/td>\n<td>Ja<\/td>\n<\/tr>\n<tr>\n<td><strong>Mindestbenutzerh\u00f6he<\/strong><\/td>\n<td>155 Zentimeter<\/td>\n<\/tr>\n<\/tbody>\n<\/table>\n<\/ul>","protected":false},"excerpt":{"rendered":"<p>Product Overview Fahrradtyp: Pedelec Altersspektrum (Beschreibung): Erwachsener Marke: HillMiles Anzahl der G\u00e4nge: 7 Farbe: Gr\u00fcn Radgr\u00f6\u00dfe: 26 Zoll Rahmenmaterial: Hartstahl<\/p>","protected":false},"featured_media":32410,"comment_status":"open","ping_status":"closed","template":"","meta":[],"product_brand":[],"product_cat":[150,151,152],"product_tag":[],"class_list":{"0":"post-32143","1":"product","2":"type-product","3":"status-publish","4":"has-post-thumbnail","6":"product_cat-collection-1","7":"product_cat-collection-2","8":"product_cat-startseite","10":"first","11":"instock","12":"sale","13":"shipping-taxable","14":"purchasable","15":"product-type-variable"},"jetpack_sharing_enabled":true,"_links":{"self":[{"href":"https:\/\/sportaxe.shop\/en\/wp-json\/wp\/v2\/product\/32143","targetHints":{"allow":["GET"]}}],"collection":[{"href":"https:\/\/sportaxe.shop\/en\/wp-json\/wp\/v2\/product"}],"about":[{"href":"https:\/\/sportaxe.shop\/en\/wp-json\/wp\/v2\/types\/product"}],"replies":[{"embeddable":true,"href":"https:\/\/sportaxe.shop\/en\/wp-json\/wp\/v2\/comments?post=32143"}],"version-history":[{"count":0,"href":"https:\/\/sportaxe.shop\/en\/wp-json\/wp\/v2\/product\/32143\/revisions"}],"wp:featuredmedia":[{"embeddable":true,"href":"https:\/\/sportaxe.shop\/en\/wp-json\/wp\/v2\/media\/32410"}],"wp:attachment":[{"href":"https:\/\/sportaxe.shop\/en\/wp-json\/wp\/v2\/media?parent=32143"}],"wp:term":[{"taxonomy":"product_brand","embeddable":true,"href":"https:\/\/sportaxe.shop\/en\/wp-json\/wp\/v2\/product_brand?post=32143"},{"taxonomy":"product_cat","embeddable":true,"href":"https:\/\/sportaxe.shop\/en\/wp-json\/wp\/v2\/product_cat?post=32143"},{"taxonomy":"product_tag","embeddable":true,"href":"https:\/\/sportaxe.shop\/en\/wp-json\/wp\/v2\/product_tag?post=32143"}],"curies":[{"name":"wp","href":"https:\/\/api.w.org\/{rel}","templated":true}]}}