{"id":32132,"date":"2026-04-18T17:26:13","date_gmt":"2026-04-18T17:26:13","guid":{"rendered":"https:\/\/sportaxe.shop\/product\/hanevear-elektrofahrrad-e-bike-klapprad-mit-24ah-48v-lithium-akku-bis-zu-140km-fatbike-ebike-mit-hydraulische-bremse-250w-65nm-heckmotor-elektrofahrrad-fur-erwachsene\/"},"modified":"2026-04-18T17:26:14","modified_gmt":"2026-04-18T17:26:14","slug":"hanevear-elektrofahrrad-e-bike-klapprad-mit-24ah-48v-lithium-akku-bis-zu-140km-fatbike-ebike-mit-hydraulische-bremse-250w-65nm-heckmotor-elektrofahrrad-fur-erwachsene","status":"publish","type":"product","link":"https:\/\/sportaxe.shop\/en\/product\/hanevear-elektrofahrrad-e-bike-klapprad-mit-24ah-48v-lithium-akku-bis-zu-140km-fatbike-ebike-mit-hydraulische-bremse-250w-65nm-heckmotor-elektrofahrrad-fur-erwachsene\/","title":{"rendered":"HANEVEAR Klapp-E-Bike Fatbike, 250W 65Nm Heckmotor, 48V 24Ah Akku, 140km Reichweite, hydraulische Bremsen, f\u00fcr Erwachsene"},"content":{"rendered":"<p><strong>Product Overview<\/strong><\/p>\n<ul>\n<li>\n<strong>Fahrradtyp:<\/strong> fat_tire<\/li>\n<li>\n<strong>Altersspektrum (Beschreibung):<\/strong> Erwachsener<\/li>\n<li>\n<strong>Marke:<\/strong> HANEVEAR<\/li>\n<li>\n<strong>Farbe:<\/strong> Blau Standard<\/li>\n<li>\n<strong>Radgr\u00f6\u00dfe:<\/strong> 26 Zoll<\/li>\n<li>\n<strong>Aufh\u00e4ngungstyp:<\/strong> Heckfederung<\/li>\n<li>\n<strong>Enthaltene Komponenten:<\/strong> Horn<\/li>\n<li>\n<strong>Gr\u00f6\u00dfe:<\/strong> L<\/li>\n<li>\n<strong>Bremsenart:<\/strong> Scheibenbremse<\/li>\n<li>\n<strong>Radbreite:<\/strong> 4 Zoll<\/li>\n<\/ul>\n<p><strong>Product Features<\/strong><\/p>\n<ul>\n<li>\u3010H6-S E-Bike immer beliebter\u3011Das Elektrofahrrad H6-S wurde bereits \u00fcber 10.000 Mal verkauft, was seine Stabilit\u00e4t und Langlebigkeit unterstreicht. Es ist mit einem 24Ah S-amsung-Akku mit hoher Kapazit\u00e4t ausgestattet, der sich durch seinen g\u00fcnstigen Preis von \u00e4hnlichen Produkten abhebt. Das H6-S Elektrofahrrad-Kit ist zu 95 % vormontiert, sodass jeder es zusammenbauen und sofort nutzen kann.<\/li>\n<li>\u3010Step-Thru Rahmen Aus Aluminiumlegierung\u3011Die E Bike klapprad RH Mehrere Druckguss-Aluminiumlegierungen gew\u00e4hrleisten eine Tragf\u00e4higkeit von 180 kg und ist f\u00fcr Personen \u00fcber 167cm zum Fahren geeignet. 33cm Einstiegsrahmen erm\u00f6glicht Ihnen ein bequemes Auf- und Absteigen auf das Fahrrad.(*M\u00f6glichkeit zur Montage von Kindersitzen, Hundeanh\u00e4ngern, Vorder- und Hinterk\u00f6rben)<\/li>\n<li>\u3010Leistungsstark\u3011H6-S E-Bike mit 250W Motor. Tretunterst\u00fctzung bis 25 km\/h, stabile Leistung, starke Gel\u00e4ndeg\u00e4ngigkeit. Max. Drehmoment 65 Nm. ECO-Modus: Motor unterst\u00fctzt beim Pedalieren. Push-Modus: Motoraktivierung beim Schieben vorw\u00e4rts. Effiziente Kraftunterst\u00fctzung in beiden Modi.<\/li>\n<li>\u3010Sicherheitsbremsung\u3011Das Elektrofahrrad H6-S verwendet eine hydraulische 180MM Scheibenbremse, eine der sichersten Bremsstrukturen der Welt. Haltbarkeit und Zuverl\u00e4ssigkeit sind seine Merkmale.<\/li>\n<li>\u3010StVZO Stra\u00dfenanspr\u00fcche\u3011Das wasserdichte Farb-Smart-Display steuert die Vorder, R\u00fcck und Kontrollleuchten des H6-S E-Bike. Das Paket ist mit Reflektoren vorne und hinten sowie Reflektoren ausgestattet, um die Sicherheit bei Nachtfahrten zu gew\u00e4hrleisten.<\/li>\n<li>\u3010Zubeh\u00f6r im Lieferumfang Enthalten\u3011Hanevear hat an alles gedacht. Neben dem E Bike klappbar H6-S enth\u00e4lt das Fahrradpaket enth\u00e4lt: R\u00fcckspiegel, Reflektoren, Fahrradtaschen, Reparaturwerkzeuge, Installationswerkzeuge, Handyhalterungen, Vorderk\u00f6rbe usw. Fast alle zum Fahren ben\u00f6tigten Artikel sind abgedeckt. Jetzt loslegen!<\/li>\n<\/ul>\n<p><strong>Product Information<\/strong><\/p>\n<ul>\n<table style=\"margin-bottom:20px\">\n<tbody>\n<tr>\n<td><strong>Fahrradtyp<\/strong><\/td>\n<td>fat_tire<\/td>\n<\/tr>\n<tr>\n<td><strong>Federungstyp<\/strong><\/td>\n<td>Heckfederung<\/td>\n<\/tr>\n<tr>\n<td><strong>Bremsenart<\/strong><\/td>\n<td>Scheibenbremse<\/td>\n<\/tr>\n<tr>\n<td><strong>Spezifische Verwendung f\u00fcr Produkt<\/strong><\/td>\n<td>Kies, Stra\u00dfe, Trail<\/td>\n<\/tr>\n<tr>\n<td><strong>Betriebsart<\/strong><\/td>\n<td>Elektromotor<\/td>\n<\/tr>\n<tr>\n<td><strong>Kapazit\u00e4t Lithium-Akku<\/strong><\/td>\n<td>24000 Milliamperestunde (mAh)<\/td>\n<\/tr>\n<tr>\n<td><strong>Typ des Fahrradschalthebels<\/strong><\/td>\n<td>Drehgriff<\/td>\n<\/tr>\n<tr>\n<td><strong>Konfiguration der Kettenschaltung<\/strong><\/td>\n<td>R\u00fcckseite<\/td>\n<\/tr>\n<tr>\n<td><strong>Antriebsart des Fahrrads<\/strong><\/td>\n<td>Nabendynamo<\/td>\n<\/tr>\n<tr>\n<td><strong>Art der elektrischen Unterst\u00fctzung<\/strong><\/td>\n<td>pedal assist<\/td>\n<\/tr>\n<tr>\n<td><strong>Farbe<\/strong><\/td>\n<td>Blau Standard<\/td>\n<\/tr>\n<tr>\n<td><strong>Reifengr\u00f6\u00dfe<\/strong><\/td>\n<td>26 Zoll<\/td>\n<\/tr>\n<tr>\n<td><strong>Gr\u00f6\u00dfe<\/strong><\/td>\n<td>L<\/td>\n<\/tr>\n<tr>\n<td><strong>Radbreite<\/strong><\/td>\n<td>4 Zoll<\/td>\n<\/tr>\n<tr>\n<td><strong>Altersgruppe Beschreibung<\/strong><\/td>\n<td>Erwachsener<\/td>\n<\/tr>\n<tr>\n<td><strong>Marke<\/strong><\/td>\n<td>HANEVEAR<\/td>\n<\/tr>\n<tr>\n<td><strong>Eingeschlossene Komponenten<\/strong><\/td>\n<td>Horn<\/td>\n<\/tr>\n<tr>\n<td><strong>Modellnummer<\/strong><\/td>\n<td>DUCK<\/td>\n<\/tr>\n<tr>\n<td><strong>Modellname<\/strong><\/td>\n<td>Duck<\/td>\n<\/tr>\n<tr>\n<td><strong>Modelljahr<\/strong><\/td>\n<td>2025<\/td>\n<\/tr>\n<tr>\n<td><strong>Herkunftsland<\/strong><\/td>\n<td>China<\/td>\n<\/tr>\n<tr>\n<td><strong>Hersteller<\/strong><\/td>\n<td>HANEVEAR<\/td>\n<\/tr>\n<tr>\n<td><strong>Garantie<\/strong><\/td>\n<td>12 Month<\/td>\n<\/tr>\n<tr>\n<td><strong>Amazon Bestseller-Rang<\/strong><\/td>\n<td><\/td>\n<\/tr>\n<tr>\n<td><strong>ASIN<\/strong><\/td>\n<td>B0F87FQTQ3<\/td>\n<\/tr>\n<tr>\n<td><strong>Durchschnittliche Kundenbewertung<\/strong><\/td>\n<td><\/td>\n<\/tr>\n<tr>\n<td><strong>Radmaterial<\/strong><\/td>\n<td>Aluminium<\/td>\n<\/tr>\n<tr>\n<td><strong>Art der Garantie<\/strong><\/td>\n<td>Herstellergarantie<\/td>\n<\/tr>\n<tr>\n<td><strong>Empfohlenes Maximalgewicht<\/strong><\/td>\n<td>180 Kilogramm<\/td>\n<\/tr>\n<tr>\n<td><strong>Montage erforderlich<\/strong><\/td>\n<td>Nein<\/td>\n<\/tr>\n<tr>\n<td><strong>Mindestbenutzerh\u00f6he<\/strong><\/td>\n<td>167 Zentimeter<\/td>\n<\/tr>\n<\/tbody>\n<\/table>\n<\/ul>","protected":false},"excerpt":{"rendered":"<p>Product Overview Fahrradtyp: fat_tire Altersspektrum (Beschreibung): Erwachsener Marke: HANEVEAR Farbe: Blau Standard Radgr\u00f6\u00dfe: 26 Zoll Aufh\u00e4ngungstyp: Heckfederung Enthaltene Komponenten: Horn<\/p>","protected":false},"featured_media":32380,"comment_status":"open","ping_status":"closed","template":"","meta":[],"product_brand":[],"product_cat":[150,151,152],"product_tag":[],"class_list":{"0":"post-32132","1":"product","2":"type-product","3":"status-publish","4":"has-post-thumbnail","6":"product_cat-collection-1","7":"product_cat-collection-2","8":"product_cat-startseite","10":"first","11":"instock","12":"sale","13":"shipping-taxable","14":"purchasable","15":"product-type-variable"},"jetpack_sharing_enabled":true,"_links":{"self":[{"href":"https:\/\/sportaxe.shop\/en\/wp-json\/wp\/v2\/product\/32132","targetHints":{"allow":["GET"]}}],"collection":[{"href":"https:\/\/sportaxe.shop\/en\/wp-json\/wp\/v2\/product"}],"about":[{"href":"https:\/\/sportaxe.shop\/en\/wp-json\/wp\/v2\/types\/product"}],"replies":[{"embeddable":true,"href":"https:\/\/sportaxe.shop\/en\/wp-json\/wp\/v2\/comments?post=32132"}],"version-history":[{"count":0,"href":"https:\/\/sportaxe.shop\/en\/wp-json\/wp\/v2\/product\/32132\/revisions"}],"wp:featuredmedia":[{"embeddable":true,"href":"https:\/\/sportaxe.shop\/en\/wp-json\/wp\/v2\/media\/32380"}],"wp:attachment":[{"href":"https:\/\/sportaxe.shop\/en\/wp-json\/wp\/v2\/media?parent=32132"}],"wp:term":[{"taxonomy":"product_brand","embeddable":true,"href":"https:\/\/sportaxe.shop\/en\/wp-json\/wp\/v2\/product_brand?post=32132"},{"taxonomy":"product_cat","embeddable":true,"href":"https:\/\/sportaxe.shop\/en\/wp-json\/wp\/v2\/product_cat?post=32132"},{"taxonomy":"product_tag","embeddable":true,"href":"https:\/\/sportaxe.shop\/en\/wp-json\/wp\/v2\/product_tag?post=32132"}],"curies":[{"name":"wp","href":"https:\/\/api.w.org\/{rel}","templated":true}]}}