{"id":32128,"date":"2026-04-18T17:26:11","date_gmt":"2026-04-18T17:26:11","guid":{"rendered":"https:\/\/sportaxe.shop\/product\/fischer-e-bike-city-cita-retro-2-0-elektrofahrrad-fur-damen-und-herren-rh-48-cm-frontmotor-32-nm-36-v-akku\/"},"modified":"2026-04-18T17:26:11","modified_gmt":"2026-04-18T17:26:11","slug":"fischer-e-bike-city-cita-retro-2-0-elektrofahrrad-fur-damen-und-herren-rh-48-cm-frontmotor-32-nm-36-v-akku","status":"publish","type":"product","link":"https:\/\/sportaxe.shop\/en\/product\/fischer-e-bike-city-cita-retro-2-0-elektrofahrrad-fur-damen-und-herren-rh-48-cm-frontmotor-32-nm-36-v-akku\/","title":{"rendered":"FISCHER CITA Retro 2.0 E-Bike City 48cm Rahmen, Frontmotor 32Nm, 36V Akku, f\u00fcr Damen &#038; Herren"},"content":{"rendered":"<div id=\"productDescription\" class=\"a-section a-spacing-small\">       <!-- show up to 2 reviews by default -->\n           <\/div>\n<p><strong>Product Overview<\/strong><\/p>\n<ul>\n<li>\n<strong>Fahrradtyp:<\/strong> Pedelec<\/li>\n<li>\n<strong>Altersspektrum (Beschreibung):<\/strong> Erwachsener<\/li>\n<li>\n<strong>Marke:<\/strong> Fischer<\/li>\n<li>\n<strong>Anzahl der G\u00e4nge:<\/strong> 3<\/li>\n<li>\n<strong>Farbe:<\/strong> rot gl\u00e4nzend<\/li>\n<li>\n<strong>Radgr\u00f6\u00dfe:<\/strong> 28 Zoll<\/li>\n<li>\n<strong>Rahmenmaterial:<\/strong> Aluminium<\/li>\n<li>\n<strong>Aufh\u00e4ngungstyp:<\/strong> Gabelfederung<\/li>\n<li>\n<strong>Besonderes Merkmal:<\/strong> Frontmotor, Kilometerz\u00e4hler, R\u00fccktritt, Verstellbarer Sitz, Wiederaufladbar<\/li>\n<li>\n<strong>Enthaltene Komponenten:<\/strong> Bedienungsanleitung, Ladeger\u00e4t, Werkzeug-Set, Pedale, Akku, Akku-Schl\u00fcssel, Montageanleitung<\/li>\n<\/ul>\n<p><strong>Product Features<\/strong><\/p>\n<ul>\n<li>GR\u00d6\u00dfE\/GEWICHT: 28 Zoll Reifen, 48 cm Rahmenh\u00f6he, E Bike Alurahmen mit komfortablem Tiefeinstieg, Fahrradkorb, nur 26 kg Gewicht, stabiles Elektrofahrrad mit max. Belastung von 150 kg<\/li>\n<li>FEDERUNG: Starrgabel f\u00fcr sichere Bodenhaftung<\/li>\n<li>SCHALTUNG: Verschlei\u00dfarme SHIMANO 3-Gang Nexus Nabenschaltung, leichtes und pr\u00e4zises Schalterlebnis durch Drehgriff am Lenker<\/li>\n<li>E-BIKE AKKU: Leistungsstarker 36 V, 418 Wh Lithium-Ionen-Akku mit bis zu 120 km* Reichweite, semi-integriert zum leichten Entnehmen und Aufladen, smartes Batterie-Management-System<\/li>\n<li>MOTOR: Dynamischer BAFANG Silent Drive Frontmotor mit 32Nm Drehmoment und Schiebehilfe, LED 350 CAN Bus Display zur Anzeige und Steuerung diverser Funktionen<\/li>\n<\/ul>\n<p><strong>Product Information<\/strong><\/p>\n<ul>\n<table style=\"margin-bottom:20px\">\n<tbody>\n<tr>\n<td><strong>Fahrradtyp<\/strong><\/td>\n<td>Pedelec<\/td>\n<\/tr>\n<tr>\n<td><strong>Anzahl G\u00e4nge<\/strong><\/td>\n<td>3<\/td>\n<\/tr>\n<tr>\n<td><strong>Federungstyp<\/strong><\/td>\n<td>Gabelfederung<\/td>\n<\/tr>\n<tr>\n<td><strong>Besondere Merkmale<\/strong><\/td>\n<td>Frontmotor, Kilometerz\u00e4hler, R\u00fccktritt, Verstellbarer Sitz, Wiederaufladbar<\/td>\n<\/tr>\n<tr>\n<td><strong>Bremsenart<\/strong><\/td>\n<td>Scheibenbremse<\/td>\n<\/tr>\n<tr>\n<td><strong>Spezifische Verwendung f\u00fcr Produkt<\/strong><\/td>\n<td>Schlafzimmer<\/td>\n<\/tr>\n<tr>\n<td><strong>Betriebsart<\/strong><\/td>\n<td>Elektromotor<\/td>\n<\/tr>\n<tr>\n<td><strong>Wattleistung<\/strong><\/td>\n<td>250 Watt<\/td>\n<\/tr>\n<tr>\n<td><strong>Kapazit\u00e4t Lithium-Akku<\/strong><\/td>\n<td>418 Wattstunden<\/td>\n<\/tr>\n<tr>\n<td><strong>Typ des Fahrradschalthebels<\/strong><\/td>\n<td>Drehgriff<\/td>\n<\/tr>\n<tr>\n<td><strong>Konfiguration der Kettenschaltung<\/strong><\/td>\n<td>Vorderseite<\/td>\n<\/tr>\n<tr>\n<td><strong>Antriebsart des Fahrrads<\/strong><\/td>\n<td>Frontantrieb mit Nabenschaltung<\/td>\n<\/tr>\n<tr>\n<td><strong>Art der elektrischen Unterst\u00fctzung<\/strong><\/td>\n<td>Frontmotor<\/td>\n<\/tr>\n<tr>\n<td><strong>Farbe<\/strong><\/td>\n<td>rot gl\u00e4nzend<\/td>\n<\/tr>\n<tr>\n<td><strong>Thema<\/strong><\/td>\n<td>Blumig<\/td>\n<\/tr>\n<tr>\n<td><strong>Stil\/Form<\/strong><\/td>\n<td>2023<\/td>\n<\/tr>\n<tr>\n<td><strong>Rahmenmaterialtyp<\/strong><\/td>\n<td>Aluminium<\/td>\n<\/tr>\n<tr>\n<td><strong>Radmaterial<\/strong><\/td>\n<td>Aluminium<\/td>\n<\/tr>\n<tr>\n<td><strong>Altersgruppe Beschreibung<\/strong><\/td>\n<td>Erwachsener<\/td>\n<\/tr>\n<tr>\n<td><strong>Marke<\/strong><\/td>\n<td>Fischer<\/td>\n<\/tr>\n<tr>\n<td><strong>Eingeschlossene Komponenten<\/strong><\/td>\n<td>Bedienungsanleitung, Ladeger\u00e4t, Werkzeug-Set, Pedale, Akku, Akku-Schl\u00fcssel, Montageanleitung<\/td>\n<\/tr>\n<tr>\n<td><strong>Modellnummer<\/strong><\/td>\n<td>64332<\/td>\n<\/tr>\n<tr>\n<td><strong>Modellname<\/strong><\/td>\n<td>Retro 2.0<\/td>\n<\/tr>\n<tr>\n<td><strong>Modelljahr<\/strong><\/td>\n<td>2023<\/td>\n<\/tr>\n<tr>\n<td><strong>Herkunftsland<\/strong><\/td>\n<td>Polen<\/td>\n<\/tr>\n<tr>\n<td><strong>Hersteller<\/strong><\/td>\n<td>FISCHER<\/td>\n<\/tr>\n<tr>\n<td><strong>Artikeltyp Name<\/strong><\/td>\n<td>Elektrofahrrad f\u00fcr Damen und Herren, RH 48 cm, Frontmotor 32 Nm, 36 V Akku<\/td>\n<\/tr>\n<tr>\n<td><strong>Garantie<\/strong><\/td>\n<td>gesetzliche Gew\u00e4hrleistung, 10 Jahre Garantie auf Rahmenbruch, 24 Monate Garantie auf den Akku<\/td>\n<\/tr>\n<tr>\n<td><strong>Amazon Bestseller-Rang<\/strong><\/td>\n<td><\/td>\n<\/tr>\n<tr>\n<td><strong>ASIN<\/strong><\/td>\n<td>B08JKDG9NP<\/td>\n<\/tr>\n<tr>\n<td><strong>Durchschnittliche Kundenbewertung<\/strong><\/td>\n<td><\/td>\n<\/tr>\n<tr>\n<td><strong>Reifengr\u00f6\u00dfe<\/strong><\/td>\n<td>28 Zoll<\/td>\n<\/tr>\n<tr>\n<td><strong>Gr\u00f6\u00dfe<\/strong><\/td>\n<td>48 cm<\/td>\n<\/tr>\n<tr>\n<td><strong>Artikelgewicht<\/strong><\/td>\n<td>32,9 Kilogramm<\/td>\n<\/tr>\n<tr>\n<td><strong>Art der Garantie<\/strong><\/td>\n<td>begrenzte Garantie (2 Jahre E-Bike, 5 Jahre Rahmen)<\/td>\n<\/tr>\n<tr>\n<td><strong>Empfohlenes Maximalgewicht<\/strong><\/td>\n<td>150 Kilogramm<\/td>\n<\/tr>\n<tr>\n<td><strong>Montage erforderlich<\/strong><\/td>\n<td>Ja<\/td>\n<\/tr>\n<tr>\n<td><strong>Mindestbenutzerh\u00f6he<\/strong><\/td>\n<td>48 Zentimeter<\/td>\n<\/tr>\n<\/tbody>\n<\/table>\n<\/ul>","protected":false},"excerpt":{"rendered":"<p>Product Overview Fahrradtyp: Pedelec Altersspektrum (Beschreibung): Erwachsener Marke: Fischer Anzahl der G\u00e4nge: 3 Farbe: rot gl\u00e4nzend Radgr\u00f6\u00dfe: 28 Zoll Rahmenmaterial:<\/p>","protected":false},"featured_media":32368,"comment_status":"open","ping_status":"closed","template":"","meta":[],"product_brand":[],"product_cat":[150,151,152],"product_tag":[],"class_list":{"0":"post-32128","1":"product","2":"type-product","3":"status-publish","4":"has-post-thumbnail","6":"product_cat-collection-1","7":"product_cat-collection-2","8":"product_cat-startseite","10":"first","11":"instock","12":"sale","13":"shipping-taxable","14":"purchasable","15":"product-type-variable"},"jetpack_sharing_enabled":true,"_links":{"self":[{"href":"https:\/\/sportaxe.shop\/en\/wp-json\/wp\/v2\/product\/32128","targetHints":{"allow":["GET"]}}],"collection":[{"href":"https:\/\/sportaxe.shop\/en\/wp-json\/wp\/v2\/product"}],"about":[{"href":"https:\/\/sportaxe.shop\/en\/wp-json\/wp\/v2\/types\/product"}],"replies":[{"embeddable":true,"href":"https:\/\/sportaxe.shop\/en\/wp-json\/wp\/v2\/comments?post=32128"}],"version-history":[{"count":0,"href":"https:\/\/sportaxe.shop\/en\/wp-json\/wp\/v2\/product\/32128\/revisions"}],"wp:featuredmedia":[{"embeddable":true,"href":"https:\/\/sportaxe.shop\/en\/wp-json\/wp\/v2\/media\/32368"}],"wp:attachment":[{"href":"https:\/\/sportaxe.shop\/en\/wp-json\/wp\/v2\/media?parent=32128"}],"wp:term":[{"taxonomy":"product_brand","embeddable":true,"href":"https:\/\/sportaxe.shop\/en\/wp-json\/wp\/v2\/product_brand?post=32128"},{"taxonomy":"product_cat","embeddable":true,"href":"https:\/\/sportaxe.shop\/en\/wp-json\/wp\/v2\/product_cat?post=32128"},{"taxonomy":"product_tag","embeddable":true,"href":"https:\/\/sportaxe.shop\/en\/wp-json\/wp\/v2\/product_tag?post=32128"}],"curies":[{"name":"wp","href":"https:\/\/api.w.org\/{rel}","templated":true}]}}