{"id":32123,"date":"2026-04-18T17:26:11","date_gmt":"2026-04-18T17:26:11","guid":{"rendered":"https:\/\/sportaxe.shop\/product\/fischer-e-bike-city-cita-2403-active-elektrofahrrad-fur-damen-und-herren-rh-43-frontmotor-40-nm-48-v-akku\/"},"modified":"2026-04-18T17:26:11","modified_gmt":"2026-04-18T17:26:11","slug":"fischer-e-bike-city-cita-2403-active-elektrofahrrad-fur-damen-und-herren-rh-43-frontmotor-40-nm-48-v-akku","status":"publish","type":"product","link":"https:\/\/sportaxe.shop\/en\/product\/fischer-e-bike-city-cita-2403-active-elektrofahrrad-fur-damen-und-herren-rh-43-frontmotor-40-nm-48-v-akku\/","title":{"rendered":"FISCHER CITA 2403 Active E-Bike City 43cm Rahmen, Frontmotor 40Nm, 48V Akku, f\u00fcr Damen &#038; Herren"},"content":{"rendered":"<p><strong>Product Overview<\/strong><\/p>\n<ul>\n<li>\n<strong>Fahrradtyp:<\/strong> Pedelec<\/li>\n<li>\n<strong>Altersspektrum (Beschreibung):<\/strong> Erwachsener<\/li>\n<li>\n<strong>Marke:<\/strong> Fischer<\/li>\n<li>\n<strong>Anzahl der G\u00e4nge:<\/strong> 7<\/li>\n<li>\n<strong>Farbe:<\/strong> misty green matt<\/li>\n<li>\n<strong>Radgr\u00f6\u00dfe:<\/strong> 28 Zoll<\/li>\n<li>\n<strong>Rahmenmaterial:<\/strong> Aluminium<\/li>\n<li>\n<strong>Aufh\u00e4ngungstyp:<\/strong> Gabelfederung<\/li>\n<li>\n<strong>Besonderes Merkmal:<\/strong> Digitalanzeige, Verstellbare Lenkstangen, Verstellbarer Sitz, Vorderlicht, Wiederaufladbar<\/li>\n<li>\n<strong>Enthaltene Komponenten:<\/strong> <\/li>\n<\/ul>\n<p><strong>Product Features<\/strong><\/p>\n<ul>\n<li>MOTOR: Dynamische Fahrt mit dem FISCHER Drive Frontmotor mit 40Nm Drehmoment und verschiedenen Unterst\u00fctzungsmodi. Einfach steuerbar \u00fcber die Bedieneinheit am Lenker<\/li>\n<li>BREMSE: Zuverl\u00e4ssige Bremsleitung auch bei h\u00f6heren Geschwindigkeiten bietet die hydraulische Scheibenbremse von SHIMANO<\/li>\n<li>AKKU: Der 459 Wh starke Akku \u00fcberzeugt nicht nur durch seine Leistung, sondern auch durch seine dezente Optik, welche sich unauff\u00e4llig in den Fahrradrahmen einf\u00fcgt. Ein weiterer Vorteil bietet der integrierte Tragegriff, welcher den Ein- und Ausbau erleichtert und f\u00fcr eine einfache Handhabung sorgt. Er erzielt eine Reichweite von bis zu 120km.<\/li>\n<li>SCHALTUNG: Einfaches und zuverl\u00e4ssiges Schalten im Stadtverkehr, durch die vorhandenen 7 G\u00e4nge, erm\u00f6glicht die SHIMANO Nabenschaltung.<\/li>\n<li>BELEUCHTUNG\/SICHERHEIT: Zus\u00e4tzliche Sicherheit bietet die 90 Lux Lichtanlage, welche unterst\u00fctzt durch die Reflexstreifen der Reifen eine gute Sichtbarkeit im Stra\u00dfenverkehr erm\u00f6glicht. Das integrierte Rahmenschloss erm\u00f6glicht das Abstellen und Abschlie\u00dfen des Rades zu jeder Zeit.<\/li>\n<\/ul>\n<p><strong>Product Information<\/strong><\/p>\n<ul>\n<table style=\"margin-bottom:20px\">\n<tbody>\n<tr>\n<td><strong>Fahrradtyp<\/strong><\/td>\n<td>Pedelec<\/td>\n<\/tr>\n<tr>\n<td><strong>Anzahl G\u00e4nge<\/strong><\/td>\n<td>7<\/td>\n<\/tr>\n<tr>\n<td><strong>Federungstyp<\/strong><\/td>\n<td>Gabelfederung<\/td>\n<\/tr>\n<tr>\n<td><strong>Besondere Merkmale<\/strong><\/td>\n<td>Digitalanzeige, Verstellbare Lenkstangen, Verstellbarer Sitz, Vorderlicht, Wiederaufladbar<\/td>\n<\/tr>\n<tr>\n<td><strong>Bremsenart<\/strong><\/td>\n<td>Scheibenbremse<\/td>\n<\/tr>\n<tr>\n<td><strong>Spezifische Verwendung f\u00fcr Produkt<\/strong><\/td>\n<td>Stra\u00dfe<\/td>\n<\/tr>\n<tr>\n<td><strong>Betriebsart<\/strong><\/td>\n<td>Elektrisch<\/td>\n<\/tr>\n<tr>\n<td><strong>Wattleistung<\/strong><\/td>\n<td>253 Watt<\/td>\n<\/tr>\n<tr>\n<td><strong>Kapazit\u00e4t Lithium-Akku<\/strong><\/td>\n<td>459 Wattstunden<\/td>\n<\/tr>\n<tr>\n<td><strong>Typ des Fahrradschalthebels<\/strong><\/td>\n<td>Drehgriff<\/td>\n<\/tr>\n<tr>\n<td><strong>Anzahl der Griffe<\/strong><\/td>\n<td>2<\/td>\n<\/tr>\n<tr>\n<td><strong>Art des Getriebes<\/strong><\/td>\n<td>Nabe<\/td>\n<\/tr>\n<tr>\n<td><strong>Fahrgel\u00e4nde<\/strong><\/td>\n<td>Urban Terrain<\/td>\n<\/tr>\n<tr>\n<td><strong>Konfiguration der Kettenschaltung<\/strong><\/td>\n<td>R\u00fcckseite<\/td>\n<\/tr>\n<tr>\n<td><strong>Antriebsart des Fahrrads<\/strong><\/td>\n<td>Kettenschaltung<\/td>\n<\/tr>\n<tr>\n<td><strong>Art der elektrischen Unterst\u00fctzung<\/strong><\/td>\n<td>Hubmotor<\/td>\n<\/tr>\n<tr>\n<td><strong>Reifengr\u00f6\u00dfe<\/strong><\/td>\n<td>28 Zoll<\/td>\n<\/tr>\n<tr>\n<td><strong>Gr\u00f6\u00dfe<\/strong><\/td>\n<td>43cm &#8211; 459Wh<\/td>\n<\/tr>\n<tr>\n<td><strong>Artikelgewicht<\/strong><\/td>\n<td>32,9 Kilogramm<\/td>\n<\/tr>\n<tr>\n<td><strong>Art der Garantie<\/strong><\/td>\n<td>Beschr\u00e4nkt<\/td>\n<\/tr>\n<tr>\n<td><strong>Empfohlenes Maximalgewicht<\/strong><\/td>\n<td>150 Kilogramm<\/td>\n<\/tr>\n<tr>\n<td><strong>Montage erforderlich<\/strong><\/td>\n<td>Ja<\/td>\n<\/tr>\n<tr>\n<td><strong>Mindestbenutzerh\u00f6he<\/strong><\/td>\n<td>43 Zentimeter<\/td>\n<\/tr>\n<tr>\n<td><strong>Altersgruppe Beschreibung<\/strong><\/td>\n<td>Erwachsener<\/td>\n<\/tr>\n<tr>\n<td><strong>Marke<\/strong><\/td>\n<td>Fischer<\/td>\n<\/tr>\n<tr>\n<td><strong>Eingeschlossene Komponenten<\/strong><\/td>\n<td>Akku &#038; Akku-Schl\u00fcssel, Bedienungsanleitung &#038; Montageanleitung, Ladeger\u00e4t, Pedale, Werkzeugsatz<\/td>\n<\/tr>\n<tr>\n<td><strong>Modellname<\/strong><\/td>\n<td>Cita 2403 Active<\/td>\n<\/tr>\n<tr>\n<td><strong>Modelljahr<\/strong><\/td>\n<td>2025<\/td>\n<\/tr>\n<tr>\n<td><strong>Herkunftsland<\/strong><\/td>\n<td>Portugal<\/td>\n<\/tr>\n<tr>\n<td><strong>Hersteller<\/strong><\/td>\n<td>FISCHER<\/td>\n<\/tr>\n<tr>\n<td><strong>Artikeltyp Name<\/strong><\/td>\n<td>Elektrofahrrad f\u00fcr Damen und Herren<\/td>\n<\/tr>\n<tr>\n<td><strong>Anzahl von Einheiten<\/strong><\/td>\n<td>1.0 st\u00fcck<\/td>\n<\/tr>\n<tr>\n<td><strong>Garantie<\/strong><\/td>\n<td>10 Jahre Garantie auf Rahmenbruch, 24 Monate Garantie auf den Akku<\/td>\n<\/tr>\n<tr>\n<td><strong>Amazon Bestseller-Rang<\/strong><\/td>\n<td><\/td>\n<\/tr>\n<tr>\n<td><strong>ASIN<\/strong><\/td>\n<td>B0F63BY78J<\/td>\n<\/tr>\n<tr>\n<td><strong>Durchschnittliche Kundenbewertung<\/strong><\/td>\n<td><\/td>\n<\/tr>\n<tr>\n<td><strong>Farbe<\/strong><\/td>\n<td>misty green matt<\/td>\n<\/tr>\n<tr>\n<td><strong>Stil\/Form<\/strong><\/td>\n<td>CITA 2403<\/td>\n<\/tr>\n<tr>\n<td><strong>Rahmenmaterialtyp<\/strong><\/td>\n<td>Aluminium<\/td>\n<\/tr>\n<tr>\n<td><strong>Radmaterial<\/strong><\/td>\n<td>Aluminium<\/td>\n<\/tr>\n<\/tbody>\n<\/table>\n<\/ul>","protected":false},"excerpt":{"rendered":"<p>Product Overview Fahrradtyp: Pedelec Altersspektrum (Beschreibung): Erwachsener Marke: Fischer Anzahl der G\u00e4nge: 7 Farbe: misty green matt Radgr\u00f6\u00dfe: 28 Zoll<\/p>","protected":false},"featured_media":32355,"comment_status":"open","ping_status":"closed","template":"","meta":[],"product_brand":[],"product_cat":[150,151,152],"product_tag":[],"class_list":{"0":"post-32123","1":"product","2":"type-product","3":"status-publish","4":"has-post-thumbnail","6":"product_cat-collection-1","7":"product_cat-collection-2","8":"product_cat-startseite","10":"first","11":"instock","12":"sale","13":"shipping-taxable","14":"purchasable","15":"product-type-variable"},"jetpack_sharing_enabled":true,"_links":{"self":[{"href":"https:\/\/sportaxe.shop\/en\/wp-json\/wp\/v2\/product\/32123","targetHints":{"allow":["GET"]}}],"collection":[{"href":"https:\/\/sportaxe.shop\/en\/wp-json\/wp\/v2\/product"}],"about":[{"href":"https:\/\/sportaxe.shop\/en\/wp-json\/wp\/v2\/types\/product"}],"replies":[{"embeddable":true,"href":"https:\/\/sportaxe.shop\/en\/wp-json\/wp\/v2\/comments?post=32123"}],"version-history":[{"count":0,"href":"https:\/\/sportaxe.shop\/en\/wp-json\/wp\/v2\/product\/32123\/revisions"}],"wp:featuredmedia":[{"embeddable":true,"href":"https:\/\/sportaxe.shop\/en\/wp-json\/wp\/v2\/media\/32355"}],"wp:attachment":[{"href":"https:\/\/sportaxe.shop\/en\/wp-json\/wp\/v2\/media?parent=32123"}],"wp:term":[{"taxonomy":"product_brand","embeddable":true,"href":"https:\/\/sportaxe.shop\/en\/wp-json\/wp\/v2\/product_brand?post=32123"},{"taxonomy":"product_cat","embeddable":true,"href":"https:\/\/sportaxe.shop\/en\/wp-json\/wp\/v2\/product_cat?post=32123"},{"taxonomy":"product_tag","embeddable":true,"href":"https:\/\/sportaxe.shop\/en\/wp-json\/wp\/v2\/product_tag?post=32123"}],"curies":[{"name":"wp","href":"https:\/\/api.w.org\/{rel}","templated":true}]}}