{"id":32114,"date":"2026-04-18T17:26:10","date_gmt":"2026-04-18T17:26:10","guid":{"rendered":"https:\/\/sportaxe.shop\/product\/evercross-elektrofahrrad-fur-erwachsene-250w-e-bike-16x-2-0-20-x-4-0-fette-reifen-bis-zu-25km-h-60-100km-reichweite-36v-48v-abnehmbare-batterie-berg-schnee-elektro-offroad-fahrrad\/"},"modified":"2026-04-18T17:26:11","modified_gmt":"2026-04-18T17:26:11","slug":"evercross-elektrofahrrad-fur-erwachsene-250w-e-bike-16x-2-0-20-x-4-0-fette-reifen-bis-zu-25km-h-60-100km-reichweite-36v-48v-abnehmbare-batterie-berg-schnee-elektro-offroad-fahrrad","status":"publish","type":"product","link":"https:\/\/sportaxe.shop\/en\/product\/evercross-elektrofahrrad-fur-erwachsene-250w-e-bike-16x-2-0-20-x-4-0-fette-reifen-bis-zu-25km-h-60-100km-reichweite-36v-48v-abnehmbare-batterie-berg-schnee-elektro-offroad-fahrrad\/","title":{"rendered":"EVERCROSS E-Bike 16&#8243;\/20&#8243; Fettreifen, 250W, 36V\/48V Akku, 100km Reichweite, 25km\/h, Offroad, f\u00fcr Berg &#038; Schnee"},"content":{"rendered":"<p><strong>Product Overview<\/strong><\/p>\n<ul>\n<li>\n<strong>Fahrradtyp:<\/strong> Multifunktionsfahrrad<\/li>\n<li>\n<strong>Altersspektrum (Beschreibung):<\/strong> Erwachsener<\/li>\n<li>\n<strong>Marke:<\/strong> EVERCROSS<\/li>\n<li>\n<strong>Farbe:<\/strong> EK5 Schwarz &#8211; Max 60KM<\/li>\n<li>\n<strong>Radgr\u00f6\u00dfe:<\/strong> 16 Zoll<\/li>\n<li>\n<strong>Rahmenmaterial:<\/strong> Legierter Stahl<\/li>\n<li>\n<strong>Aufh\u00e4ngungstyp:<\/strong> Gabelfederung<\/li>\n<li>\n<strong>Besonderes Merkmal:<\/strong> Klappbar<\/li>\n<li>\n<strong>Enthaltene Komponenten:<\/strong> <\/li>\n<li>\n<strong>Gr\u00f6\u00dfe:<\/strong> Max 60KM &#8211; EK5 Schwarz<\/li>\n<\/ul>\n<p><strong>Product Features<\/strong><\/p>\n<ul>\n<li>Nicht Null Start: Ausgestattet mit einer Nicht Null Start Funktion, die speziell f\u00fcr die sicherheit konzipiert, um versehentliche ber\u00fchrungen zu vermeiden. Nach dem einschalten muss dieses elektrofahrrad mindestens 3,75 MPH(6KMH) fahren, um den motor zu aktivieren.<\/li>\n<li>Starker Motor &#038; Ausdauernde Batterie: Mit einem 250W hochgeschwindigkeitsmotor und einer abnehmbaren 36V lithium ionen batterie kann dieses EK5 electric bicycle f\u00fcr erwachsene mit tretunterst\u00fctzung 35-60km pro ladung erreichen und eine h\u00f6chstgeschwindigkeit von bis zu 25km\/h erreichen. Ihre bergabenteuer und t\u00e4glichen fahrten werden schneller und wirtschaftlicher sein.<\/li>\n<li>Fortschrittliches Design: Das EVERCROSS-Faltrad verf\u00fcgt \u00fcber einen k\u00f6rper aus eisenlegierung, 16-Zoll-Reifen, hohe festigkeit, gute sto\u00dfd\u00e4mpfung und eine tragf\u00e4higkeit von 120 kg. Ein schritt klappbares design, einfach zu tragen, spart platz. Das design der ledersitze ist nicht nur komfortabel, sondern auch h\u00f6henverstellbar.Dieses e bike klapprad ist ein guter Reisehilfer.<\/li>\n<li>Doppelscheibenbremsen: Dieses erwachsene Elektrofahrrad verf\u00fcgt \u00fcber vordere und hintere Doppelscheibenbremsen, die zuverl\u00e4ssige bremskraft und ausreichende bremskraft bieten, wenn das klapprad e-bike schnell bergabw\u00e4rts ist. Dar\u00fcber hinaus ist das fahrrad mit einem beleuchtungssystem und wei\u00dfen reflektierenden streifen ausgestattet, um nachts sicherheit zu gew\u00e4hrleisten.<\/li>\n<li>Lcd Display &#038; Klappbar: Das intelligente LCD Display zeigt in Echtzeit die Geschwindigkeit, den Batteriestand, den Kilometerstand und andere Daten an. Dank der Faltma\u00dfe von nur 80\u00d750\u00d768 cm ist das e bike damen ideal f\u00fcr Pendler in der Stadt. Einfach zu verstauen zu Hause, im B\u00fcro oder im Kofferraum.<\/li>\n<\/ul>\n<p><strong>Product Information<\/strong><\/p>\n<ul>\n<table style=\"margin-bottom:20px\">\n<tbody>\n<tr>\n<td><strong>Fahrradtyp<\/strong><\/td>\n<td>Multifunktionsfahrrad<\/td>\n<\/tr>\n<tr>\n<td><strong>Federungstyp<\/strong><\/td>\n<td>Gabelfederung<\/td>\n<\/tr>\n<tr>\n<td><strong>Besondere Merkmale<\/strong><\/td>\n<td>Klappbar<\/td>\n<\/tr>\n<tr>\n<td><strong>Bremsenart<\/strong><\/td>\n<td>Scheibenbremse<\/td>\n<\/tr>\n<tr>\n<td><strong>Spezifische Verwendung f\u00fcr Produkt<\/strong><\/td>\n<td>Trail<\/td>\n<\/tr>\n<tr>\n<td><strong>Betriebsart<\/strong><\/td>\n<td>Elektrischer Motor<\/td>\n<\/tr>\n<tr>\n<td><strong>Kapazit\u00e4t Lithium-Akku<\/strong><\/td>\n<td>36000 Milliamperestunden (mAh)<\/td>\n<\/tr>\n<tr>\n<td><strong>Typ des Fahrradschalthebels<\/strong><\/td>\n<td>Elektronisch<\/td>\n<\/tr>\n<tr>\n<td><strong>Antriebsart des Fahrrads<\/strong><\/td>\n<td>Nabenantrieb<\/td>\n<\/tr>\n<tr>\n<td><strong>Art der elektrischen Unterst\u00fctzung<\/strong><\/td>\n<td>pedal assist<\/td>\n<\/tr>\n<tr>\n<td><strong>Farbe<\/strong><\/td>\n<td>EK5 Schwarz &#8211; Max 60KM<\/td>\n<\/tr>\n<tr>\n<td><strong>Rahmenmaterialtyp<\/strong><\/td>\n<td>Legierter Stahl<\/td>\n<\/tr>\n<tr>\n<td><strong>Radmaterial<\/strong><\/td>\n<td>Stahllegierung<\/td>\n<\/tr>\n<tr>\n<td><strong>Altersgruppe Beschreibung<\/strong><\/td>\n<td>Erwachsener<\/td>\n<\/tr>\n<tr>\n<td><strong>Marke<\/strong><\/td>\n<td>EVERCROSS<\/td>\n<\/tr>\n<tr>\n<td><strong>Eingeschlossene Komponenten<\/strong><\/td>\n<td>&#8211; Batterieladeger\u00e4t, &#8211; Bicycle incl. battery, &#8211; Zwei Tasten zur Entfernung der Batterie, Bedienungsanleitung, Werkzeugsatz<\/td>\n<\/tr>\n<tr>\n<td><strong>Modellname<\/strong><\/td>\n<td>Ek5<\/td>\n<\/tr>\n<tr>\n<td><strong>Hersteller<\/strong><\/td>\n<td>EVERCROSS<\/td>\n<\/tr>\n<tr>\n<td><strong>Amazon Bestseller-Rang<\/strong><\/td>\n<td><\/td>\n<\/tr>\n<tr>\n<td><strong>ASIN<\/strong><\/td>\n<td>B0FMRJWH44<\/td>\n<\/tr>\n<tr>\n<td><strong>Durchschnittliche Kundenbewertung<\/strong><\/td>\n<td><\/td>\n<\/tr>\n<tr>\n<td><strong>Reifengr\u00f6\u00dfe<\/strong><\/td>\n<td>16 Zoll<\/td>\n<\/tr>\n<tr>\n<td><strong>Gr\u00f6\u00dfe<\/strong><\/td>\n<td>Max 60KM &#8211; EK5 Schwarz<\/td>\n<\/tr>\n<tr>\n<td><strong>Artikelgewicht<\/strong><\/td>\n<td>22,5 Kilogramm<\/td>\n<\/tr>\n<tr>\n<td><strong>Art der Garantie<\/strong><\/td>\n<td>Beschr\u00e4nkt<\/td>\n<\/tr>\n<tr>\n<td><strong>Empfohlenes Maximalgewicht<\/strong><\/td>\n<td>120 Kilogramm<\/td>\n<\/tr>\n<tr>\n<td><strong>Montage erforderlich<\/strong><\/td>\n<td>Nein<\/td>\n<\/tr>\n<\/tbody>\n<\/table>\n<\/ul>","protected":false},"excerpt":{"rendered":"<p>Product Overview Fahrradtyp: Multifunktionsfahrrad Altersspektrum (Beschreibung): Erwachsener Marke: EVERCROSS Farbe: EK5 Schwarz &#8211; Max 60KM Radgr\u00f6\u00dfe: 16 Zoll Rahmenmaterial: Legierter<\/p>","protected":false},"featured_media":32333,"comment_status":"open","ping_status":"closed","template":"","meta":[],"product_brand":[],"product_cat":[150,151,152],"product_tag":[],"class_list":{"0":"post-32114","1":"product","2":"type-product","3":"status-publish","4":"has-post-thumbnail","6":"product_cat-collection-1","7":"product_cat-collection-2","8":"product_cat-startseite","10":"first","11":"instock","12":"sale","13":"shipping-taxable","14":"purchasable","15":"product-type-variable"},"jetpack_sharing_enabled":true,"_links":{"self":[{"href":"https:\/\/sportaxe.shop\/en\/wp-json\/wp\/v2\/product\/32114","targetHints":{"allow":["GET"]}}],"collection":[{"href":"https:\/\/sportaxe.shop\/en\/wp-json\/wp\/v2\/product"}],"about":[{"href":"https:\/\/sportaxe.shop\/en\/wp-json\/wp\/v2\/types\/product"}],"replies":[{"embeddable":true,"href":"https:\/\/sportaxe.shop\/en\/wp-json\/wp\/v2\/comments?post=32114"}],"version-history":[{"count":0,"href":"https:\/\/sportaxe.shop\/en\/wp-json\/wp\/v2\/product\/32114\/revisions"}],"wp:featuredmedia":[{"embeddable":true,"href":"https:\/\/sportaxe.shop\/en\/wp-json\/wp\/v2\/media\/32333"}],"wp:attachment":[{"href":"https:\/\/sportaxe.shop\/en\/wp-json\/wp\/v2\/media?parent=32114"}],"wp:term":[{"taxonomy":"product_brand","embeddable":true,"href":"https:\/\/sportaxe.shop\/en\/wp-json\/wp\/v2\/product_brand?post=32114"},{"taxonomy":"product_cat","embeddable":true,"href":"https:\/\/sportaxe.shop\/en\/wp-json\/wp\/v2\/product_cat?post=32114"},{"taxonomy":"product_tag","embeddable":true,"href":"https:\/\/sportaxe.shop\/en\/wp-json\/wp\/v2\/product_tag?post=32114"}],"curies":[{"name":"wp","href":"https:\/\/api.w.org\/{rel}","templated":true}]}}