{"id":32111,"date":"2026-04-18T17:26:09","date_gmt":"2026-04-18T17:26:09","guid":{"rendered":"https:\/\/sportaxe.shop\/product\/eskute-c100-plus-e-bike-26-zoll-elektrofahrrad-e-cityrad-250w-heckmotor-36v-13ah-wechselakku-bis-zu-100km-lcd-display-tiefeinsteiger-e-citybike\/"},"modified":"2026-04-18T17:26:09","modified_gmt":"2026-04-18T17:26:09","slug":"eskute-c100-plus-e-bike-26-zoll-elektrofahrrad-e-cityrad-250w-heckmotor-36v-13ah-wechselakku-bis-zu-100km-lcd-display-tiefeinsteiger-e-citybike","status":"publish","type":"product","link":"https:\/\/sportaxe.shop\/en\/product\/eskute-c100-plus-e-bike-26-zoll-elektrofahrrad-e-cityrad-250w-heckmotor-36v-13ah-wechselakku-bis-zu-100km-lcd-display-tiefeinsteiger-e-citybike\/","title":{"rendered":"ESKUTE C100 Plus E-Bike City 26&#8243;, 250W Heckmotor, 36V 13Ah Wechselakku, 100km Reichweite, LCD-Display, Tiefeinsteiger"},"content":{"rendered":"<div id=\"productDescription\" class=\"a-section a-spacing-small\">       <!-- show up to 2 reviews by default -->\n           <\/div>\n<p><strong>Product Overview<\/strong><\/p>\n<ul>\n<li>\n<strong>Fahrradtyp:<\/strong> Pedelec<\/li>\n<li>\n<strong>Altersspektrum (Beschreibung):<\/strong> Erwachsener<\/li>\n<li>\n<strong>Marke:<\/strong> ESKUTE<\/li>\n<li>\n<strong>Anzahl der G\u00e4nge:<\/strong> 7<\/li>\n<li>\n<strong>Farbe:<\/strong> Schwarz<\/li>\n<li>\n<strong>Radgr\u00f6\u00dfe:<\/strong> 26 Zoll<\/li>\n<li>\n<strong>Aufh\u00e4ngungstyp:<\/strong> Vollfederung<\/li>\n<li>\n<strong>Enthaltene Komponenten:<\/strong> <\/li>\n<li>\n<strong>Gr\u00f6\u00dfe:<\/strong> 26<\/li>\n<li>\n<strong>Bremsenart:<\/strong> Scheibenbremse<\/li>\n<\/ul>\n<p><strong>Product Features<\/strong><\/p>\n<ul>\n<li>\u3010Einfache Montage\u301185 % des E-Bikes sind bereits vormontiert. Sie m\u00fcssen nur den Rest gem\u00e4\u00df der Anleitung unten auf der Seite oder mithilfe des Montagevideos auf der Produktseite zusammenbauen<\/li>\n<li>\u3010Leistungsstarker Motor\u3011Der ESKUTE C100 PLUS ist mit einem 36V 250W b\u00fcrstenlosen Hinterradnabenmotor ausgestattet, der ein Drehmoment von 45 N.m liefert. Unter maximaler Drehmomentlast kann er problemlos alle Hindernisse und Steigungen von bis zu 25 Grad \u00fcberwinden.<\/li>\n<li>\u3010Sanftes 7-Gang-Schaltungssystem\u3011Dank des 7-Gang-Getriebes wird die Kletterf\u00e4higkeit und die Geschwindigkeitskontrolle des E-Bikes erheblich verbessert. Sie k\u00f6nnen schnell zwischen verschiedenen Fahrstilen auf steilen H\u00e4ngen oder flachem Gel\u00e4nde wechseln und mit Pedalunterst\u00fctzung die optimale Leistung erzielen.<\/li>\n<li>\u3010Abnehmbarer eingebauter Akku\u3011Dieses E-Bike verf\u00fcgt \u00fcber einen abnehmbaren 36V 13Ah Lithium-Ionen-Akku, der mit einer einzigen Ladung eine Reichweite von bis zu 100 Kilometern erreicht. Das abnehmbare Akkudesign sorgt daf\u00fcr, dass Sie sowohl zu Hause als auch im B\u00fcro bequem laden k\u00f6nnen.<\/li>\n<li>\u3010Ergonomischer Lenker\u3011Das Lenkerdesign erm\u00f6glicht eine entspannte Fahrhaltung bei der Erkundung der Stadt und reduziert den Druck auf die H\u00e4nde bei langen Fahrten.<\/li>\n<li>\u3010Multifunktionales Fahren\u3011Egal ob f\u00fcr den Arbeitsweg, Erledigungen oder die Erkundung von Stadtparks, unser elektrisches Citybike ist Ihr zuverl\u00e4ssiger Begleiter f\u00fcr Fahrten in der Stadt. Die Sitzh\u00f6he ist verstellbar, um Menschen unterschiedlicher Gr\u00f6\u00dfe (155-185 cm) gerecht zu werden. Das stilvolle Design des C100 PLUS macht es auch zu einer gro\u00dfartigen Geschenkidee f\u00fcr Festtage.<\/li>\n<\/ul>\n<p><strong>Product Information<\/strong><\/p>\n<ul>\n<table style=\"margin-bottom:20px\">\n<tbody>\n<tr>\n<td><strong>Fahrradtyp<\/strong><\/td>\n<td>Pedelec<\/td>\n<\/tr>\n<tr>\n<td><strong>Anzahl G\u00e4nge<\/strong><\/td>\n<td>7<\/td>\n<\/tr>\n<tr>\n<td><strong>Federungstyp<\/strong><\/td>\n<td>Vollfederung<\/td>\n<\/tr>\n<tr>\n<td><strong>Bremsenart<\/strong><\/td>\n<td>Scheibenbremse<\/td>\n<\/tr>\n<tr>\n<td><strong>Spezifische Verwendung f\u00fcr Produkt<\/strong><\/td>\n<td>Stra\u00dfe<\/td>\n<\/tr>\n<tr>\n<td><strong>Betriebsart<\/strong><\/td>\n<td>Elektromotor<\/td>\n<\/tr>\n<tr>\n<td><strong>Kapazit\u00e4t Lithium-Akku<\/strong><\/td>\n<td>468 Wattstunden<\/td>\n<\/tr>\n<tr>\n<td><strong>Typ des Fahrradschalthebels<\/strong><\/td>\n<td>Trigger<\/td>\n<\/tr>\n<tr>\n<td><strong>Konfiguration der Kettenschaltung<\/strong><\/td>\n<td>R\u00fcckseite<\/td>\n<\/tr>\n<tr>\n<td><strong>Art der elektrischen Unterst\u00fctzung<\/strong><\/td>\n<td>Nabenmotor<\/td>\n<\/tr>\n<tr>\n<td><strong>Farbe<\/strong><\/td>\n<td>Schwarz<\/td>\n<\/tr>\n<tr>\n<td><strong>Stil\/Form<\/strong><\/td>\n<td>Standard<\/td>\n<\/tr>\n<tr>\n<td><strong>Reifengr\u00f6\u00dfe<\/strong><\/td>\n<td>26 Zoll<\/td>\n<\/tr>\n<tr>\n<td><strong>Gr\u00f6\u00dfe<\/strong><\/td>\n<td>26<\/td>\n<\/tr>\n<tr>\n<td><strong>Altersgruppe Beschreibung<\/strong><\/td>\n<td>Erwachsener<\/td>\n<\/tr>\n<tr>\n<td><strong>Marke<\/strong><\/td>\n<td>ESKUTE<\/td>\n<\/tr>\n<tr>\n<td><strong>Eingeschlossene Komponenten<\/strong><\/td>\n<td>1x Fahrradrahmen mit Hinterrad\u200b,\u200b\u200b \u200b\u200b1x Installationswerkzeugsatz\u200b\u200b, 1x Kotfl\u00fcgel\u200b\u200b, 1x Sattel\u200b, \u200b\u200b1x Gep\u00e4cktr\u00e4ger\u200b\u200b, \u200b\u200b2x Vorderrad\u200b\u200b, \u200b\u200b2x Pedale\u200b\u200b, \u200b\u200b1x Schnellspanner\u200b\u200b, \u200b\u200b1x Ladeger\u00e4t\u200b\u200b, \u200b\u200b1x Garantiekarte\u200b\u200b<\/td>\n<\/tr>\n<tr>\n<td><strong>Modellnummer<\/strong><\/td>\n<td>C100 PLUS<\/td>\n<\/tr>\n<tr>\n<td><strong>Modellname<\/strong><\/td>\n<td>Es-26p<\/td>\n<\/tr>\n<tr>\n<td><strong>Modelljahr<\/strong><\/td>\n<td>2025<\/td>\n<\/tr>\n<tr>\n<td><strong>Hersteller<\/strong><\/td>\n<td>Guangzhou Lingshang Technology Co., Ltd.<\/td>\n<\/tr>\n<tr>\n<td><strong>Garantie<\/strong><\/td>\n<td>2 Jaher<\/td>\n<\/tr>\n<tr>\n<td><strong>Amazon Bestseller-Rang<\/strong><\/td>\n<td><\/td>\n<\/tr>\n<tr>\n<td><strong>ASIN<\/strong><\/td>\n<td>B0FVXML3NK<\/td>\n<\/tr>\n<tr>\n<td><strong>Durchschnittliche Kundenbewertung<\/strong><\/td>\n<td><\/td>\n<\/tr>\n<tr>\n<td><strong>Radmaterial<\/strong><\/td>\n<td>Stahllegierung<\/td>\n<\/tr>\n<tr>\n<td><strong>Montage erforderlich<\/strong><\/td>\n<td>Ja<\/td>\n<\/tr>\n<tr>\n<td><strong>Mindestbenutzerh\u00f6he<\/strong><\/td>\n<td>155 Zentimeter<\/td>\n<\/tr>\n<\/tbody>\n<\/table>\n<\/ul>","protected":false},"excerpt":{"rendered":"<p>Product Overview Fahrradtyp: Pedelec Altersspektrum (Beschreibung): Erwachsener Marke: ESKUTE Anzahl der G\u00e4nge: 7 Farbe: Schwarz Radgr\u00f6\u00dfe: 26 Zoll Aufh\u00e4ngungstyp: Vollfederung<\/p>","protected":false},"featured_media":32324,"comment_status":"open","ping_status":"closed","template":"","meta":[],"product_brand":[],"product_cat":[150,151,152],"product_tag":[],"class_list":{"0":"post-32111","1":"product","2":"type-product","3":"status-publish","4":"has-post-thumbnail","6":"product_cat-collection-1","7":"product_cat-collection-2","8":"product_cat-startseite","10":"first","11":"instock","12":"sale","13":"shipping-taxable","14":"purchasable","15":"product-type-variable"},"jetpack_sharing_enabled":true,"_links":{"self":[{"href":"https:\/\/sportaxe.shop\/en\/wp-json\/wp\/v2\/product\/32111","targetHints":{"allow":["GET"]}}],"collection":[{"href":"https:\/\/sportaxe.shop\/en\/wp-json\/wp\/v2\/product"}],"about":[{"href":"https:\/\/sportaxe.shop\/en\/wp-json\/wp\/v2\/types\/product"}],"replies":[{"embeddable":true,"href":"https:\/\/sportaxe.shop\/en\/wp-json\/wp\/v2\/comments?post=32111"}],"version-history":[{"count":0,"href":"https:\/\/sportaxe.shop\/en\/wp-json\/wp\/v2\/product\/32111\/revisions"}],"wp:featuredmedia":[{"embeddable":true,"href":"https:\/\/sportaxe.shop\/en\/wp-json\/wp\/v2\/media\/32324"}],"wp:attachment":[{"href":"https:\/\/sportaxe.shop\/en\/wp-json\/wp\/v2\/media?parent=32111"}],"wp:term":[{"taxonomy":"product_brand","embeddable":true,"href":"https:\/\/sportaxe.shop\/en\/wp-json\/wp\/v2\/product_brand?post=32111"},{"taxonomy":"product_cat","embeddable":true,"href":"https:\/\/sportaxe.shop\/en\/wp-json\/wp\/v2\/product_cat?post=32111"},{"taxonomy":"product_tag","embeddable":true,"href":"https:\/\/sportaxe.shop\/en\/wp-json\/wp\/v2\/product_tag?post=32111"}],"curies":[{"name":"wp","href":"https:\/\/api.w.org\/{rel}","templated":true}]}}