{"id":32107,"date":"2026-04-18T17:26:08","date_gmt":"2026-04-18T17:26:08","guid":{"rendered":"https:\/\/sportaxe.shop\/product\/eleglide-t2-e-bike-27-5-trekkingrad-e-bike-herren-damen-mit-hydraulische-scheibenbremsen-36v-13ah-akku-100km-reichweite-elektrofahrrad-mit-7-gang-getriebe-pedelec-citybike-ebike-fur-erwachsene\/"},"modified":"2026-04-18T17:26:08","modified_gmt":"2026-04-18T17:26:08","slug":"eleglide-t2-e-bike-27-5-trekkingrad-e-bike-herren-damen-mit-hydraulische-scheibenbremsen-36v-13ah-akku-100km-reichweite-elektrofahrrad-mit-7-gang-getriebe-pedelec-citybike-ebike-fur-erwachsene","status":"publish","type":"product","link":"https:\/\/sportaxe.shop\/en\/product\/eleglide-t2-e-bike-27-5-trekkingrad-e-bike-herren-damen-mit-hydraulische-scheibenbremsen-36v-13ah-akku-100km-reichweite-elektrofahrrad-mit-7-gang-getriebe-pedelec-citybike-ebike-fur-erwachsene\/","title":{"rendered":"Eleglide T2 E-Bike Trekking 27,5&#8243;, 36V 13Ah Akku, 100km Reichweite, 7 G\u00e4nge, hydraulische Scheibenbremsen, Pedelec, f\u00fcr Herren &#038; Damen"},"content":{"rendered":"<p><strong>Product Overview<\/strong><\/p>\n<ul>\n<li>\n<strong>Fahrradtyp:<\/strong> Pedelec<\/li>\n<li>\n<strong>Altersspektrum (Beschreibung):<\/strong> Erwachsener<\/li>\n<li>\n<strong>Marke:<\/strong> Eleglide<\/li>\n<li>\n<strong>Anzahl der G\u00e4nge:<\/strong> 7<\/li>\n<li>\n<strong>Farbe:<\/strong> dunkelgrau<\/li>\n<li>\n<strong>Radgr\u00f6\u00dfe:<\/strong> 27,5 Zoll<\/li>\n<li>\n<strong>Rahmenmaterial:<\/strong> STL<\/li>\n<li>\n<strong>Aufh\u00e4ngungstyp:<\/strong> Gabelfederung<\/li>\n<li>\n<strong>Enthaltene Komponenten:<\/strong> Bedienungsanleitung (evtl. nicht in deutscher Sprache)<\/li>\n<li>\n<strong>Gr\u00f6\u00dfe:<\/strong> Einheitsgr\u00f6\u00dfe<\/li>\n<\/ul>\n<p><strong>Product Features<\/strong><\/p>\n<ul>\n<li>\u3010Verbessertes Sicherheitsdesign\u3011Das E-Bike T2 ist mit hochwertigen hydraulischen Scheibenbremsen ausgestattet, die f\u00fcr bessere Kontrolle, erh\u00f6hten Bremsdruck und eine reaktionsschnellere Antwort sorgen und eine um 30 % k\u00fcrzere Bremsstrecke im Vergleich zu herk\u00f6mmlichen mechanischen Bremsen erm\u00f6glichen. Das versiegelte Hydrauliksystem ist weniger anf\u00e4llig f\u00fcr Verunreinigungen, Verschlei\u00df oder Besch\u00e4digungen, was eine l\u00e4ngere Lebensdauer und minimale Wartung gew\u00e4hrleistet. Mit seinem StVZO-zertifizierten Beleuchtungssystem, das den strengen Normen der deutschen Stra\u00dfenverkehrsordnung entspricht, sorgt das T2 f\u00fcr eine sicherere Nachtfahrt, indem es die Sichtbarkeit ohne Blendung optimiert.<\/li>\n<li>\u3010Lange und leistungsstarke Akkulaufzeit\u3011Mit seinem austauschbaren 486 Wh (36 V 13 Ah) Lithium-Ionen-Akku legt das Eleglide T2 Urban E-Bike f\u00fcr Erwachsene m\u00fchelos 100 km (62 Meilen) im Unterst\u00fctzungsmodus pro Ladung zur\u00fcck und beseitigt die Reichweitenangst. Sein integriertes Design, das \u00e4sthetischer ist, sch\u00fctzt den Akku besser vor Spritzern. Sein leistungsstarker b\u00fcrstenloser Motor liefert ein Drehmoment von 45 Nm, eine maximale Leistung von 250 W und eine Spitzengeschwindigkeit von 25 km\/h, was das Ansteigen und Beschleunigen erleichtert. Dank eines pr\u00e4zisen Kadenzsensors \u00fcbertragen die Pedale 12-mal pro Umdrehung Signale f\u00fcr eine verz\u00f6gerungsfreie, angepasste Unterst\u00fctzung und bieten so eine extrem fl\u00fcssige Fahrt.<\/li>\n<li>\u3010Optimaler ergonomischer Komfort\u3011Die robuste Federgabel reduziert Vibrationen auf unebenem Gel\u00e4nde erheblich, verbessert die Stabilit\u00e4t und Man\u00f6vrierf\u00e4higkeit und absorbiert effektiv St\u00f6\u00dfe f\u00fcr mehr Komfort und Weichheit. Die Verriegelungsfunktion erm\u00f6glicht es, die Federung zu sperren\/entsperren, um die Effizienz f\u00fcr alle Gel\u00e4ndearten anzupassen. Mit einer verstellbaren Gabel und einem verstellbaren Sattel passen Sie die H\u00f6he des Lenkers und des Sitzes f\u00fcr eine ideale Fahrposition an. Sein ergonomisch gebogener Lenker sorgt f\u00fcr lange und erm\u00fcdungsfreie Fahrten.<\/li>\n<li>\u3010Fl\u00fcssiges und spielerisches Fahren\u3011Ausgestattet mit einer professionellen 7-Gang-Schaltung, bietet Ihnen das elektrische T2-Fahrrad f\u00fcr Erwachsene die Freiheit, verschiedene Geschwindigkeiten zu variieren und die Stra\u00dfen m\u00fchelos zu meistern. Seine 27,5 x 2,1 Zoll pneumatischen Gummireifen garantieren eine stabile und geschmeidige Fahrt auf jedem Gel\u00e4nde. Erleben Sie ein schnelles und angenehmes Erlebnis mit dem T2.<\/li>\n<li>\u3010Intelligente Steuerung durch LCD-Display\u3011Das E-Bike T2 verf\u00fcgt \u00fcber ein intelligentes LCD-Display, das in Echtzeit Ihre Geschwindigkeit, zur\u00fcckgelegte Strecke, Batteriestand anzeigt und die Auswahl zwischen 5 Pedalassistenten-Modi (12, 15, 18, 21 und 25 km\/h) oder die Aktivierung eines 6 km\/h-Gehmodus erm\u00f6glicht.<\/li>\n<\/ul>\n<p><strong>Product Information<\/strong><\/p>\n<ul>\n<table style=\"margin-bottom:20px\">\n<tbody>\n<tr>\n<td><strong>Fahrradtyp<\/strong><\/td>\n<td>Pedelec<\/td>\n<\/tr>\n<tr>\n<td><strong>Anzahl G\u00e4nge<\/strong><\/td>\n<td>7<\/td>\n<\/tr>\n<tr>\n<td><strong>Federungstyp<\/strong><\/td>\n<td>Gabelfederung<\/td>\n<\/tr>\n<tr>\n<td><strong>Bremsenart<\/strong><\/td>\n<td>Hydraulische Scheibenbremsen und automatische Abschaltung<\/td>\n<\/tr>\n<tr>\n<td><strong>Spezifische Verwendung f\u00fcr Produkt<\/strong><\/td>\n<td>Urbana, Offroad<\/td>\n<\/tr>\n<tr>\n<td><strong>Betriebsart<\/strong><\/td>\n<td>elektrisch<\/td>\n<\/tr>\n<tr>\n<td><strong>Kapazit\u00e4t Lithium-Akku<\/strong><\/td>\n<td>486 Wattstunden<\/td>\n<\/tr>\n<tr>\n<td><strong>Typ des Fahrradschalthebels<\/strong><\/td>\n<td>Trigger<\/td>\n<\/tr>\n<tr>\n<td><strong>Konfiguration der Kettenschaltung<\/strong><\/td>\n<td>R\u00fcckseite<\/td>\n<\/tr>\n<tr>\n<td><strong>Antriebsart des Fahrrads<\/strong><\/td>\n<td>Hub Drive<\/td>\n<\/tr>\n<tr>\n<td><strong>Art der elektrischen Unterst\u00fctzung<\/strong><\/td>\n<td>pedelec<\/td>\n<\/tr>\n<tr>\n<td><strong>Farbe<\/strong><\/td>\n<td>dunkelgrau<\/td>\n<\/tr>\n<tr>\n<td><strong>Rahmenmaterialtyp<\/strong><\/td>\n<td>STL<\/td>\n<\/tr>\n<tr>\n<td><strong>Radmaterial<\/strong><\/td>\n<td>Aluminium<\/td>\n<\/tr>\n<tr>\n<td><strong>Altersgruppe Beschreibung<\/strong><\/td>\n<td>Erwachsener<\/td>\n<\/tr>\n<tr>\n<td><strong>Marke<\/strong><\/td>\n<td>Eleglide<\/td>\n<\/tr>\n<tr>\n<td><strong>Eingeschlossene Komponenten<\/strong><\/td>\n<td>Bedienungsanleitung (evtl. nicht in deutscher Sprache)<\/td>\n<\/tr>\n<tr>\n<td><strong>Modellnummer<\/strong><\/td>\n<td>T2<\/td>\n<\/tr>\n<tr>\n<td><strong>Modellname<\/strong><\/td>\n<td>T2<\/td>\n<\/tr>\n<tr>\n<td><strong>Hersteller<\/strong><\/td>\n<td>Eleglide<\/td>\n<\/tr>\n<tr>\n<td><strong>Amazon Bestseller-Rang<\/strong><\/td>\n<td><\/td>\n<\/tr>\n<tr>\n<td><strong>ASIN<\/strong><\/td>\n<td>B0F3DCVHNW<\/td>\n<\/tr>\n<tr>\n<td><strong>Durchschnittliche Kundenbewertung<\/strong><\/td>\n<td><\/td>\n<\/tr>\n<tr>\n<td><strong>Reifengr\u00f6\u00dfe<\/strong><\/td>\n<td>27,5 Zoll<\/td>\n<\/tr>\n<tr>\n<td><strong>Gr\u00f6\u00dfe<\/strong><\/td>\n<td>Einheitsgr\u00f6\u00dfe<\/td>\n<\/tr>\n<tr>\n<td><strong>Art der Garantie<\/strong><\/td>\n<td>Beschr\u00e4nkt<\/td>\n<\/tr>\n<tr>\n<td><strong>Mindestbenutzerh\u00f6he<\/strong><\/td>\n<td>160 Zentimeter<\/td>\n<\/tr>\n<\/tbody>\n<\/table>\n<\/ul>","protected":false},"excerpt":{"rendered":"<p>Product Overview Fahrradtyp: Pedelec Altersspektrum (Beschreibung): Erwachsener Marke: Eleglide Anzahl der G\u00e4nge: 7 Farbe: dunkelgrau Radgr\u00f6\u00dfe: 27,5 Zoll Rahmenmaterial: STL<\/p>","protected":false},"featured_media":32305,"comment_status":"open","ping_status":"closed","template":"","meta":[],"product_brand":[],"product_cat":[150,151,152],"product_tag":[],"class_list":{"0":"post-32107","1":"product","2":"type-product","3":"status-publish","4":"has-post-thumbnail","6":"product_cat-collection-1","7":"product_cat-collection-2","8":"product_cat-startseite","10":"first","11":"instock","12":"sale","13":"shipping-taxable","14":"purchasable","15":"product-type-simple"},"jetpack_sharing_enabled":true,"_links":{"self":[{"href":"https:\/\/sportaxe.shop\/en\/wp-json\/wp\/v2\/product\/32107","targetHints":{"allow":["GET"]}}],"collection":[{"href":"https:\/\/sportaxe.shop\/en\/wp-json\/wp\/v2\/product"}],"about":[{"href":"https:\/\/sportaxe.shop\/en\/wp-json\/wp\/v2\/types\/product"}],"replies":[{"embeddable":true,"href":"https:\/\/sportaxe.shop\/en\/wp-json\/wp\/v2\/comments?post=32107"}],"version-history":[{"count":0,"href":"https:\/\/sportaxe.shop\/en\/wp-json\/wp\/v2\/product\/32107\/revisions"}],"wp:featuredmedia":[{"embeddable":true,"href":"https:\/\/sportaxe.shop\/en\/wp-json\/wp\/v2\/media\/32305"}],"wp:attachment":[{"href":"https:\/\/sportaxe.shop\/en\/wp-json\/wp\/v2\/media?parent=32107"}],"wp:term":[{"taxonomy":"product_brand","embeddable":true,"href":"https:\/\/sportaxe.shop\/en\/wp-json\/wp\/v2\/product_brand?post=32107"},{"taxonomy":"product_cat","embeddable":true,"href":"https:\/\/sportaxe.shop\/en\/wp-json\/wp\/v2\/product_cat?post=32107"},{"taxonomy":"product_tag","embeddable":true,"href":"https:\/\/sportaxe.shop\/en\/wp-json\/wp\/v2\/product_tag?post=32107"}],"curies":[{"name":"wp","href":"https:\/\/api.w.org\/{rel}","templated":true}]}}