{"id":32104,"date":"2026-04-18T17:26:08","date_gmt":"2026-04-18T17:26:08","guid":{"rendered":"https:\/\/sportaxe.shop\/product\/eleglide-e-bike-e-bike-herren-damen-mit-250w-motor-10ah-akku-offroad-e-mountainbike-7-gange-elektrofahrrad-fur-berge-und-pendeln-multifunktional-hochstgeschwindigkeit-25km-h-35-km-reichweite\/"},"modified":"2026-04-18T17:26:09","modified_gmt":"2026-04-18T17:26:09","slug":"eleglide-e-bike-e-bike-herren-damen-mit-250w-motor-10ah-akku-offroad-e-mountainbike-7-gange-elektrofahrrad-fur-berge-und-pendeln-multifunktional-hochstgeschwindigkeit-25km-h-35-km-reichweite","status":"publish","type":"product","link":"https:\/\/sportaxe.shop\/en\/product\/eleglide-e-bike-e-bike-herren-damen-mit-250w-motor-10ah-akku-offroad-e-mountainbike-7-gange-elektrofahrrad-fur-berge-und-pendeln-multifunktional-hochstgeschwindigkeit-25km-h-35-km-reichweite\/","title":{"rendered":"Eleglide E-Bike MTB 250W, 10Ah Akku, 35km Reichweite, 7 G\u00e4nge, 25km\/h, Offroad, f\u00fcr Herren &#038; Damen"},"content":{"rendered":"<div id=\"productDescription\" class=\"a-section a-spacing-small\">       <!-- show up to 2 reviews by default -->\n           <\/div>\n<p><strong>Product Overview<\/strong><\/p>\n<ul>\n<li>\n<strong>Fahrradtyp:<\/strong> Pedelec<\/li>\n<li>\n<strong>Altersspektrum (Beschreibung):<\/strong> Erwachsener<\/li>\n<li>\n<strong>Marke:<\/strong> Eleglide<\/li>\n<li>\n<strong>Anzahl der G\u00e4nge:<\/strong> 7<\/li>\n<li>\n<strong>Farbe:<\/strong> Dark green<\/li>\n<li>\n<strong>Radgr\u00f6\u00dfe:<\/strong> 26 Zoll<\/li>\n<li>\n<strong>Aufh\u00e4ngungstyp:<\/strong> Gabelfederung<\/li>\n<li>\n<strong>Besonderes Merkmal:<\/strong> Dauerhaft, Multi-Speed<\/li>\n<li>\n<strong>Enthaltene Komponenten:<\/strong> Bedienungsanleitung, Kurzanleitung, Ladeger\u00e4t<\/li>\n<li>\n<strong>Gr\u00f6\u00dfe:<\/strong> 26&#8243;<\/li>\n<\/ul>\n<p><strong>Product Features<\/strong><\/p>\n<ul>\n<li>Langstrecken-Akku 10Ah: E bike Der integrierte 10Ah Lithium-Akku erm\u00f6glicht eine Reichweite von 30\u201335 km. Ideal f\u00fcr t\u00e4gliche Pendelfahrten. Perfekt f\u00fcr e bike damen oder ebike herren<\/li>\n<li>Leiser 250W Motor Und 7-Gang System: Der leise 250W Motor unterst\u00fctzt sanft bis zu 25 km\/h. Das 7-Gang Schaltsystem erm\u00f6glicht komfortables Fahren in der Stadt und auf leichten Steigungen<\/li>\n<li>Ebike Funktionelles Display: Klare Anzeige von Geschwindigkeit, Akkustand und Fahrmodus mit Regenschutzfunktion<\/li>\n<li>E-bike Komfort Und 26-Zoll Reifen: Vollaluminium Federgabel reduziert Ersch\u00fctterungen, 26-Zoll-Reifen bieten sicheren Grip auf Stadtstra\u00dfen<\/li>\n<li>Stabil Und Schnell montiert\uff1aElektrofahrr\u00e4der Robuster Stahlrahmen tr\u00e4gt bis zu 150 kg, der verstellbare Sitz passt f\u00fcr Fahrer zwischen 155\u2013185 cm. 85 % vormontiert<\/li>\n<\/ul>\n<p><strong>Product Information<\/strong><\/p>\n<ul>\n<table style=\"margin-bottom:20px\">\n<tbody>\n<tr>\n<td><strong>Fahrradtyp<\/strong><\/td>\n<td>Pedelec<\/td>\n<\/tr>\n<tr>\n<td><strong>Anzahl G\u00e4nge<\/strong><\/td>\n<td>7<\/td>\n<\/tr>\n<tr>\n<td><strong>Federungstyp<\/strong><\/td>\n<td>Gabelfederung<\/td>\n<\/tr>\n<tr>\n<td><strong>Besondere Merkmale<\/strong><\/td>\n<td>Dauerhaft, Multi-Speed<\/td>\n<\/tr>\n<tr>\n<td><strong>Bremsenart<\/strong><\/td>\n<td>Felgenbremse<\/td>\n<\/tr>\n<tr>\n<td><strong>Spezifische Verwendung f\u00fcr Produkt<\/strong><\/td>\n<td>Trail<\/td>\n<\/tr>\n<tr>\n<td><strong>Betriebsart<\/strong><\/td>\n<td>Elektrischer Motor<\/td>\n<\/tr>\n<tr>\n<td><strong>Kapazit\u00e4t Lithium-Akku<\/strong><\/td>\n<td>468 Milliamperestunde (mAh)<\/td>\n<\/tr>\n<tr>\n<td><strong>Typ des Fahrradschalthebels<\/strong><\/td>\n<td>Trigger<\/td>\n<\/tr>\n<tr>\n<td><strong>Konfiguration der Kettenschaltung<\/strong><\/td>\n<td>R\u00fcckseite<\/td>\n<\/tr>\n<tr>\n<td><strong>Antriebsart des Fahrrads<\/strong><\/td>\n<td>Kettenantrieb<\/td>\n<\/tr>\n<tr>\n<td><strong>Art der elektrischen Unterst\u00fctzung<\/strong><\/td>\n<td>Nabenmotor<\/td>\n<\/tr>\n<tr>\n<td><strong>Farbe<\/strong><\/td>\n<td>Dark green<\/td>\n<\/tr>\n<tr>\n<td><strong>Reifengr\u00f6\u00dfe<\/strong><\/td>\n<td>26 Zoll<\/td>\n<\/tr>\n<tr>\n<td><strong>Gr\u00f6\u00dfe<\/strong><\/td>\n<td>26&#8243;<\/td>\n<\/tr>\n<tr>\n<td><strong>Altersgruppe Beschreibung<\/strong><\/td>\n<td>Erwachsener<\/td>\n<\/tr>\n<tr>\n<td><strong>Marke<\/strong><\/td>\n<td>Eleglide<\/td>\n<\/tr>\n<tr>\n<td><strong>Eingeschlossene Komponenten<\/strong><\/td>\n<td>Bedienungsanleitung, Kurzanleitung, Ladeger\u00e4t<\/td>\n<\/tr>\n<tr>\n<td><strong>Modellnummer<\/strong><\/td>\n<td>GT-300-26-03<\/td>\n<\/tr>\n<tr>\n<td><strong>Modellname<\/strong><\/td>\n<td>Ebike-26&#8243;<\/td>\n<\/tr>\n<tr>\n<td><strong>Herkunftsland<\/strong><\/td>\n<td>China<\/td>\n<\/tr>\n<tr>\n<td><strong>UPC<\/strong><\/td>\n<td>741713307153<\/td>\n<\/tr>\n<tr>\n<td><strong>Hersteller<\/strong><\/td>\n<td>Eleglide<\/td>\n<\/tr>\n<tr>\n<td><strong>Artikeltyp Name<\/strong><\/td>\n<td>Ebike-26&#8243;<\/td>\n<\/tr>\n<tr>\n<td><strong>Garantie<\/strong><\/td>\n<td>Garantie des Verk\u00e4ufers<\/td>\n<\/tr>\n<tr>\n<td><strong>Amazon Bestseller-Rang<\/strong><\/td>\n<td><\/td>\n<\/tr>\n<tr>\n<td><strong>ASIN<\/strong><\/td>\n<td>B0GHXMR6DQ<\/td>\n<\/tr>\n<tr>\n<td><strong>Durchschnittliche Kundenbewertung<\/strong><\/td>\n<td><\/td>\n<\/tr>\n<tr>\n<td><strong>Radmaterial<\/strong><\/td>\n<td>Gummi<\/td>\n<\/tr>\n<tr>\n<td><strong>Empfohlenes Maximalgewicht<\/strong><\/td>\n<td>150 Kilogramm<\/td>\n<\/tr>\n<tr>\n<td><strong>Montage erforderlich<\/strong><\/td>\n<td>Ja<\/td>\n<\/tr>\n<tr>\n<td><strong>Mindestbenutzerh\u00f6he<\/strong><\/td>\n<td>155 Zentimeter<\/td>\n<\/tr>\n<\/tbody>\n<\/table>\n<\/ul>","protected":false},"excerpt":{"rendered":"<p>Product Overview Fahrradtyp: Pedelec Altersspektrum (Beschreibung): Erwachsener Marke: Eleglide Anzahl der G\u00e4nge: 7 Farbe: Dark green Radgr\u00f6\u00dfe: 26 Zoll Aufh\u00e4ngungstyp:<\/p>","protected":false},"featured_media":32297,"comment_status":"open","ping_status":"closed","template":"","meta":[],"product_brand":[],"product_cat":[150,151,152],"product_tag":[],"class_list":{"0":"post-32104","1":"product","2":"type-product","3":"status-publish","4":"has-post-thumbnail","6":"product_cat-collection-1","7":"product_cat-collection-2","8":"product_cat-startseite","10":"first","11":"instock","12":"sale","13":"shipping-taxable","14":"purchasable","15":"product-type-variable"},"jetpack_sharing_enabled":true,"_links":{"self":[{"href":"https:\/\/sportaxe.shop\/en\/wp-json\/wp\/v2\/product\/32104","targetHints":{"allow":["GET"]}}],"collection":[{"href":"https:\/\/sportaxe.shop\/en\/wp-json\/wp\/v2\/product"}],"about":[{"href":"https:\/\/sportaxe.shop\/en\/wp-json\/wp\/v2\/types\/product"}],"replies":[{"embeddable":true,"href":"https:\/\/sportaxe.shop\/en\/wp-json\/wp\/v2\/comments?post=32104"}],"version-history":[{"count":0,"href":"https:\/\/sportaxe.shop\/en\/wp-json\/wp\/v2\/product\/32104\/revisions"}],"wp:featuredmedia":[{"embeddable":true,"href":"https:\/\/sportaxe.shop\/en\/wp-json\/wp\/v2\/media\/32297"}],"wp:attachment":[{"href":"https:\/\/sportaxe.shop\/en\/wp-json\/wp\/v2\/media?parent=32104"}],"wp:term":[{"taxonomy":"product_brand","embeddable":true,"href":"https:\/\/sportaxe.shop\/en\/wp-json\/wp\/v2\/product_brand?post=32104"},{"taxonomy":"product_cat","embeddable":true,"href":"https:\/\/sportaxe.shop\/en\/wp-json\/wp\/v2\/product_cat?post=32104"},{"taxonomy":"product_tag","embeddable":true,"href":"https:\/\/sportaxe.shop\/en\/wp-json\/wp\/v2\/product_tag?post=32104"}],"curies":[{"name":"wp","href":"https:\/\/api.w.org\/{rel}","templated":true}]}}