{"id":32099,"date":"2026-04-18T17:26:07","date_gmt":"2026-04-18T17:26:07","guid":{"rendered":"https:\/\/sportaxe.shop\/product\/elektrofahrrad-e-bike-trekkingrad-e-cityrad-36v-12-5ah-li-ion-akku-mountainbike-pendlerfahrrad-lcd-display-reichweite-bis-100km-eu-konform-mit-app\/"},"modified":"2026-04-18T17:26:09","modified_gmt":"2026-04-18T17:26:09","slug":"elektrofahrrad-e-bike-trekkingrad-e-cityrad-36v-12-5ah-li-ion-akku-mountainbike-pendlerfahrrad-lcd-display-reichweite-bis-100km-eu-konform-mit-app","status":"publish","type":"product","link":"https:\/\/sportaxe.shop\/en\/product\/elektrofahrrad-e-bike-trekkingrad-e-cityrad-36v-12-5ah-li-ion-akku-mountainbike-pendlerfahrrad-lcd-display-reichweite-bis-100km-eu-konform-mit-app\/","title":{"rendered":"E-Bike Trekking &#038; City, 36V 12,5Ah Akku, 100km Reichweite, LCD-Display, APP, EU-konform, Mountainbike &#038; Pendler"},"content":{"rendered":"<p><strong>Product Overview<\/strong><\/p>\n<ul>\n<li>\n<strong>Fahrradtyp:<\/strong> Mountainbike<\/li>\n<li>\n<strong>Altersspektrum (Beschreibung):<\/strong> Erwachsener<\/li>\n<li>\n<strong>Marke:<\/strong> Qekud<\/li>\n<li>\n<strong>Anzahl der G\u00e4nge:<\/strong> 7<\/li>\n<li>\n<strong>Farbe:<\/strong> Grau<\/li>\n<li>\n<strong>Radgr\u00f6\u00dfe:<\/strong> 26 Zoll<\/li>\n<li>\n<strong>Rahmenmaterial:<\/strong> Aluminium<\/li>\n<li>\n<strong>Aufh\u00e4ngungstyp:<\/strong> Gabelfederung<\/li>\n<li>\n<strong>Besonderes Merkmal:<\/strong> Wiederaufladbar<\/li>\n<li>\n<strong>Enthaltene Komponenten:<\/strong> Fahrradst\u00e4nder, Gep\u00e4cktr\u00e4ger, Horn, Werkzeugsatz<\/li>\n<\/ul>\n<p><strong>Product Features<\/strong><\/p>\n<ul>\n<li>&#x1f4af;\u3010Effizienter und leistungsstarker 26 Zoll Elektrofahrrad\u3011Dieses 26M208 E-Mountainbike f\u00fcr Damen wird von einem Hochgeschwindigkeitsmotor angetrieben. Dieses elektrofahrrad ist auch mit einem herausnehmbaren 36V12.5Ah eingebauten Akku ausgestattet, der mit einer einzigen Ladung bis zu 30-65KM fahren kann, was Ihnen eine gro\u00dfe Reichweite und viel Energie f\u00fcr Ihren t\u00e4glichen Pendelverkehr, den Weg zur und von der Schule.<\/li>\n<li>&#x1f4f6;\u3010Einstellbare Funktionen e bike\u3011:Das E-Bike 26M208 f\u00fcr Damen und Herren ist ein echter Blickfang! kann der Benutzer den Abstand zwischen Lenker und Sitz entsprechend seiner K\u00f6rpergr\u00f6\u00dfe anpassen, um eine bequeme Fahrt zu gew\u00e4hrleisten. Dieses Design erm\u00f6glicht es auch Fahrern zwischen 1,55 und 1,90 m K\u00f6rpergr\u00f6\u00dfe, ihr E-Bike problemlos auf die f\u00fcr sie passende H\u00f6he einzustellen. Fahrspa\u00df im urbanen Dschungel und auf der Offroad-Piste.<\/li>\n<li>&#x1f6b2;\u3010Leistungsstarkes Energiesystem Elektrofahrr\u00e4der\u3011: Unser Elektrofahrrad verwendet ein b\u00fcrstenloses Antriebssystem, um die Leistungsnutzung des Motors zu verbessern. Mit dem eingebauten, herausnehmbaren 12.5-Ah-Akku betr\u00e4gt die Reichweite nach einer vollst\u00e4ndigen Aufladung in 4\u20135 Stunden ca. 100 Meilen. Minimale Betriebstemperatur -30 \u00b0C, unterst\u00fctzt 3000-maliges Laden und Entladen, kann die Akkukapazit\u00e4t innerhalb von zwei Jahren auf >80 % halten.<\/li>\n<li>&#x23e9;\u3010Einfache Steuerung und Scheibenbremse\u3011 Herausforderndes Gel\u00e4nde? Premium-Reifen und atmungsaktiver Sportsattel machen es zum Kinderspiel! Mit der 7-Gang Schaltung schalten Sie m\u00fchelos h\u00f6her. Das kompakte Kraftpaket ist leicht abnehmbar und einfach aufladbar!Das 26M208 kann \u00fcber den Bordcomputer mit LCD-Color-Display und per App gesteuert werden. Verbinden Sie Ihr Smartphone per Bluetooth und behalten Sie Akkustand, Distanz, Geschwindigkeit und Tretunterst\u00fctzung im Blick.<\/li>\n<li>&#x1f4e8;\u3010Einfach zu installieren\u3011 L\u00f6sungen werden schnell durch das Support-Team zur Verf\u00fcgung gestellt werden! Jedes Elektrofahrrad wurde vor dem Versand gepr\u00fcft.Die E-Bikes sind zu 85% vormontiert. Sie brauchen es nur gem\u00e4\u00df der Anleitung zusammenzubauen. Bitte \u00fcberpr\u00fcfen Sie die Schrauben vor der Fahrt.<\/li>\n<\/ul>\n<p><strong>Product Information<\/strong><\/p>\n<ul>\n<table style=\"margin-bottom:20px\">\n<tbody>\n<tr>\n<td><strong>Fahrradtyp<\/strong><\/td>\n<td>Mountainbike<\/td>\n<\/tr>\n<tr>\n<td><strong>Anzahl G\u00e4nge<\/strong><\/td>\n<td>7<\/td>\n<\/tr>\n<tr>\n<td><strong>Federungstyp<\/strong><\/td>\n<td>Gabelfederung<\/td>\n<\/tr>\n<tr>\n<td><strong>Besondere Merkmale<\/strong><\/td>\n<td>Wiederaufladbar<\/td>\n<\/tr>\n<tr>\n<td><strong>Bremsenart<\/strong><\/td>\n<td>Scheibenbremse<\/td>\n<\/tr>\n<tr>\n<td><strong>Spezifische Verwendung f\u00fcr Produkt<\/strong><\/td>\n<td>Gel\u00e4nde, Berge, Pendeln<\/td>\n<\/tr>\n<tr>\n<td><strong>Betriebsart<\/strong><\/td>\n<td>Elektrischer Motor<\/td>\n<\/tr>\n<tr>\n<td><strong>Kapazit\u00e4t Lithium-Akku<\/strong><\/td>\n<td>12500 Milliamperestunde (mAh)<\/td>\n<\/tr>\n<tr>\n<td><strong>Typ des Fahrradschalthebels<\/strong><\/td>\n<td>Trigger<\/td>\n<\/tr>\n<tr>\n<td><strong>Konfiguration der Kettenschaltung<\/strong><\/td>\n<td>R\u00fcckseite<\/td>\n<\/tr>\n<tr>\n<td><strong>Antriebsart des Fahrrads<\/strong><\/td>\n<td>Ketttenantrieb<\/td>\n<\/tr>\n<tr>\n<td><strong>Art der elektrischen Unterst\u00fctzung<\/strong><\/td>\n<td>pedal assist<\/td>\n<\/tr>\n<tr>\n<td><strong>Farbe<\/strong><\/td>\n<td>Grau<\/td>\n<\/tr>\n<tr>\n<td><strong>Rahmenmaterialtyp<\/strong><\/td>\n<td>Aluminium<\/td>\n<\/tr>\n<tr>\n<td><strong>Radmaterial<\/strong><\/td>\n<td>Aluminium<\/td>\n<\/tr>\n<tr>\n<td><strong>Art der Garantie<\/strong><\/td>\n<td>Beschr\u00e4nkt<\/td>\n<\/tr>\n<tr>\n<td><strong>Empfohlenes Maximalgewicht<\/strong><\/td>\n<td>120 Kilogramm<\/td>\n<\/tr>\n<tr>\n<td><strong>Montage erforderlich<\/strong><\/td>\n<td>Ja<\/td>\n<\/tr>\n<tr>\n<td><strong>Mindestbenutzerh\u00f6he<\/strong><\/td>\n<td>155 Zentimeter<\/td>\n<\/tr>\n<tr>\n<td><strong>Altersgruppe Beschreibung<\/strong><\/td>\n<td>Erwachsener<\/td>\n<\/tr>\n<tr>\n<td><strong>Marke<\/strong><\/td>\n<td>Qekud<\/td>\n<\/tr>\n<tr>\n<td><strong>Eingeschlossene Komponenten<\/strong><\/td>\n<td>Fahrradst\u00e4nder, Gep\u00e4cktr\u00e4ger, Horn, Werkzeugsatz<\/td>\n<\/tr>\n<tr>\n<td><strong>Modellnummer<\/strong><\/td>\n<td>26M208<\/td>\n<\/tr>\n<tr>\n<td><strong>Modellname<\/strong><\/td>\n<td>26m208<\/td>\n<\/tr>\n<tr>\n<td><strong>Hersteller<\/strong><\/td>\n<td>Qekud<\/td>\n<\/tr>\n<tr>\n<td><strong>Artikeltyp Name<\/strong><\/td>\n<td>Elektrofahrrad<\/td>\n<\/tr>\n<tr>\n<td><strong>Garantie<\/strong><\/td>\n<td>2 Jahre<\/td>\n<\/tr>\n<tr>\n<td><strong>Amazon Bestseller-Rang<\/strong><\/td>\n<td><\/td>\n<\/tr>\n<tr>\n<td><strong>ASIN<\/strong><\/td>\n<td>B0D4DV2F4B<\/td>\n<\/tr>\n<tr>\n<td><strong>Durchschnittliche Kundenbewertung<\/strong><\/td>\n<td><\/td>\n<\/tr>\n<tr>\n<td><strong>Reifengr\u00f6\u00dfe<\/strong><\/td>\n<td>26 Zoll<\/td>\n<\/tr>\n<tr>\n<td><strong>Gr\u00f6\u00dfe<\/strong><\/td>\n<td>26 Zoll<\/td>\n<\/tr>\n<tr>\n<td><strong>Artikelgewicht<\/strong><\/td>\n<td>30 Kilogramm<\/td>\n<\/tr>\n<\/tbody>\n<\/table>\n<\/ul>","protected":false},"excerpt":{"rendered":"<p>Product Overview Fahrradtyp: Mountainbike Altersspektrum (Beschreibung): Erwachsener Marke: Qekud Anzahl der G\u00e4nge: 7 Farbe: Grau Radgr\u00f6\u00dfe: 26 Zoll Rahmenmaterial: Aluminium<\/p>","protected":false},"featured_media":32284,"comment_status":"open","ping_status":"closed","template":"","meta":[],"product_brand":[],"product_cat":[150,151,152],"product_tag":[],"class_list":{"0":"post-32099","1":"product","2":"type-product","3":"status-publish","4":"has-post-thumbnail","6":"product_cat-collection-1","7":"product_cat-collection-2","8":"product_cat-startseite","10":"first","11":"instock","12":"sale","13":"shipping-taxable","14":"purchasable","15":"product-type-variable"},"jetpack_sharing_enabled":true,"_links":{"self":[{"href":"https:\/\/sportaxe.shop\/en\/wp-json\/wp\/v2\/product\/32099","targetHints":{"allow":["GET"]}}],"collection":[{"href":"https:\/\/sportaxe.shop\/en\/wp-json\/wp\/v2\/product"}],"about":[{"href":"https:\/\/sportaxe.shop\/en\/wp-json\/wp\/v2\/types\/product"}],"replies":[{"embeddable":true,"href":"https:\/\/sportaxe.shop\/en\/wp-json\/wp\/v2\/comments?post=32099"}],"version-history":[{"count":0,"href":"https:\/\/sportaxe.shop\/en\/wp-json\/wp\/v2\/product\/32099\/revisions"}],"wp:featuredmedia":[{"embeddable":true,"href":"https:\/\/sportaxe.shop\/en\/wp-json\/wp\/v2\/media\/32284"}],"wp:attachment":[{"href":"https:\/\/sportaxe.shop\/en\/wp-json\/wp\/v2\/media?parent=32099"}],"wp:term":[{"taxonomy":"product_brand","embeddable":true,"href":"https:\/\/sportaxe.shop\/en\/wp-json\/wp\/v2\/product_brand?post=32099"},{"taxonomy":"product_cat","embeddable":true,"href":"https:\/\/sportaxe.shop\/en\/wp-json\/wp\/v2\/product_cat?post=32099"},{"taxonomy":"product_tag","embeddable":true,"href":"https:\/\/sportaxe.shop\/en\/wp-json\/wp\/v2\/product_tag?post=32099"}],"curies":[{"name":"wp","href":"https:\/\/api.w.org\/{rel}","templated":true}]}}