{"id":32092,"date":"2026-04-18T17:26:06","date_gmt":"2026-04-18T17:26:06","guid":{"rendered":"https:\/\/sportaxe.shop\/product\/27-5-e-bike-fur-erwachsene-250w-motor-7-gang-schaltung-wechselbarer-36v-13ah-akku-bis-zu-100km-reichweite-25-km-h-pedelec-fur-damen-herren-ideal-fur-stadt-pendler\/"},"modified":"2026-04-18T17:26:06","modified_gmt":"2026-04-18T17:26:06","slug":"27-5-e-bike-fur-erwachsene-250w-motor-7-gang-schaltung-wechselbarer-36v-13ah-akku-bis-zu-100km-reichweite-25-km-h-pedelec-fur-damen-herren-ideal-fur-stadt-pendler","status":"publish","type":"product","link":"https:\/\/sportaxe.shop\/en\/product\/27-5-e-bike-fur-erwachsene-250w-motor-7-gang-schaltung-wechselbarer-36v-13ah-akku-bis-zu-100km-reichweite-25-km-h-pedelec-fur-damen-herren-ideal-fur-stadt-pendler\/","title":{"rendered":"E-Bike 27,5&#8243;, 250W Motor, 36V 13Ah Wechselakku, 100km Reichweite, 7 G\u00e4nge, 25km\/h, Pedelec, f\u00fcr Damen &#038; Herren"},"content":{"rendered":"<p><strong>Product Overview<\/strong><\/p>\n<ul>\n<li>\n<strong>Fahrradtyp:<\/strong> E-Trekkingbikes<\/li>\n<li>\n<strong>Altersspektrum (Beschreibung):<\/strong> Erwachsener<\/li>\n<li>\n<strong>Marke:<\/strong> Foride<\/li>\n<li>\n<strong>Anzahl der G\u00e4nge:<\/strong> 7<\/li>\n<li>\n<strong>Farbe:<\/strong> Grau<\/li>\n<li>\n<strong>Radgr\u00f6\u00dfe:<\/strong> 27,5 Zoll<\/li>\n<li>\n<strong>Rahmenmaterial:<\/strong> Aluminium<\/li>\n<li>\n<strong>Aufh\u00e4ngungstyp:<\/strong> Federung mit Sperre<\/li>\n<li>\n<strong>Enthaltene Komponenten:<\/strong> <\/li>\n<li>\n<strong>Bremsenart:<\/strong> Scheibenbremse &#038; Handbremse<\/li>\n<\/ul>\n<p><strong>Product Features<\/strong><\/p>\n<ul>\n<li>Bis zu 100 km Reichweite mit wechselbarem Akku \u2013 Genie\u00dfen Sie lange Fahrten ohne Ladestress! Der hochkapazitive 36V 13Ah (468Wh) Lithium-Ionen-Akku ist leicht entnehmbar und erm\u00f6glicht so flexibles Laden an jedem Ort \u2013 ob zu Hause, im B\u00fcro oder unterwegs.<\/li>\n<li>Kraftvoller 250W Motor &#038; 5 Unterst\u00fctzungsstufen \u2013 Der leistungsstarke Hinterradmotor bietet Ihnen die perfekte Unterst\u00fctzung f\u00fcr jede Stadtstrecke. W\u00e4hlen Sie aus 5 intuitiven Unterst\u00fctzungsstufen f\u00fcr ein individuelles Fahrgef\u00fchl bei bis zu 25 km\/h.<\/li>\n<li>Alltagstaugliches Design f\u00fcr maximalen Komfort \u2013 Der praktische Tieftritt-Rahmen erleichtert das Auf- und Absteigen. Kombiniert mit der 7-Gang Schaltung und der verstellbaren Federgabel meistern Sie jede Steigung und Unebenheit m\u00fchelos.<\/li>\n<li>Volle Sicherheit bei Tag und Nacht \u2013 Fahren Sie stets mit gutem Gef\u00fchl: Die zuverl\u00e4ssigen Scheibenbremsen garantieren kurze Bremswege, w\u00e4hrend die vollst\u00e4ndige StVZO-Beleuchtung mit Front- und R\u00fccklicht f\u00fcr beste Sichtbarkeit in der D\u00e4mmerung und bei Nacht sorgt.<\/li>\n<li>Kundenservice inklusive \u2013 Ihr E-Bike ist startklar \u2013 Das Bike kommt 90% vormontiert an. Mit unserer bebilderten Anleitung und dem mehrsprachigen Support-Team ist der Endmontage ein Kinderspiel. Sie erhalten 1 Jahr technischen Support und Zugang zu Ersatzteilen.<\/li>\n<\/ul>\n<p><strong>Product Information<\/strong><\/p>\n<ul>\n<table style=\"margin-bottom:20px\">\n<tbody>\n<tr>\n<td><strong>Fahrradtyp<\/strong><\/td>\n<td>E-Trekkingbikes<\/td>\n<\/tr>\n<tr>\n<td><strong>Anzahl G\u00e4nge<\/strong><\/td>\n<td>7<\/td>\n<\/tr>\n<tr>\n<td><strong>Federungstyp<\/strong><\/td>\n<td>Federung mit Sperre<\/td>\n<\/tr>\n<tr>\n<td><strong>Bremsenart<\/strong><\/td>\n<td>Scheibenbremse &#038; Handbremse<\/td>\n<\/tr>\n<tr>\n<td><strong>Spezifische Verwendung f\u00fcr Produkt<\/strong><\/td>\n<td>Stra\u00dfe<\/td>\n<\/tr>\n<tr>\n<td><strong>Betriebsart<\/strong><\/td>\n<td>Elektrizit\u00e4t<\/td>\n<\/tr>\n<tr>\n<td><strong>Wattleistung<\/strong><\/td>\n<td>250 Watt<\/td>\n<\/tr>\n<tr>\n<td><strong>Kapazit\u00e4t Lithium-Akku<\/strong><\/td>\n<td>468 Wattstunden<\/td>\n<\/tr>\n<tr>\n<td><strong>Typ des Fahrradschalthebels<\/strong><\/td>\n<td>Trigger<\/td>\n<\/tr>\n<tr>\n<td><strong>Konfiguration der Kettenschaltung<\/strong><\/td>\n<td>R\u00fcckseite<\/td>\n<\/tr>\n<tr>\n<td><strong>Antriebsart des Fahrrads<\/strong><\/td>\n<td>Kettenantrieb<\/td>\n<\/tr>\n<tr>\n<td><strong>Art der elektrischen Unterst\u00fctzung<\/strong><\/td>\n<td>Pedalunterst\u00fctzung<\/td>\n<\/tr>\n<tr>\n<td><strong>Reifengr\u00f6\u00dfe<\/strong><\/td>\n<td>27,5 Zoll<\/td>\n<\/tr>\n<tr>\n<td><strong>Radbreite<\/strong><\/td>\n<td>2,1 Zoll<\/td>\n<\/tr>\n<tr>\n<td><strong>Artikelgewicht<\/strong><\/td>\n<td>26 Kilogramm<\/td>\n<\/tr>\n<tr>\n<td><strong>Altersgruppe Beschreibung<\/strong><\/td>\n<td>Erwachsener<\/td>\n<\/tr>\n<tr>\n<td><strong>Marke<\/strong><\/td>\n<td>Foride<\/td>\n<\/tr>\n<tr>\n<td><strong>Eingeschlossene Komponenten<\/strong><\/td>\n<td>1 x Ladeger\u00e4t, 1 x Foride Pedelec, 1 x Bedienungsanleitung, 1 x Werkzeugsatz, 2 x Schl\u00fcssel, 2 x Speichenreflektoren, 2 x Pedale (links und rechts), 1 x Vorderradkotfl\u00fcgel, 1 x Scheinwerfer<\/td>\n<\/tr>\n<tr>\n<td><strong>Modelljahr<\/strong><\/td>\n<td>2025<\/td>\n<\/tr>\n<tr>\n<td><strong>Hersteller<\/strong><\/td>\n<td>Foride<\/td>\n<\/tr>\n<tr>\n<td><strong>Amazon Bestseller-Rang<\/strong><\/td>\n<td><\/td>\n<\/tr>\n<tr>\n<td><strong>ASIN<\/strong><\/td>\n<td>B0G2C53CN2<\/td>\n<\/tr>\n<tr>\n<td><strong>Durchschnittliche Kundenbewertung<\/strong><\/td>\n<td><\/td>\n<\/tr>\n<tr>\n<td><strong>Farbe<\/strong><\/td>\n<td>Grau<\/td>\n<\/tr>\n<tr>\n<td><strong>Rahmenmaterialtyp<\/strong><\/td>\n<td>Aluminium<\/td>\n<\/tr>\n<tr>\n<td><strong>Radmaterial<\/strong><\/td>\n<td>Aluminium<\/td>\n<\/tr>\n<tr>\n<td><strong>Empfohlenes Maximalgewicht<\/strong><\/td>\n<td>120 Kilogramm<\/td>\n<\/tr>\n<tr>\n<td><strong>Montage erforderlich<\/strong><\/td>\n<td>Ja<\/td>\n<\/tr>\n<\/tbody>\n<\/table>\n<\/ul>","protected":false},"excerpt":{"rendered":"<p>Product Overview Fahrradtyp: E-Trekkingbikes Altersspektrum (Beschreibung): Erwachsener Marke: Foride Anzahl der G\u00e4nge: 7 Farbe: Grau Radgr\u00f6\u00dfe: 27,5 Zoll Rahmenmaterial: Aluminium<\/p>","protected":false},"featured_media":32265,"comment_status":"open","ping_status":"closed","template":"","meta":[],"product_brand":[],"product_cat":[150,151,152],"product_tag":[],"class_list":{"0":"post-32092","1":"product","2":"type-product","3":"status-publish","4":"has-post-thumbnail","6":"product_cat-collection-1","7":"product_cat-collection-2","8":"product_cat-startseite","10":"first","11":"instock","12":"sale","13":"shipping-taxable","14":"purchasable","15":"product-type-variable"},"jetpack_sharing_enabled":true,"_links":{"self":[{"href":"https:\/\/sportaxe.shop\/en\/wp-json\/wp\/v2\/product\/32092","targetHints":{"allow":["GET"]}}],"collection":[{"href":"https:\/\/sportaxe.shop\/en\/wp-json\/wp\/v2\/product"}],"about":[{"href":"https:\/\/sportaxe.shop\/en\/wp-json\/wp\/v2\/types\/product"}],"replies":[{"embeddable":true,"href":"https:\/\/sportaxe.shop\/en\/wp-json\/wp\/v2\/comments?post=32092"}],"version-history":[{"count":0,"href":"https:\/\/sportaxe.shop\/en\/wp-json\/wp\/v2\/product\/32092\/revisions"}],"wp:featuredmedia":[{"embeddable":true,"href":"https:\/\/sportaxe.shop\/en\/wp-json\/wp\/v2\/media\/32265"}],"wp:attachment":[{"href":"https:\/\/sportaxe.shop\/en\/wp-json\/wp\/v2\/media?parent=32092"}],"wp:term":[{"taxonomy":"product_brand","embeddable":true,"href":"https:\/\/sportaxe.shop\/en\/wp-json\/wp\/v2\/product_brand?post=32092"},{"taxonomy":"product_cat","embeddable":true,"href":"https:\/\/sportaxe.shop\/en\/wp-json\/wp\/v2\/product_cat?post=32092"},{"taxonomy":"product_tag","embeddable":true,"href":"https:\/\/sportaxe.shop\/en\/wp-json\/wp\/v2\/product_tag?post=32092"}],"curies":[{"name":"wp","href":"https:\/\/api.w.org\/{rel}","templated":true}]}}