{"id":32086,"date":"2026-04-18T17:26:05","date_gmt":"2026-04-18T17:26:05","guid":{"rendered":"https:\/\/sportaxe.shop\/product\/e-bike-damen-herren-26-zoll-27-5-zoll-elektrofahrrad-mit-36v-13ah-li-ion-akku-250w-motor-reichweite-bis-zu-100km-im-hybrid-modell\/"},"modified":"2026-04-18T17:26:06","modified_gmt":"2026-04-18T17:26:06","slug":"e-bike-damen-herren-26-zoll-27-5-zoll-elektrofahrrad-mit-36v-13ah-li-ion-akku-250w-motor-reichweite-bis-zu-100km-im-hybrid-modell","status":"publish","type":"product","link":"https:\/\/sportaxe.shop\/en\/product\/e-bike-damen-herren-26-zoll-27-5-zoll-elektrofahrrad-mit-36v-13ah-li-ion-akku-250w-motor-reichweite-bis-zu-100km-im-hybrid-modell\/","title":{"rendered":"E-Bike 26&#8243;\/27,5&#8243;, 250W Motor, 36V 13Ah Akku, 100km Reichweite, Hybrid-Modus, f\u00fcr Damen &#038; Herren"},"content":{"rendered":"<div id=\"productDescription\" class=\"a-section a-spacing-small\">       <!-- show up to 2 reviews by default -->\n           <\/div>\n<p><strong>Product Overview<\/strong><\/p>\n<ul>\n<li>\n<strong>Altersspektrum (Beschreibung):<\/strong> Erwachsener<\/li>\n<li>\n<strong>Marke:<\/strong> Qekud<\/li>\n<li>\n<strong>Anzahl der G\u00e4nge:<\/strong> 7<\/li>\n<li>\n<strong>Farbe:<\/strong> 26&#8220; Grau<\/li>\n<li>\n<strong>Radgr\u00f6\u00dfe:<\/strong> 26 Zoll<\/li>\n<li>\n<strong>Rahmenmaterial:<\/strong> Aluminium<\/li>\n<li>\n<strong>Radbreite:<\/strong> 26 Zoll<\/li>\n<li>\n<strong>Spezifische Verwendungsm\u00f6glichkeiten f\u00fcr Produkt:<\/strong> Stra\u00dfe<\/li>\n<li>\n<strong>Artikelgewicht:<\/strong> 30 Kilogramm<\/li>\n<li>\n<strong>Thema:<\/strong> Modern praktisch<\/li>\n<\/ul>\n<p><strong>Product Features<\/strong><\/p>\n<ul>\n<li>&#x1f6b2;\u3010Elegantes Step-Thru-Rahmendesign\u3011Mit seinem Step-Thru-Durchstiegsrahmen aus Aluminium ist dieses E-Bike sowohl stabil als auch leicht. Das einzigartige Step-Thru-Design erleichtert nicht nur das Auf- und Absteigen, sondern bietet auch mehr M\u00f6glichkeiten f\u00fcr diejenigen, die mit einem h\u00f6heren Rahmen nicht zurechtkommen, so dass es f\u00fcr den t\u00e4glichen Pendlerverkehr und die Freizeit geeignet ist.<\/li>\n<li>&#x1f6b2;\u3010Leistungsstarker und effizienter Motorantrieb\u3011Das E-Bike wird von einem b\u00fcrstenlosen 250-Watt-Motor angetrieben, der trotz seines geringen Gewichts und seiner Kompaktheit leistungsstark ist. Der Motor hat ein maximales Drehmoment von 45N.M und eine H\u00f6chstgeschwindigkeit von 25KM\/H, was den Fahrern viel Fahrleistung bietet. Der ger\u00e4uscharme und reaktionsschnelle Hinterradnabenmotor eignet sich f\u00fcr die meisten Stra\u00dfen in der Stadt und bietet dem Fahrer gen\u00fcgend Steigf\u00e4higkeit, um mit verschiedenen Stra\u00dfenverh\u00e4ltnissen zurechtzukommen.<\/li>\n<li>&#x1f6b2;\u3010Herausnehmbarer Akku mit gro\u00dfer Reichweite\u3011Das E-Bike ist mit einem herausnehmbaren 13-Ah-Akku ausgestattet, der elegant und praktisch ist. Im Zusatzmodell hat der Akku eine lange Lebensdauer und kann mit einer einzigen Ladung bis zu 100 km zur\u00fccklegen, was den Bed\u00fcrfnissen des Fahrers f\u00fcr t\u00e4gliche Fahrten und Kurztrips entspricht. Zum Aufladen und Transportieren l\u00e4sst sich der Akku einfach abnehmen.<\/li>\n<li>&#x1f6b2;\u3010Intelligentes hintergrundbeleuchtetes Display\u3011Das E-Bike ist mit einem hintergrundbeleuchteten Farb-LCD-Display in der Mitte ausgestattet, das eine Reihe n\u00fctzlicher Funktionen bietet. Der Fahrer kann jederzeit die wichtigsten Daten wie Geschwindigkeit, Leistung, Tretunterst\u00fctzung usw. ablesen, um den Betriebszustand des Fahrrads zu verstehen. Dar\u00fcber hinaus unterst\u00fctzt das Display die Synchronisation mit Mobiltelefonen, so dass der Fahrer bequem Benachrichtigungen, Navigations- und andere Informationen erhalten kann, um mit seinem Fahrrad und den Menschen in seiner Umgebung in Kontakt zu bleiben.<\/li>\n<li>&#x1f6b2;\u3010Rundum-Komfort und Sicherheitsdesign\u3011Um ein komfortables Fahrerlebnis zu bieten, ist dieses E-Bike mit einer 26-Zoll-Federgabel und einem Silikon-Sattel ausgestattet, der Vibrationen auf der Stra\u00dfe effektiv absorbiert. Die mechanischen Scheibenbremsen vorne und hinten und die elektrisch unterst\u00fctzten Bremshebel sorgen daf\u00fcr, dass Sie schnell und effizient anhalten k\u00f6nnen, um eine sichere Fahrt zu gew\u00e4hrleisten. Dank der verstellbaren Sattelst\u00fctze und des verstellbaren Lenkers ist dieses E-Bike ideal f\u00fcr Jugendliche und Erwachsene mit einer K\u00f6rpergr\u00f6\u00dfe zwischen 155 und 198 cm und einer maximalen Zuladung von 150 kg.<\/li>\n<\/ul>\n<p><strong>Product Information<\/strong><\/p>\n<ul>\n<table style=\"margin-bottom:20px\">\n<tbody>\n<tr>\n<td><strong>Anzahl G\u00e4nge<\/strong><\/td>\n<td>7<\/td>\n<\/tr>\n<tr>\n<td><strong>Spezifische Verwendung f\u00fcr Produkt<\/strong><\/td>\n<td>Stra\u00dfe<\/td>\n<\/tr>\n<tr>\n<td><strong>Betriebsart<\/strong><\/td>\n<td>battery<\/td>\n<\/tr>\n<tr>\n<td><strong>Wattleistung<\/strong><\/td>\n<td>250 Watt<\/td>\n<\/tr>\n<tr>\n<td><strong>Kapazit\u00e4t Lithium-Akku<\/strong><\/td>\n<td>13000 Milliamperestunde (mAh)<\/td>\n<\/tr>\n<tr>\n<td><strong>Typ des Fahrradschalthebels<\/strong><\/td>\n<td>Trigger<\/td>\n<\/tr>\n<tr>\n<td><strong>Ist signiert<\/strong><\/td>\n<td>Nein<\/td>\n<\/tr>\n<tr>\n<td><strong>Konfiguration der Kettenschaltung<\/strong><\/td>\n<td>R\u00fcckseite<\/td>\n<\/tr>\n<tr>\n<td><strong>Antriebsart des Fahrrads<\/strong><\/td>\n<td>Hinterradnabe<\/td>\n<\/tr>\n<tr>\n<td><strong>Art der elektrischen Unterst\u00fctzung<\/strong><\/td>\n<td>Hinterradnabe<\/td>\n<\/tr>\n<tr>\n<td><strong>Reifengr\u00f6\u00dfe<\/strong><\/td>\n<td>26 Zoll<\/td>\n<\/tr>\n<tr>\n<td><strong>Radbreite<\/strong><\/td>\n<td>26 Zoll<\/td>\n<\/tr>\n<tr>\n<td><strong>Artikelgewicht<\/strong><\/td>\n<td>30 Kilogramm<\/td>\n<\/tr>\n<tr>\n<td><strong>Empfohlenes Maximalgewicht<\/strong><\/td>\n<td>150 Kilogramm<\/td>\n<\/tr>\n<tr>\n<td><strong>Montage erforderlich<\/strong><\/td>\n<td>Nein<\/td>\n<\/tr>\n<tr>\n<td><strong>Mindestbenutzerh\u00f6he<\/strong><\/td>\n<td>155 Zentimeter<\/td>\n<\/tr>\n<tr>\n<td><strong>Altersgruppe Beschreibung<\/strong><\/td>\n<td>Erwachsener<\/td>\n<\/tr>\n<tr>\n<td><strong>Marke<\/strong><\/td>\n<td>Qekud<\/td>\n<\/tr>\n<tr>\n<td><strong>Modellnummer<\/strong><\/td>\n<td>26M208<\/td>\n<\/tr>\n<tr>\n<td><strong>Herkunftsland<\/strong><\/td>\n<td>China<\/td>\n<\/tr>\n<tr>\n<td><strong>Garantie<\/strong><\/td>\n<td>2 Jahre Garantie<\/td>\n<\/tr>\n<tr>\n<td><strong>Amazon Bestseller-Rang<\/strong><\/td>\n<td><\/td>\n<\/tr>\n<tr>\n<td><strong>ASIN<\/strong><\/td>\n<td>B0D6JY97DT<\/td>\n<\/tr>\n<tr>\n<td><strong>Durchschnittliche Kundenbewertung<\/strong><\/td>\n<td><\/td>\n<\/tr>\n<tr>\n<td><strong>Farbe<\/strong><\/td>\n<td>26&#8220; Grau<\/td>\n<\/tr>\n<tr>\n<td><strong>Thema<\/strong><\/td>\n<td>Modern praktisch<\/td>\n<\/tr>\n<tr>\n<td><strong>Rahmenmaterialtyp<\/strong><\/td>\n<td>Aluminium<\/td>\n<\/tr>\n<tr>\n<td><strong>Radmaterial<\/strong><\/td>\n<td>Aluminium<\/td>\n<\/tr>\n<tr>\n<td><strong>Sitzwerkstoff<\/strong><\/td>\n<td>Silikon<\/td>\n<\/tr>\n<tr>\n<td><strong>Kotfl\u00fcgelmaterial<\/strong><\/td>\n<td>Aluminium<\/td>\n<\/tr>\n<\/tbody>\n<\/table>\n<\/ul>","protected":false},"excerpt":{"rendered":"<p>Product Overview Altersspektrum (Beschreibung): Erwachsener Marke: Qekud Anzahl der G\u00e4nge: 7 Farbe: 26&#8220; Grau Radgr\u00f6\u00dfe: 26 Zoll Rahmenmaterial: Aluminium Radbreite:<\/p>","protected":false},"featured_media":32252,"comment_status":"open","ping_status":"closed","template":"","meta":[],"product_brand":[],"product_cat":[150,151,152],"product_tag":[],"class_list":{"0":"post-32086","1":"product","2":"type-product","3":"status-publish","4":"has-post-thumbnail","6":"product_cat-collection-1","7":"product_cat-collection-2","8":"product_cat-startseite","10":"first","11":"instock","12":"sale","13":"shipping-taxable","14":"purchasable","15":"product-type-variable"},"jetpack_sharing_enabled":true,"_links":{"self":[{"href":"https:\/\/sportaxe.shop\/en\/wp-json\/wp\/v2\/product\/32086","targetHints":{"allow":["GET"]}}],"collection":[{"href":"https:\/\/sportaxe.shop\/en\/wp-json\/wp\/v2\/product"}],"about":[{"href":"https:\/\/sportaxe.shop\/en\/wp-json\/wp\/v2\/types\/product"}],"replies":[{"embeddable":true,"href":"https:\/\/sportaxe.shop\/en\/wp-json\/wp\/v2\/comments?post=32086"}],"version-history":[{"count":0,"href":"https:\/\/sportaxe.shop\/en\/wp-json\/wp\/v2\/product\/32086\/revisions"}],"wp:featuredmedia":[{"embeddable":true,"href":"https:\/\/sportaxe.shop\/en\/wp-json\/wp\/v2\/media\/32252"}],"wp:attachment":[{"href":"https:\/\/sportaxe.shop\/en\/wp-json\/wp\/v2\/media?parent=32086"}],"wp:term":[{"taxonomy":"product_brand","embeddable":true,"href":"https:\/\/sportaxe.shop\/en\/wp-json\/wp\/v2\/product_brand?post=32086"},{"taxonomy":"product_cat","embeddable":true,"href":"https:\/\/sportaxe.shop\/en\/wp-json\/wp\/v2\/product_cat?post=32086"},{"taxonomy":"product_tag","embeddable":true,"href":"https:\/\/sportaxe.shop\/en\/wp-json\/wp\/v2\/product_tag?post=32086"}],"curies":[{"name":"wp","href":"https:\/\/api.w.org\/{rel}","templated":true}]}}