{"id":32081,"date":"2026-04-18T17:26:05","date_gmt":"2026-04-18T17:26:05","guid":{"rendered":"https:\/\/sportaxe.shop\/product\/cysum-x-city-elektrofahrrad-fur-erwachsene-26-zoll-city-elektrofahrrad-damen-herren-lithium-akku-48v-10-4ah-motor-250w-25km-h-urban-switing\/"},"modified":"2026-04-18T17:26:06","modified_gmt":"2026-04-18T17:26:06","slug":"cysum-x-city-elektrofahrrad-fur-erwachsene-26-zoll-city-elektrofahrrad-damen-herren-lithium-akku-48v-10-4ah-motor-250w-25km-h-urban-switing","status":"publish","type":"product","link":"https:\/\/sportaxe.shop\/en\/product\/cysum-x-city-elektrofahrrad-fur-erwachsene-26-zoll-city-elektrofahrrad-damen-herren-lithium-akku-48v-10-4ah-motor-250w-25km-h-urban-switing\/","title":{"rendered":"Cysum X-City E-Bike 26&#8243;, 250W Motor, 48V 10,4Ah Akku, 25km\/h, f\u00fcr Damen &#038; Herren, Stadtfahrrad"},"content":{"rendered":"<p><strong>Product Overview<\/strong><\/p>\n<ul>\n<li>\n<strong>Fahrradtyp:<\/strong> Pedelec<\/li>\n<li>\n<strong>Altersspektrum (Beschreibung):<\/strong> Erwachsener<\/li>\n<li>\n<strong>Marke:<\/strong> cysum<\/li>\n<li>\n<strong>Anzahl der G\u00e4nge:<\/strong> 7<\/li>\n<li>\n<strong>Farbe:<\/strong> Gr\u00fcn-1<\/li>\n<li>\n<strong>Radgr\u00f6\u00dfe:<\/strong> 26 Zoll<\/li>\n<li>\n<strong>Rahmenmaterial:<\/strong> Aluminium<\/li>\n<li>\n<strong>Aufh\u00e4ngungstyp:<\/strong> Keine Federung<\/li>\n<li>\n<strong>Besonderes Merkmal:<\/strong> Step-through Rahmen, LCD-Display, drei Fahrmodi<\/li>\n<li>\n<strong>Enthaltene Komponenten:<\/strong> Korb vorne und hinten<\/li>\n<\/ul>\n<p><strong>Product Features<\/strong><\/p>\n<ul>\n<li>Leistungsstark und langlebig: Dieses Xcity E-Bike, angetrieben von einem 48-V-10,4-Ah-Lithium-Akku, bietet eine Reichweite von 60 bis 80 km mit einer einzigen Ladung und gibt Ihnen die Freiheit, den Tag zu bew\u00e4ltigen, ohne st\u00e4ndig aufladen zu m\u00fcssen. Sein 250-W-Motor garantiert eine konstante Reisegeschwindigkeit von 25 km\/h unter Einhaltung der europ\u00e4ischen Standards f\u00fcr E-Bikes<\/li>\n<li>Flie\u00dfend und komfortabel: Das X-City Elektrofahrrad f\u00fcr Erwachsene mit einem Step-Through Aluminiumrahmen erleichtert das Auf- und Absteigen, w\u00e4hrend der Lenker im europ\u00e4ischen Stil und der sto\u00dfd\u00e4mpfende Sattel f\u00fcr eine nat\u00fcrliche, gerade und bequeme Fahrhaltung sorgen, perfekt f\u00fcr erwachsene M\u00e4nner und Frauen mit einer K\u00f6rpergr\u00f6\u00dfe von 160-185 cm<\/li>\n<li>Praktisches Design: Dieses elektrische Damenfahrrad ist mit einem vorderen Korb f\u00fcr schnellen Zugriff auf wichtige Gegenst\u00e4nde und einem hinteren Gep\u00e4cktr\u00e4ger f\u00fcr gr\u00f6\u00dfere Lasten ausgestattet, wodurch Eink\u00e4ufe und Shopping zum Kinderspiel werden. Die 26&#8243;-Reifen bieten Stabilit\u00e4t und Man\u00f6vrierf\u00e4higkeit auf st\u00e4dtischen Stra\u00dfen, w\u00e4hrend die doppelten Scheibenbremsen eine reaktionsschnelle und zuverl\u00e4ssige Bremskraft garantieren<\/li>\n<li>Intelligenter LCD-Bildschirm-Sensor: Bleiben Sie unterwegs informiert mit dem Sensor mit LCD-Bildschirm, der Geschwindigkeit, Batteriestand und Entfernung auf einen Blick anzeigt, 7-Gang-Schaltbarkeit f\u00fcr vielseitiges Fahren, um Stadtstra\u00dfen m\u00fchelos zu bew\u00e4ltigen<\/li>\n<li>Drei Fahrmodi: Dieses elektrische Stadtfahrrad der Marke Cysum verf\u00fcgt \u00fcber drei Fahrmodi: rein elektrischer Modus, Pedalunterst\u00fctzungsmodus, Fahrradmodus. Das Xcity EBIKE gibt Ihnen die Freiheit, auf Ihre Weise zu fahren<\/li>\n<\/ul>\n<p><strong>Product Information<\/strong><\/p>\n<ul>\n<table style=\"margin-bottom:20px\">\n<tbody>\n<tr>\n<td><strong>Fahrradtyp<\/strong><\/td>\n<td>Pedelec<\/td>\n<\/tr>\n<tr>\n<td><strong>Anzahl G\u00e4nge<\/strong><\/td>\n<td>7<\/td>\n<\/tr>\n<tr>\n<td><strong>Federungstyp<\/strong><\/td>\n<td>Keine Federung<\/td>\n<\/tr>\n<tr>\n<td><strong>Besondere Merkmale<\/strong><\/td>\n<td>Step-through Rahmen, LCD-Display, drei Fahrmodi<\/td>\n<\/tr>\n<tr>\n<td><strong>Bremsenart<\/strong><\/td>\n<td>Scheibenbremse<\/td>\n<\/tr>\n<tr>\n<td><strong>Spezifische Verwendung f\u00fcr Produkt<\/strong><\/td>\n<td>Stra\u00dfe<\/td>\n<\/tr>\n<tr>\n<td><strong>Betriebsart<\/strong><\/td>\n<td>elektrisch<\/td>\n<\/tr>\n<tr>\n<td><strong>Kapazit\u00e4t Lithium-Akku<\/strong><\/td>\n<td>499,2 Wattstunden<\/td>\n<\/tr>\n<tr>\n<td><strong>Typ des Fahrradschalthebels<\/strong><\/td>\n<td>Trigger<\/td>\n<\/tr>\n<tr>\n<td><strong>Konfiguration der Kettenschaltung<\/strong><\/td>\n<td>R\u00fcckseite<\/td>\n<\/tr>\n<tr>\n<td><strong>Antriebsart des Fahrrads<\/strong><\/td>\n<td>Kettenantrieb<\/td>\n<\/tr>\n<tr>\n<td><strong>Art der elektrischen Unterst\u00fctzung<\/strong><\/td>\n<td>Pedal Assist, Throttle Assist<\/td>\n<\/tr>\n<tr>\n<td><strong>Reifengr\u00f6\u00dfe<\/strong><\/td>\n<td>26 Zoll<\/td>\n<\/tr>\n<tr>\n<td><strong>Gr\u00f6\u00dfe<\/strong><\/td>\n<td>26&#8220;<\/td>\n<\/tr>\n<tr>\n<td><strong>Art der Garantie<\/strong><\/td>\n<td>Beschr\u00e4nkt<\/td>\n<\/tr>\n<tr>\n<td><strong>Montage erforderlich<\/strong><\/td>\n<td>Nein<\/td>\n<\/tr>\n<tr>\n<td><strong>Mindestbenutzerh\u00f6he<\/strong><\/td>\n<td>160 Zentimeter<\/td>\n<\/tr>\n<tr>\n<td><strong>Altersgruppe Beschreibung<\/strong><\/td>\n<td>Erwachsener<\/td>\n<\/tr>\n<tr>\n<td><strong>Marke<\/strong><\/td>\n<td>cysum<\/td>\n<\/tr>\n<tr>\n<td><strong>Eingeschlossene Komponenten<\/strong><\/td>\n<td>Korb vorne und hinten<\/td>\n<\/tr>\n<tr>\n<td><strong>Modellname<\/strong><\/td>\n<td>X-city<\/td>\n<\/tr>\n<tr>\n<td><strong>Hersteller<\/strong><\/td>\n<td>cysum<\/td>\n<\/tr>\n<tr>\n<td><strong>Amazon Bestseller-Rang<\/strong><\/td>\n<td><\/td>\n<\/tr>\n<tr>\n<td><strong>ASIN<\/strong><\/td>\n<td>B0FQNQ6KWB<\/td>\n<\/tr>\n<tr>\n<td><strong>Durchschnittliche Kundenbewertung<\/strong><\/td>\n<td><\/td>\n<\/tr>\n<tr>\n<td><strong>Farbe<\/strong><\/td>\n<td>Gr\u00fcn-1<\/td>\n<\/tr>\n<tr>\n<td><strong>Rahmenmaterialtyp<\/strong><\/td>\n<td>Aluminium<\/td>\n<\/tr>\n<tr>\n<td><strong>Radmaterial<\/strong><\/td>\n<td>Aluminium<\/td>\n<\/tr>\n<\/tbody>\n<\/table>\n<\/ul>","protected":false},"excerpt":{"rendered":"<p>Product Overview Fahrradtyp: Pedelec Altersspektrum (Beschreibung): Erwachsener Marke: cysum Anzahl der G\u00e4nge: 7 Farbe: Gr\u00fcn-1 Radgr\u00f6\u00dfe: 26 Zoll Rahmenmaterial: Aluminium<\/p>","protected":false},"featured_media":32235,"comment_status":"open","ping_status":"closed","template":"","meta":[],"product_brand":[],"product_cat":[150,151,152],"product_tag":[],"class_list":{"0":"post-32081","1":"product","2":"type-product","3":"status-publish","4":"has-post-thumbnail","6":"product_cat-collection-1","7":"product_cat-collection-2","8":"product_cat-startseite","10":"first","11":"instock","12":"sale","13":"shipping-taxable","14":"purchasable","15":"product-type-variable"},"jetpack_sharing_enabled":true,"_links":{"self":[{"href":"https:\/\/sportaxe.shop\/en\/wp-json\/wp\/v2\/product\/32081","targetHints":{"allow":["GET"]}}],"collection":[{"href":"https:\/\/sportaxe.shop\/en\/wp-json\/wp\/v2\/product"}],"about":[{"href":"https:\/\/sportaxe.shop\/en\/wp-json\/wp\/v2\/types\/product"}],"replies":[{"embeddable":true,"href":"https:\/\/sportaxe.shop\/en\/wp-json\/wp\/v2\/comments?post=32081"}],"version-history":[{"count":0,"href":"https:\/\/sportaxe.shop\/en\/wp-json\/wp\/v2\/product\/32081\/revisions"}],"wp:featuredmedia":[{"embeddable":true,"href":"https:\/\/sportaxe.shop\/en\/wp-json\/wp\/v2\/media\/32235"}],"wp:attachment":[{"href":"https:\/\/sportaxe.shop\/en\/wp-json\/wp\/v2\/media?parent=32081"}],"wp:term":[{"taxonomy":"product_brand","embeddable":true,"href":"https:\/\/sportaxe.shop\/en\/wp-json\/wp\/v2\/product_brand?post=32081"},{"taxonomy":"product_cat","embeddable":true,"href":"https:\/\/sportaxe.shop\/en\/wp-json\/wp\/v2\/product_cat?post=32081"},{"taxonomy":"product_tag","embeddable":true,"href":"https:\/\/sportaxe.shop\/en\/wp-json\/wp\/v2\/product_tag?post=32081"}],"curies":[{"name":"wp","href":"https:\/\/api.w.org\/{rel}","templated":true}]}}