{"id":32076,"date":"2026-04-18T17:26:03","date_gmt":"2026-04-18T17:26:03","guid":{"rendered":"https:\/\/sportaxe.shop\/product\/cysum-cityrun-e-bike-fur-damen-26-zoll-66-cm-e-bike-e-bike-e-bike-stadtfahrrad-fur-erwachsene-motor-250-w-25-km-h-lithium-akku-36-v-360-wh-reichweite-80-km\/"},"modified":"2026-04-18T17:26:03","modified_gmt":"2026-04-18T17:26:03","slug":"cysum-cityrun-e-bike-fur-damen-26-zoll-66-cm-e-bike-e-bike-e-bike-stadtfahrrad-fur-erwachsene-motor-250-w-25-km-h-lithium-akku-36-v-360-wh-reichweite-80-km","status":"publish","type":"product","link":"https:\/\/sportaxe.shop\/en\/product\/cysum-cityrun-e-bike-fur-damen-26-zoll-66-cm-e-bike-e-bike-e-bike-stadtfahrrad-fur-erwachsene-motor-250-w-25-km-h-lithium-akku-36-v-360-wh-reichweite-80-km\/","title":{"rendered":"Cysum Cityrun E-Bike Damen 26&#8243;, 250W Motor, 36V 360Wh Akku, 80km Reichweite, 25km\/h, Stadtfahrrad"},"content":{"rendered":"<div id=\"productDescription\" class=\"a-section a-spacing-small\">       <!-- show up to 2 reviews by default --><\/p>\n<p>    <span>Cityrun Elektrofahrrad Erwachsene Damen Herren<\/span>    <\/p>\n<\/p><\/div>\n<p><strong>Product Overview<\/strong><\/p>\n<ul>\n<li>\n<strong>Fahrradtyp:<\/strong> Tourenrad<\/li>\n<li>\n<strong>Altersspektrum (Beschreibung):<\/strong> Erwachsener<\/li>\n<li>\n<strong>Marke:<\/strong> cysum<\/li>\n<li>\n<strong>Anzahl der G\u00e4nge:<\/strong> 7<\/li>\n<li>\n<strong>Farbe:<\/strong> Wei\u00df001<\/li>\n<li>\n<strong>Radgr\u00f6\u00dfe:<\/strong> 26 Zoll<\/li>\n<li>\n<strong>Rahmenmaterial:<\/strong> Aluminium<\/li>\n<li>\n<strong>Aufh\u00e4ngungstyp:<\/strong> Gabelfederung<\/li>\n<li>\n<strong>Besonderes Merkmal:<\/strong> Leicht<\/li>\n<li>\n<strong>Enthaltene Komponenten:<\/strong> Werkzeugsatz<\/li>\n<\/ul>\n<p><strong>Product Features<\/strong><\/p>\n<ul>\n<li>\u3010Leistungsstarker Motor und langlebige Batterie\u3011Das cityrun City E-Bike ist mit einem b\u00fcrstenlosen 250-W-Motor ausgestattet, der eine Geschwindigkeit von bis zu 25 km\/h erreicht. Der 36V 10Ah Lithium-Akku bietet eine Reichweite von 80 km, perfekt f\u00fcr t\u00e4gliche Fahrten, Eink\u00e4ufe oder Outdoor-Ausfl\u00fcge<\/li>\n<li>\u3010Weiche und bequeme Fahrt\u3011 Die E-Bikes f\u00fcr M\u00e4nner und Frauen mit Federgabel vorne und absorbieren die meisten St\u00f6\u00dfe, der 26-Zoll-Reifen passt sich jedem Gel\u00e4nde an und sorgt f\u00fcr Stabilit\u00e4t und Vielseitigkeit<\/li>\n<li>\u3010Sicher und stabil\u3011Das Cysum ebike cityrun f\u00fcr Damen ist mit vorderen und hinteren Scheibenbremsen ausgestattet, die eine effektive Bremsleistung garantieren. Das 7-Gang-Getriebesystem erm\u00f6glicht eine pr\u00e4zise Schaltung und garantiert eine reibungslose und reaktionsschnelle Leistung<\/li>\n<li>\u3010Komfortabel und fl\u00fcssig\u3011Das Display zeigt alle notwendigen Informationen \u00fcber das E-Bike, einschlie\u00dflich Geschwindigkeit, Kilometerstand, Batterieanzeige und mehr. Ultrahelle Scheinwerfer und R\u00fccklichter garantieren eine sichere Nacht. Korb vorne und Gep\u00e4cktr\u00e4ger hinten, das Cityrun Herren E-Bike bietet ein praktisches und komfortables Fahrerlebnis f\u00fcr die Arbeit, die Schule oder einfach nur zum Spa\u00df<\/li>\n<li>\u3010Zuverl\u00e4ssiger Kundenservice\u3011Cysum EBIKE ist zu 85 % vorinstalliert, keine Notwendigkeit, viel Zeit f\u00fcr die Installation zu verbringen. Wir bieten eine einj\u00e4hrige Reparatur f\u00fcr unser Cityrun Elektro-E-Bike an. Wenn Sie Fragen haben, k\u00f6nnen Sie sich gerne an uns wenden.<\/li>\n<\/ul>\n<p><strong>Product Information<\/strong><\/p>\n<ul>\n<table style=\"margin-bottom:20px\">\n<tbody>\n<tr>\n<td><strong>Fahrradtyp<\/strong><\/td>\n<td>Tourenrad<\/td>\n<\/tr>\n<tr>\n<td><strong>Anzahl G\u00e4nge<\/strong><\/td>\n<td>7<\/td>\n<\/tr>\n<tr>\n<td><strong>Federungstyp<\/strong><\/td>\n<td>Gabelfederung<\/td>\n<\/tr>\n<tr>\n<td><strong>Besondere Merkmale<\/strong><\/td>\n<td>Leicht<\/td>\n<\/tr>\n<tr>\n<td><strong>Bremsenart<\/strong><\/td>\n<td>Scheibenbremse<\/td>\n<\/tr>\n<tr>\n<td><strong>Spezifische Verwendung f\u00fcr Produkt<\/strong><\/td>\n<td>Stadt<\/td>\n<\/tr>\n<tr>\n<td><strong>Betriebsart<\/strong><\/td>\n<td>elektrisch<\/td>\n<\/tr>\n<tr>\n<td><strong>Wattleistung<\/strong><\/td>\n<td>250 Watt<\/td>\n<\/tr>\n<tr>\n<td><strong>Kapazit\u00e4t Lithium-Akku<\/strong><\/td>\n<td>360 Wattstunden<\/td>\n<\/tr>\n<tr>\n<td><strong>Typ des Fahrradschalthebels<\/strong><\/td>\n<td>Trigger<\/td>\n<\/tr>\n<tr>\n<td><strong>Konfiguration der Kettenschaltung<\/strong><\/td>\n<td>R\u00fcckseite<\/td>\n<\/tr>\n<tr>\n<td><strong>Antriebsart des Fahrrads<\/strong><\/td>\n<td>7-Gang<\/td>\n<\/tr>\n<tr>\n<td><strong>Art der elektrischen Unterst\u00fctzung<\/strong><\/td>\n<td>Pedalunterst\u00fctzung<\/td>\n<\/tr>\n<tr>\n<td><strong>Rahmenmaterialtyp<\/strong><\/td>\n<td>Aluminium<\/td>\n<\/tr>\n<tr>\n<td><strong>Radmaterial<\/strong><\/td>\n<td>Aluminium<\/td>\n<\/tr>\n<tr>\n<td><strong>Art der Garantie<\/strong><\/td>\n<td>Begrenzte Garantie<\/td>\n<\/tr>\n<tr>\n<td><strong>Empfohlenes Maximalgewicht<\/strong><\/td>\n<td>26 Kilogramm<\/td>\n<\/tr>\n<tr>\n<td><strong>Montage erforderlich<\/strong><\/td>\n<td>Ja<\/td>\n<\/tr>\n<tr>\n<td><strong>Altersgruppe Beschreibung<\/strong><\/td>\n<td>Erwachsener<\/td>\n<\/tr>\n<tr>\n<td><strong>Marke<\/strong><\/td>\n<td>cysum<\/td>\n<\/tr>\n<tr>\n<td><strong>Eingeschlossene Komponenten<\/strong><\/td>\n<td>Werkzeugsatz<\/td>\n<\/tr>\n<tr>\n<td><strong>Modellname<\/strong><\/td>\n<td>Cityrun<\/td>\n<\/tr>\n<tr>\n<td><strong>Hersteller<\/strong><\/td>\n<td>cysum<\/td>\n<\/tr>\n<tr>\n<td><strong>Amazon Bestseller-Rang<\/strong><\/td>\n<td><\/td>\n<\/tr>\n<tr>\n<td><strong>ASIN<\/strong><\/td>\n<td>B0D8NTSRL1<\/td>\n<\/tr>\n<tr>\n<td><strong>Durchschnittliche Kundenbewertung<\/strong><\/td>\n<td><\/td>\n<\/tr>\n<tr>\n<td><strong>Farbe<\/strong><\/td>\n<td>Wei\u00df001<\/td>\n<\/tr>\n<tr>\n<td><strong>Reifengr\u00f6\u00dfe<\/strong><\/td>\n<td>26 Zoll<\/td>\n<\/tr>\n<tr>\n<td><strong>Gr\u00f6\u00dfe<\/strong><\/td>\n<td>66 cm (26 Zoll)<\/td>\n<\/tr>\n<tr>\n<td><strong>Artikelgewicht<\/strong><\/td>\n<td>26 Kilogramm<\/td>\n<\/tr>\n<\/tbody>\n<\/table>\n<\/ul>","protected":false},"excerpt":{"rendered":"<p>Cityrun Elektrofahrrad Erwachsene Damen Herren Product Overview Fahrradtyp: Tourenrad Altersspektrum (Beschreibung): Erwachsener Marke: cysum Anzahl der G\u00e4nge: 7 Farbe: Wei\u00df001<\/p>","protected":false},"featured_media":32226,"comment_status":"open","ping_status":"closed","template":"","meta":[],"product_brand":[],"product_cat":[150,151,152],"product_tag":[],"class_list":{"0":"post-32076","1":"product","2":"type-product","3":"status-publish","4":"has-post-thumbnail","6":"product_cat-collection-1","7":"product_cat-collection-2","8":"product_cat-startseite","10":"first","11":"instock","12":"sale","13":"shipping-taxable","14":"purchasable","15":"product-type-variable"},"jetpack_sharing_enabled":true,"_links":{"self":[{"href":"https:\/\/sportaxe.shop\/en\/wp-json\/wp\/v2\/product\/32076","targetHints":{"allow":["GET"]}}],"collection":[{"href":"https:\/\/sportaxe.shop\/en\/wp-json\/wp\/v2\/product"}],"about":[{"href":"https:\/\/sportaxe.shop\/en\/wp-json\/wp\/v2\/types\/product"}],"replies":[{"embeddable":true,"href":"https:\/\/sportaxe.shop\/en\/wp-json\/wp\/v2\/comments?post=32076"}],"version-history":[{"count":0,"href":"https:\/\/sportaxe.shop\/en\/wp-json\/wp\/v2\/product\/32076\/revisions"}],"wp:featuredmedia":[{"embeddable":true,"href":"https:\/\/sportaxe.shop\/en\/wp-json\/wp\/v2\/media\/32226"}],"wp:attachment":[{"href":"https:\/\/sportaxe.shop\/en\/wp-json\/wp\/v2\/media?parent=32076"}],"wp:term":[{"taxonomy":"product_brand","embeddable":true,"href":"https:\/\/sportaxe.shop\/en\/wp-json\/wp\/v2\/product_brand?post=32076"},{"taxonomy":"product_cat","embeddable":true,"href":"https:\/\/sportaxe.shop\/en\/wp-json\/wp\/v2\/product_cat?post=32076"},{"taxonomy":"product_tag","embeddable":true,"href":"https:\/\/sportaxe.shop\/en\/wp-json\/wp\/v2\/product_tag?post=32076"}],"curies":[{"name":"wp","href":"https:\/\/api.w.org\/{rel}","templated":true}]}}