{"id":32075,"date":"2026-04-18T17:26:03","date_gmt":"2026-04-18T17:26:03","guid":{"rendered":"https:\/\/sportaxe.shop\/product\/cecotec-elektro-stadtfahrrad-urban-250w-28-zoll-rader-90-km-reichweite-460-wh-batterie-vorderradfederung-7-gang-shimano-schaltung-und-doppel-hydraulikbremsscheiben\/"},"modified":"2026-04-18T17:26:03","modified_gmt":"2026-04-18T17:26:03","slug":"cecotec-elektro-stadtfahrrad-urban-250w-28-zoll-rader-90-km-reichweite-460-wh-batterie-vorderradfederung-7-gang-shimano-schaltung-und-doppel-hydraulikbremsscheiben","status":"publish","type":"product","link":"https:\/\/sportaxe.shop\/en\/product\/cecotec-elektro-stadtfahrrad-urban-250w-28-zoll-rader-90-km-reichweite-460-wh-batterie-vorderradfederung-7-gang-shimano-schaltung-und-doppel-hydraulikbremsscheiben\/","title":{"rendered":"Cecotec Urban E-Bike City 28&#8243;, 250W, 460Wh Akku, 90km Reichweite, 7-Gang Shimano, hydraulische Scheibenbremsen, Federgabel"},"content":{"rendered":"<div id=\"productDescription\" class=\"a-section a-spacing-small\">       <!-- show up to 2 reviews by default --><\/p>\n<p>    <span>Cecotec Elektro-Stadtfahrrad Urban, 250W, 28-Zoll-R\u00e4der, 90 km Reichweite, 460 Wh Batterie, Vorderradfederung, 7-Gang-Shimano-Schaltung und Doppel-Hydraulikbremsscheiben<\/span>    <\/p>\n<\/p><\/div>\n<p><strong>Product Overview<\/strong><\/p>\n<ul>\n<li>\n<strong>Fahrradtyp:<\/strong> Pedelec<\/li>\n<li>\n<strong>Altersspektrum (Beschreibung):<\/strong> Erwachsener<\/li>\n<li>\n<strong>Marke:<\/strong> Cecotec<\/li>\n<li>\n<strong>Anzahl der G\u00e4nge:<\/strong> 7<\/li>\n<li>\n<strong>Farbe:<\/strong> Gren<\/li>\n<li>\n<strong>Radgr\u00f6\u00dfe:<\/strong> 28 Zoll<\/li>\n<li>\n<strong>Rahmenmaterial:<\/strong> Aluminium<\/li>\n<li>\n<strong>Aufh\u00e4ngungstyp:<\/strong> Gabelfederung<\/li>\n<li>\n<strong>Besonderes Merkmal:<\/strong> Digitalanzeige, Dual Disc Brake, Verstellbarer Sitz, Wiederaufladbar<\/li>\n<li>\n<strong>Enthaltene Komponenten:<\/strong> 1 x Elektrofahrrad; 1 x Batterie; 1 x Ladeger\u00e4t; 1 x Bedienungsanleitung<\/li>\n<\/ul>\n<p><strong>Product Features<\/strong><\/p>\n<ul>\n<li>Erkunde die Welt frei: Fahre lange Strecken, ohne dir Sorgen um den Akku machen zu m\u00fcssen, dank einer Reichweite von 90 km. Erreiche dein Ziel: Die hohe Batterieleistung von 460 Wh (36 V 12,8 Ah) erm\u00f6glicht es dir, lange Strecken mit jeder Ladung zur\u00fcckzulegen.<\/li>\n<li>Gro\u00dfer Halt und Haftung: Die 28-Zoll-R\u00e4der bieten die Sicherheit, den Halt und die Haftung, die Sie ben\u00f6tigen, um sich frei und bequem bewegen zu k\u00f6nnen.<\/li>\n<li>Maximale Sicherheit bei jedem Bremsvorgang: Die doppelte hydraulische Scheibenbremse bietet maximales Vertrauen und Sicherheit bei jeder Fahrt. Komfort bei jedem Hindernis: Das vordere Federungssystem reduziert St\u00f6\u00dfe sodass Sie sich problemlos auf jeder Oberfl\u00e4che bewegen k\u00f6nnen.<\/li>\n<li>Alle Informationen an deinem Lenker: Kontrolliere mit Leichtigkeit die Geschwindigkeit, Kilometer, Unterst\u00fctzungsstufe und Licht auf dem integrierten Bildschirm. Leichtes und robustes Design: Der Aluminiumrahmen sorgt f\u00fcr die n\u00f6tige Stabilit\u00e4t und Leichtigkeit, um sich schnell und bequem in der Stadt zu bewegen.<\/li>\n<li>Passe deine Geschwindigkeit an dein Tempo an: Das pr\u00e4zise 7-Gang-Shimano-Getriebe gew\u00e4hrleistet eine effiziente Gangschaltung, um die Stadt zu erobern.<\/li>\n<\/ul>\n<p><strong>Product Information<\/strong><\/p>\n<ul>\n<table style=\"margin-bottom:20px\">\n<tbody>\n<tr>\n<td><strong>Fahrradtyp<\/strong><\/td>\n<td>Pedelec<\/td>\n<\/tr>\n<tr>\n<td><strong>Anzahl G\u00e4nge<\/strong><\/td>\n<td>7<\/td>\n<\/tr>\n<tr>\n<td><strong>Federungstyp<\/strong><\/td>\n<td>Gabelfederung<\/td>\n<\/tr>\n<tr>\n<td><strong>Besondere Merkmale<\/strong><\/td>\n<td>Digitalanzeige, Dual Disc Brake, Verstellbarer Sitz, Wiederaufladbar<\/td>\n<\/tr>\n<tr>\n<td><strong>Bremsenart<\/strong><\/td>\n<td>Scheibenbremse<\/td>\n<\/tr>\n<tr>\n<td><strong>Spezifische Verwendung f\u00fcr Produkt<\/strong><\/td>\n<td>Stadt<\/td>\n<\/tr>\n<tr>\n<td><strong>Betriebsart<\/strong><\/td>\n<td>Elektrisch<\/td>\n<\/tr>\n<tr>\n<td><strong>Wattleistung<\/strong><\/td>\n<td>250 Watt<\/td>\n<\/tr>\n<tr>\n<td><strong>Kapazit\u00e4t Lithium-Akku<\/strong><\/td>\n<td>460 Wattstunden<\/td>\n<\/tr>\n<tr>\n<td><strong>Typ des Fahrradschalthebels<\/strong><\/td>\n<td>Rahmenhebel<\/td>\n<\/tr>\n<tr>\n<td><strong>Konfiguration der Kettenschaltung<\/strong><\/td>\n<td>R\u00fcckseite<\/td>\n<\/tr>\n<tr>\n<td><strong>Antriebsart des Fahrrads<\/strong><\/td>\n<td>Derailleur<\/td>\n<\/tr>\n<tr>\n<td><strong>Art der elektrischen Unterst\u00fctzung<\/strong><\/td>\n<td>Pedalunterst\u00fctzung<\/td>\n<\/tr>\n<tr>\n<td><strong>Farbe<\/strong><\/td>\n<td>Gren<\/td>\n<\/tr>\n<tr>\n<td><strong>Stil\/Form<\/strong><\/td>\n<td>90 km Autonomie<\/td>\n<\/tr>\n<tr>\n<td><strong>Rahmenmaterialtyp<\/strong><\/td>\n<td>Aluminium<\/td>\n<\/tr>\n<tr>\n<td><strong>Radmaterial<\/strong><\/td>\n<td>Aluminium<\/td>\n<\/tr>\n<tr>\n<td><strong>Art der Garantie<\/strong><\/td>\n<td>Beschr\u00e4nkt<\/td>\n<\/tr>\n<tr>\n<td><strong>Verf\u00fcgbarkeitsdauer f\u00fcr EU-Ersatzteile<\/strong><\/td>\n<td>10 Jahre<\/td>\n<\/tr>\n<tr>\n<td><strong>Empfohlenes Maximalgewicht<\/strong><\/td>\n<td>150 Kilogramm<\/td>\n<\/tr>\n<tr>\n<td><strong>Montage erforderlich<\/strong><\/td>\n<td>Ja<\/td>\n<\/tr>\n<tr>\n<td><strong>Altersgruppe Beschreibung<\/strong><\/td>\n<td>Erwachsener<\/td>\n<\/tr>\n<tr>\n<td><strong>Marke<\/strong><\/td>\n<td>Cecotec<\/td>\n<\/tr>\n<tr>\n<td><strong>Eingeschlossene Komponenten<\/strong><\/td>\n<td>1 x Elektrofahrrad; 1 x Batterie; 1 x Ladeger\u00e4t; 1 x Bedienungsanleitung<\/td>\n<\/tr>\n<tr>\n<td><strong>Modellnummer<\/strong><\/td>\n<td>07215<\/td>\n<\/tr>\n<tr>\n<td><strong>Modellname<\/strong><\/td>\n<td>City Woman<\/td>\n<\/tr>\n<tr>\n<td><strong>Modelljahr<\/strong><\/td>\n<td>2024<\/td>\n<\/tr>\n<tr>\n<td><strong>Herkunftsland<\/strong><\/td>\n<td>Spanien<\/td>\n<\/tr>\n<tr>\n<td><strong>Global Trade Identification Number<\/strong><\/td>\n<td>08435484072151<\/td>\n<\/tr>\n<tr>\n<td><strong>Hersteller<\/strong><\/td>\n<td>Cecotec<\/td>\n<\/tr>\n<tr>\n<td><strong>Artikeltyp Name<\/strong><\/td>\n<td>Elektrofahrrad<\/td>\n<\/tr>\n<tr>\n<td><strong>Garantie<\/strong><\/td>\n<td>3<\/td>\n<\/tr>\n<tr>\n<td><strong>Amazon Bestseller-Rang<\/strong><\/td>\n<td><\/td>\n<\/tr>\n<tr>\n<td><strong>ASIN<\/strong><\/td>\n<td>B0BQ13JT1V<\/td>\n<\/tr>\n<tr>\n<td><strong>Durchschnittliche Kundenbewertung<\/strong><\/td>\n<td><\/td>\n<\/tr>\n<tr>\n<td><strong>Reifengr\u00f6\u00dfe<\/strong><\/td>\n<td>28 Zoll<\/td>\n<\/tr>\n<tr>\n<td><strong>Gr\u00f6\u00dfe<\/strong><\/td>\n<td>Einheitsgr\u00f6\u00dfe<\/td>\n<\/tr>\n<tr>\n<td><strong>Artikelgewicht<\/strong><\/td>\n<td>30,3 Kilogramm<\/td>\n<\/tr>\n<\/tbody>\n<\/table>\n<\/ul>","protected":false},"excerpt":{"rendered":"<p>Cecotec Elektro-Stadtfahrrad Urban, 250W, 28-Zoll-R\u00e4der, 90 km Reichweite, 460 Wh Batterie, Vorderradfederung, 7-Gang-Shimano-Schaltung und Doppel-Hydraulikbremsscheiben Product Overview Fahrradtyp: Pedelec Altersspektrum<\/p>","protected":false},"featured_media":32220,"comment_status":"open","ping_status":"closed","template":"","meta":[],"product_brand":[],"product_cat":[150,151,152],"product_tag":[],"class_list":{"0":"post-32075","1":"product","2":"type-product","3":"status-publish","4":"has-post-thumbnail","6":"product_cat-collection-1","7":"product_cat-collection-2","8":"product_cat-startseite","10":"first","11":"instock","12":"sale","13":"shipping-taxable","14":"purchasable","15":"product-type-simple"},"jetpack_sharing_enabled":true,"_links":{"self":[{"href":"https:\/\/sportaxe.shop\/en\/wp-json\/wp\/v2\/product\/32075","targetHints":{"allow":["GET"]}}],"collection":[{"href":"https:\/\/sportaxe.shop\/en\/wp-json\/wp\/v2\/product"}],"about":[{"href":"https:\/\/sportaxe.shop\/en\/wp-json\/wp\/v2\/types\/product"}],"replies":[{"embeddable":true,"href":"https:\/\/sportaxe.shop\/en\/wp-json\/wp\/v2\/comments?post=32075"}],"version-history":[{"count":0,"href":"https:\/\/sportaxe.shop\/en\/wp-json\/wp\/v2\/product\/32075\/revisions"}],"wp:featuredmedia":[{"embeddable":true,"href":"https:\/\/sportaxe.shop\/en\/wp-json\/wp\/v2\/media\/32220"}],"wp:attachment":[{"href":"https:\/\/sportaxe.shop\/en\/wp-json\/wp\/v2\/media?parent=32075"}],"wp:term":[{"taxonomy":"product_brand","embeddable":true,"href":"https:\/\/sportaxe.shop\/en\/wp-json\/wp\/v2\/product_brand?post=32075"},{"taxonomy":"product_cat","embeddable":true,"href":"https:\/\/sportaxe.shop\/en\/wp-json\/wp\/v2\/product_cat?post=32075"},{"taxonomy":"product_tag","embeddable":true,"href":"https:\/\/sportaxe.shop\/en\/wp-json\/wp\/v2\/product_tag?post=32075"}],"curies":[{"name":"wp","href":"https:\/\/api.w.org\/{rel}","templated":true}]}}