{"id":32071,"date":"2026-04-18T17:26:02","date_gmt":"2026-04-18T17:26:02","guid":{"rendered":"https:\/\/sportaxe.shop\/product\/26t1-elektrofahrrad-26-zoll-e-bike-36v-18-2ah-akku-herausnehmbar-250w-motor-lcd-display-7-gang-reichweite-90-130-km-25-km-h-ipx5-wasserdicht-fur-erwachsene\/"},"modified":"2026-04-18T17:26:03","modified_gmt":"2026-04-18T17:26:03","slug":"26t1-elektrofahrrad-26-zoll-e-bike-36v-18-2ah-akku-herausnehmbar-250w-motor-lcd-display-7-gang-reichweite-90-130-km-25-km-h-ipx5-wasserdicht-fur-erwachsene","status":"publish","type":"product","link":"https:\/\/sportaxe.shop\/en\/product\/26t1-elektrofahrrad-26-zoll-e-bike-36v-18-2ah-akku-herausnehmbar-250w-motor-lcd-display-7-gang-reichweite-90-130-km-25-km-h-ipx5-wasserdicht-fur-erwachsene\/","title":{"rendered":"26T1 E-Bike 26&#8243;, 250W Motor, 36V 18,2Ah Akku, 130km Reichweite, 7 G\u00e4nge, LCD-Display, 25km\/h, IPX5 wasserdicht"},"content":{"rendered":"<p><strong>Product Overview<\/strong><\/p>\n<ul>\n<li>\n<strong>Fahrradtyp:<\/strong> Pedelec<\/li>\n<li>\n<strong>Altersspektrum (Beschreibung):<\/strong> Erwachsener<\/li>\n<li>\n<strong>Marke:<\/strong> nakxus<\/li>\n<li>\n<strong>Anzahl der G\u00e4nge:<\/strong> 7<\/li>\n<li>\n<strong>Farbe:<\/strong> Schwarz<\/li>\n<li>\n<strong>Radgr\u00f6\u00dfe:<\/strong> 26 Zoll<\/li>\n<li>\n<strong>Rahmenmaterial:<\/strong> Aluminium<\/li>\n<li>\n<strong>Aufh\u00e4ngungstyp:<\/strong> Gabelfederung<\/li>\n<li>\n<strong>Besonderes Merkmal:<\/strong> Digitalanzeige<\/li>\n<li>\n<strong>Enthaltene Komponenten:<\/strong> Werkzeugsatz<\/li>\n<\/ul>\n<p><strong>Product Features<\/strong><\/p>\n<ul>\n<li>Gro\u00dfe, herausnehmbare Batterie:Ausgestattet mit einem 36V 18,2Ah Lithium-Akku, bietet das E-Bike eine Reichweite von bis zu 130 km. Unterst\u00fctzt zwei Ladearten \u2013 direkt am Fahrrad oder separat zu Hause oder im B\u00fcro. Vollst\u00e4ndig aufgeladen in ca. 6,5 Stunden, ideal f\u00fcr lange Fahrten und t\u00e4gliches Pendeln.<\/li>\n<li>Leistungsstarker b\u00fcrstenloser Motor:Der 250W b\u00fcrstenlose Hochleistungsmotor bietet ein maximales Drehmoment von 60 Nm und eine H\u00f6chstgeschwindigkeit von 25 km\/h. Perfekt f\u00fcr Stadtfahrten und Offroad-Strecken \u2013 kraftvoll, leise und effizient.<\/li>\n<li>Drei Fahrmodi:W\u00e4hlen Sie zwischen Tretunterst\u00fctzung, reinem Elektromodus oder manuellem Fahren. Passen Sie Ihren Fahrstil flexibel an verschiedene Gel\u00e4ndearten und pers\u00f6nliche Vorlieben an \u2013 f\u00fcr ein komfortables, individuelles Fahrerlebnis.<\/li>\n<li>Komfort &#038; Stabilit\u00e4t:Mit 20\u00d72.1 Zoll All-Terrain-Reifen, einem 7-Gang-Schaltsystem und einem stabilen Rahmen vereint dieses E-Bike Komfort und Sicherheit. Empfohlen f\u00fcr Fahrer mit einer K\u00f6rpergr\u00f6\u00dfe von 160\u2013185 cm.<\/li>\n<li>Wenn es dir nicht gef\u00e4llt, wird es dir zur\u00fcckerstattet! Nach deiner Bestellung kannst du dein Fahrrad 30 Tage lang und bis zu 50 km weit testen. Wenn es dir nicht gef\u00e4llt, holen wir es kostenlos ab und erstatten dir den vollen Kaufpreis zur\u00fcck. (Bei Sch\u00e4den, die nicht auf normalen Gebrauch zur\u00fcckzuf\u00fchren sind, behalten wir uns das Recht vor, den Kaufpreis je nach Schwere des Schadens zu erstatten).<\/li>\n<\/ul>\n<p><strong>Product Information<\/strong><\/p>\n<ul>\n<table style=\"margin-bottom:20px\">\n<tbody>\n<tr>\n<td><strong>Fahrradtyp<\/strong><\/td>\n<td>Pedelec<\/td>\n<\/tr>\n<tr>\n<td><strong>Anzahl G\u00e4nge<\/strong><\/td>\n<td>7<\/td>\n<\/tr>\n<tr>\n<td><strong>Federungstyp<\/strong><\/td>\n<td>Gabelfederung<\/td>\n<\/tr>\n<tr>\n<td><strong>Besondere Merkmale<\/strong><\/td>\n<td>Digitalanzeige<\/td>\n<\/tr>\n<tr>\n<td><strong>Bremsenart<\/strong><\/td>\n<td>Scheibenbremse<\/td>\n<\/tr>\n<tr>\n<td><strong>Spezifische Verwendung f\u00fcr Produkt<\/strong><\/td>\n<td>Stra\u00dfe<\/td>\n<\/tr>\n<tr>\n<td><strong>Betriebsart<\/strong><\/td>\n<td>Elektromotor<\/td>\n<\/tr>\n<tr>\n<td><strong>Wattleistung<\/strong><\/td>\n<td>250 Watt<\/td>\n<\/tr>\n<tr>\n<td><strong>Typ des Fahrradschalthebels<\/strong><\/td>\n<td>Trigger<\/td>\n<\/tr>\n<tr>\n<td><strong>Konfiguration der Kettenschaltung<\/strong><\/td>\n<td>R\u00fcckseite<\/td>\n<\/tr>\n<tr>\n<td><strong>Antriebsart des Fahrrads<\/strong><\/td>\n<td>Kette<\/td>\n<\/tr>\n<tr>\n<td><strong>Art der elektrischen Unterst\u00fctzung<\/strong><\/td>\n<td>Pedalunterst\u00fctzung<\/td>\n<\/tr>\n<tr>\n<td><strong>Farbe<\/strong><\/td>\n<td>Schwarz<\/td>\n<\/tr>\n<tr>\n<td><strong>Figur f\u00fcr Bereich<\/strong><\/td>\n<td>Schwarz<\/td>\n<\/tr>\n<tr>\n<td><strong>Thema<\/strong><\/td>\n<td>Sport<\/td>\n<\/tr>\n<tr>\n<td><strong>Stil\/Form<\/strong><\/td>\n<td>Europ\u00e4isch<\/td>\n<\/tr>\n<tr>\n<td><strong>Rahmenmaterialtyp<\/strong><\/td>\n<td>Aluminium<\/td>\n<\/tr>\n<tr>\n<td><strong>Radmaterial<\/strong><\/td>\n<td>Aluminium<\/td>\n<\/tr>\n<tr>\n<td><strong>Altersgruppe Beschreibung<\/strong><\/td>\n<td>Erwachsener<\/td>\n<\/tr>\n<tr>\n<td><strong>Marke<\/strong><\/td>\n<td>nakxus<\/td>\n<\/tr>\n<tr>\n<td><strong>Eingeschlossene Komponenten<\/strong><\/td>\n<td>Werkzeugsatz<\/td>\n<\/tr>\n<tr>\n<td><strong>Modellnummer<\/strong><\/td>\n<td>26T1-PRO<\/td>\n<\/tr>\n<tr>\n<td><strong>Modellname<\/strong><\/td>\n<td>26t1<\/td>\n<\/tr>\n<tr>\n<td><strong>Modelljahr<\/strong><\/td>\n<td>2025<\/td>\n<\/tr>\n<tr>\n<td><strong>Herkunftsland<\/strong><\/td>\n<td>China<\/td>\n<\/tr>\n<tr>\n<td><strong>Hersteller<\/strong><\/td>\n<td>nakxus<\/td>\n<\/tr>\n<tr>\n<td><strong>Garantie<\/strong><\/td>\n<td>2 years<\/td>\n<\/tr>\n<tr>\n<td><strong>Amazon Bestseller-Rang<\/strong><\/td>\n<td><\/td>\n<\/tr>\n<tr>\n<td><strong>ASIN<\/strong><\/td>\n<td>B0FRPTFYLG<\/td>\n<\/tr>\n<tr>\n<td><strong>Durchschnittliche Kundenbewertung<\/strong><\/td>\n<td><\/td>\n<\/tr>\n<tr>\n<td><strong>Reifengr\u00f6\u00dfe<\/strong><\/td>\n<td>26 Zoll<\/td>\n<\/tr>\n<tr>\n<td><strong>Gr\u00f6\u00dfe<\/strong><\/td>\n<td>extra<\/td>\n<\/tr>\n<tr>\n<td><strong>Radbreite<\/strong><\/td>\n<td>2,1 Zoll<\/td>\n<\/tr>\n<tr>\n<td><strong>Empfohlenes Maximalgewicht<\/strong><\/td>\n<td>150 Kilogramm<\/td>\n<\/tr>\n<tr>\n<td><strong>Montage erforderlich<\/strong><\/td>\n<td>Nein<\/td>\n<\/tr>\n<tr>\n<td><strong>Mindestbenutzerh\u00f6he<\/strong><\/td>\n<td>160 Zentimeter<\/td>\n<\/tr>\n<\/tbody>\n<\/table>\n<\/ul>","protected":false},"excerpt":{"rendered":"<p>Product Overview Fahrradtyp: Pedelec Altersspektrum (Beschreibung): Erwachsener Marke: nakxus Anzahl der G\u00e4nge: 7 Farbe: Schwarz Radgr\u00f6\u00dfe: 26 Zoll Rahmenmaterial: Aluminium<\/p>","protected":false},"featured_media":32185,"comment_status":"open","ping_status":"closed","template":"","meta":[],"product_brand":[],"product_cat":[150,151,152],"product_tag":[],"class_list":{"0":"post-32071","1":"product","2":"type-product","3":"status-publish","4":"has-post-thumbnail","6":"product_cat-collection-1","7":"product_cat-collection-2","8":"product_cat-startseite","10":"first","11":"instock","12":"sale","13":"shipping-taxable","14":"purchasable","15":"product-type-variable"},"jetpack_sharing_enabled":true,"_links":{"self":[{"href":"https:\/\/sportaxe.shop\/en\/wp-json\/wp\/v2\/product\/32071","targetHints":{"allow":["GET"]}}],"collection":[{"href":"https:\/\/sportaxe.shop\/en\/wp-json\/wp\/v2\/product"}],"about":[{"href":"https:\/\/sportaxe.shop\/en\/wp-json\/wp\/v2\/types\/product"}],"replies":[{"embeddable":true,"href":"https:\/\/sportaxe.shop\/en\/wp-json\/wp\/v2\/comments?post=32071"}],"version-history":[{"count":0,"href":"https:\/\/sportaxe.shop\/en\/wp-json\/wp\/v2\/product\/32071\/revisions"}],"wp:featuredmedia":[{"embeddable":true,"href":"https:\/\/sportaxe.shop\/en\/wp-json\/wp\/v2\/media\/32185"}],"wp:attachment":[{"href":"https:\/\/sportaxe.shop\/en\/wp-json\/wp\/v2\/media?parent=32071"}],"wp:term":[{"taxonomy":"product_brand","embeddable":true,"href":"https:\/\/sportaxe.shop\/en\/wp-json\/wp\/v2\/product_brand?post=32071"},{"taxonomy":"product_cat","embeddable":true,"href":"https:\/\/sportaxe.shop\/en\/wp-json\/wp\/v2\/product_cat?post=32071"},{"taxonomy":"product_tag","embeddable":true,"href":"https:\/\/sportaxe.shop\/en\/wp-json\/wp\/v2\/product_tag?post=32071"}],"curies":[{"name":"wp","href":"https:\/\/api.w.org\/{rel}","templated":true}]}}