{"id":32068,"date":"2026-04-18T17:26:02","date_gmt":"2026-04-18T17:26:02","guid":{"rendered":"https:\/\/sportaxe.shop\/product\/26m208-elektrofahrrad-damen-herren-26zoll-elektrofahrrad-trekkingrad-e-city-fahrrad-mit-36v-12-5ah-li-ion-akku-reichweite-bis-zu-100km-im-hybridmodus-250w-motor-eu-konform-mit-app\/"},"modified":"2026-04-18T17:26:03","modified_gmt":"2026-04-18T17:26:03","slug":"26m208-elektrofahrrad-damen-herren-26zoll-elektrofahrrad-trekkingrad-e-city-fahrrad-mit-36v-12-5ah-li-ion-akku-reichweite-bis-zu-100km-im-hybridmodus-250w-motor-eu-konform-mit-app","status":"publish","type":"product","link":"https:\/\/sportaxe.shop\/en\/product\/26m208-elektrofahrrad-damen-herren-26zoll-elektrofahrrad-trekkingrad-e-city-fahrrad-mit-36v-12-5ah-li-ion-akku-reichweite-bis-zu-100km-im-hybridmodus-250w-motor-eu-konform-mit-app\/","title":{"rendered":"26M208 E-Bike Trekking &#038; City 26&#8243;, 250W Motor, 36V 12,5Ah Akku, 100km Reichweite, APP, EU-konform, f\u00fcr Damen &#038; Herren"},"content":{"rendered":"<p><strong>Product Overview<\/strong><\/p>\n<ul>\n<li>\n<strong>Fahrradtyp:<\/strong> Mountainbike, Pendlerfahrrad<\/li>\n<li>\n<strong>Altersspektrum (Beschreibung):<\/strong> Erwachsener<\/li>\n<li>\n<strong>Marke:<\/strong> Qekud<\/li>\n<li>\n<strong>Anzahl der G\u00e4nge:<\/strong> 7<\/li>\n<li>\n<strong>Farbe:<\/strong> Grau<\/li>\n<li>\n<strong>Radgr\u00f6\u00dfe:<\/strong> 26 Zoll<\/li>\n<li>\n<strong>Rahmenmaterial:<\/strong> Aluminium<\/li>\n<li>\n<strong>Aufh\u00e4ngungstyp:<\/strong> Gabelfederung<\/li>\n<li>\n<strong>Besonderes Merkmal:<\/strong> <\/li>\n<li>\n<strong>Enthaltene Komponenten:<\/strong> Fahrradst\u00e4nder, Gep\u00e4cktr\u00e4ger, Horn, Kotfl\u00fcgel, Werkzeugsatz<\/li>\n<\/ul>\n<p><strong>Product Features<\/strong><\/p>\n<ul>\n<li>\u301026 Zoll-Elektrofahrrad\u3011: E-Bike hat eine maximale Belastung von 150 kg und ist f\u00fcr Personen im Alter von 16 bis 65 Jahren geeignet. Dies ist ein professionelles E-Bike mit herausnehmbarem Akku und einer professionellen 7S-Schaltung, mit der Sie die Geschwindigkeit an Ihre Bed\u00fcrfnisse anpassen k\u00f6nnen. Und die H\u00f6chstgeschwindigkeit und der Fahrmodus k\u00f6nnen einfach \u00fcber die Parametereinstellungen ge\u00e4ndert werden.<\/li>\n<li>\u3010Leistungsstarkes Energiesystem\u3011: Unser Elektrofahrrad verwendet ein b\u00fcrstenloses Antriebssystem, um die Leistungsnutzung des Motors zu verbessern. Mit dem eingebauten, herausnehmbaren 13-Ah-Akku betr\u00e4gt die Reichweite nach einer vollst\u00e4ndigen Aufladung in 4\u20135 Stunden ca. 100 Meilen. Minimale Betriebstemperatur -30 \u00b0C, unterst\u00fctzt 3000-maliges Laden und Entladen, kann die Akkukapazit\u00e4t innerhalb von zwei Jahren auf >80 % halten.<\/li>\n<li>\u3010Mit dem verstellbaren Lenker und Sitz\u3011:kann der Benutzer den Abstand zwischen Lenker und Sitz entsprechend seiner K\u00f6rpergr\u00f6\u00dfe anpassen, um eine bequeme Fahrt zu gew\u00e4hrleisten. Dieses Design erm\u00f6glicht es auch Fahrern zwischen 1,55 und 1,95 m K\u00f6rpergr\u00f6\u00dfe, ihr E-Bike problemlos auf die f\u00fcr sie passende H\u00f6he einzustellen.<\/li>\n<li>\u3010SONSTIGE MERKMALE\u3011: Das E-Bike ist mit Vorder- und R\u00fccklicht, LCD-Display, Mittelst\u00e4nder und einem bequemen Sitzkissen ausgestattet. Der Bordcomputer verf\u00fcgt \u00fcber ein LCD-display und eine intuitive Benutzeroberfl\u00e4che. Sie k\u00f6nnen ihn auch bequem \u00fcber die Anwendung steuern &#8211; so haben Sie eine bessere Kontrolle \u00fcber die Tretunterst\u00fctzung und die Entfernung sowie ein klareres Bild davon, wie schnell Sie fahren und wie viel Akkuleistung Sie haben.<\/li>\n<li>\u3010Garantie\u3011: Qekud wird mit einer 2-j\u00e4hrigen Garantie geliefert. Bitte senden Sie uns eine E-Mail.Wenn es Ihnen nicht gef\u00e4llt,erhalten Sie das Geld zur\u00fcck! Nach der Bestellung k\u00f6nnen Sie Ihr Fahrrad 30 Tage lang und bis zu 50 km lang testen.Wenn es Ihnen nicht gef\u00e4llt, holen wir es kostenlos ab und erstatten Ihnen den vollen Kaufpreis.(Bei Sch\u00e4den,die nicht durch normalen Gebrauch verursacht wurden, behalten wir uns das Recht vor, den Kaufpreis entsprechend der Schwere des Schadens zu erstatten.)<\/li>\n<\/ul>\n<p><strong>Product Information<\/strong><\/p>\n<ul>\n<table style=\"margin-bottom:20px\">\n<tbody>\n<tr>\n<td><strong>Fahrradtyp<\/strong><\/td>\n<td>Mountainbike, Pendlerfahrrad<\/td>\n<\/tr>\n<tr>\n<td><strong>Anzahl G\u00e4nge<\/strong><\/td>\n<td>7<\/td>\n<\/tr>\n<tr>\n<td><strong>Federungstyp<\/strong><\/td>\n<td>Gabelfederung<\/td>\n<\/tr>\n<tr>\n<td><strong>Besondere Merkmale<\/strong><\/td>\n<td>Digitalanzeige, Leicht, R\u00fccklicht, Schnellspannr\u00e4der, Sitz mit Schnellentriegelung,Verstellbare Lenkstangen,Verstellbarer Sitz,Vorderlicht,Wiederaufladbar<\/td>\n<\/tr>\n<tr>\n<td><strong>Bremsenart<\/strong><\/td>\n<td>Linear Pull<\/td>\n<\/tr>\n<tr>\n<td><strong>Spezifische Verwendung f\u00fcr Produkt<\/strong><\/td>\n<td>Trail<\/td>\n<\/tr>\n<tr>\n<td><strong>Betriebsart<\/strong><\/td>\n<td>Elektromotor<\/td>\n<\/tr>\n<tr>\n<td><strong>Wattleistung<\/strong><\/td>\n<td>250 Watt<\/td>\n<\/tr>\n<tr>\n<td><strong>Typ des Fahrradschalthebels<\/strong><\/td>\n<td>Trigger<\/td>\n<\/tr>\n<tr>\n<td><strong>Ist signiert<\/strong><\/td>\n<td>Nein<\/td>\n<\/tr>\n<tr>\n<td><strong>F\u00e4higkeitsebene<\/strong><\/td>\n<td>Anf\u00e4nger, Fortgeschrittene<\/td>\n<\/tr>\n<tr>\n<td><strong>Konfiguration der Kettenschaltung<\/strong><\/td>\n<td>R\u00fcckseite<\/td>\n<\/tr>\n<tr>\n<td><strong>Antriebsart des Fahrrads<\/strong><\/td>\n<td>Kettenschaltung<\/td>\n<\/tr>\n<tr>\n<td><strong>Art der elektrischen Unterst\u00fctzung<\/strong><\/td>\n<td>Pedelec<\/td>\n<\/tr>\n<tr>\n<td><strong>Farbe<\/strong><\/td>\n<td>Grau<\/td>\n<\/tr>\n<tr>\n<td><strong>Stil\/Form<\/strong><\/td>\n<td>Klassisch<\/td>\n<\/tr>\n<tr>\n<td><strong>Rahmenmaterialtyp<\/strong><\/td>\n<td>Aluminium<\/td>\n<\/tr>\n<tr>\n<td><strong>Radmaterial<\/strong><\/td>\n<td>Aluminium<\/td>\n<\/tr>\n<tr>\n<td><strong>Altersgruppe Beschreibung<\/strong><\/td>\n<td>Erwachsener<\/td>\n<\/tr>\n<tr>\n<td><strong>Marke<\/strong><\/td>\n<td>Qekud<\/td>\n<\/tr>\n<tr>\n<td><strong>Eingeschlossene Komponenten<\/strong><\/td>\n<td>Fahrradst\u00e4nder, Gep\u00e4cktr\u00e4ger, Horn, Kotfl\u00fcgel, Werkzeugsatz<\/td>\n<\/tr>\n<tr>\n<td><strong>Modellnummer<\/strong><\/td>\n<td>26M208<\/td>\n<\/tr>\n<tr>\n<td><strong>Modellname<\/strong><\/td>\n<td>26m208<\/td>\n<\/tr>\n<tr>\n<td><strong>Modelljahr<\/strong><\/td>\n<td>2024<\/td>\n<\/tr>\n<tr>\n<td><strong>Herkunftsland<\/strong><\/td>\n<td>China<\/td>\n<\/tr>\n<tr>\n<td><strong>Hersteller<\/strong><\/td>\n<td>GUANGZHOU SYMBOL BICYCLE CO.,LTD<\/td>\n<\/tr>\n<tr>\n<td><strong>Artikeltyp Name<\/strong><\/td>\n<td>e bike elektrofahrr\u00e4der<\/td>\n<\/tr>\n<tr>\n<td><strong>Garantie<\/strong><\/td>\n<td>Garantie des Verk\u00e4ufers<\/td>\n<\/tr>\n<tr>\n<td><strong>Amazon Bestseller-Rang<\/strong><\/td>\n<td><\/td>\n<\/tr>\n<tr>\n<td><strong>ASIN<\/strong><\/td>\n<td>B0D1Y69RFY<\/td>\n<\/tr>\n<tr>\n<td><strong>Durchschnittliche Kundenbewertung<\/strong><\/td>\n<td><\/td>\n<\/tr>\n<tr>\n<td><strong>Reifengr\u00f6\u00dfe<\/strong><\/td>\n<td>26 Zoll<\/td>\n<\/tr>\n<tr>\n<td><strong>Gr\u00f6\u00dfe<\/strong><\/td>\n<td>26Zoll<\/td>\n<\/tr>\n<tr>\n<td><strong>Artikelgewicht<\/strong><\/td>\n<td>30 Kilogramm<\/td>\n<\/tr>\n<tr>\n<td><strong>Art der Garantie<\/strong><\/td>\n<td>begrenzte Garantie<\/td>\n<\/tr>\n<tr>\n<td><strong>Verf\u00fcgbarkeitsdauer f\u00fcr EU-Ersatzteile<\/strong><\/td>\n<td>2 Jahre<\/td>\n<\/tr>\n<tr>\n<td><strong>Empfohlenes Maximalgewicht<\/strong><\/td>\n<td>200 Kilogramm<\/td>\n<\/tr>\n<tr>\n<td><strong>Montage erforderlich<\/strong><\/td>\n<td>Ja<\/td>\n<\/tr>\n<tr>\n<td><strong>Mindestbenutzerh\u00f6he<\/strong><\/td>\n<td>155 Zentimeter<\/td>\n<\/tr>\n<\/tbody>\n<\/table>\n<\/ul>","protected":false},"excerpt":{"rendered":"<p>Product Overview Fahrradtyp: Mountainbike, Pendlerfahrrad Altersspektrum (Beschreibung): Erwachsener Marke: Qekud Anzahl der G\u00e4nge: 7 Farbe: Grau Radgr\u00f6\u00dfe: 26 Zoll Rahmenmaterial:<\/p>","protected":false},"featured_media":32130,"comment_status":"open","ping_status":"closed","template":"","meta":[],"product_brand":[],"product_cat":[150,151,152],"product_tag":[],"class_list":{"0":"post-32068","1":"product","2":"type-product","3":"status-publish","4":"has-post-thumbnail","6":"product_cat-collection-1","7":"product_cat-collection-2","8":"product_cat-startseite","10":"first","11":"instock","12":"sale","13":"shipping-taxable","14":"purchasable","15":"product-type-variable"},"jetpack_sharing_enabled":true,"_links":{"self":[{"href":"https:\/\/sportaxe.shop\/en\/wp-json\/wp\/v2\/product\/32068","targetHints":{"allow":["GET"]}}],"collection":[{"href":"https:\/\/sportaxe.shop\/en\/wp-json\/wp\/v2\/product"}],"about":[{"href":"https:\/\/sportaxe.shop\/en\/wp-json\/wp\/v2\/types\/product"}],"replies":[{"embeddable":true,"href":"https:\/\/sportaxe.shop\/en\/wp-json\/wp\/v2\/comments?post=32068"}],"version-history":[{"count":0,"href":"https:\/\/sportaxe.shop\/en\/wp-json\/wp\/v2\/product\/32068\/revisions"}],"wp:featuredmedia":[{"embeddable":true,"href":"https:\/\/sportaxe.shop\/en\/wp-json\/wp\/v2\/media\/32130"}],"wp:attachment":[{"href":"https:\/\/sportaxe.shop\/en\/wp-json\/wp\/v2\/media?parent=32068"}],"wp:term":[{"taxonomy":"product_brand","embeddable":true,"href":"https:\/\/sportaxe.shop\/en\/wp-json\/wp\/v2\/product_brand?post=32068"},{"taxonomy":"product_cat","embeddable":true,"href":"https:\/\/sportaxe.shop\/en\/wp-json\/wp\/v2\/product_cat?post=32068"},{"taxonomy":"product_tag","embeddable":true,"href":"https:\/\/sportaxe.shop\/en\/wp-json\/wp\/v2\/product_tag?post=32068"}],"curies":[{"name":"wp","href":"https:\/\/api.w.org\/{rel}","templated":true}]}}