{"id":32064,"date":"2026-04-18T17:26:01","date_gmt":"2026-04-18T17:26:01","guid":{"rendered":"https:\/\/sportaxe.shop\/product\/26-e-bike-26m208-elektrofahrrad-mit-36v-12ah-akku-7-gang-e-bike-herren-damen-250w-motor-reichweite-100km-bis-25-km-h-elektrofahrrade-mit-app\/"},"modified":"2026-04-18T17:26:03","modified_gmt":"2026-04-18T17:26:03","slug":"26-e-bike-26m208-elektrofahrrad-mit-36v-12ah-akku-7-gang-e-bike-herren-damen-250w-motor-reichweite-100km-bis-25-km-h-elektrofahrrade-mit-app","status":"publish","type":"product","link":"https:\/\/sportaxe.shop\/en\/product\/26-e-bike-26m208-elektrofahrrad-mit-36v-12ah-akku-7-gang-e-bike-herren-damen-250w-motor-reichweite-100km-bis-25-km-h-elektrofahrrade-mit-app\/","title":{"rendered":"26M208 E-Bike 26&#8243;, 250W Motor, 36V 12Ah Akku, 100km Reichweite, 7 G\u00e4nge, 25km\/h, APP, f\u00fcr Herren &#038; Damen"},"content":{"rendered":"<div id=\"productDescription\" class=\"a-section a-spacing-small\">       <!-- show up to 2 reviews by default --><\/p>\n<p>    <span>Qekud 26 Zoll Cityr\u00e4der Elektrofahrrad, 26M208 Elektrofahrrad, 36V\/12Ah Akku ebike,250W Motor,Elektrofahrrad Reichweite 100km bis 25 km\/h,Elektrofahrrad mit APP,Wei\u00df<\/span>    <\/p>\n<\/p><\/div>\n<p><strong>Product Overview<\/strong><\/p>\n<ul>\n<li>\n<strong>Fahrradtyp:<\/strong> Mountainbike<\/li>\n<li>\n<strong>Altersspektrum (Beschreibung):<\/strong> Erwachsener<\/li>\n<li>\n<strong>Marke:<\/strong> Qekud<\/li>\n<li>\n<strong>Anzahl der G\u00e4nge:<\/strong> 7<\/li>\n<li>\n<strong>Farbe:<\/strong> 26 Grau<\/li>\n<li>\n<strong>Radgr\u00f6\u00dfe:<\/strong> 26 Zoll<\/li>\n<li>\n<strong>Rahmenmaterial:<\/strong> Aluminium<\/li>\n<li>\n<strong>Aufh\u00e4ngungstyp:<\/strong> Gabelfederung<\/li>\n<li>\n<strong>Besonderes Merkmal:<\/strong> Leicht<\/li>\n<li>\n<strong>Enthaltene Komponenten:<\/strong> Bedienungsanleitung<\/li>\n<\/ul>\n<p><strong>Product Features<\/strong><\/p>\n<ul>\n<li>&#x1f6b4;\u301026-Zoll-E-Bike mit gro\u00dfen R\u00e4dern\u3011 26-Zoll*1,75-Reifen, rutschfest und verschlei\u00dffest, mit weichem Drehprofil, das h\u00f6here Geschwindigkeiten erm\u00f6glicht. Das E-Bike ist mit reflektierenden Streifen ausgestattet, um eine bessere Sichtbarkeit bei schlechten Lichtverh\u00e4ltnissen zu gew\u00e4hrleisten. Ausgestattet mit Schutzblechen, die Sie und Ihre Ausr\u00fcstung sch\u00fctzen, und einem Gep\u00e4cktr\u00e4ger zur Aufbewahrung Ihrer wichtigsten Dinge. Die 26-Zoll-Vordergabel verf\u00fcgt \u00fcber eine Sperrfunktion, um sich an unterschiedliche Stra\u00dfenoberfl\u00e4chen anzupassen.<\/li>\n<li>&#x1f6b4;\u3010B\u00fcrstenloser 250-W-Motor und abnehmbarer 12,5-Ah-Akku\u3011 Das Qekud-Elektrofahrrad ist leicht und kompakt, aber dennoch leistungsstark genug. 250 W b\u00fcrstenloser Motor, maximales Drehmoment 45 N.M, H\u00f6chstgeschwindigkeit 25 km\/h. Der Hinterradnabenmotor ist leise und reaktionsschnell und bietet ausreichend Steigf\u00e4higkeit f\u00fcr die meisten Stadtstra\u00dfen. Elegant und abnehmbar. Im Unterst\u00fctzungsmodus verf\u00fcgt es \u00fcber eine lange Akkulaufzeit und kann mit einer einzigen Ladung 100 Kilometer weit fahren.<\/li>\n<li>&#x1f6b4;\u3010Hintergrundbeleuchtetes LCD-Display\u3011 Das mittig am Lenker des Fahrrads angebrachte, hintergrundbeleuchtete Farbdisplay verf\u00fcgt \u00fcber eine Reihe von Funktionen, die Sie auch unterwegs \u00fcber alle wichtigen Daten Ihres Fahrrads wie Geschwindigkeit, Leistung, Tretunterst\u00fctzung und mehr auf dem Laufenden halten . Stellen Sie eine Verbindung \u00fcber die App her, die mit Ihrem Telefon synchronisiert wird, um eine klarere Sicht auf Ihre Daten zu erhalten.<\/li>\n<li>&#x1f6b4;\u3010Rahmen und Lenker mit mehreren Winkeln\u3011Der Rahmen aus Aluminium mit Farbverlauf ist in verschiedenen stilvollen Farben erh\u00e4ltlich und ebnet den Weg f\u00fcr diejenigen, die nicht auf einen hohen Gep\u00e4cktr\u00e4ger aufr\u00fcsten k\u00f6nnen, aber ihren eigenen Stil, eine aggressive Haltung oder zus\u00e4tzliche Winkel f\u00fcr Komfort w\u00fcnschen Die aufrechte Position passt Ihre Position auf der Stra\u00dfe an und bringt den Lenker n\u00e4her an Sie heran. W\u00e4hlen Sie Ihren Stil!<\/li>\n<li>&#x1f6b4;\u3010Einstellbare H\u00f6he &#038; After-Sales-Garantie\u3011Durch die verstellbare Sattelst\u00fctze und den verstellbaren Lenker ist es ideal f\u00fcr Jugendliche und Erwachsene mit einer K\u00f6rpergr\u00f6\u00dfe von 160\u2013190 cm und einer maximalen Belastung von 203 kg. F\u00fcr dieses Fahrrad gilt eine Garantie von 2 Jahren. XJ-HOME ist bestrebt, seinen Kunden das perfekteste Einkaufserlebnis zu bieten. Wenn Sie Fragen haben, k\u00f6nnen Sie sich gerne an uns wenden. Wir werden Ihre Fragen beantworten.<\/li>\n<li>&#x1f6b4;\u3010Was k\u00f6nnen Sie erhalten\u3011Elektrofahrrad X1,Benutzerhandbuch X1,Ladeger\u00e4t X1,Pedale X1,Werkzeugsatz X1,Scheinwerfer X1,R\u00fccklicht X1,Speichenreflektor X1,LCD Display X1,Schl\u00fcssel X1<\/li>\n<\/ul>\n<p><strong>Product Information<\/strong><\/p>\n<ul>\n<table style=\"margin-bottom:20px\">\n<tbody>\n<tr>\n<td><strong>Fahrradtyp<\/strong><\/td>\n<td>Mountainbike<\/td>\n<\/tr>\n<tr>\n<td><strong>Anzahl G\u00e4nge<\/strong><\/td>\n<td>7<\/td>\n<\/tr>\n<tr>\n<td><strong>Federungstyp<\/strong><\/td>\n<td>Gabelfederung<\/td>\n<\/tr>\n<tr>\n<td><strong>Besondere Merkmale<\/strong><\/td>\n<td>Leicht<\/td>\n<\/tr>\n<tr>\n<td><strong>Bremsenart<\/strong><\/td>\n<td>Felgenbremse<\/td>\n<\/tr>\n<tr>\n<td><strong>Spezifische Verwendung f\u00fcr Produkt<\/strong><\/td>\n<td>Kies, Stra\u00dfe, Trail<\/td>\n<\/tr>\n<tr>\n<td><strong>Betriebsart<\/strong><\/td>\n<td>Elektrischer Motor<\/td>\n<\/tr>\n<tr>\n<td><strong>Wattleistung<\/strong><\/td>\n<td>250 Watt<\/td>\n<\/tr>\n<tr>\n<td><strong>Kapazit\u00e4t Lithium-Akku<\/strong><\/td>\n<td>12500 Milliamperestunden (mAh)<\/td>\n<\/tr>\n<tr>\n<td><strong>Typ des Fahrradschalthebels<\/strong><\/td>\n<td>Trigger<\/td>\n<\/tr>\n<tr>\n<td><strong>Ist signiert<\/strong><\/td>\n<td>Nein<\/td>\n<\/tr>\n<tr>\n<td><strong>Anzahl der Griffe<\/strong><\/td>\n<td>1<\/td>\n<\/tr>\n<tr>\n<td><strong>F\u00e4higkeitsebene<\/strong><\/td>\n<td>Mittelstufe<\/td>\n<\/tr>\n<tr>\n<td><strong>Art des Getriebes<\/strong><\/td>\n<td>Freewheel<\/td>\n<\/tr>\n<tr>\n<td><strong>Fahrgel\u00e4nde<\/strong><\/td>\n<td>Asphaltwege, Oberteil, Ungepfl\u00fcckte Trails<\/td>\n<\/tr>\n<tr>\n<td><strong>Konfiguration der Kettenschaltung<\/strong><\/td>\n<td>Vorderseite<\/td>\n<\/tr>\n<tr>\n<td><strong>Antriebsart des Fahrrads<\/strong><\/td>\n<td>Hub Drive<\/td>\n<\/tr>\n<tr>\n<td><strong>Art der elektrischen Unterst\u00fctzung<\/strong><\/td>\n<td>Pedelec<\/td>\n<\/tr>\n<tr>\n<td><strong>Rahmenmaterialtyp<\/strong><\/td>\n<td>Aluminium<\/td>\n<\/tr>\n<tr>\n<td><strong>Radmaterial<\/strong><\/td>\n<td>Gummi<\/td>\n<\/tr>\n<tr>\n<td><strong>Altersgruppe Beschreibung<\/strong><\/td>\n<td>Erwachsener<\/td>\n<\/tr>\n<tr>\n<td><strong>Marke<\/strong><\/td>\n<td>Qekud<\/td>\n<\/tr>\n<tr>\n<td><strong>Eingeschlossene Komponenten<\/strong><\/td>\n<td>Bedienungsanleitung<\/td>\n<\/tr>\n<tr>\n<td><strong>Modellnummer<\/strong><\/td>\n<td>26M208<\/td>\n<\/tr>\n<tr>\n<td><strong>Modellname<\/strong><\/td>\n<td>26m208<\/td>\n<\/tr>\n<tr>\n<td><strong>Herkunftsland<\/strong><\/td>\n<td>China<\/td>\n<\/tr>\n<tr>\n<td><strong>Hersteller<\/strong><\/td>\n<td>Qekud<\/td>\n<\/tr>\n<tr>\n<td><strong>Garantie<\/strong><\/td>\n<td>ein Jahr Garantie<\/td>\n<\/tr>\n<tr>\n<td><strong>Amazon Bestseller-Rang<\/strong><\/td>\n<td><\/td>\n<\/tr>\n<tr>\n<td><strong>ASIN<\/strong><\/td>\n<td>B0D1KG8LDQ<\/td>\n<\/tr>\n<tr>\n<td><strong>Durchschnittliche Kundenbewertung<\/strong><\/td>\n<td><\/td>\n<\/tr>\n<tr>\n<td><strong>Farbe<\/strong><\/td>\n<td>26 Grau<\/td>\n<\/tr>\n<tr>\n<td><strong>Thema<\/strong><\/td>\n<td>Leicht<\/td>\n<\/tr>\n<tr>\n<td><strong>Reifengr\u00f6\u00dfe<\/strong><\/td>\n<td>26 Zoll<\/td>\n<\/tr>\n<tr>\n<td><strong>Gr\u00f6\u00dfe<\/strong><\/td>\n<td>Extra breit<\/td>\n<\/tr>\n<tr>\n<td><strong>Art der Garantie<\/strong><\/td>\n<td>[POSSIBLE VALUES]<\/td>\n<\/tr>\n<tr>\n<td><strong>Empfohlenes Maximalgewicht<\/strong><\/td>\n<td>203 Kilogramm<\/td>\n<\/tr>\n<tr>\n<td><strong>Montage erforderlich<\/strong><\/td>\n<td>Nein<\/td>\n<\/tr>\n<\/tbody>\n<\/table>\n<\/ul>\n","protected":false},"excerpt":{"rendered":"<p>Qekud 26 Zoll Cityr\u00e4der Elektrofahrrad, 26M208 Elektrofahrrad, 36V\/12Ah Akku ebike,250W Motor,Elektrofahrrad Reichweite 100km bis 25 km\/h,Elektrofahrrad mit APP,Wei\u00df Product Overview<\/p>","protected":false},"featured_media":32067,"comment_status":"open","ping_status":"closed","template":"","meta":[],"product_brand":[],"product_cat":[150,151,152],"product_tag":[],"class_list":{"0":"post-32064","1":"product","2":"type-product","3":"status-publish","4":"has-post-thumbnail","6":"product_cat-collection-1","7":"product_cat-collection-2","8":"product_cat-startseite","10":"first","11":"instock","12":"sale","13":"shipping-taxable","14":"purchasable","15":"product-type-variable"},"jetpack_sharing_enabled":true,"_links":{"self":[{"href":"https:\/\/sportaxe.shop\/en\/wp-json\/wp\/v2\/product\/32064","targetHints":{"allow":["GET"]}}],"collection":[{"href":"https:\/\/sportaxe.shop\/en\/wp-json\/wp\/v2\/product"}],"about":[{"href":"https:\/\/sportaxe.shop\/en\/wp-json\/wp\/v2\/types\/product"}],"replies":[{"embeddable":true,"href":"https:\/\/sportaxe.shop\/en\/wp-json\/wp\/v2\/comments?post=32064"}],"version-history":[{"count":0,"href":"https:\/\/sportaxe.shop\/en\/wp-json\/wp\/v2\/product\/32064\/revisions"}],"wp:featuredmedia":[{"embeddable":true,"href":"https:\/\/sportaxe.shop\/en\/wp-json\/wp\/v2\/media\/32067"}],"wp:attachment":[{"href":"https:\/\/sportaxe.shop\/en\/wp-json\/wp\/v2\/media?parent=32064"}],"wp:term":[{"taxonomy":"product_brand","embeddable":true,"href":"https:\/\/sportaxe.shop\/en\/wp-json\/wp\/v2\/product_brand?post=32064"},{"taxonomy":"product_cat","embeddable":true,"href":"https:\/\/sportaxe.shop\/en\/wp-json\/wp\/v2\/product_cat?post=32064"},{"taxonomy":"product_tag","embeddable":true,"href":"https:\/\/sportaxe.shop\/en\/wp-json\/wp\/v2\/product_tag?post=32064"}],"curies":[{"name":"wp","href":"https:\/\/api.w.org\/{rel}","templated":true}]}}