{"id":31802,"date":"2026-04-17T12:05:45","date_gmt":"2026-04-17T12:05:45","guid":{"rendered":"https:\/\/sportaxe.shop\/product\/vale-balkonkraftwerk-bifazial-900-wp-full-black-ecoflow-stream-wechselrichter-800-w-hochwertiges-solarpanel-set-5m-ac-kabel-inkl-app-steuerung\/"},"modified":"2026-04-17T12:11:55","modified_gmt":"2026-04-17T12:11:55","slug":"vale-balkonkraftwerk-bifazial-900-wp-full-black-ecoflow-stream-wechselrichter-800-w-hochwertiges-solarpanel-set-5m-ac-kabel-inkl-app-steuerung","status":"publish","type":"product","link":"https:\/\/sportaxe.shop\/en\/product\/vale-balkonkraftwerk-bifazial-900-wp-full-black-ecoflow-stream-wechselrichter-800-w-hochwertiges-solarpanel-set-5m-ac-kabel-inkl-app-steuerung\/","title":{"rendered":"VALE Balkonkraftwerk Bifazial 900 Wp, EcoFlow Stream Wechselrichter 800W, Full Black, 5m AC-Kabel, App-Steuerung"},"content":{"rendered":"<div id=\"productDescription\" class=\"a-section a-spacing-small\">       <!-- show up to 2 reviews by default --><\/p>\n<p>    <span>folgt<\/span>    <\/p>\n<\/p><\/div>\n<p><strong>Product Overview<\/strong><\/p>\n<ul>\n<li>\n<strong>Marke:<\/strong> VALE<\/li>\n<li>\n<strong>Material:<\/strong> Kristallines Silizium, Aluminium, Glas, Polyethylenterephthalat<\/li>\n<li>\n<strong>Produktabmessungen:<\/strong> 461,26L x 0,03B x 1,72H m<\/li>\n<li>\n<strong>Enthaltene Komponenten:<\/strong> 2x Solarmodule, 800W Wechselrichter, 5m AC-Kabel<\/li>\n<li>\n<strong>Maximale Leistung:<\/strong> 900 Watt<\/li>\n<\/ul>\n<p><strong>Product Features<\/strong><\/p>\n<ul>\n<li>Private Stromerzeugung: Das bifaziale Balkonkraftwerk f\u00fcr beidseitige Energiegewinnung mit EcoFlow Stream Wechselrichter &#038; integriertem WiFi sorgt f\u00fcr zuverl\u00e4ssigen Strom bei dir zu Hause<\/li>\n<li>Maximale Effizienz: Der Mikro-Wechselrichter liefert bis zu 800\u202fW Leistung, nutzt zwei MPPT-Tracker f\u00fcr optimale Stromausbeute &#038; \u00fcberzeugt mit IP67-Schutz sowie WLAN\/Bluetooth-Verbindung<\/li>\n<li>Hochwertige Solaranlage: Das Balkonkraftwerk \u00fcberzeugt mit eleganter Full-Black-Optik &#038; bifazialen Modulen, die bis zu 30% mehr Leistung liefern. Es umfasst 2x 450 Wp Solarpanels, einen EcoFlow Stream Wechselrichter 800 W &#038; das notwendige Kabel<\/li>\n<li>Einfache Installation: Das steckerfertige Solarpanel Set enth\u00e4lt das ben\u00f6tigte Kabel, sodass du ohne Elektriker unkompliziert Solarenergie erzeugen kannst<\/li>\n<li>Langfristige Sicherheit: 10 Jahre Standardgarantie &#038; hochwertige Verarbeitung sorgen f\u00fcr eine zuverl\u00e4ssige &#038; dauerhafte Leistungsentwicklung \u2013 f\u00fcr eine sichere Energiegewinnung<\/li>\n<\/ul>\n<p><strong>Product Information<\/strong><\/p>\n<ul>\n<table style=\"margin-bottom:20px\">\n<tbody>\n<tr>\n<td><strong>Maximalleistung<\/strong><\/td>\n<td>900 Watt<\/td>\n<\/tr>\n<tr>\n<td><strong>Verbindungsart<\/strong><\/td>\n<td>MC4<\/td>\n<\/tr>\n<tr>\n<td><strong>Artikel Abmessungen L x B x H<\/strong><\/td>\n<td>461,26L x 0,03B x 1,72H m<\/td>\n<\/tr>\n<tr>\n<td><strong>Material<\/strong><\/td>\n<td>Kristallines Silizium, Aluminium, Glas, Polyethylenterephthalat<\/td>\n<\/tr>\n<tr>\n<td><strong>Marke<\/strong><\/td>\n<td>VALE<\/td>\n<\/tr>\n<tr>\n<td><strong>Enthaltene Komponenten<\/strong><\/td>\n<td>2x Solarmodule, 800W Wechselrichter, 5m AC-Kabel<\/td>\n<\/tr>\n<tr>\n<td><strong>Modellnummer<\/strong><\/td>\n<td>SF_301094<\/td>\n<\/tr>\n<tr>\n<td><strong>Artikelnummer\/Seriennummer<\/strong><\/td>\n<td>301094<\/td>\n<\/tr>\n<tr>\n<td><strong>Hersteller<\/strong><\/td>\n<td>VALE<\/td>\n<\/tr>\n<tr>\n<td><strong>Herkunftsland<\/strong><\/td>\n<td>China<\/td>\n<\/tr>\n<tr>\n<td><strong>Amazon Bestseller-Rang<\/strong><\/td>\n<td><\/td>\n<\/tr>\n<tr>\n<td><strong>ASIN<\/strong><\/td>\n<td>B0FMFX9XWP<\/td>\n<\/tr>\n<tr>\n<td><strong>Durchschnittliche Kundenbewertung<\/strong><\/td>\n<td><\/td>\n<\/tr>\n<\/tbody>\n<\/table>\n<\/ul>","protected":false},"excerpt":{"rendered":"<p>folgt Product Overview Marke: VALE Material: Kristallines Silizium, Aluminium, Glas, Polyethylenterephthalat Produktabmessungen: 461,26L x 0,03B x 1,72H m Enthaltene Komponenten:<\/p>","protected":false},"featured_media":31847,"comment_status":"open","ping_status":"closed","template":"","meta":[],"product_brand":[],"product_cat":[150,151,152],"product_tag":[],"class_list":{"0":"post-31802","1":"product","2":"type-product","3":"status-publish","4":"has-post-thumbnail","6":"product_cat-collection-1","7":"product_cat-collection-2","8":"product_cat-startseite","10":"first","11":"instock","12":"sale","13":"shipping-taxable","14":"purchasable","15":"product-type-variable"},"_links":{"self":[{"href":"https:\/\/sportaxe.shop\/en\/wp-json\/wp\/v2\/product\/31802","targetHints":{"allow":["GET"]}}],"collection":[{"href":"https:\/\/sportaxe.shop\/en\/wp-json\/wp\/v2\/product"}],"about":[{"href":"https:\/\/sportaxe.shop\/en\/wp-json\/wp\/v2\/types\/product"}],"replies":[{"embeddable":true,"href":"https:\/\/sportaxe.shop\/en\/wp-json\/wp\/v2\/comments?post=31802"}],"version-history":[{"count":0,"href":"https:\/\/sportaxe.shop\/en\/wp-json\/wp\/v2\/product\/31802\/revisions"}],"wp:featuredmedia":[{"embeddable":true,"href":"https:\/\/sportaxe.shop\/en\/wp-json\/wp\/v2\/media\/31847"}],"wp:attachment":[{"href":"https:\/\/sportaxe.shop\/en\/wp-json\/wp\/v2\/media?parent=31802"}],"wp:term":[{"taxonomy":"product_brand","embeddable":true,"href":"https:\/\/sportaxe.shop\/en\/wp-json\/wp\/v2\/product_brand?post=31802"},{"taxonomy":"product_cat","embeddable":true,"href":"https:\/\/sportaxe.shop\/en\/wp-json\/wp\/v2\/product_cat?post=31802"},{"taxonomy":"product_tag","embeddable":true,"href":"https:\/\/sportaxe.shop\/en\/wp-json\/wp\/v2\/product_tag?post=31802"}],"curies":[{"name":"wp","href":"https:\/\/api.w.org\/{rel}","templated":true}]}}