{"id":31794,"date":"2026-04-17T12:05:44","date_gmt":"2026-04-17T12:05:44","guid":{"rendered":"https:\/\/sportaxe.shop\/product\/stromgenerator-mit-benzin-stromerzeuger-mit-zubehor-notstromaggregat-leise-5-steckdosen-3x-230v-1x-400v-1x-12-v-6-5-ps-stromgenerator-mit-zugstarter\/"},"modified":"2026-04-17T12:12:01","modified_gmt":"2026-04-17T12:12:01","slug":"stromgenerator-mit-benzin-stromerzeuger-mit-zubehor-notstromaggregat-leise-5-steckdosen-3x-230v-1x-400v-1x-12-v-6-5-ps-stromgenerator-mit-zugstarter","status":"publish","type":"product","link":"https:\/\/sportaxe.shop\/en\/product\/stromgenerator-mit-benzin-stromerzeuger-mit-zubehor-notstromaggregat-leise-5-steckdosen-3x-230v-1x-400v-1x-12-v-6-5-ps-stromgenerator-mit-zugstarter\/","title":{"rendered":"Stromgenerator Benzin 6,5 PS, 5 Steckdosen, 3x 230V, 1x 400V, 1x 12V, leise, Notstromaggregat mit Zugstarter"},"content":{"rendered":"<div id=\"productDescription\" class=\"a-section a-spacing-small\">       <!-- show up to 2 reviews by default --><\/p>\n<p>    <span>Stromerzeuger Details: Modell: PT 8500 WI Abmessungen: L 60 x B 45 x H 44 cm Material: Metall Farbe: rot Gewicht: 38 kg Motorleistung : 6,5 PS Steckdosen: 3x 230V \/ 1x 400V \/ 1x 12 V Dauerleistung: 2500\/ 2700W Fassungsverm\u00f6gen: 15l Benzin mind. 90 Oktan, auch E10 geeignet \/ 0,6 l \u00d6l 10W-30 Besonderheiten: Sicherungsschalter, Voltmeter, hohe Leistung, Lautst\u00e4rke: ca. 68 db Beschreibung: Mit dem Messermann Stromgenerator erzeugen Sie \u00fcberall dort Strom wo mobile Stromversorgung schnell und unkompliziert ben\u00f6tigt wird. Egal ob beim Gartenfest, auf dem Campingplatz oder Zuhause beim Heckenschneiden wenn die Haussteckdose zu weit entfernt ist, der 7 PS starke Benzingenerator liefert den ben\u00f6tigten Strom. Der Stromerzeuger wird durch einen starken und sauberen 4-Takt Motor angetrieben. Dank des ausreichend gro\u00dfen Kraftstofftanks mit einem Fassungsverm\u00f6gen von 15 Litern l\u00e4uft das Ger\u00e4t bei halber Last ca. 11 Stunden. Bitte bef\u00fcllen Sie das Ger\u00e4t vor dem ersten Start mit allen Fl\u00fcssigkeiten und beachten sie bei Inbetriebnahme und Verwendung die mitgelieferte Gebrauchsanweisung. Lieferumfang: 1x Stromgenerator mit Zubeh\u00f6r siehe Detailbeschreibung<\/span>    <\/p>\n<\/p><\/div>\n<p><strong>Product Overview<\/strong><\/p>\n<ul>\n<li>\n<strong>Marke:<\/strong> Messermann<\/li>\n<li>\n<strong>Wattzahl:<\/strong> 2500 Watt<\/li>\n<li>\n<strong>Kraftstoffart:<\/strong> Benzin<\/li>\n<li>\n<strong>Stromquelle:<\/strong> Treibstoff<\/li>\n<li>\n<strong>Empfohlene Anwendungen f\u00fcr Produkt:<\/strong> Camping<\/li>\n<li>\n<strong>Spannung:<\/strong> 12 Volt<\/li>\n<li>\n<strong>Ausgangsleistung:<\/strong> 3000 Watt<\/li>\n<li>\n<strong>Besonderes Merkmal:<\/strong> Leistungsstromgenerator<\/li>\n<li>\n<strong>Enthaltene Komponenten:<\/strong> Generatoren<\/li>\n<li>\n<strong>Produktabmessungen:<\/strong> 60L x 60B x 60H cm<\/li>\n<\/ul>\n<p><strong>Product Features<\/strong><\/p>\n<ul>\n<li>&#x2705; Der Messermann Stromgenerator versorgt Sie mit wenig Aufwand \u00fcberall dort mit Strom wo ihr Kabel zum Hausanschlu\u00df zu kurz oder \u00fcberhaupt kein Strom vorhanden ist. Das Notstromaggregat ist mit einem 15 l Benzintank ausgestattet, zum Betrieb eignet sich sowohl Benzin ab 90 Oktan als auch E 10. Der \u00d6ltank umfasst 0,6 l und sollte vor Inbetriebnahme mit 10W-30 \u00d6l bef\u00fcllt werden.<\/li>\n<li>&#x2705; Der Stromerzeuger mit dem 6,5 PS starken 4-Takt Motor ist sparsam im Verbrauch und bietet eine umfangreiche Ausstattung wie 3x 230V, 1x 400V und 1x 12V Anschlu\u00dfm\u00f6glichkeit. Eine komfortable Voltmeter Anzeige und ein Sicherungsschalter z\u00e4hlen ebenfalls zur umfangreichen Ausstattung<\/li>\n<li>&#x2705; Folgendes Zubeh\u00f6r ist im Lieferumfang enthalten: 1x Z\u00fcndkerzenschl\u00fcssel | 4x Gummif\u00fc\u00dfe | 2x Schuko Stecker | 1x Starkstromstecker | 1x 12V Anschlu\u00dfkabel mit +\/- Klemmen | Gebrauchsanweisung bebildert | Bitte beachten Sie vor Inbetriebnahme und bei Verwendung die Gebrauchsanleitung.<\/li>\n<li>&#x2705; Das umfangreiche Zubeh\u00f6r schafft viel Spielraum f\u00fcr eine Vielzahl an Verwendungsm\u00f6glichkeiten. Egal ob Sie Ger\u00e4te mit 12V, 220V oder Starkstrom mit 380V betreiben wollen, alle Steckm\u00f6glichkeiten sind im Lieferumfang bereits enthalten.<\/li>\n<li>&#x2705; Technische Daten Motor: Ma\u00dfe L 60 x B 43 x H 44 cm | Gewicht 38 kg | Motorleistung 6,5 PS | Fassungsverm\u00f6gen Benzin 15 l \u00d6l 0,6 l &#8211; Laufzeit bei 1\/2 Leistung ca. 11 Stunden<\/li>\n<\/ul>\n<p><strong>Product Information<\/strong><\/p>\n<ul>\n<table style=\"margin-bottom:20px\">\n<tbody>\n<tr>\n<td><strong>Wattleistung<\/strong><\/td>\n<td>2500 Watt<\/td>\n<\/tr>\n<tr>\n<td><strong>Kraftstofftyp<\/strong><\/td>\n<td>Benzin<\/td>\n<\/tr>\n<tr>\n<td><strong>Betriebsart<\/strong><\/td>\n<td>Treibstoff<\/td>\n<\/tr>\n<tr>\n<td><strong>Empfohlene Verw.bereiche f\u00fcr Produkt<\/strong><\/td>\n<td>Camping<\/td>\n<\/tr>\n<tr>\n<td><strong>Spannung in Volt<\/strong><\/td>\n<td>12 Volt<\/td>\n<\/tr>\n<tr>\n<td><strong>Ausgangswattzahl<\/strong><\/td>\n<td>3000 Watt<\/td>\n<\/tr>\n<tr>\n<td><strong>Besondere Merkmale<\/strong><\/td>\n<td>Leistungsstromgenerator<\/td>\n<\/tr>\n<tr>\n<td><strong>Motortyp<\/strong><\/td>\n<td>Benzin<\/td>\n<\/tr>\n<tr>\n<td><strong>Typ des Z\u00fcndsystems<\/strong><\/td>\n<td>Elektronisch<\/td>\n<\/tr>\n<tr>\n<td><strong>Tankvolumen<\/strong><\/td>\n<td>15 Liter<\/td>\n<\/tr>\n<tr>\n<td><strong>Dauer<\/strong><\/td>\n<td>11 Stunden<\/td>\n<\/tr>\n<tr>\n<td><strong>Gesamtanzahl der Stromanschl\u00fcsse<\/strong><\/td>\n<td>5<\/td>\n<\/tr>\n<tr>\n<td><strong>Frequenz<\/strong><\/td>\n<td>50 Hz<\/td>\n<\/tr>\n<tr>\n<td><strong>Maximale Motorleistung<\/strong><\/td>\n<td>6,5 Pferdest\u00e4rke<\/td>\n<\/tr>\n<tr>\n<td><strong>Start-Wattzahl<\/strong><\/td>\n<td>3000 Watt<\/td>\n<\/tr>\n<tr>\n<td><strong>Betriebsleistung<\/strong><\/td>\n<td>3000 Watt<\/td>\n<\/tr>\n<tr>\n<td><strong>Marke<\/strong><\/td>\n<td>Messermann<\/td>\n<\/tr>\n<tr>\n<td><strong>Eingeschlossene Komponenten<\/strong><\/td>\n<td>Generatoren<\/td>\n<\/tr>\n<tr>\n<td><strong>Modellnummer<\/strong><\/td>\n<td>258<\/td>\n<\/tr>\n<tr>\n<td><strong>Hersteller<\/strong><\/td>\n<td>Messermann Germany<\/td>\n<\/tr>\n<tr>\n<td><strong>Global Trade Identification Number<\/strong><\/td>\n<td>04250953450841<\/td>\n<\/tr>\n<tr>\n<td><strong>Herkunftsland<\/strong><\/td>\n<td>China<\/td>\n<\/tr>\n<tr>\n<td><strong>Anzahl von Einheiten<\/strong><\/td>\n<td>1.0 st\u00fcck<\/td>\n<\/tr>\n<tr>\n<td><strong>Garantie f\u00fcr das Produkt<\/strong><\/td>\n<td>1.<\/td>\n<\/tr>\n<tr>\n<td><strong>Amazon Bestseller-Rang<\/strong><\/td>\n<td><\/td>\n<\/tr>\n<tr>\n<td><strong>ASIN<\/strong><\/td>\n<td>B0BTPX4XVG<\/td>\n<\/tr>\n<tr>\n<td><strong>Durchschnittliche Kundenbewertung<\/strong><\/td>\n<td><\/td>\n<\/tr>\n<tr>\n<td><strong>Artikel Abmessungen L x B x H<\/strong><\/td>\n<td>60L x 60B x 60H cm<\/td>\n<\/tr>\n<tr>\n<td><strong>Material<\/strong><\/td>\n<td>Stromgenerator mit Zugstarter<\/td>\n<\/tr>\n<\/tbody>\n<\/table>\n<\/ul>","protected":false},"excerpt":{"rendered":"<p>Stromerzeuger Details: Modell: PT 8500 WI Abmessungen: L 60 x B 45 x H 44 cm Material: Metall Farbe: rot<\/p>","protected":false},"featured_media":31860,"comment_status":"open","ping_status":"closed","template":"","meta":[],"product_brand":[],"product_cat":[150,151,152],"product_tag":[],"class_list":{"0":"post-31794","1":"product","2":"type-product","3":"status-publish","4":"has-post-thumbnail","6":"product_cat-collection-1","7":"product_cat-collection-2","8":"product_cat-startseite","10":"first","11":"instock","12":"sale","13":"shipping-taxable","14":"purchasable","15":"product-type-variable"},"_links":{"self":[{"href":"https:\/\/sportaxe.shop\/en\/wp-json\/wp\/v2\/product\/31794","targetHints":{"allow":["GET"]}}],"collection":[{"href":"https:\/\/sportaxe.shop\/en\/wp-json\/wp\/v2\/product"}],"about":[{"href":"https:\/\/sportaxe.shop\/en\/wp-json\/wp\/v2\/types\/product"}],"replies":[{"embeddable":true,"href":"https:\/\/sportaxe.shop\/en\/wp-json\/wp\/v2\/comments?post=31794"}],"version-history":[{"count":0,"href":"https:\/\/sportaxe.shop\/en\/wp-json\/wp\/v2\/product\/31794\/revisions"}],"wp:featuredmedia":[{"embeddable":true,"href":"https:\/\/sportaxe.shop\/en\/wp-json\/wp\/v2\/media\/31860"}],"wp:attachment":[{"href":"https:\/\/sportaxe.shop\/en\/wp-json\/wp\/v2\/media?parent=31794"}],"wp:term":[{"taxonomy":"product_brand","embeddable":true,"href":"https:\/\/sportaxe.shop\/en\/wp-json\/wp\/v2\/product_brand?post=31794"},{"taxonomy":"product_cat","embeddable":true,"href":"https:\/\/sportaxe.shop\/en\/wp-json\/wp\/v2\/product_cat?post=31794"},{"taxonomy":"product_tag","embeddable":true,"href":"https:\/\/sportaxe.shop\/en\/wp-json\/wp\/v2\/product_tag?post=31794"}],"curies":[{"name":"wp","href":"https:\/\/api.w.org\/{rel}","templated":true}]}}