{"id":31789,"date":"2026-04-17T12:05:44","date_gmt":"2026-04-17T12:05:44","guid":{"rendered":"https:\/\/sportaxe.shop\/product\/solarway-1000w-balkonkraftwerk-800w-komplett-steckdose-neuester-800-watt-wechselrichter-solaranlage-komplettset-500w-bifaziale-solarmodule-envertech-zubehor\/"},"modified":"2026-04-17T12:11:59","modified_gmt":"2026-04-17T12:11:59","slug":"solarway-1000w-balkonkraftwerk-800w-komplett-steckdose-neuester-800-watt-wechselrichter-solaranlage-komplettset-500w-bifaziale-solarmodule-envertech-zubehor","status":"publish","type":"product","link":"https:\/\/sportaxe.shop\/en\/product\/solarway-1000w-balkonkraftwerk-800w-komplett-steckdose-neuester-800-watt-wechselrichter-solaranlage-komplettset-500w-bifaziale-solarmodule-envertech-zubehor\/","title":{"rendered":"Solarway Balkonkraftwerk 1000W, 800W Wechselrichter, 500W Bifaziale Solarmodule, Envertech, Komplettset mit Zubeh\u00f6r"},"content":{"rendered":"<p><strong>Product Overview<\/strong><\/p>\n<ul>\n<li>\n<strong>Marke:<\/strong> Solarway<\/li>\n<li>\n<strong>Material:<\/strong> Kristallines Silizium, Glas, Aluminium<\/li>\n<li>\n<strong>Produktabmessungen:<\/strong> 113L x 3B x 172H cm<\/li>\n<li>\n<strong>Artikelgewicht:<\/strong> 39 Kilogramm<\/li>\n<li>\n<strong>Enthaltene Komponenten:<\/strong> Solarpanels, Wechselrichter, Kabel, opt. Halterung<\/li>\n<\/ul>\n<p><strong>Product Features<\/strong><\/p>\n<ul>\n<li>Premium Komponenten &#8211; Bestandteile dieses Solarkraftwerks sind: 2 x 500W Bifaziale Glas\/Glas n-Type Solarmodule in BLACK, 1 x Wechselrichter der Marke Envertech mit 800 Watt, 1 x Steckdosen-Kabel mit einer L\u00e4nge von 5m, 4 x MC4-Stecker Solarkabelverl\u00e4ngerung<\/li>\n<li>Maximale Power &#8211; Um auch bei schlechten Wetterverh\u00e4ltnissen m\u00f6glichst lang 800 Watt zu erzeugen! Trotz der hohen Solarmodul-Leistung ist die Anlage genehmigungsfrei, da der Wechselrichter auf 800W Output eingestellt ist. Unsere bifazialen Zellen liefern bis zu 30% Mehrleistung durch beidseitige Lichtaufnahme im Vergleich zu monofazialen Modulen gleicher Gr\u00f6\u00dfe.<\/li>\n<li>100% Kontrolle &#8211; Smarte \u00dcberwachung der Anlage per Wifi in der Envertech APP. Sehen Sie in Echtzeit wie viel Strom Sie erzeugen und wie viel Stromkosten und CO\u2082 Sie dadurch einsparen! Dank intuitiver Einrichtung innerhalb weniger Minuten startklar!<\/li>\n<li>Ab sofort bis zu 800\u202fW einspeisen! &#8211; Statt bisher 600 d\u00fcrfen Sie nun genehmigungsfrei bis zu 800\u202fWatt in Ihr Heimnetz einspeisen. Unsere Solarpanels sind bewusst etwas leistungsst\u00e4rker ausgelegt \u2013 so erreichen Sie auch bei ung\u00fcnstigen Wetterbedingungen eine m\u00f6glichst konstante Einspeisung mit voller Leistung.<\/li>\n<li>Solarway steht f\u00fcr Qualit\u00e4t &#8211; Die Komponenten unserer Stecker Solaranlage versprechen eine lineare Leistung von bis zu 30 Jahre nach dem Kauf. Investieren Sie heute in die Zukunft und genie\u00dfen Sie die Solarertr\u00e4ge! Solarway ist eine von Ingenieuren gef\u00fchrte deutsche Marke, die sich auf den Ausbau von erneuerbaren Energien spezialisiert hat.<\/li>\n<\/ul>\n<p><strong>Product Information<\/strong><\/p>\n<ul>\n<table style=\"margin-bottom:20px\">\n<tbody>\n<tr>\n<td><strong>Standby-Stromabschaltung<\/strong><\/td>\n<td>20,2 %<\/td>\n<\/tr>\n<tr>\n<td><strong>Maximalleistung<\/strong><\/td>\n<td>1000 Watt<\/td>\n<\/tr>\n<tr>\n<td><strong>Artikel Abmessungen L x B x H<\/strong><\/td>\n<td>113L x 3B x 172H cm<\/td>\n<\/tr>\n<tr>\n<td><strong>Ma\u00dfeinheit f\u00fcr Produktgewicht<\/strong><\/td>\n<td>39 Kilogramm<\/td>\n<\/tr>\n<tr>\n<td><strong>Material<\/strong><\/td>\n<td>Kristallines Silizium, Glas, Aluminium<\/td>\n<\/tr>\n<tr>\n<td><strong>Marke<\/strong><\/td>\n<td>Solarway<\/td>\n<\/tr>\n<tr>\n<td><strong>Enthaltene Komponenten<\/strong><\/td>\n<td>Solarpanels, Wechselrichter, Kabel, opt. Halterung<\/td>\n<\/tr>\n<tr>\n<td><strong>Modellnummer<\/strong><\/td>\n<td>BKW800W600W<\/td>\n<\/tr>\n<tr>\n<td><strong>Artikelnummer\/Seriennummer<\/strong><\/td>\n<td>1<\/td>\n<\/tr>\n<tr>\n<td><strong>Hersteller<\/strong><\/td>\n<td>Solarway<\/td>\n<\/tr>\n<tr>\n<td><strong>Amazon Bestseller-Rang<\/strong><\/td>\n<td><\/td>\n<\/tr>\n<tr>\n<td><strong>ASIN<\/strong><\/td>\n<td>B0BGS667JL<\/td>\n<\/tr>\n<tr>\n<td><strong>Durchschnittliche Kundenbewertung<\/strong><\/td>\n<td><\/td>\n<\/tr>\n<\/tbody>\n<\/table>\n<\/ul>","protected":false},"excerpt":{"rendered":"<p>Product Overview Marke: Solarway Material: Kristallines Silizium, Glas, Aluminium Produktabmessungen: 113L x 3B x 172H cm Artikelgewicht: 39 Kilogramm Enthaltene<\/p>","protected":false},"featured_media":31857,"comment_status":"open","ping_status":"closed","template":"","meta":[],"product_brand":[],"product_cat":[150,151,152],"product_tag":[],"class_list":{"0":"post-31789","1":"product","2":"type-product","3":"status-publish","4":"has-post-thumbnail","6":"product_cat-collection-1","7":"product_cat-collection-2","8":"product_cat-startseite","10":"first","11":"instock","12":"sale","13":"shipping-taxable","14":"purchasable","15":"product-type-variable"},"_links":{"self":[{"href":"https:\/\/sportaxe.shop\/en\/wp-json\/wp\/v2\/product\/31789","targetHints":{"allow":["GET"]}}],"collection":[{"href":"https:\/\/sportaxe.shop\/en\/wp-json\/wp\/v2\/product"}],"about":[{"href":"https:\/\/sportaxe.shop\/en\/wp-json\/wp\/v2\/types\/product"}],"replies":[{"embeddable":true,"href":"https:\/\/sportaxe.shop\/en\/wp-json\/wp\/v2\/comments?post=31789"}],"version-history":[{"count":0,"href":"https:\/\/sportaxe.shop\/en\/wp-json\/wp\/v2\/product\/31789\/revisions"}],"wp:featuredmedia":[{"embeddable":true,"href":"https:\/\/sportaxe.shop\/en\/wp-json\/wp\/v2\/media\/31857"}],"wp:attachment":[{"href":"https:\/\/sportaxe.shop\/en\/wp-json\/wp\/v2\/media?parent=31789"}],"wp:term":[{"taxonomy":"product_brand","embeddable":true,"href":"https:\/\/sportaxe.shop\/en\/wp-json\/wp\/v2\/product_brand?post=31789"},{"taxonomy":"product_cat","embeddable":true,"href":"https:\/\/sportaxe.shop\/en\/wp-json\/wp\/v2\/product_cat?post=31789"},{"taxonomy":"product_tag","embeddable":true,"href":"https:\/\/sportaxe.shop\/en\/wp-json\/wp\/v2\/product_tag?post=31789"}],"curies":[{"name":"wp","href":"https:\/\/api.w.org\/{rel}","templated":true}]}}