{"id":31776,"date":"2026-04-17T12:05:42","date_gmt":"2026-04-17T12:05:42","guid":{"rendered":"https:\/\/sportaxe.shop\/product\/maxpeedingrods-2300w-inverter-stromerzeuger-superleise-tragbarer-fur-outdoor-camping-wohnmobil-4-takt-leicht-notstromaggregat-benzin-fur-reise-garage-wohnwagen-mit-usb-und-230-v-steckdosen\/"},"modified":"2026-04-17T12:12:06","modified_gmt":"2026-04-17T12:12:06","slug":"maxpeedingrods-2300w-inverter-stromerzeuger-superleise-tragbarer-fur-outdoor-camping-wohnmobil-4-takt-leicht-notstromaggregat-benzin-fur-reise-garage-wohnwagen-mit-usb-und-230-v-steckdosen","status":"publish","type":"product","link":"https:\/\/sportaxe.shop\/en\/product\/maxpeedingrods-2300w-inverter-stromerzeuger-superleise-tragbarer-fur-outdoor-camping-wohnmobil-4-takt-leicht-notstromaggregat-benzin-fur-reise-garage-wohnwagen-mit-usb-und-230-v-steckdosen\/","title":{"rendered":"maXpeedingrods 2300W Inverter Stromerzeuger, 4-Takt, superleise, USB &#038; 230V, f\u00fcr Camping, Wohnmobil &#038; Wohnwagen"},"content":{"rendered":"<p><strong>Product Overview<\/strong><\/p>\n<ul>\n<li>\n<strong>Marke:<\/strong> maXpeedingrods<\/li>\n<li>\n<strong>Wattzahl:<\/strong> 2300 Watt<\/li>\n<li>\n<strong>Kraftstoffart:<\/strong> Benzin<\/li>\n<li>\n<strong>Stromquelle:<\/strong> Treibstoff<\/li>\n<li>\n<strong>Empfohlene Anwendungen f\u00fcr Produkt:<\/strong> Camping<\/li>\n<li>\n<strong>Artikelgewicht:<\/strong> 18 Kilogramm<\/li>\n<li>\n<strong>Spannung:<\/strong> 230 Volt<\/li>\n<li>\n<strong>Ausgangsleistung:<\/strong> 1800 Watt<\/li>\n<li>\n<strong>Besonderes Merkmal:<\/strong> Super leise, Tragbar<\/li>\n<li>\n<strong>Enthaltene Komponenten:<\/strong> <\/li>\n<\/ul>\n<p><strong>Product Features<\/strong><\/p>\n<ul>\n<li>\u3010Multifunktions Stromversorger\u3011Erzeugt 2300 Watt Spitzenleistung sowie 1800 Watt Betriebsleistung. Generatoren eignen sich hervorragend f\u00fcr Camping, Festivals, Arbeit, Boote, Wohnmobile und Notf\u00e4lle. Paralleles Zubeh\u00f6r ist verf\u00fcgbar, um mehr Appliances parallel zu betreiben.<\/li>\n<li>\u3010Ger\u00e4uscharm\u3011Wenn sich der Generator im ECO-Modus bei 25 % Last befindet und 7 m vom Generator entfernt ist, betr\u00e4gt der Ger\u00e4uschpegel 58 Dezibel. Das entstehende Ger\u00e4usch ist fast identisch mit dem, das bei einer normalen Unterhaltung oder beim Betrieb einer Sp\u00fclmaschine entsteht. Bitte beachten Sie, dass Umgebungsger\u00e4usche den Gesamtwert des Ger\u00e4usches der Maschine beeinflussen k\u00f6nnen.<\/li>\n<li>\u3010Extra lange Laufzeit\u3011L\u00e4uft 11 Stunden bei 25% Last (450w Last), 6,5 Stunden bei 50% Last (900w Last). Im Eco-Modus kann die Laufzeit auf bis zu 10-12 Stunden verl\u00e4ngert werden. Garantierte Stromversorgung \u00fcber Nacht, kein Aufstehen und Auftanken des Generators in der Nacht<\/li>\n<li>\u3010Sorgen Sie f\u00fcr sauberen Strom\u3011Die Wechselrichtertechnologie erzeugt reine Sinuswellen, um sicheren, hochwertigen Strom f\u00fcr empfindliche Ger\u00e4te zu liefern, ohne deren Nutzungsdauer zu beeintr\u00e4chtigen. Kann Telefone, Laptops, Kameras und andere digitale Ger\u00e4te direkt aufladen. Sicherstellung der Kommunikation in der Au\u00dfenumgebung<\/li>\n<li>\u3010Markengarantie\u3011Maxpeedingrods garantiert alle Inverter-Generatoren gegen Verarbeitungsfehler bei normalem Gebrauch f\u00fcr einen Zeitraum von 2 Jahren ab dem Datum des Einzelhandelskaufs durch den urspr\u00fcnglichen Endbenutzer (&#8222;Garantiezeitraum&#8220;) sowie lebenslangen kostenlosen technischen Support und Kundendienst.<\/li>\n<\/ul>\n<p><strong>Product Information<\/strong><\/p>\n<ul>\n<table style=\"margin-bottom:20px\">\n<tbody>\n<tr>\n<td><strong>Wattleistung<\/strong><\/td>\n<td>2300 Watt<\/td>\n<\/tr>\n<tr>\n<td><strong>Kraftstofftyp<\/strong><\/td>\n<td>Benzin<\/td>\n<\/tr>\n<tr>\n<td><strong>Betriebsart<\/strong><\/td>\n<td>Treibstoff<\/td>\n<\/tr>\n<tr>\n<td><strong>Empfohlene Verw.bereiche f\u00fcr Produkt<\/strong><\/td>\n<td>Camping<\/td>\n<\/tr>\n<tr>\n<td><strong>Spannung in Volt<\/strong><\/td>\n<td>230 Volt<\/td>\n<\/tr>\n<tr>\n<td><strong>Ausgangswattzahl<\/strong><\/td>\n<td>1800 Watt<\/td>\n<\/tr>\n<tr>\n<td><strong>Besondere Merkmale<\/strong><\/td>\n<td>Super leise, Tragbar<\/td>\n<\/tr>\n<tr>\n<td><strong>Motortyp<\/strong><\/td>\n<td>Viertakt<\/td>\n<\/tr>\n<tr>\n<td><strong>Typ des Z\u00fcndsystems<\/strong><\/td>\n<td>Kompression<\/td>\n<\/tr>\n<tr>\n<td><strong>Tankvolumen<\/strong><\/td>\n<td>4 Liter<\/td>\n<\/tr>\n<tr>\n<td><strong>Motorhubraum<\/strong><\/td>\n<td>79,7 Kubikzentimeter<\/td>\n<\/tr>\n<tr>\n<td><strong>Dauer<\/strong><\/td>\n<td>9 Stunden<\/td>\n<\/tr>\n<tr>\n<td><strong>Gesamtanzahl der Stromanschl\u00fcsse<\/strong><\/td>\n<td>4<\/td>\n<\/tr>\n<tr>\n<td><strong>Frequenz<\/strong><\/td>\n<td>50 Hz<\/td>\n<\/tr>\n<tr>\n<td><strong>Maximale Motorleistung<\/strong><\/td>\n<td>2300 Watt<\/td>\n<\/tr>\n<tr>\n<td><strong>Start-Wattzahl<\/strong><\/td>\n<td>2300 Watt<\/td>\n<\/tr>\n<tr>\n<td><strong>Betriebsleistung<\/strong><\/td>\n<td>1800 Watt<\/td>\n<\/tr>\n<tr>\n<td><strong>Farbe<\/strong><\/td>\n<td>Orange<\/td>\n<\/tr>\n<tr>\n<td><strong>Material<\/strong><\/td>\n<td>Metall<\/td>\n<\/tr>\n<tr>\n<td><strong>Marke<\/strong><\/td>\n<td>maXpeedingrods<\/td>\n<\/tr>\n<tr>\n<td><strong>Eingeschlossene Komponenten<\/strong><\/td>\n<td>1 x Wechselrichter-Generator; 1 x Benutzerhandbuch; 1 x Z\u00fcndkerzen-Steckschl\u00fcssel; 1 x \u00d6ltrichter; 1 x Generator-Parallelkabel; 1 x Schraubendreher; 1 x EU-Stecker; 1 x Generator-Staubschutzhaube<\/td>\n<\/tr>\n<tr>\n<td><strong>Modellname<\/strong><\/td>\n<td>MXR2300<\/td>\n<\/tr>\n<tr>\n<td><strong>Modellnummer<\/strong><\/td>\n<td>MXR2300<\/td>\n<\/tr>\n<tr>\n<td><strong>UPC<\/strong><\/td>\n<td>850074234005<\/td>\n<\/tr>\n<tr>\n<td><strong>Hersteller<\/strong><\/td>\n<td>maXpeedingrods<\/td>\n<\/tr>\n<tr>\n<td><strong>Artikeltypbezeichnung<\/strong><\/td>\n<td>2300W portable inverter generator<\/td>\n<\/tr>\n<tr>\n<td><strong>Herkunftsland<\/strong><\/td>\n<td>China<\/td>\n<\/tr>\n<tr>\n<td><strong>Anzahl von Einheiten<\/strong><\/td>\n<td>1.0 st\u00fcck<\/td>\n<\/tr>\n<tr>\n<td><strong>Garantie f\u00fcr das Produkt<\/strong><\/td>\n<td>2 jahre.<\/td>\n<\/tr>\n<tr>\n<td><strong>Amazon Bestseller-Rang<\/strong><\/td>\n<td><\/td>\n<\/tr>\n<tr>\n<td><strong>ASIN<\/strong><\/td>\n<td>B0BKG79PG5<\/td>\n<\/tr>\n<tr>\n<td><strong>Durchschnittliche Kundenbewertung<\/strong><\/td>\n<td><\/td>\n<\/tr>\n<tr>\n<td><strong>Artikelgewicht<\/strong><\/td>\n<td>18 Kilogramm<\/td>\n<\/tr>\n<tr>\n<td><strong>Artikel Abmessungen L x B x H<\/strong><\/td>\n<td>48L x 29B x 44H cm<\/td>\n<\/tr>\n<\/tbody>\n<\/table>\n<\/ul>","protected":false},"excerpt":{"rendered":"<p>Product Overview Marke: maXpeedingrods Wattzahl: 2300 Watt Kraftstoffart: Benzin Stromquelle: Treibstoff Empfohlene Anwendungen f\u00fcr Produkt: Camping Artikelgewicht: 18 Kilogramm Spannung:<\/p>","protected":false},"featured_media":31867,"comment_status":"open","ping_status":"closed","template":"","meta":[],"product_brand":[],"product_cat":[150,151,152],"product_tag":[],"class_list":{"0":"post-31776","1":"product","2":"type-product","3":"status-publish","4":"has-post-thumbnail","6":"product_cat-collection-1","7":"product_cat-collection-2","8":"product_cat-startseite","10":"first","11":"instock","12":"sale","13":"shipping-taxable","14":"purchasable","15":"product-type-variable"},"_links":{"self":[{"href":"https:\/\/sportaxe.shop\/en\/wp-json\/wp\/v2\/product\/31776","targetHints":{"allow":["GET"]}}],"collection":[{"href":"https:\/\/sportaxe.shop\/en\/wp-json\/wp\/v2\/product"}],"about":[{"href":"https:\/\/sportaxe.shop\/en\/wp-json\/wp\/v2\/types\/product"}],"replies":[{"embeddable":true,"href":"https:\/\/sportaxe.shop\/en\/wp-json\/wp\/v2\/comments?post=31776"}],"version-history":[{"count":0,"href":"https:\/\/sportaxe.shop\/en\/wp-json\/wp\/v2\/product\/31776\/revisions"}],"wp:featuredmedia":[{"embeddable":true,"href":"https:\/\/sportaxe.shop\/en\/wp-json\/wp\/v2\/media\/31867"}],"wp:attachment":[{"href":"https:\/\/sportaxe.shop\/en\/wp-json\/wp\/v2\/media?parent=31776"}],"wp:term":[{"taxonomy":"product_brand","embeddable":true,"href":"https:\/\/sportaxe.shop\/en\/wp-json\/wp\/v2\/product_brand?post=31776"},{"taxonomy":"product_cat","embeddable":true,"href":"https:\/\/sportaxe.shop\/en\/wp-json\/wp\/v2\/product_cat?post=31776"},{"taxonomy":"product_tag","embeddable":true,"href":"https:\/\/sportaxe.shop\/en\/wp-json\/wp\/v2\/product_tag?post=31776"}],"curies":[{"name":"wp","href":"https:\/\/api.w.org\/{rel}","templated":true}]}}