{"id":31774,"date":"2026-04-17T12:05:42","date_gmt":"2026-04-17T12:05:42","guid":{"rendered":"https:\/\/sportaxe.shop\/product\/tragbare-powerstation-1000w-666wh-mashine-tragbare-wiederaufladbare-generator-backup-batteriepack-fur-camping-wohnmobile-drohnen-erste-hilfe-und-aussenbeleuchtung-mit-4-ac-anschlussen\/"},"modified":"2026-04-17T12:05:42","modified_gmt":"2026-04-17T12:05:42","slug":"tragbare-powerstation-1000w-666wh-mashine-tragbare-wiederaufladbare-generator-backup-batteriepack-fur-camping-wohnmobile-drohnen-erste-hilfe-und-aussenbeleuchtung-mit-4-ac-anschlussen","status":"publish","type":"product","link":"https:\/\/sportaxe.shop\/en\/product\/tragbare-powerstation-1000w-666wh-mashine-tragbare-wiederaufladbare-generator-backup-batteriepack-fur-camping-wohnmobile-drohnen-erste-hilfe-und-aussenbeleuchtung-mit-4-ac-anschlussen\/","title":{"rendered":"Mashine Powerstation 1.000W, 666Wh, 4x AC, wiederaufladbar, f\u00fcr Camping, Wohnmobil, Drohnen &#038; Erste Hilfe"},"content":{"rendered":"<p><strong>Product Overview<\/strong><\/p>\n<ul>\n<li>\n<strong>Marke:<\/strong> mashine<\/li>\n<li>\n<strong>Wattzahl:<\/strong> 1000 Watt<\/li>\n<li>\n<strong>Kraftstoffart:<\/strong> Solarenergie<\/li>\n<li>\n<strong>Stromquelle:<\/strong> Batteriebetrieben<\/li>\n<li>\n<strong>Empfohlene Anwendungen f\u00fcr Produkt:<\/strong> <\/li>\n<li>\n<strong>Artikelgewicht:<\/strong> 261 Unzen<\/li>\n<li>\n<strong>Spannung:<\/strong> 230 Volt<\/li>\n<li>\n<strong>Ausgangsleistung:<\/strong> 2000 Watt<\/li>\n<li>\n<strong>Besonderes Merkmal:<\/strong> <\/li>\n<li>\n<strong>Farbe:<\/strong> Dunkelgr\u00fcn<\/li>\n<\/ul>\n<p><strong>Product Features<\/strong><\/p>\n<ul>\n<li>\u30101000W ausgangsleistung\u3011Mashine tragbare kraftwerk eingebaut 1000W sinus-ausgang, so geeignet f\u00fcr die meisten haushaltsger\u00e4te, die spannung stabil und wird nicht ihre elektrischen ger\u00e4te besch\u00e4digen, mit intelligenten parameteranzeige. (Bitte versorgen sie keine ger\u00e4te mit mehr als 1000W, sonst wird die Mashine kraftwerk in den schutzzustand gehen.)<\/li>\n<li>\u3010Alle schnittstellen\u30114 AC steckdosen (220-230V), 1 zigarettenanz\u00fcnder (DC12V\/120W), 4 USB-Ports (DC5V\/2A) und dualer DC ladeeingang (12V\/6A), voll aufgeladen brauchen nur 4 stunden.<\/li>\n<li>\u3010Tragbare und kompakt\u3011Mashine tragbare kraftwerk mit griff, gewicht nur 260 unzen, sehr einfach zu tragen, wohin sie gehen. Perfekt f\u00fcr camping, off grid abenteuer, wohnmobilausfl\u00fcge, angelausfl\u00fcge, grillpartys im freien. Es kann auch laptops, smartphones, drohnen, mini-eisschr\u00e4nke, kameras oder andere elektrische ger\u00e4te im freien betreiben. Gleichzeitig ist sie die beste backup batterie bei stromausf\u00e4llen.<\/li>\n<li>\u3010Mehrfacher intelligenter schutz\u3011Das kraftwerk bietet hochtemperatur, kurzschluss, last &#038; \u00fcberlast und \u00fcberstromschutz, um ihre ger\u00e4te sicher zu machen. (Das kraftwerk erzeugt w\u00e4rme, wenn es arbeitet, so dass der l\u00fcfter w\u00e4hrend der hochge schwindig keitsdrehung ger\u00e4usche erzeugt, dies ist ein normales ph\u00e4nomen, bitte machen sie sich keine sorgen.)<\/li>\n<li>\u3010Laden in mehreren umgebungen\u3011Die energiestation kann \u00fcber die haushaltssteckdose, den zigarettenanz\u00fcnder im auto oder das solarpanel (ist nicht im paket enthalten) aufgeladen werden. Es hat auch eine beleuchtungsfunktion, die 4 beleuchtungsmodi bietet: stark, schwach, SOS, rot und blau blinkt abwechselnd, voll erf\u00fcllen ihre verschiedenen bed\u00fcrfnisse, wenn sie gehen aus camping.<\/li>\n<\/ul>\n<p><strong>Product Information<\/strong><\/p>\n<ul>\n<table style=\"margin-bottom:20px\">\n<tbody>\n<tr>\n<td><strong>Wattleistung<\/strong><\/td>\n<td>1000 Watt<\/td>\n<\/tr>\n<tr>\n<td><strong>Kraftstofftyp<\/strong><\/td>\n<td>Solarenergie<\/td>\n<\/tr>\n<tr>\n<td><strong>Betriebsart<\/strong><\/td>\n<td>Batteriebetrieben<\/td>\n<\/tr>\n<tr>\n<td><strong>Empfohlene Verw.bereiche f\u00fcr Produkt<\/strong><\/td>\n<td>Camping, Off-Grid-Abenteuer, Wohnmobil-Reisen, Angelausfl\u00fcge, Grillpartys, Backup-Batterie bei Stromausfl\u00fcgen<\/td>\n<\/tr>\n<tr>\n<td><strong>Spannung in Volt<\/strong><\/td>\n<td>230 Volt<\/td>\n<\/tr>\n<tr>\n<td><strong>Ausgangswattzahl<\/strong><\/td>\n<td>2000 Watt<\/td>\n<\/tr>\n<tr>\n<td><strong>Besondere Merkmale<\/strong><\/td>\n<td>Mehrfacher intelligenter Schutz, mehrere Ladem\u00f6glichkeiten, verschiedene Ausgangsbuchsen, verschiedene Beleuchtungsmodi, intelligente Parameteranzeige<\/td>\n<\/tr>\n<tr>\n<td><strong>Motortyp<\/strong><\/td>\n<td>Elektrisch<\/td>\n<\/tr>\n<tr>\n<td><strong>Typ des Z\u00fcndsystems<\/strong><\/td>\n<td>Elektronisch<\/td>\n<\/tr>\n<tr>\n<td><strong>Dauer<\/strong><\/td>\n<td>0 Minute<\/td>\n<\/tr>\n<tr>\n<td><strong>Gesamtanzahl der Stromanschl\u00fcsse<\/strong><\/td>\n<td>1<\/td>\n<\/tr>\n<tr>\n<td><strong>Frequenz<\/strong><\/td>\n<td>60 Hz<\/td>\n<\/tr>\n<tr>\n<td><strong>Stromst\u00e4rke<\/strong><\/td>\n<td>1000 Ampere<\/td>\n<\/tr>\n<tr>\n<td><strong>Maximale Motorleistung<\/strong><\/td>\n<td>1000 Watt<\/td>\n<\/tr>\n<tr>\n<td><strong>Start-Wattzahl<\/strong><\/td>\n<td>1000 Watt<\/td>\n<\/tr>\n<tr>\n<td><strong>Betriebsleistung<\/strong><\/td>\n<td>1000 Watt<\/td>\n<\/tr>\n<tr>\n<td><strong>Ist elektrisch<\/strong><\/td>\n<td>Ja<\/td>\n<\/tr>\n<tr>\n<td><strong>Marke<\/strong><\/td>\n<td>mashine<\/td>\n<\/tr>\n<tr>\n<td><strong>Modellname<\/strong><\/td>\n<td>K10<\/td>\n<\/tr>\n<tr>\n<td><strong>Modellnummer<\/strong><\/td>\n<td>K10<\/td>\n<\/tr>\n<tr>\n<td><strong>UPC<\/strong><\/td>\n<td>780317079349<\/td>\n<\/tr>\n<tr>\n<td><strong>Hersteller<\/strong><\/td>\n<td>mashine<\/td>\n<\/tr>\n<tr>\n<td><strong>Amazon Bestseller-Rang<\/strong><\/td>\n<td><\/td>\n<\/tr>\n<tr>\n<td><strong>ASIN<\/strong><\/td>\n<td>B0C8ZP9YY2<\/td>\n<\/tr>\n<tr>\n<td><strong>Durchschnittliche Kundenbewertung<\/strong><\/td>\n<td><\/td>\n<\/tr>\n<tr>\n<td><strong>Artikelgewicht<\/strong><\/td>\n<td>261 Unzen<\/td>\n<\/tr>\n<tr>\n<td><strong>Artikel Abmessungen L x B x H<\/strong><\/td>\n<td>26L x 19B x 20H cm<\/td>\n<\/tr>\n<tr>\n<td><strong>Farbe<\/strong><\/td>\n<td>Dunkelgr\u00fcn<\/td>\n<\/tr>\n<tr>\n<td><strong>Material<\/strong><\/td>\n<td>Aluminium<\/td>\n<\/tr>\n<\/tbody>\n<\/table>\n<\/ul>","protected":false},"excerpt":{"rendered":"<p>Product Overview Marke: mashine Wattzahl: 1000 Watt Kraftstoffart: Solarenergie Stromquelle: Batteriebetrieben Empfohlene Anwendungen f\u00fcr Produkt: Artikelgewicht: 261 Unzen Spannung: 230<\/p>","protected":false},"featured_media":31865,"comment_status":"open","ping_status":"closed","template":"","meta":[],"product_brand":[],"product_cat":[150,151,152],"product_tag":[],"class_list":{"0":"post-31774","1":"product","2":"type-product","3":"status-publish","4":"has-post-thumbnail","6":"product_cat-collection-1","7":"product_cat-collection-2","8":"product_cat-startseite","10":"first","11":"instock","12":"sale","13":"shipping-taxable","14":"purchasable","15":"product-type-simple"},"_links":{"self":[{"href":"https:\/\/sportaxe.shop\/en\/wp-json\/wp\/v2\/product\/31774","targetHints":{"allow":["GET"]}}],"collection":[{"href":"https:\/\/sportaxe.shop\/en\/wp-json\/wp\/v2\/product"}],"about":[{"href":"https:\/\/sportaxe.shop\/en\/wp-json\/wp\/v2\/types\/product"}],"replies":[{"embeddable":true,"href":"https:\/\/sportaxe.shop\/en\/wp-json\/wp\/v2\/comments?post=31774"}],"version-history":[{"count":0,"href":"https:\/\/sportaxe.shop\/en\/wp-json\/wp\/v2\/product\/31774\/revisions"}],"wp:featuredmedia":[{"embeddable":true,"href":"https:\/\/sportaxe.shop\/en\/wp-json\/wp\/v2\/media\/31865"}],"wp:attachment":[{"href":"https:\/\/sportaxe.shop\/en\/wp-json\/wp\/v2\/media?parent=31774"}],"wp:term":[{"taxonomy":"product_brand","embeddable":true,"href":"https:\/\/sportaxe.shop\/en\/wp-json\/wp\/v2\/product_brand?post=31774"},{"taxonomy":"product_cat","embeddable":true,"href":"https:\/\/sportaxe.shop\/en\/wp-json\/wp\/v2\/product_cat?post=31774"},{"taxonomy":"product_tag","embeddable":true,"href":"https:\/\/sportaxe.shop\/en\/wp-json\/wp\/v2\/product_tag?post=31774"}],"curies":[{"name":"wp","href":"https:\/\/api.w.org\/{rel}","templated":true}]}}