{"id":31773,"date":"2026-04-17T12:05:41","date_gmt":"2026-04-17T12:05:41","guid":{"rendered":"https:\/\/sportaxe.shop\/product\/konner-sohnen-inverter-stromerzeuger-ks-1900ig-s-2000w-dual-fuel-generator-lpg-benzin-notstromaggregat-leise-17kg-ultraleicht-reine-sinuswelle-eco-mode-usb-euro-5\/"},"modified":"2026-04-17T12:05:41","modified_gmt":"2026-04-17T12:05:41","slug":"konner-sohnen-inverter-stromerzeuger-ks-1900ig-s-2000w-dual-fuel-generator-lpg-benzin-notstromaggregat-leise-17kg-ultraleicht-reine-sinuswelle-eco-mode-usb-euro-5","status":"publish","type":"product","link":"https:\/\/sportaxe.shop\/en\/product\/konner-sohnen-inverter-stromerzeuger-ks-1900ig-s-2000w-dual-fuel-generator-lpg-benzin-notstromaggregat-leise-17kg-ultraleicht-reine-sinuswelle-eco-mode-usb-euro-5\/","title":{"rendered":"K\u00f6nner &#038; S\u00f6hnen KS 1900iG S Inverter Stromerzeuger, 2.000W, Dual Fuel LPG\/Benzin, reine Sinuswelle, 17kg, Eco-Mode, USB, Euro-5"},"content":{"rendered":"<p><strong>Product Overview<\/strong><\/p>\n<ul>\n<li>\n<strong>Marke:<\/strong> K&#038;S K\u00f6nner&#038;S\u00f6hnen<\/li>\n<li>\n<strong>Wattzahl:<\/strong> 2 Watt<\/li>\n<li>\n<strong>Kraftstoffart:<\/strong> Benzin, Fl\u00fcssiggas<\/li>\n<li>\n<strong>Stromquelle:<\/strong> LPG\/Benzin<\/li>\n<li>\n<strong>Empfohlene Anwendungen f\u00fcr Produkt:<\/strong> <\/li>\n<li>\n<strong>Artikelgewicht:<\/strong> 17 Kilogramm<\/li>\n<li>\n<strong>Spannung:<\/strong> 230 Volt<\/li>\n<li>\n<strong>Ausgangsleistung:<\/strong> 2000 Watt<\/li>\n<li>\n<strong>Besonderes Merkmal:<\/strong> <\/li>\n<li>\n<strong>Enthaltene Komponenten:<\/strong> <\/li>\n<\/ul>\n<p><strong>Product Features<\/strong><\/p>\n<ul>\n<li>Inverter Notstromaggregat \u2013 freie Kraftstoffwahl \u2013 Betrieb mit Benzin oder Gas m\u00f6glich; Schlauch und Druckminderer sind im Lieferumfang enthalten f\u00fcr maximale Flexibilit\u00e4t.<\/li>\n<li>Notstromaggregat Benzin leise \u2013 Schallisoliertes Geh\u00e4use sorgt f\u00fcr einen angenehmen Ger\u00e4uschpegel und komfortable Nutzung auch in Wohngebieten.<\/li>\n<li>Inverter Stromerzeuger \u2013 sicher f\u00fcr empfindliche Elektronik \u2013 Reine Sinuswelle gew\u00e4hrleistet den sicheren Betrieb von Laptops, Fernsehern, medizinischen Ger\u00e4ten und anderer sensibler Elektronik.<\/li>\n<li>Inverter Generator \u2013 kraftstoffsparend mit Eco-Mode \u2013 Der effiziente Sparmodus erm\u00f6glicht eine Laufzeit von ca. 4,5 Stunden und reduziert den Kraftstoffverbrauch deutlich.<\/li>\n<li>Stromerzeuger Benzin \u2013 benutzerfreundliches Bedienfeld \u2013 Ausgestattet mit 230 V \/ 16 A Schuko-Steckdose sowie USB-Anschl\u00fcssen f\u00fcr vielseitige Einsatzm\u00f6glichkeiten.<\/li>\n<li>Inverter Stromaggregat \u2013 Unterst\u00fctzt den Parallelbetrieb von zwei Inverter-Stromerzeugern zur Erh\u00f6hung der Gesamtleistung bei h\u00f6herem Energiebedarf.<\/li>\n<li>Inverter Stromgenerator \u2013 leicht &#038; tragbar \u2013 Mit nur 17 kg Eigengewicht und praktischem Tragegriff f\u00fcr einfachen Transport, ideal f\u00fcr Camping, Garten oder mobilen Einsatz.<\/li>\n<li>Generator Stromerzeuger \u2013 hohe Sicherheit und Zuverl\u00e4ssigkeit \u2013 Integrierte Schutzsysteme sowie EURO-5-Konformit\u00e4t sorgen f\u00fcr einen sicheren und umweltfreundlichen Betrieb.<\/li>\n<\/ul>\n<p><strong>Product Information<\/strong><\/p>\n<ul>\n<table style=\"margin-bottom:20px\">\n<tbody>\n<tr>\n<td><strong>Wattleistung<\/strong><\/td>\n<td>2 Watt<\/td>\n<\/tr>\n<tr>\n<td><strong>Kraftstofftyp<\/strong><\/td>\n<td>Benzin, Fl\u00fcssiggas<\/td>\n<\/tr>\n<tr>\n<td><strong>Betriebsart<\/strong><\/td>\n<td>LPG\/Benzin<\/td>\n<\/tr>\n<tr>\n<td><strong>Empfohlene Verw.bereiche f\u00fcr Produkt<\/strong><\/td>\n<td>small house, cottage, garage, workshop, camping, outdoor activities as well as garden or construction work<\/td>\n<\/tr>\n<tr>\n<td><strong>Spannung in Volt<\/strong><\/td>\n<td>230 Volt<\/td>\n<\/tr>\n<tr>\n<td><strong>Ausgangswattzahl<\/strong><\/td>\n<td>2000 Watt<\/td>\n<\/tr>\n<tr>\n<td><strong>Besondere Merkmale<\/strong><\/td>\n<td>ACHTUNG! Das Produkt wird ohne Motor\u00f6l und Benzin verkauft. Vor dem ersten Start muss Motor\u00f6l f\u00fcr 4-Takt-Benzinmotoren hinzugef\u00fcgt werden. Wir empfehlen 10W-30 oder 10W-40 \u00d6l. \u00dcberpr\u00fcfen Sie vor jedem Start den \u00d6lstand. Verwenden Sie nur bleifreies Benzin mit einer Oktanzahl von 90\u201395, das maximal 10 % Ethanol enth\u00e4lt.<\/td>\n<\/tr>\n<tr>\n<td><strong>Motortyp<\/strong><\/td>\n<td>Viertakt<\/td>\n<\/tr>\n<tr>\n<td><strong>Typ des Z\u00fcndsystems<\/strong><\/td>\n<td>Magnetz\u00fcnder<\/td>\n<\/tr>\n<tr>\n<td><strong>Tankvolumen<\/strong><\/td>\n<td>4 Liter<\/td>\n<\/tr>\n<tr>\n<td><strong>Dauer<\/strong><\/td>\n<td>4 Stunden<\/td>\n<\/tr>\n<tr>\n<td><strong>Gesamtanzahl der Stromanschl\u00fcsse<\/strong><\/td>\n<td>1<\/td>\n<\/tr>\n<tr>\n<td><strong>Frequenz<\/strong><\/td>\n<td>50 Hz<\/td>\n<\/tr>\n<tr>\n<td><strong>Maximale Motorleistung<\/strong><\/td>\n<td>2 Kilowatt<\/td>\n<\/tr>\n<tr>\n<td><strong>Start-Wattzahl<\/strong><\/td>\n<td>2000 Watt<\/td>\n<\/tr>\n<tr>\n<td><strong>Betriebsleistung<\/strong><\/td>\n<td>2000 Watt<\/td>\n<\/tr>\n<tr>\n<td><strong>Farbe<\/strong><\/td>\n<td>Blue1900ig S<\/td>\n<\/tr>\n<tr>\n<td><strong>Marke<\/strong><\/td>\n<td>K&#038;S K\u00f6nner&#038;S\u00f6hnen<\/td>\n<\/tr>\n<tr>\n<td><strong>Eingeschlossene Komponenten<\/strong><\/td>\n<td>Bedienungsanleitung, Z\u00fcndkerzenschl\u00fcssel, Schraubendreher PH2 6,0 mm, \u00d6leinf\u00fclltrichter, Zubeh\u00f6rtasche<\/td>\n<\/tr>\n<tr>\n<td><strong>Modellname<\/strong><\/td>\n<td>Invertergenerator<\/td>\n<\/tr>\n<tr>\n<td><strong>Modellnummer<\/strong><\/td>\n<td>KS 1900iG S<\/td>\n<\/tr>\n<tr>\n<td><strong>Hersteller<\/strong><\/td>\n<td>K&#038;S K\u00f6nner&#038;S\u00f6hnen<\/td>\n<\/tr>\n<tr>\n<td><strong>Global Trade Identification Number<\/strong><\/td>\n<td>04260405364312<\/td>\n<\/tr>\n<tr>\n<td><strong>Anzahl von Einheiten<\/strong><\/td>\n<td>1.0 st\u00fcck<\/td>\n<\/tr>\n<tr>\n<td><strong>Garantie f\u00fcr das Produkt<\/strong><\/td>\n<td>2 jahre.<\/td>\n<\/tr>\n<tr>\n<td><strong>Amazon Bestseller-Rang<\/strong><\/td>\n<td><\/td>\n<\/tr>\n<tr>\n<td><strong>ASIN<\/strong><\/td>\n<td>B0GHGH4XP3<\/td>\n<\/tr>\n<tr>\n<td><strong>Durchschnittliche Kundenbewertung<\/strong><\/td>\n<td><\/td>\n<\/tr>\n<tr>\n<td><strong>Artikelgewicht<\/strong><\/td>\n<td>17 Kilogramm<\/td>\n<\/tr>\n<tr>\n<td><strong>Artikel Abmessungen L x B x H<\/strong><\/td>\n<td>44L x 48B x 45H cm<\/td>\n<\/tr>\n<\/tbody>\n<\/table>\n<\/ul>","protected":false},"excerpt":{"rendered":"<p>Product Overview Marke: K&#038;S K\u00f6nner&#038;S\u00f6hnen Wattzahl: 2 Watt Kraftstoffart: Benzin, Fl\u00fcssiggas Stromquelle: LPG\/Benzin Empfohlene Anwendungen f\u00fcr Produkt: Artikelgewicht: 17 Kilogramm<\/p>","protected":false},"featured_media":31877,"comment_status":"open","ping_status":"closed","template":"","meta":[],"product_brand":[],"product_cat":[150,151,152],"product_tag":[],"class_list":{"0":"post-31773","1":"product","2":"type-product","3":"status-publish","4":"has-post-thumbnail","6":"product_cat-collection-1","7":"product_cat-collection-2","8":"product_cat-startseite","10":"first","11":"instock","12":"sale","13":"shipping-taxable","14":"purchasable","15":"product-type-simple"},"_links":{"self":[{"href":"https:\/\/sportaxe.shop\/en\/wp-json\/wp\/v2\/product\/31773","targetHints":{"allow":["GET"]}}],"collection":[{"href":"https:\/\/sportaxe.shop\/en\/wp-json\/wp\/v2\/product"}],"about":[{"href":"https:\/\/sportaxe.shop\/en\/wp-json\/wp\/v2\/types\/product"}],"replies":[{"embeddable":true,"href":"https:\/\/sportaxe.shop\/en\/wp-json\/wp\/v2\/comments?post=31773"}],"version-history":[{"count":0,"href":"https:\/\/sportaxe.shop\/en\/wp-json\/wp\/v2\/product\/31773\/revisions"}],"wp:featuredmedia":[{"embeddable":true,"href":"https:\/\/sportaxe.shop\/en\/wp-json\/wp\/v2\/media\/31877"}],"wp:attachment":[{"href":"https:\/\/sportaxe.shop\/en\/wp-json\/wp\/v2\/media?parent=31773"}],"wp:term":[{"taxonomy":"product_brand","embeddable":true,"href":"https:\/\/sportaxe.shop\/en\/wp-json\/wp\/v2\/product_brand?post=31773"},{"taxonomy":"product_cat","embeddable":true,"href":"https:\/\/sportaxe.shop\/en\/wp-json\/wp\/v2\/product_cat?post=31773"},{"taxonomy":"product_tag","embeddable":true,"href":"https:\/\/sportaxe.shop\/en\/wp-json\/wp\/v2\/product_tag?post=31773"}],"curies":[{"name":"wp","href":"https:\/\/api.w.org\/{rel}","templated":true}]}}