{"id":31755,"date":"2026-04-17T12:05:39","date_gmt":"2026-04-17T12:05:39","guid":{"rendered":"https:\/\/sportaxe.shop\/product\/jackery-2000-v2-tragbare-powerstation-mit-200w-solarpanel-2042wh-solargenerator-mit-2200w-ausgang-lifepo4-batterie-schnellladung-fur-camping-wohnmobil-off-grid\/"},"modified":"2026-04-17T12:12:16","modified_gmt":"2026-04-17T12:12:16","slug":"jackery-2000-v2-tragbare-powerstation-mit-200w-solarpanel-2042wh-solargenerator-mit-2200w-ausgang-lifepo4-batterie-schnellladung-fur-camping-wohnmobil-off-grid","status":"publish","type":"product","link":"https:\/\/sportaxe.shop\/en\/product\/jackery-2000-v2-tragbare-powerstation-mit-200w-solarpanel-2042wh-solargenerator-mit-2200w-ausgang-lifepo4-batterie-schnellladung-fur-camping-wohnmobil-off-grid\/","title":{"rendered":"Jackery 2000 v2 Powerstation, 2042Wh, 2200W, 200W Solarpanel, LiFePO4, Schnellladung, f\u00fcr Camping, Wohnmobil &#038; Off-Grid"},"content":{"rendered":"<p><strong>Product Overview<\/strong><\/p>\n<ul>\n<li>\n<strong>Marke:<\/strong> Jackery<\/li>\n<li>\n<strong>Wattzahl:<\/strong> 2200 Watt<\/li>\n<li>\n<strong>Kraftstoffart:<\/strong> Solar<\/li>\n<li>\n<strong>Stromquelle:<\/strong> Solarbetrieben<\/li>\n<li>\n<strong>Empfohlene Anwendungen f\u00fcr Produkt:<\/strong> Camping, Outdoor<\/li>\n<li>\n<strong>Artikelgewicht:<\/strong> 25 Kilogramm<\/li>\n<li>\n<strong>Ausgangsleistung:<\/strong> 2200 Watt<\/li>\n<li>\n<strong>Besonderes Merkmal:<\/strong> CTB-Technologie, ChargeShield 2.0, Silent-Modus, UPS-Funktion<\/li>\n<li>\n<strong>Enthaltene Komponenten:<\/strong> Powerstation<\/li>\n<li>\n<strong>Farbe:<\/strong> Orange<\/li>\n<\/ul>\n<p><strong>Product Features<\/strong><\/p>\n<ul>\n<li>Hohe Kapazit\u00e4t und Vielseitigkeit: Mit 2 AC-Anschl\u00fcssen, die eine Gesamtleistung von 2200 W liefern, und einer beeindruckenden Kapazit\u00e4t von 2042 Wh deckt der Jackery Explorer 2000 v2 problemlos Ihre Energiebed\u00fcrfnisse f\u00fcr die Notstromversorgung zu Hause, Outdoor-Abenteuer und kleine Unternehmen ab. Der USB-C PD 100W-Anschluss erm\u00f6glicht zudem schnelles Laden Ihrer elektronischen Ger\u00e4te, ohne dass ein zus\u00e4tzlicher Adapter erforderlich ist.<\/li>\n<li>Kompakteste und leichteste 2kWh Powerstation: Mit einem Gewicht von nur 17,5 kg ist der Jackery Explorer 2000 v2 wesentlich leichter als andere klobige Modelle. Er ist 35,6 % leichter und 41 % kleiner als typische tragbare 2kWh LiFePO4 Solargenerator. Dank der fortschrittlichen CTB-Technologie (Cell-to-Body), die auch in Elektrofahrzeugen verwendet wird, bietet er eine kompaktere, stabilere und sicherere Powerstation.<\/li>\n<li>Schnelles und vielseitiges Aufladen: Laden Sie den Explorer 2000 v2 in nur 52 Minuten auf 80 % mit der schnellen AC-Ladung oder in 1,7 Stunden vollst\u00e4ndig im Notfall-Super-Lademodus \u00fcber die App auf. Mit 400 Watt Solarmodulen kann eine Solaraufladung in nur 5,5 Stunden erfolgen. Nur 30 dB \u2013 ideal f\u00fcr ungest\u00f6rtes Arbeiten oder Schlafen.<\/li>\n<li>Robust und langlebig \u2013 bis zu 10 Jahre Lebensdauer: Ausgestattet mit einer LiFePO4-Batterie, die bis zu 10 Jahre h\u00e4lt, ist der Jackery Explorer 2000 v2 eine sichere und langfristige Investition. Er eignet sich sowohl f\u00fcr den Innen- als auch den Au\u00dfeneinsatz und ist eine umweltfreundliche Alternative zu herk\u00f6mmlichen Stromerzeugeren\u2013 ohne Emissionen oder gef\u00e4hrliche D\u00e4mpfe.<\/li>\n<li>Fl\u00fcsterleiser Betrieb: Im Silent-Charging-Modus arbeitet der Explorer 2000 v2 mit einer Lautst\u00e4rke von weniger als 30 dB \u2013 perfekt f\u00fcr ein ger\u00e4uscharmes Erlebnis. Dank intelligenter Temperatursteuerung passt sich die L\u00fcftergeschwindigkeit den Umgebungs- und Komponententemperaturen an, wodurch die Betriebsger\u00e4usche auf ein Minimum reduziert werden.<\/li>\n<li>Unterbrechungsfreie Stromversorgung (USV): Der Explorer 2000 v2 ist mit einer 20ms UPS Funktion ausgestattet, die bei Stromausf\u00e4llen eine nahtlose Stromversorgung gew\u00e4hrleistet. Bietet er zuverl\u00e4ssige Backup-Stromversorgung und sorgt daf\u00fcr, dass Sie in Notf\u00e4llen bestens vorbereitet sind.<\/li>\n<li>[Hinweis] &#8211; F\u00fcr die korrekte Verbindung des Explorer 2000 v2 mit Jackery-Solarpanels entfernen Sie bitte den L-f\u00f6rmigen Stecker (DC7909) vom Kabel und verwenden den geraden Stecker (DC8020) f\u00fcr die Verbindung.<\/li>\n<\/ul>\n<p><strong>Product Information<\/strong><\/p>\n<ul>\n<table style=\"margin-bottom:20px\">\n<tbody>\n<tr>\n<td><strong>Wattleistung<\/strong><\/td>\n<td>2200 Watt<\/td>\n<\/tr>\n<tr>\n<td><strong>Kraftstofftyp<\/strong><\/td>\n<td>Solar<\/td>\n<\/tr>\n<tr>\n<td><strong>Betriebsart<\/strong><\/td>\n<td>Solarbetrieben<\/td>\n<\/tr>\n<tr>\n<td><strong>Empfohlene Verw.bereiche f\u00fcr Produkt<\/strong><\/td>\n<td>Camping, Outdoor<\/td>\n<\/tr>\n<tr>\n<td><strong>Ausgangswattzahl<\/strong><\/td>\n<td>2200 Watt<\/td>\n<\/tr>\n<tr>\n<td><strong>Besondere Merkmale<\/strong><\/td>\n<td>CTB-Technologie, ChargeShield 2.0, Silent-Modus, UPS-Funktion<\/td>\n<\/tr>\n<tr>\n<td><strong>Motortyp<\/strong><\/td>\n<td>Solar<\/td>\n<\/tr>\n<tr>\n<td><strong>Dauer<\/strong><\/td>\n<td>24 Stunden<\/td>\n<\/tr>\n<tr>\n<td><strong>Gesamtanzahl der Stromanschl\u00fcsse<\/strong><\/td>\n<td>2<\/td>\n<\/tr>\n<tr>\n<td><strong>Maximale Motorleistung<\/strong><\/td>\n<td>2200 Watt<\/td>\n<\/tr>\n<tr>\n<td><strong>Start-Wattzahl<\/strong><\/td>\n<td>2200 Watt<\/td>\n<\/tr>\n<tr>\n<td><strong>Betriebsleistung<\/strong><\/td>\n<td>2200 Watt<\/td>\n<\/tr>\n<tr>\n<td><strong>Artikelgewicht<\/strong><\/td>\n<td>25 Kilogramm<\/td>\n<\/tr>\n<tr>\n<td><strong>Artikel Abmessungen L x B x H<\/strong><\/td>\n<td>26,4L x 29,2B x 33,5H cm<\/td>\n<\/tr>\n<tr>\n<td><strong>Marke<\/strong><\/td>\n<td>Jackery<\/td>\n<\/tr>\n<tr>\n<td><strong>Eingeschlossene Komponenten<\/strong><\/td>\n<td>Powerstation<\/td>\n<\/tr>\n<tr>\n<td><strong>Modellname<\/strong><\/td>\n<td>E2000v2+200W<\/td>\n<\/tr>\n<tr>\n<td><strong>Modellnummer<\/strong><\/td>\n<td>JSG-2020F<\/td>\n<\/tr>\n<tr>\n<td><strong>UPC<\/strong><\/td>\n<td>810105528497<\/td>\n<\/tr>\n<tr>\n<td><strong>Hersteller<\/strong><\/td>\n<td>Jackery<\/td>\n<\/tr>\n<tr>\n<td><strong>Herkunftsland<\/strong><\/td>\n<td>China<\/td>\n<\/tr>\n<tr>\n<td><strong>Anzahl von Einheiten<\/strong><\/td>\n<td>1.0 st\u00fcck<\/td>\n<\/tr>\n<tr>\n<td><strong>Garantie f\u00fcr das Produkt<\/strong><\/td>\n<td>3+2 jahre.<\/td>\n<\/tr>\n<tr>\n<td><strong>Amazon Bestseller-Rang<\/strong><\/td>\n<td><\/td>\n<\/tr>\n<tr>\n<td><strong>ASIN<\/strong><\/td>\n<td>B0DSK9YGY7<\/td>\n<\/tr>\n<tr>\n<td><strong>Durchschnittliche Kundenbewertung<\/strong><\/td>\n<td><\/td>\n<\/tr>\n<tr>\n<td><strong>Farbe<\/strong><\/td>\n<td>Orange<\/td>\n<\/tr>\n<tr>\n<td><strong>Verf\u00fcgbarkeitsdauer f\u00fcr EU-Ersatzteile<\/strong><\/td>\n<td>10 Jahre<\/td>\n<\/tr>\n<\/tbody>\n<\/table>\n<\/ul>\n","protected":false},"excerpt":{"rendered":"<p>Product Overview Marke: Jackery Wattzahl: 2200 Watt Kraftstoffart: Solar Stromquelle: Solarbetrieben Empfohlene Anwendungen f\u00fcr Produkt: Camping, Outdoor Artikelgewicht: 25 Kilogramm<\/p>","protected":false},"featured_media":31882,"comment_status":"open","ping_status":"closed","template":"","meta":[],"product_brand":[],"product_cat":[150,151,152],"product_tag":[],"class_list":{"0":"post-31755","1":"product","2":"type-product","3":"status-publish","4":"has-post-thumbnail","6":"product_cat-collection-1","7":"product_cat-collection-2","8":"product_cat-startseite","10":"first","11":"instock","12":"sale","13":"shipping-taxable","14":"purchasable","15":"product-type-variable"},"_links":{"self":[{"href":"https:\/\/sportaxe.shop\/en\/wp-json\/wp\/v2\/product\/31755","targetHints":{"allow":["GET"]}}],"collection":[{"href":"https:\/\/sportaxe.shop\/en\/wp-json\/wp\/v2\/product"}],"about":[{"href":"https:\/\/sportaxe.shop\/en\/wp-json\/wp\/v2\/types\/product"}],"replies":[{"embeddable":true,"href":"https:\/\/sportaxe.shop\/en\/wp-json\/wp\/v2\/comments?post=31755"}],"version-history":[{"count":0,"href":"https:\/\/sportaxe.shop\/en\/wp-json\/wp\/v2\/product\/31755\/revisions"}],"wp:featuredmedia":[{"embeddable":true,"href":"https:\/\/sportaxe.shop\/en\/wp-json\/wp\/v2\/media\/31882"}],"wp:attachment":[{"href":"https:\/\/sportaxe.shop\/en\/wp-json\/wp\/v2\/media?parent=31755"}],"wp:term":[{"taxonomy":"product_brand","embeddable":true,"href":"https:\/\/sportaxe.shop\/en\/wp-json\/wp\/v2\/product_brand?post=31755"},{"taxonomy":"product_cat","embeddable":true,"href":"https:\/\/sportaxe.shop\/en\/wp-json\/wp\/v2\/product_cat?post=31755"},{"taxonomy":"product_tag","embeddable":true,"href":"https:\/\/sportaxe.shop\/en\/wp-json\/wp\/v2\/product_tag?post=31755"}],"curies":[{"name":"wp","href":"https:\/\/api.w.org\/{rel}","templated":true}]}}