{"id":31748,"date":"2026-04-17T12:05:38","date_gmt":"2026-04-17T12:05:38","guid":{"rendered":"https:\/\/sportaxe.shop\/product\/ef-ecoflow-delta-3-classic-tragbare-powerstation-1-024-wh-lifepo4-batterie-1-800-w-ac-3-600-w-spitze-100-w-usb-c-1-stunden-schnellladung-solargenerator-fur-camping-wohnmobil-notstrom-zu-hause\/"},"modified":"2026-04-17T12:12:18","modified_gmt":"2026-04-17T12:12:18","slug":"ef-ecoflow-delta-3-classic-tragbare-powerstation-1-024-wh-lifepo4-batterie-1-800-w-ac-3-600-w-spitze-100-w-usb-c-1-stunden-schnellladung-solargenerator-fur-camping-wohnmobil-notstrom-zu-hause","status":"publish","type":"product","link":"https:\/\/sportaxe.shop\/en\/product\/ef-ecoflow-delta-3-classic-tragbare-powerstation-1-024-wh-lifepo4-batterie-1-800-w-ac-3-600-w-spitze-100-w-usb-c-1-stunden-schnellladung-solargenerator-fur-camping-wohnmobil-notstrom-zu-hause\/","title":{"rendered":"EF EcoFlow Delta 3 Classic Powerstation, 1.024Wh LiFePO4, 1.800W AC (3.600W Peak), 100W USB-C, 1h Schnellladung, f\u00fcr Camping &#038; Notstrom"},"content":{"rendered":"<p><strong>Product Overview<\/strong><\/p>\n<ul>\n<li>\n<strong>Marke:<\/strong> EF ECOFLOW<\/li>\n<li>\n<strong>Wattzahl:<\/strong> 1800 Watt<\/li>\n<li>\n<strong>Kraftstoffart:<\/strong> solar<\/li>\n<li>\n<strong>Stromquelle:<\/strong> Solarbetrieben<\/li>\n<li>\n<strong>Empfohlene Anwendungen f\u00fcr Produkt:<\/strong> Camping, Wohnmobil, Notstrom zu Hause<\/li>\n<li>\n<strong>Artikelgewicht:<\/strong> 12,1 Kilogramm<\/li>\n<li>\n<strong>Ausgangsleistung:<\/strong> 1800 Watt<\/li>\n<li>\n<strong>Enthaltene Komponenten:<\/strong> EF EcoFlow Delta 3 Classic Portable Electric Station<\/li>\n<li>\n<strong>Produktabmessungen:<\/strong> 39,8L x 20B x 28,3H cm<\/li>\n<li>\n<strong>Modellname:<\/strong> DELTA 3 Classic<\/li>\n<\/ul>\n<p><strong>Product Features<\/strong><\/p>\n<ul>\n<li>Stromversorgung f\u00fcr jedes Outdoor-Szenario: Der EcoFlow DELTA 3 Classic liefert eine Dauerleistung von 1800 W (3600 W Spitzenleistung) und X-Boost kann den Ausgang auf bis zu 2 400 W erweitern, um auch starke Verbraucher problemlos zu bew\u00e4ltigen, um wichtige Ger\u00e4te wie K\u00fchlboxen, Mikrowellen, Laptops und mehr zu betreiben.<\/li>\n<li>Ultraschnelle Aufladung: Mit X-Stream AC-Schnellladung laden Sie in nur 45 Minuten von 0 auf 80 %. EcoFlow DELTA 3 Classic sorgt daf\u00fcr, dass Ihre Ger\u00e4te und Haushaltsger\u00e4te schneller, intelligenter und mit gr\u00f6\u00dferer Sicherheit betrieben werden \u2013 egal, ob Sie sich im Freien aufhalten, auf Reisen sind oder sich auf eine Notstromversorgung vorbereiten.<\/li>\n<li>Langlebig, robust, immer einsatzbereit: Mit LiFePO4-Zellen, die f\u00fcr eine t\u00e4gliche Nutzung von \u00fcber 10 Jahren ausgelegt sind, einem in EV-Qualit\u00e4t ausgef\u00fchrten CTC-Design und einem fortschrittlichen Batteriemanagementsystem liefert der EcoFlow DELTA 3 Classic eine sichere und zuverl\u00e4ssige Stromversorgung, auf die Sie sich in jeder Situation verlassen k\u00f6nnen.<\/li>\n<li>Schnelles solares Aufladen: Mit einem optionalen 500 W-Solarpanel l\u00e4sst sich der EcoFlow DELTA 3 Classic in nur 2,5 Stunden aufladen. Nutzen Sie saubere, erneuerbare Energie, wo immer die Sonne scheint \u2013 ideal f\u00fcr netzunabh\u00e4ngiges Leben, Outdoor-Abenteuer und l\u00e4ngere Reisen.<\/li>\n<li>Intelligente App-Steuerung: Mit der EcoFlow App haben Sie die volle Kontrolle \u00fcber Ihre Energie. \u00dcberwachen Sie den Stromverbrauch in Echtzeit, legen Sie Ladepl\u00e4ne fest und aktivieren Sie Backup-Funktionen wie Sturmwarnung oder den eigengespeisten Modus \u2013 alles direkt \u00fcber Ihr Smartphone.<\/li>\n<\/ul>\n<p><strong>Product Information<\/strong><\/p>\n<ul>\n<table style=\"margin-bottom:20px\">\n<tbody>\n<tr>\n<td><strong>Wattleistung<\/strong><\/td>\n<td>1800 Watt<\/td>\n<\/tr>\n<tr>\n<td><strong>Kraftstofftyp<\/strong><\/td>\n<td>solar<\/td>\n<\/tr>\n<tr>\n<td><strong>Betriebsart<\/strong><\/td>\n<td>Solarbetrieben<\/td>\n<\/tr>\n<tr>\n<td><strong>Empfohlene Verw.bereiche f\u00fcr Produkt<\/strong><\/td>\n<td>Camping, Wohnmobil, Notstrom zu Hause<\/td>\n<\/tr>\n<tr>\n<td><strong>Ausgangswattzahl<\/strong><\/td>\n<td>1800 Watt<\/td>\n<\/tr>\n<tr>\n<td><strong>Motortyp<\/strong><\/td>\n<td>Solar<\/td>\n<\/tr>\n<tr>\n<td><strong>Typ des Z\u00fcndsystems<\/strong><\/td>\n<td>Elektronisch<\/td>\n<\/tr>\n<tr>\n<td><strong>Gesamtanzahl der Stromanschl\u00fcsse<\/strong><\/td>\n<td>1<\/td>\n<\/tr>\n<tr>\n<td><strong>Maximale Motorleistung<\/strong><\/td>\n<td>1800 Watt<\/td>\n<\/tr>\n<tr>\n<td><strong>Start-Wattzahl<\/strong><\/td>\n<td>1800 Watt<\/td>\n<\/tr>\n<tr>\n<td><strong>Betriebsleistung<\/strong><\/td>\n<td>1800 Watt<\/td>\n<\/tr>\n<tr>\n<td><strong>Artikelgewicht<\/strong><\/td>\n<td>12,1 Kilogramm<\/td>\n<\/tr>\n<tr>\n<td><strong>Artikel Abmessungen L x B x H<\/strong><\/td>\n<td>39,8L x 20B x 28,3H cm<\/td>\n<\/tr>\n<tr>\n<td><strong>Marke<\/strong><\/td>\n<td>EF ECOFLOW<\/td>\n<\/tr>\n<tr>\n<td><strong>Eingeschlossene Komponenten<\/strong><\/td>\n<td>EF EcoFlow Delta 3 Classic Portable Electric Station<\/td>\n<\/tr>\n<tr>\n<td><strong>Modellname<\/strong><\/td>\n<td>DELTA 3 Classic<\/td>\n<\/tr>\n<tr>\n<td><strong>Modellnummer<\/strong><\/td>\n<td>DELTA 3 Classic<\/td>\n<\/tr>\n<tr>\n<td><strong>UPC<\/strong><\/td>\n<td>199632003555<\/td>\n<\/tr>\n<tr>\n<td><strong>Hersteller<\/strong><\/td>\n<td>EF ECOFLOW<\/td>\n<\/tr>\n<tr>\n<td><strong>Amazon Bestseller-Rang<\/strong><\/td>\n<td><\/td>\n<\/tr>\n<tr>\n<td><strong>ASIN<\/strong><\/td>\n<td>B0GMCHYHQR<\/td>\n<\/tr>\n<tr>\n<td><strong>Durchschnittliche Kundenbewertung<\/strong><\/td>\n<td><\/td>\n<\/tr>\n<\/tbody>\n<\/table>\n<\/ul>","protected":false},"excerpt":{"rendered":"<p>Product Overview Marke: EF ECOFLOW Wattzahl: 1800 Watt Kraftstoffart: solar Stromquelle: Solarbetrieben Empfohlene Anwendungen f\u00fcr Produkt: Camping, Wohnmobil, Notstrom zu<\/p>","protected":false},"featured_media":31885,"comment_status":"open","ping_status":"closed","template":"","meta":[],"product_brand":[],"product_cat":[150,151,152],"product_tag":[],"class_list":{"0":"post-31748","1":"product","2":"type-product","3":"status-publish","4":"has-post-thumbnail","6":"product_cat-collection-1","7":"product_cat-collection-2","8":"product_cat-startseite","10":"first","11":"instock","12":"sale","13":"shipping-taxable","14":"purchasable","15":"product-type-variable"},"_links":{"self":[{"href":"https:\/\/sportaxe.shop\/en\/wp-json\/wp\/v2\/product\/31748","targetHints":{"allow":["GET"]}}],"collection":[{"href":"https:\/\/sportaxe.shop\/en\/wp-json\/wp\/v2\/product"}],"about":[{"href":"https:\/\/sportaxe.shop\/en\/wp-json\/wp\/v2\/types\/product"}],"replies":[{"embeddable":true,"href":"https:\/\/sportaxe.shop\/en\/wp-json\/wp\/v2\/comments?post=31748"}],"version-history":[{"count":0,"href":"https:\/\/sportaxe.shop\/en\/wp-json\/wp\/v2\/product\/31748\/revisions"}],"wp:featuredmedia":[{"embeddable":true,"href":"https:\/\/sportaxe.shop\/en\/wp-json\/wp\/v2\/media\/31885"}],"wp:attachment":[{"href":"https:\/\/sportaxe.shop\/en\/wp-json\/wp\/v2\/media?parent=31748"}],"wp:term":[{"taxonomy":"product_brand","embeddable":true,"href":"https:\/\/sportaxe.shop\/en\/wp-json\/wp\/v2\/product_brand?post=31748"},{"taxonomy":"product_cat","embeddable":true,"href":"https:\/\/sportaxe.shop\/en\/wp-json\/wp\/v2\/product_cat?post=31748"},{"taxonomy":"product_tag","embeddable":true,"href":"https:\/\/sportaxe.shop\/en\/wp-json\/wp\/v2\/product_tag?post=31748"}],"curies":[{"name":"wp","href":"https:\/\/api.w.org\/{rel}","templated":true}]}}