{"id":31737,"date":"2026-04-17T12:05:38","date_gmt":"2026-04-17T12:05:38","guid":{"rendered":"https:\/\/sportaxe.shop\/product\/dji-power-1000-v2-tragbare-powerstation-1024wh-2600w-power-station-solar-lifepo4-akku-kompakte-grosse-schnellladung-in-37-min-von-0-auf-80-elektrischer-generator-fur-camping-zuhause-wohnmobile\/"},"modified":"2026-04-17T12:12:19","modified_gmt":"2026-04-17T12:12:19","slug":"dji-power-1000-v2-tragbare-powerstation-1024wh-2600w-power-station-solar-lifepo4-akku-kompakte-grosse-schnellladung-in-37-min-von-0-auf-80-elektrischer-generator-fur-camping-zuhause-wohnmobile","status":"publish","type":"product","link":"https:\/\/sportaxe.shop\/en\/product\/dji-power-1000-v2-tragbare-powerstation-1024wh-2600w-power-station-solar-lifepo4-akku-kompakte-grosse-schnellladung-in-37-min-von-0-auf-80-elektrischer-generator-fur-camping-zuhause-wohnmobile\/","title":{"rendered":"DJI Power 1000 V2 Powerstation, 1.024Wh LiFePO4, 2.600W, 37 Min Schnellladung, kompakt, f\u00fcr Camping, Zuhause &#038; Wohnmobil"},"content":{"rendered":"<p><strong>Product Overview<\/strong><\/p>\n<ul>\n<li>\n<strong>Marke:<\/strong> DJI<\/li>\n<li>\n<strong>Wattzahl:<\/strong> 2600 Watt<\/li>\n<li>\n<strong>Kraftstoffart:<\/strong> Solar<\/li>\n<li>\n<strong>Stromquelle:<\/strong> Batteriebetrieben<\/li>\n<li>\n<strong>Empfohlene Anwendungen f\u00fcr Produkt:<\/strong> Camping, Zuhause, Outdoor, Gewerblich<\/li>\n<li>\n<strong>Artikelgewicht:<\/strong> 14,14 Kilogramm<\/li>\n<li>\n<strong>Ausgangsleistung:<\/strong> 2600 Watt<\/li>\n<li>\n<strong>Besonderes Merkmal:<\/strong> <\/li>\n<li>\n<strong>Enthaltene Komponenten:<\/strong> DJI Power 1000 V2 x 1, DJI Power Netzkabel x 1<\/li>\n<li>\n<strong>Farbe:<\/strong> Schwarz<\/li>\n<\/ul>\n<p><strong>Product Features<\/strong><\/p>\n<ul>\n<li>Mehr Leistung als je zuvor \u2013 Die DJI Power 1000 V2 Powerstation ist ein leistungsstarker Solargenerator, der 99 % [11] der Ger\u00e4te wie Wasserkocher, Kochplatten, Projektoren, S\u00e4gen und Bohrmaschinen mit Strom versorgt.<\/li>\n<li>Schnell aufladen, weit kommen \u2013 Die tragbare Powerstation DJI Power 1000 V2 l\u00e4dt in nur 37 Minuten auf 80 % [3] und ist damit jederzeit bereit f\u00fcr Camping und Reisen oder als zuverl\u00e4ssiges Notstromaggregat \u2013 ganz ohne lange Wartezeiten.<\/li>\n<li>Kompromisslose Sicherheit, \u00fcberall \u2013 Die Powerstation Solar verf\u00fcgt \u00fcber einen 1024Wh LFP-Akku, ein intelligentes BMS und ein flammhemmendes Geh\u00e4use. Sie bietet zuverl\u00e4ssigen Schutz in rauen Umgebungen \u2013 mit bis zu 10 Jahren Lebensdauer.[6]<\/li>\n<li>Leiser Komfort f\u00fcr erholsame N\u00e4chte \u2013 Der leise Portable Power Station von DJI l\u00e4uft mit nur 26 dB [10] und sorgt so f\u00fcr eine minimale Ger\u00e4uschentwicklung \u2013 f\u00fcr ungest\u00f6rten Schlaf beim Laden deiner Ger\u00e4te in geschlossenen R\u00e4umen.<\/li>\n<li>Maximale Leistung f\u00fcr deine Leidenschaft \u2013 Dieser tragbare Generator bietet zwei 140W USB-C Anschl\u00fcsse [14] (insgesamt 280W) \u2013 bis zu 40 % mehr als herk\u00f6mmliche USB-C Solar Powerbank Ladeger\u00e4te. Bleib im Flow beim Erstellen von Inhalten.<\/li>\n<li>Zuverl\u00e4ssige Notstromversorgung im Handumdrehen \u2013 Der akkugest\u00fctzte Generator von DJI f\u00fcr den Heimgebrauch bietet nahtlose USV mit einer Umschaltzeit von 10 ms [9] und h\u00e4lt deine Ger\u00e4te bei Stromausf\u00e4llen unterbrechungsfrei am Laufen.<\/li>\n<li>Schneller startklar \u2013 Der Outdoor-Generator unterst\u00fctzt die SDC-Superschnellladung [13] f\u00fcr ausgew\u00e4hlte DJI-Drohnenakkus [20] und erm\u00f6glicht so den Flugstart in nur 30 Minuten \u2013 ideal f\u00fcr ganzt\u00e4gige Drehs unterwegs.<\/li>\n<li>L\u00e4nger gesch\u00fctzt \u2013 Dieser elektrische Generator kommt mit einer 5-j\u00e4hrigen Garantie [17] \u2013 f\u00fcr langfristige Sicherheit und zuverl\u00e4ssigen Support.<\/li>\n<li>Enth\u00e4lt die DJI Power 1000 V2 sowie ein DJI Power-Netzkabel f\u00fcr hohe Ausgangsleistung und schnelles Laden \u00fcber das Stromnetz. Mit 5 Jahren Garantie ist es ideal f\u00fcr den Einsatz zu Hause und im Freien.<\/li>\n<li>Hinweise: Aufgrund logistischer Vorschriften ist f\u00fcr den Versand einer Powerstation die Originalverpackung erforderlich. Wir empfehlen dir, die Originalverpackung bis zum Ablauf des Widerrufszeitraums des Produkts aufzubewahren.<\/li>\n<\/ul>\n<p><strong>Product Information<\/strong><\/p>\n<ul>\n<table style=\"margin-bottom:20px\">\n<tbody>\n<tr>\n<td><strong>Wattleistung<\/strong><\/td>\n<td>2600 Watt<\/td>\n<\/tr>\n<tr>\n<td><strong>Kraftstofftyp<\/strong><\/td>\n<td>Solar<\/td>\n<\/tr>\n<tr>\n<td><strong>Betriebsart<\/strong><\/td>\n<td>Batteriebetrieben<\/td>\n<\/tr>\n<tr>\n<td><strong>Empfohlene Verw.bereiche f\u00fcr Produkt<\/strong><\/td>\n<td>Camping, Zuhause, Outdoor, Gewerblich<\/td>\n<\/tr>\n<tr>\n<td><strong>Ausgangswattzahl<\/strong><\/td>\n<td>2600 Watt<\/td>\n<\/tr>\n<tr>\n<td><strong>Besondere Merkmale<\/strong><\/td>\n<td>Echte Power, maximaler Output, Extrem leiser Betrieb, LiFePO4-Batteriezellen mit einer Lebensdauer von 10 Jahren, Zwei 140 W USB-C-Anschl\u00fcsse<\/td>\n<\/tr>\n<tr>\n<td><strong>Motortyp<\/strong><\/td>\n<td>Solar<\/td>\n<\/tr>\n<tr>\n<td><strong>Typ des Z\u00fcndsystems<\/strong><\/td>\n<td>Elektronisch<\/td>\n<\/tr>\n<tr>\n<td><strong>Gesamtanzahl der Stromanschl\u00fcsse<\/strong><\/td>\n<td>8<\/td>\n<\/tr>\n<tr>\n<td><strong>Maximale Motorleistung<\/strong><\/td>\n<td>2600 Watt<\/td>\n<\/tr>\n<tr>\n<td><strong>Start-Wattzahl<\/strong><\/td>\n<td>2600 Watt<\/td>\n<\/tr>\n<tr>\n<td><strong>Betriebsleistung<\/strong><\/td>\n<td>2600 Watt<\/td>\n<\/tr>\n<tr>\n<td><strong>Artikelgewicht<\/strong><\/td>\n<td>14,14 Kilogramm<\/td>\n<\/tr>\n<tr>\n<td><strong>Artikel Abmessungen L x B x H<\/strong><\/td>\n<td>44,8L x 22,5B x 23H cm<\/td>\n<\/tr>\n<tr>\n<td><strong>Marke<\/strong><\/td>\n<td>DJI<\/td>\n<\/tr>\n<tr>\n<td><strong>Eingeschlossene Komponenten<\/strong><\/td>\n<td>DJI Power 1000 V2 x 1, DJI Power Netzkabel x 1<\/td>\n<\/tr>\n<tr>\n<td><strong>Modellname<\/strong><\/td>\n<td>DYM1000V2H<\/td>\n<\/tr>\n<tr>\n<td><strong>Modellnummer<\/strong><\/td>\n<td>6937224115156<\/td>\n<\/tr>\n<tr>\n<td><strong>Hersteller<\/strong><\/td>\n<td>DJI<\/td>\n<\/tr>\n<tr>\n<td><strong>Herkunftsland<\/strong><\/td>\n<td>China<\/td>\n<\/tr>\n<tr>\n<td><strong>Anzahl von Einheiten<\/strong><\/td>\n<td>1.0 st\u00fcck<\/td>\n<\/tr>\n<tr>\n<td><strong>Garantie f\u00fcr das Produkt<\/strong><\/td>\n<td>Dji.<\/td>\n<\/tr>\n<tr>\n<td><strong>Amazon Bestseller-Rang<\/strong><\/td>\n<td><\/td>\n<\/tr>\n<tr>\n<td><strong>ASIN<\/strong><\/td>\n<td>B0FC67CQJH<\/td>\n<\/tr>\n<tr>\n<td><strong>Durchschnittliche Kundenbewertung<\/strong><\/td>\n<td><\/td>\n<\/tr>\n<tr>\n<td><strong>Farbe<\/strong><\/td>\n<td>Schwarz<\/td>\n<\/tr>\n<\/tbody>\n<\/table>\n<\/ul>\n","protected":false},"excerpt":{"rendered":"<p>Product Overview Marke: DJI Wattzahl: 2600 Watt Kraftstoffart: Solar Stromquelle: Batteriebetrieben Empfohlene Anwendungen f\u00fcr Produkt: Camping, Zuhause, Outdoor, Gewerblich Artikelgewicht:<\/p>","protected":false},"featured_media":31884,"comment_status":"open","ping_status":"closed","template":"","meta":[],"product_brand":[],"product_cat":[150,151,152],"product_tag":[],"class_list":{"0":"post-31737","1":"product","2":"type-product","3":"status-publish","4":"has-post-thumbnail","6":"product_cat-collection-1","7":"product_cat-collection-2","8":"product_cat-startseite","10":"first","11":"instock","12":"sale","13":"shipping-taxable","14":"purchasable","15":"product-type-variable"},"_links":{"self":[{"href":"https:\/\/sportaxe.shop\/en\/wp-json\/wp\/v2\/product\/31737","targetHints":{"allow":["GET"]}}],"collection":[{"href":"https:\/\/sportaxe.shop\/en\/wp-json\/wp\/v2\/product"}],"about":[{"href":"https:\/\/sportaxe.shop\/en\/wp-json\/wp\/v2\/types\/product"}],"replies":[{"embeddable":true,"href":"https:\/\/sportaxe.shop\/en\/wp-json\/wp\/v2\/comments?post=31737"}],"version-history":[{"count":0,"href":"https:\/\/sportaxe.shop\/en\/wp-json\/wp\/v2\/product\/31737\/revisions"}],"wp:featuredmedia":[{"embeddable":true,"href":"https:\/\/sportaxe.shop\/en\/wp-json\/wp\/v2\/media\/31884"}],"wp:attachment":[{"href":"https:\/\/sportaxe.shop\/en\/wp-json\/wp\/v2\/media?parent=31737"}],"wp:term":[{"taxonomy":"product_brand","embeddable":true,"href":"https:\/\/sportaxe.shop\/en\/wp-json\/wp\/v2\/product_brand?post=31737"},{"taxonomy":"product_cat","embeddable":true,"href":"https:\/\/sportaxe.shop\/en\/wp-json\/wp\/v2\/product_cat?post=31737"},{"taxonomy":"product_tag","embeddable":true,"href":"https:\/\/sportaxe.shop\/en\/wp-json\/wp\/v2\/product_tag?post=31737"}],"curies":[{"name":"wp","href":"https:\/\/api.w.org\/{rel}","templated":true}]}}