{"id":31722,"date":"2026-04-17T12:05:36","date_gmt":"2026-04-17T12:05:36","guid":{"rendered":"https:\/\/sportaxe.shop\/product\/anker-solix-c2000-gen-2-tragbare-powerstation-2400w-spitzenleistung-4000w-solargenerator-in-58-min-voll-geladen-2048wh-lifepo-akku-fur-camping-und-stromausfalle-optional-mit-solarpanel\/"},"modified":"2026-04-17T12:12:23","modified_gmt":"2026-04-17T12:12:23","slug":"anker-solix-c2000-gen-2-tragbare-powerstation-2400w-spitzenleistung-4000w-solargenerator-in-58-min-voll-geladen-2048wh-lifepo-akku-fur-camping-und-stromausfalle-optional-mit-solarpanel","status":"publish","type":"product","link":"https:\/\/sportaxe.shop\/en\/product\/anker-solix-c2000-gen-2-tragbare-powerstation-2400w-spitzenleistung-4000w-solargenerator-in-58-min-voll-geladen-2048wh-lifepo-akku-fur-camping-und-stromausfalle-optional-mit-solarpanel\/","title":{"rendered":"Anker SOLIX C2000 Gen 2 Powerstation, 2.048Wh LiFePO4, 2.400W (4.000W Peak), 58 Min Schnellladung, f\u00fcr Camping &#038; Stromausf\u00e4lle"},"content":{"rendered":"<p><strong>Product Overview<\/strong><\/p>\n<ul>\n<li>\n<strong>Marke:<\/strong> Anker<\/li>\n<li>\n<strong>Wattzahl:<\/strong> 2400 Watt<\/li>\n<li>\n<strong>Kraftstoffart:<\/strong> Solarenergie<\/li>\n<li>\n<strong>Stromquelle:<\/strong> Batteriebetrieben<\/li>\n<li>\n<strong>Empfohlene Anwendungen f\u00fcr Produkt:<\/strong> Camping<\/li>\n<li>\n<strong>Artikelgewicht:<\/strong> 18,9 Kilogramm<\/li>\n<li>\n<strong>Spannung:<\/strong> 3,2 Volt<\/li>\n<li>\n<strong>Ausgangsleistung:<\/strong> 2400<\/li>\n<li>\n<strong>Besonderes Merkmal:<\/strong> Tragbare Powerstation<\/li>\n<li>\n<strong>Enthaltene Komponenten:<\/strong> <\/li>\n<\/ul>\n<p><strong>Product Features<\/strong><\/p>\n<ul>\n<li>6 Ladeoptionen \u2013 100% in 58\u202fMin.: Schnellladung \u00fcber AC oder Solar \u2013 volle Ladung in nur 58\u202fMinuten.<\/li>\n<li>Unterwegs laden mit 800W Lichtmaschinen-Ladung: Vollst\u00e4ndig in 2,6h \u00fcber dein Auto geladen \u2013 8\u00d7 schneller als ein Standard-Kfz-Anschluss.<\/li>\n<li>Ultra-effizient f\u00fcr l\u00e4ngere Laufzeit: Bis zu 9W im Standby, versorgt einen Zweit\u00fcrer-K\u00fchlschrank bis zu 32h.<\/li>\n<li>Erweiterbare Kapazit\u00e4t bis 4kWh: Mit einem Zusatzakku auf 4kWh erweitern und einen Zweit\u00fcrer-K\u00fchlschrank bis zu 64h betreiben.<\/li>\n<li>Massive Spitzenleistung von 4000W: 2400W Nennleistung, 4000W Spitzenleistung \u2013 gleichzeitig mehrere Ger\u00e4te betreiben, inklusive der meisten Wohnmobil-Klimaanlagen.<\/li>\n<li>Superleicht und kompakt: Nur 18,9kg bei 460 \u00d7 249 \u00d7 257mm \u2013 25% leichter und 29% kompakter als vergleichbare Produkte.<\/li>\n<li>Lieferumfang: C2000 Gen 2 Tragbare Powerstation, AC-Ladekabel, Schnellstartanleitung, Sicherheitsanweisungen und Garantiekarte.<\/li>\n<\/ul>\n<p><strong>Product Information<\/strong><\/p>\n<ul>\n<table style=\"margin-bottom:20px\">\n<tbody>\n<tr>\n<td><strong>Wattleistung<\/strong><\/td>\n<td>2400 Watt<\/td>\n<\/tr>\n<tr>\n<td><strong>Kraftstofftyp<\/strong><\/td>\n<td>Solarenergie<\/td>\n<\/tr>\n<tr>\n<td><strong>Betriebsart<\/strong><\/td>\n<td>Batteriebetrieben<\/td>\n<\/tr>\n<tr>\n<td><strong>Empfohlene Verw.bereiche f\u00fcr Produkt<\/strong><\/td>\n<td>Camping<\/td>\n<\/tr>\n<tr>\n<td><strong>Spannung in Volt<\/strong><\/td>\n<td>3,2 Volt<\/td>\n<\/tr>\n<tr>\n<td><strong>Ausgangswattzahl<\/strong><\/td>\n<td>2400<\/td>\n<\/tr>\n<tr>\n<td><strong>Besondere Merkmale<\/strong><\/td>\n<td>Tragbare Powerstation<\/td>\n<\/tr>\n<tr>\n<td><strong>Motortyp<\/strong><\/td>\n<td>Solar<\/td>\n<\/tr>\n<tr>\n<td><strong>Start-Wattzahl<\/strong><\/td>\n<td>4000 Watt<\/td>\n<\/tr>\n<tr>\n<td><strong>Betriebsleistung<\/strong><\/td>\n<td>2400 Watt<\/td>\n<\/tr>\n<tr>\n<td><strong>Artikelgewicht<\/strong><\/td>\n<td>18,9 Kilogramm<\/td>\n<\/tr>\n<tr>\n<td><strong>Artikel Abmessungen L x B x H<\/strong><\/td>\n<td>45,9L x 25B x 25,7H cm<\/td>\n<\/tr>\n<tr>\n<td><strong>Marke<\/strong><\/td>\n<td>Anker<\/td>\n<\/tr>\n<tr>\n<td><strong>Eingeschlossene Komponenten<\/strong><\/td>\n<td>C2000 Gen 2 Tragbare Powerstation, AC-Ladekabel, Schnellstartanleitung, Sicherheitsanweisungen und Garantiekarte.<\/td>\n<\/tr>\n<tr>\n<td><strong>Modellname<\/strong><\/td>\n<td>SOLIX C2000 Gen 2<\/td>\n<\/tr>\n<tr>\n<td><strong>Modellnummer<\/strong><\/td>\n<td>A1783<\/td>\n<\/tr>\n<tr>\n<td><strong>UPC<\/strong><\/td>\n<td>194644255145<\/td>\n<\/tr>\n<tr>\n<td><strong>Hersteller<\/strong><\/td>\n<td>Anker<\/td>\n<\/tr>\n<tr>\n<td><strong>Herkunftsland<\/strong><\/td>\n<td>China<\/td>\n<\/tr>\n<tr>\n<td><strong>Garantie f\u00fcr das Produkt<\/strong><\/td>\n<td>5 years.<\/td>\n<\/tr>\n<tr>\n<td><strong>Amazon Bestseller-Rang<\/strong><\/td>\n<td><\/td>\n<\/tr>\n<tr>\n<td><strong>ASIN<\/strong><\/td>\n<td>B0FVFGL38H<\/td>\n<\/tr>\n<tr>\n<td><strong>Durchschnittliche Kundenbewertung<\/strong><\/td>\n<td><\/td>\n<\/tr>\n<tr>\n<td><strong>Farbe<\/strong><\/td>\n<td>Gray<\/td>\n<\/tr>\n<\/tbody>\n<\/table>\n<\/ul>","protected":false},"excerpt":{"rendered":"<p>Product Overview Marke: Anker Wattzahl: 2400 Watt Kraftstoffart: Solarenergie Stromquelle: Batteriebetrieben Empfohlene Anwendungen f\u00fcr Produkt: Camping Artikelgewicht: 18,9 Kilogramm Spannung:<\/p>","protected":false},"featured_media":31833,"comment_status":"open","ping_status":"closed","template":"","meta":[],"product_brand":[],"product_cat":[150,151,152],"product_tag":[],"class_list":{"0":"post-31722","1":"product","2":"type-product","3":"status-publish","4":"has-post-thumbnail","6":"product_cat-collection-1","7":"product_cat-collection-2","8":"product_cat-startseite","10":"first","11":"instock","12":"sale","13":"shipping-taxable","14":"purchasable","15":"product-type-variable"},"_links":{"self":[{"href":"https:\/\/sportaxe.shop\/en\/wp-json\/wp\/v2\/product\/31722","targetHints":{"allow":["GET"]}}],"collection":[{"href":"https:\/\/sportaxe.shop\/en\/wp-json\/wp\/v2\/product"}],"about":[{"href":"https:\/\/sportaxe.shop\/en\/wp-json\/wp\/v2\/types\/product"}],"replies":[{"embeddable":true,"href":"https:\/\/sportaxe.shop\/en\/wp-json\/wp\/v2\/comments?post=31722"}],"version-history":[{"count":0,"href":"https:\/\/sportaxe.shop\/en\/wp-json\/wp\/v2\/product\/31722\/revisions"}],"wp:featuredmedia":[{"embeddable":true,"href":"https:\/\/sportaxe.shop\/en\/wp-json\/wp\/v2\/media\/31833"}],"wp:attachment":[{"href":"https:\/\/sportaxe.shop\/en\/wp-json\/wp\/v2\/media?parent=31722"}],"wp:term":[{"taxonomy":"product_brand","embeddable":true,"href":"https:\/\/sportaxe.shop\/en\/wp-json\/wp\/v2\/product_brand?post=31722"},{"taxonomy":"product_cat","embeddable":true,"href":"https:\/\/sportaxe.shop\/en\/wp-json\/wp\/v2\/product_cat?post=31722"},{"taxonomy":"product_tag","embeddable":true,"href":"https:\/\/sportaxe.shop\/en\/wp-json\/wp\/v2\/product_tag?post=31722"}],"curies":[{"name":"wp","href":"https:\/\/api.w.org\/{rel}","templated":true}]}}