{"id":31715,"date":"2026-04-17T12:05:35","date_gmt":"2026-04-17T12:05:35","guid":{"rendered":"https:\/\/sportaxe.shop\/product\/anker-solix-2-pro-balkonkraftwerk-mit-speicher-1600wh-solarbank-2-pro-4-mppt-2400w-solareingang-bis-zu-4-solarmodule-bis-zu-9-6-kwh-kapazitat-6000-zyklen-plug-play-0-vat\/"},"modified":"2026-04-17T12:12:27","modified_gmt":"2026-04-17T12:12:27","slug":"anker-solix-2-pro-balkonkraftwerk-mit-speicher-1600wh-solarbank-2-pro-4-mppt-2400w-solareingang-bis-zu-4-solarmodule-bis-zu-9-6-kwh-kapazitat-6000-zyklen-plug-play-0-vat","status":"publish","type":"product","link":"https:\/\/sportaxe.shop\/en\/product\/anker-solix-2-pro-balkonkraftwerk-mit-speicher-1600wh-solarbank-2-pro-4-mppt-2400w-solareingang-bis-zu-4-solarmodule-bis-zu-9-6-kwh-kapazitat-6000-zyklen-plug-play-0-vat\/","title":{"rendered":"Anker SOLIX 2 Pro Balkonkraftwerk, 1.600Wh Speicher, 2.400W Solareingang, 4 MPPT, bis 9,6 kWh, 6.000 Zyklen, Plug &#038; Play"},"content":{"rendered":"<p><strong>Product Overview<\/strong><\/p>\n<ul>\n<li>\n<strong>Marke:<\/strong> Anker<\/li>\n<li>\n<strong>Material:<\/strong> Aluminium<\/li>\n<li>\n<strong>Enthaltene Komponenten:<\/strong> \/<\/li>\n<li>\n<strong>Maximale Leistung:<\/strong> 2400 Watt<\/li>\n<li>\n<strong>UPC:<\/strong> 194644309442<\/li>\n<\/ul>\n<p><strong>Product Features<\/strong><\/p>\n<ul>\n<li>J\u00c4HRLICH 251\u20ac STROMKOSTEN GESPART: 4 MPPT-Routen unterst\u00fctzen 2400W, und du kannst Erweiterungsakkus bis zu 9,6kWh Kapazit\u00e4t hinzuf\u00fcgen. All diese Energieeinsparungen f\u00fchren zu einer massiven Reduzierung deiner Stromrechnung um bis zu 251\u20ac.<\/li>\n<li>ANTI-ENERGIEVERSCHWENDUNG: Erreiche echte Effizienz mit dem Anker SOLIX Smarten Z\u00e4hler, der den Stromverbrauch in Echtzeit \u00fcberwacht, mit einer Reaktionszeit von nur 3 Sekunden.<\/li>\n<li>15 JAHRE LEISTUNG: Solarbank 2 Pro bietet 6.000 Ladezyklen und 15 Jahre Leistung mit einer 10-j\u00e4hrigen Garantie. Mit einem IP65-Dichtmittel ist sie wasser- und staubgesch\u00fctzt und funktioniert bei -20\u00b0C.<\/li>\n<li>1000W NOTSTROMVERSORGUNG: Halte wichtige Ger\u00e4te mit der 1000W AC-Steckdose auch w\u00e4hrend eines Stromausfalls am Laufen.<\/li>\n<li>IM LIEFERUMFANG: Solarbank 2 E1600 Pro, 5m Schuko-Ladekabel, 8\u00d7 3m Solarpanel-Verl\u00e4ngerungskabel, Installationszubeh\u00f6r, Anleitungshandbuch. Die Auslieferung erfolgt innerhalb des angegebenen Zeitraums.<\/li>\n<li>0% VAT: Der Preis ist bereits mit 0% VAT ausgewiesen. Der Preis gilt nur f\u00fcr Privatkunden, die die Voraussetzungen f\u00fcr eine umsatzsteuerfreie Lieferung gem\u00e4\u00df \u00a7 12 Abs. 3 UstG erf\u00fcllen. F\u00fcr Gesch\u00e4ftskunden wird eine zus\u00e4tzliche Mehrwertsteuer von 19% berechnet und auf den Kaufpreis aufgeschlagen.<\/li>\n<\/ul>\n<p><strong>Product Information<\/strong><\/p>\n<ul>\n<table style=\"margin-bottom:20px\">\n<tbody>\n<tr>\n<td><strong>Maximalleistung<\/strong><\/td>\n<td>2400 Watt<\/td>\n<\/tr>\n<tr>\n<td><strong>Material<\/strong><\/td>\n<td>Aluminium<\/td>\n<\/tr>\n<tr>\n<td><strong>Marke<\/strong><\/td>\n<td>Anker<\/td>\n<\/tr>\n<tr>\n<td><strong>Enthaltene Komponenten<\/strong><\/td>\n<td>\/<\/td>\n<\/tr>\n<tr>\n<td><strong>Modellnummer<\/strong><\/td>\n<td>A17C13Z1<\/td>\n<\/tr>\n<tr>\n<td><strong>UPC<\/strong><\/td>\n<td>194644309442<\/td>\n<\/tr>\n<tr>\n<td><strong>Artikelnummer\/Seriennummer<\/strong><\/td>\n<td>A17C13Z1<\/td>\n<\/tr>\n<tr>\n<td><strong>Hersteller<\/strong><\/td>\n<td>Anker<\/td>\n<\/tr>\n<tr>\n<td><strong>Herkunftsland<\/strong><\/td>\n<td>China<\/td>\n<\/tr>\n<tr>\n<td><strong>Anzahl von Einheiten<\/strong><\/td>\n<td>1.0 st\u00fcck<\/td>\n<\/tr>\n<tr>\n<td><strong>Amazon Bestseller-Rang<\/strong><\/td>\n<td><\/td>\n<\/tr>\n<tr>\n<td><strong>ASIN<\/strong><\/td>\n<td>B0GFCR326J<\/td>\n<\/tr>\n<tr>\n<td><strong>Durchschnittliche Kundenbewertung<\/strong><\/td>\n<td><\/td>\n<\/tr>\n<\/tbody>\n<\/table>\n<\/ul>","protected":false},"excerpt":{"rendered":"<p>Product Overview Marke: Anker Material: Aluminium Enthaltene Komponenten: \/ Maximale Leistung: 2400 Watt UPC: 194644309442 Product Features J\u00c4HRLICH 251\u20ac STROMKOSTEN<\/p>","protected":false},"featured_media":31820,"comment_status":"open","ping_status":"closed","template":"","meta":[],"product_brand":[],"product_cat":[150,151,152],"product_tag":[],"class_list":{"0":"post-31715","1":"product","2":"type-product","3":"status-publish","4":"has-post-thumbnail","6":"product_cat-collection-1","7":"product_cat-collection-2","8":"product_cat-startseite","10":"first","11":"instock","12":"sale","13":"shipping-taxable","14":"purchasable","15":"product-type-variable"},"_links":{"self":[{"href":"https:\/\/sportaxe.shop\/en\/wp-json\/wp\/v2\/product\/31715","targetHints":{"allow":["GET"]}}],"collection":[{"href":"https:\/\/sportaxe.shop\/en\/wp-json\/wp\/v2\/product"}],"about":[{"href":"https:\/\/sportaxe.shop\/en\/wp-json\/wp\/v2\/types\/product"}],"replies":[{"embeddable":true,"href":"https:\/\/sportaxe.shop\/en\/wp-json\/wp\/v2\/comments?post=31715"}],"version-history":[{"count":0,"href":"https:\/\/sportaxe.shop\/en\/wp-json\/wp\/v2\/product\/31715\/revisions"}],"wp:featuredmedia":[{"embeddable":true,"href":"https:\/\/sportaxe.shop\/en\/wp-json\/wp\/v2\/media\/31820"}],"wp:attachment":[{"href":"https:\/\/sportaxe.shop\/en\/wp-json\/wp\/v2\/media?parent=31715"}],"wp:term":[{"taxonomy":"product_brand","embeddable":true,"href":"https:\/\/sportaxe.shop\/en\/wp-json\/wp\/v2\/product_brand?post=31715"},{"taxonomy":"product_cat","embeddable":true,"href":"https:\/\/sportaxe.shop\/en\/wp-json\/wp\/v2\/product_cat?post=31715"},{"taxonomy":"product_tag","embeddable":true,"href":"https:\/\/sportaxe.shop\/en\/wp-json\/wp\/v2\/product_tag?post=31715"}],"curies":[{"name":"wp","href":"https:\/\/api.w.org\/{rel}","templated":true}]}}