{"id":31706,"date":"2026-04-17T12:05:34","date_gmt":"2026-04-17T12:05:34","guid":{"rendered":"https:\/\/sportaxe.shop\/product\/allpowers-r600-tragbare-powerstation-299wh-lifepo4-batterie-mit-2x-600w-1200w-spitze-ac-ausgang-solargenerator-0-100-schnellladung-in-1-stunde-fur-garten-party-reise-camping-wohnmobil-notfall\/"},"modified":"2026-04-17T12:12:28","modified_gmt":"2026-04-17T12:12:28","slug":"allpowers-r600-tragbare-powerstation-299wh-lifepo4-batterie-mit-2x-600w-1200w-spitze-ac-ausgang-solargenerator-0-100-schnellladung-in-1-stunde-fur-garten-party-reise-camping-wohnmobil-notfall","status":"publish","type":"product","link":"https:\/\/sportaxe.shop\/en\/product\/allpowers-r600-tragbare-powerstation-299wh-lifepo4-batterie-mit-2x-600w-1200w-spitze-ac-ausgang-solargenerator-0-100-schnellladung-in-1-stunde-fur-garten-party-reise-camping-wohnmobil-notfall\/","title":{"rendered":"ALLPOWERS R600 Powerstation, 299Wh LiFePO4, 600W AC (1.200W Peak), Schnellladung 1h, f\u00fcr Camping, Reise &#038; Notfall"},"content":{"rendered":"<p><strong>Product Overview<\/strong><\/p>\n<ul>\n<li>\n<strong>Marke:<\/strong> ALLPOWERS<\/li>\n<li>\n<strong>Wattzahl:<\/strong> 600 Watt<\/li>\n<li>\n<strong>Kraftstoffart:<\/strong> elektrisch<\/li>\n<li>\n<strong>Stromquelle:<\/strong> Solarbetrieben \/ AC \/ KFZ Zigarettenanz\u00fcnder<\/li>\n<li>\n<strong>Empfohlene Anwendungen f\u00fcr Produkt:<\/strong> Camping<\/li>\n<li>\n<strong>Artikelgewicht:<\/strong> 5,8 Kilogramm<\/li>\n<li>\n<strong>Spannung:<\/strong> 230 Volt<\/li>\n<li>\n<strong>Ausgangsleistung:<\/strong> 600 Watt<\/li>\n<li>\n<strong>Besonderes Merkmal:<\/strong> LiFePO4 Batterie, UPS, Wireless Ladeger\u00e4t<\/li>\n<li>\n<strong>Enthaltene Komponenten:<\/strong> <\/li>\n<\/ul>\n<p><strong>Product Features<\/strong><\/p>\n<ul>\n<li>\u3010Laden Sie 8 Ger\u00e4te gleichzeitig auf\u3011: Das ALLPOWERS R600 Tragbare Powerstation verf\u00fcgt \u00fcber 2* Reine Sinuswelle AC Ausg\u00e4ngen(230V 600W, Spitze 1200W), 2* 100W USB-C &#038; 2* 18W USB-A Ausgang Schnellladen Port, 1* KFZ Zigarettenanz\u00fcnder (12V\/10A) und ein 15W Wireless Ladeger\u00e4t. Mit Leistung von bis zu 600W ist der R600 speziell zum Aufladen von Wasserkochern, Saft, Laptops, Drohnen und anderer Elektronik konzipiert, um Ihr draussen Abenteuer sorgenfrei zu betreiben.<\/li>\n<li>\u3010Gro\u00dfer Kapazit\u00e4t mit Schnell Aufladen\u3011: Das ALLPOWERS R600 hat Akku mit gro\u00dfer Kapazit\u00e4t von 299Wh, der mindestens 10% gr\u00f6\u00dfer ist als vergleichbare Produkte auf dem Markt. Gleichzeitig sind mit Hilfe der Schnellladetechnologie von ALLPOWERS keine sperrigen Netzteil Adapter erforderlich, nur ein Kabel kann verwendet werden, um den Powerstation innerhalb von 1 Stunde vollst\u00e4ndig aufzuladen, und die maximale Ladeleistung betr\u00e4gt etwa 400W, was ist auch h\u00f6her als bei anderen \u00e4hnlichen Powerstation.<\/li>\n<li>\u3010Schnell Laden mit Solar\u3011: Verwenden Sie saubere, gr\u00fcne erneuerbare Energie, um den Solargenerator R600 in nur 2 Stunden mit 220W Solareingang aufzuladen. Erm\u00f6glichen Sie es Ihnen, sich beim Camping im Freien frei aufzuladen. Dar\u00fcber hinaus verwendet der R600 den XT60 Solarladeanschluss, der einen gr\u00f6\u00dferen Strom f\u00fchren kann und die Sicherheit beim Hochleistungs-Solarladen mit 220W gew\u00e4hrleistet.<\/li>\n<li>\u3010Extrem Langer Lebensdauer LFP-Batterie\u3011: Laden Sie das ALLPOWERS R600 mit ihren LFP-Batteriezellen \u00fcber 3500 Mal, bevor deren Kapazit\u00e4t auf 80 % f\u00e4llt. Das entspricht fast 10 Jahren regelm\u00e4\u00dfiger Nutzung. Die R600 Powerstation verf\u00fcgt \u00fcber einen erweiterten BMS-Schutz, der Spannung, Strom und Temperatur \u00fcberwacht, um die Sicherheit der R600 unter allen Umst\u00e4nden zu gew\u00e4hrleisten.<\/li>\n<li>\u3010Zuverl\u00e4ssige USV\u3011: Der Tragbare Powerstation R600 verf\u00fcgt \u00fcber eine unterbrechungsfreie USV-Stromversorgungsfunktion, wenn das Netz ausf\u00e4llt, und sch\u00fctzt Ihren Desktop-PC, Dateiserver und andere sensible Ger\u00e4te vor Datenverlust oder -besch\u00e4digung.<\/li>\n<li>\u3010Lieferumfang\u3011: Paket enthalten 1 * ALLPOWERS R600 Tragbares Powerstation, 1 * Netzladekabel, 1 * Benutzerhandbuch.<\/li>\n<\/ul>\n<p><strong>Product Information<\/strong><\/p>\n<ul>\n<table style=\"margin-bottom:20px\">\n<tbody>\n<tr>\n<td><strong>Wattleistung<\/strong><\/td>\n<td>600 Watt<\/td>\n<\/tr>\n<tr>\n<td><strong>Kraftstofftyp<\/strong><\/td>\n<td>elektrisch<\/td>\n<\/tr>\n<tr>\n<td><strong>Betriebsart<\/strong><\/td>\n<td>Solarbetrieben \/ AC \/ KFZ Zigarettenanz\u00fcnder<\/td>\n<\/tr>\n<tr>\n<td><strong>Empfohlene Verw.bereiche f\u00fcr Produkt<\/strong><\/td>\n<td>Camping<\/td>\n<\/tr>\n<tr>\n<td><strong>Spannung in Volt<\/strong><\/td>\n<td>230 Volt<\/td>\n<\/tr>\n<tr>\n<td><strong>Ausgangswattzahl<\/strong><\/td>\n<td>600 Watt<\/td>\n<\/tr>\n<tr>\n<td><strong>Besondere Merkmale<\/strong><\/td>\n<td>LiFePO4 Batterie, UPS, Wireless Ladeger\u00e4t<\/td>\n<\/tr>\n<tr>\n<td><strong>Motortyp<\/strong><\/td>\n<td>Solargenerator<\/td>\n<\/tr>\n<tr>\n<td><strong>Typ des Z\u00fcndsystems<\/strong><\/td>\n<td>Elektronisch<\/td>\n<\/tr>\n<tr>\n<td><strong>Dauer<\/strong><\/td>\n<td>5 Stunden<\/td>\n<\/tr>\n<tr>\n<td><strong>Gesamtanzahl der Stromanschl\u00fcsse<\/strong><\/td>\n<td>8<\/td>\n<\/tr>\n<tr>\n<td><strong>Frequenz<\/strong><\/td>\n<td>60 Hz<\/td>\n<\/tr>\n<tr>\n<td><strong>Maximale Motorleistung<\/strong><\/td>\n<td>1200 Watt<\/td>\n<\/tr>\n<tr>\n<td><strong>Start-Wattzahl<\/strong><\/td>\n<td>1200 Watt<\/td>\n<\/tr>\n<tr>\n<td><strong>Betriebsleistung<\/strong><\/td>\n<td>600 Watt<\/td>\n<\/tr>\n<tr>\n<td><strong>Farbe<\/strong><\/td>\n<td>R600<\/td>\n<\/tr>\n<tr>\n<td><strong>Marke<\/strong><\/td>\n<td>ALLPOWERS<\/td>\n<\/tr>\n<tr>\n<td><strong>Eingeschlossene Komponenten<\/strong><\/td>\n<td>1 * ALLPOWERS R600 Tragbares Powerstation, 1 * Benutzerhandbuch, 1 * Netzladekabel, 6 JAHRE Garantie mit freundlicher Kundenservice<\/td>\n<\/tr>\n<tr>\n<td><strong>Modellname<\/strong><\/td>\n<td>R600<\/td>\n<\/tr>\n<tr>\n<td><strong>Modellnummer<\/strong><\/td>\n<td>R600-EU<\/td>\n<\/tr>\n<tr>\n<td><strong>Hersteller<\/strong><\/td>\n<td>ALLPOWERS<\/td>\n<\/tr>\n<tr>\n<td><strong>Artikeltypbezeichnung<\/strong><\/td>\n<td>R600<\/td>\n<\/tr>\n<tr>\n<td><strong>Herkunftsland<\/strong><\/td>\n<td>China<\/td>\n<\/tr>\n<tr>\n<td><strong>Garantie f\u00fcr das Produkt<\/strong><\/td>\n<td>6 jahre garantie.<\/td>\n<\/tr>\n<tr>\n<td><strong>Amazon Bestseller-Rang<\/strong><\/td>\n<td><\/td>\n<\/tr>\n<tr>\n<td><strong>ASIN<\/strong><\/td>\n<td>B0BX43L7G4<\/td>\n<\/tr>\n<tr>\n<td><strong>Durchschnittliche Kundenbewertung<\/strong><\/td>\n<td><\/td>\n<\/tr>\n<tr>\n<td><strong>Artikelgewicht<\/strong><\/td>\n<td>5,8 Kilogramm<\/td>\n<\/tr>\n<tr>\n<td><strong>Artikel Abmessungen L x B x H<\/strong><\/td>\n<td>28,5L x 19,5B x 19H cm<\/td>\n<\/tr>\n<\/tbody>\n<\/table>\n<\/ul>","protected":false},"excerpt":{"rendered":"<p>Product Overview Marke: ALLPOWERS Wattzahl: 600 Watt Kraftstoffart: elektrisch Stromquelle: Solarbetrieben \/ AC \/ KFZ Zigarettenanz\u00fcnder Empfohlene Anwendungen f\u00fcr Produkt:<\/p>","protected":false},"featured_media":31711,"comment_status":"open","ping_status":"closed","template":"","meta":[],"product_brand":[],"product_cat":[150,151,152],"product_tag":[],"class_list":{"0":"post-31706","1":"product","2":"type-product","3":"status-publish","4":"has-post-thumbnail","6":"product_cat-collection-1","7":"product_cat-collection-2","8":"product_cat-startseite","10":"first","11":"instock","12":"sale","13":"shipping-taxable","14":"purchasable","15":"product-type-variable"},"_links":{"self":[{"href":"https:\/\/sportaxe.shop\/en\/wp-json\/wp\/v2\/product\/31706","targetHints":{"allow":["GET"]}}],"collection":[{"href":"https:\/\/sportaxe.shop\/en\/wp-json\/wp\/v2\/product"}],"about":[{"href":"https:\/\/sportaxe.shop\/en\/wp-json\/wp\/v2\/types\/product"}],"replies":[{"embeddable":true,"href":"https:\/\/sportaxe.shop\/en\/wp-json\/wp\/v2\/comments?post=31706"}],"version-history":[{"count":0,"href":"https:\/\/sportaxe.shop\/en\/wp-json\/wp\/v2\/product\/31706\/revisions"}],"wp:featuredmedia":[{"embeddable":true,"href":"https:\/\/sportaxe.shop\/en\/wp-json\/wp\/v2\/media\/31711"}],"wp:attachment":[{"href":"https:\/\/sportaxe.shop\/en\/wp-json\/wp\/v2\/media?parent=31706"}],"wp:term":[{"taxonomy":"product_brand","embeddable":true,"href":"https:\/\/sportaxe.shop\/en\/wp-json\/wp\/v2\/product_brand?post=31706"},{"taxonomy":"product_cat","embeddable":true,"href":"https:\/\/sportaxe.shop\/en\/wp-json\/wp\/v2\/product_cat?post=31706"},{"taxonomy":"product_tag","embeddable":true,"href":"https:\/\/sportaxe.shop\/en\/wp-json\/wp\/v2\/product_tag?post=31706"}],"curies":[{"name":"wp","href":"https:\/\/api.w.org\/{rel}","templated":true}]}}